
{"id":9464,"date":"2019-09-26T08:12:55","date_gmt":"2019-09-26T08:12:55","guid":{"rendered":"https:\/\/tourwhales.com\/?post_type=product&#038;p=9464"},"modified":"2024-10-18T20:29:18","modified_gmt":"2024-10-18T20:29:18","slug":"media-luna-miches-half-moon-natural-pool-half-day-pass-and-snorkeling","status":"publish","type":"product","link":"https:\/\/tourwhales.com\/it\/Tours-Excursions\/local-tour-guides\/media-luna-miches-half-moon-natural-pool-half-day-pass-and-snorkeling\/","title":{"rendered":"Pass di mezza giornata e snorkeling per la piscina naturale Media Luna Miches"},"content":{"rendered":"<section class=\"wpb-content-wrapper\"><div class=\"vc_row wpb_row vc_row-fluid\" ><div class=\"wpb_column vc_column_container vc_col-sm-12\"><div class=\"vc_column-inner\"><div class=\"wpb_wrapper\"><div class=\"mkdf-section-title-holder\" style=\"text-align: left\">\n\t<div class=\"mkdf-st-inner\">\n\t\t\t\t\t<h5 class=\"mkdf-st-subtitle\" >\n\t\t\t\tPass di mezza giornata e snorkeling e nuoto nella piscina naturale\t\t\t<\/h5>\n\t\t\t\t\t\t\t<h3 class=\"mkdf-st-title\" >\n\t\t\t\tMedia Luna Miches (Mezzaluna)\t\t\t<\/h3>\n\t\t\t\t\t<\/div>\n<\/div><\/div><\/div><\/div><\/div><div class=\"vc_row wpb_row vc_row-fluid\" ><div class=\"wpb_column vc_column_container vc_col-sm-12\"><div class=\"vc_column-inner\"><div class=\"wpb_wrapper\"><div class=\"vc_empty_space\"   style=\"height: 32px\"><span class=\"vc_empty_space_inner\"><\/span><\/div><\/div><\/div><\/div><\/div><div class=\"vc_row wpb_row vc_row-fluid\" ><div class=\"wpb_column vc_column_container vc_col-sm-12\"><div class=\"vc_column-inner\"><div class=\"wpb_wrapper\"><div class=\"vc_btn3-container vc_btn3-inline\" ><button class=\"vc_general vc_btn3 vc_btn3-size-md vc_btn3-shape-rounded vc_btn3-style-modern vc_btn3-color-green\">PRENOTA ORA<\/button><\/div>\n\t<div class=\"wpb_text_column wpb_content_element\" >\n\t\t<div class=\"wpb_wrapper\">\n\t\t\t<h4><b><i>Panoramica <\/i><\/b><\/h4>\n<p><span style=\"font-weight: 400;\">Se sei qui o hai intenzione di venire nella Repubblica Dominicana, non dovresti perderti la visita di questo fantastico posto &#039;&#039;Half Moon&#039;&#039; (Media Luna) con pranzo incluso, si tratta di una preziosa piscina naturale all&#039;interno dell&#039;oceano decorata dalle sue barriere coralline , coralli e sabbia bianca. <\/span><\/p>\n<p><span style=\"font-weight: 400;\">Questo \u00e8 il luogo dove possiamo divertirci nuotando, guardando e scattando foto subacquee. \u00c8 consentito scattare foto alle o con le stelle marine nel loro habitat naturale.<\/span><\/p>\n<p>&nbsp;<\/p>\n<ul>\n<li>Trasferimento in barca a Media Luna<\/li>\n<li style=\"font-weight: 400;\"><span style=\"font-weight: 400;\">Il Capitano fornisce istruzioni e supervisione<\/span><\/li>\n<\/ul>\n<p>&nbsp;<\/p>\n<h4><b>Inclusioni ed esclusioni<\/b><\/h4>\n<p>&nbsp;<\/p>\n<p><b>Inclusioni<\/b><\/p>\n<ol>\n<li style=\"font-weight: 400;\"><span style=\"font-weight: 400;\">Tutte le tasse, commissioni e spese di gestione<\/span><\/li>\n<li style=\"font-weight: 400;\"><span style=\"font-weight: 400;\">Tasse locali<\/span><\/li>\n<li style=\"font-weight: 400;\"><span style=\"font-weight: 400;\">Bevande<\/span><\/li>\n<\/ol>\n<p><b> Esclusioni<\/b><\/p>\n<ol>\n<li style=\"font-weight: 400;\"><span style=\"font-weight: 400;\">Mance<\/span><\/li>\n<li style=\"font-weight: 400;\"><span style=\"font-weight: 400;\">Trasferimento in auto<\/span><\/li>\n<li>Pranzo<\/li>\n<li style=\"font-weight: 400;\"><span style=\"font-weight: 400;\">Bevande alcoliche<\/span><\/li>\n<li>Guida locale<\/li>\n<\/ol>\n<p>&nbsp;<\/p>\n<h4><em><strong>Partenza e ritorno<\/strong><\/em><\/h4>\n<p><span style=\"font-weight: 400;\">Il viaggiatore otterr\u00e0 un punto d&#039;incontro dopo il processo di prenotazione. I tour iniziano e finiscono nei nostri punti di incontro.<\/span><\/p>\n<p>&nbsp;<\/p>\n<h3>Pass di mezza giornata e snorkeling per la piscina naturale Media Luna Miches<\/h3>\n<h4><b><i>Cosa aspettarsi?<\/i><\/b><\/h4>\n<p>&nbsp;<\/p>\n<p>nConserva i tuoi biglietti per venire con noi a visitare Half Moon e goderti un pranzo tipico nella comunit\u00e0 di Miches. Questa escursione parte da Miches passando per il molo a ovest da dove saliamo a bordo di moderni catamarani e motoscafi, quelli che hanno la licenza di trasporto autorizzata per operare nella zona turistica. Per raggiungere il pozzo principale bisogna attraversare un labirinto d&#039;acqua, circondato da banchi di sabbia.<\/p>\n<p>nNessuno pu\u00f2 scappare dopo aver conosciuto questa risorsa d&#039;acqua con attrazione turistica a Miches, essendo questo l&#039;unico luogo della zona, dove turisti e villeggianti possono divertirsi e imbattersi in stelle e pesci di notevoli dimensioni. \u00c8 un luogo dove il livello dell&#039;acqua dipende dall&#039;orizzonte delle maree o correnti marine, che quando \u00e8 alta diventa pi\u00f9 profonda e quando \u00e8 bassa la portata della piscina diminuisce. Il fatto di essere nascosto e di avere l&#039;accesso dal mare lo rende un luogo magico e vergine, per chi lo visita non vuole andarsene. Qui non ci sono alberi per ripararsi dal sole, ma l&#039;acqua \u00e8 fredda cullando o dondolando gli alisei della zona. Si pu\u00f2 riassumere che si tratta di una laguna naturale nell&#039;Oceano Atlantico, che deve il suo nome perch\u00e9 osservata dall&#039;alto somiglia ad una mezzaluna.<\/p>\n<p>nLa gente del posto lo chiama anche Cayo de la Media Luna, formato da barriere coralline e sabbia bianca, di acqua cristallina punteggiata ovunque per rompere le onde naturali, che calmano le sue acque. Quando la marea \u00e8 stabile, la sua profondit\u00e0 non supera i tre piedi, il che fa s\u00ec che bambini e adulti possano godersi questo luogo paradisiaco di acqua salata.<\/p>\n<p><strong>Orario:<\/strong><\/p>\n<p>8:45 \u2013 13:30<\/p>\n<p>&nbsp;<\/p>\n<h4><em><strong>Cosa dovresti portare?<\/strong><\/em><\/h4>\n<ul>\n<li style=\"font-weight: 400;\"><span style=\"font-weight: 400;\">Telecamera<\/span><\/li>\n<li style=\"font-weight: 400;\"><span style=\"font-weight: 400;\">Boccioli repellenti<\/span><\/li>\n<li style=\"font-weight: 400;\"><span style=\"font-weight: 400;\">crema solare<\/span><\/li>\n<li style=\"font-weight: 400;\"><span style=\"font-weight: 400;\">Cappello<\/span><\/li>\n<li style=\"font-weight: 400;\"><span style=\"font-weight: 400;\">Pantaloni comodi<\/span><\/li>\n<li style=\"font-weight: 400;\"><span style=\"font-weight: 400;\">Scarpe da trekking per la foresta<\/span><\/li>\n<li style=\"font-weight: 400;\"><span style=\"font-weight: 400;\">Sandali per la spiaggia<\/span><\/li>\n<li style=\"font-weight: 400;\"><span style=\"font-weight: 400;\">Abbigliamento da bagno<\/span><\/li>\n<li>Contanti per souvenir<\/li>\n<\/ul>\n<p>&nbsp;<\/p>\n<h4><b><i>Prelievo dall&#039;hotel <\/i><\/b><\/h4>\n<p><span style=\"font-weight: 400;\">Per questo tour non \u00e8 disponibile il prelievo in hotel. <\/span><\/p>\n<p>&nbsp;<\/p>\n<p><b>Nota:<\/b><span style=\"font-weight: 400;\"> se prenoti entro 24 ore dall&#039;orario di partenza del tour\/dell&#039;escursione, possiamo organizzare il prelievo in hotel con costi aggiuntivi. Una volta completato l&#039;acquisto, ti invieremo le informazioni di contatto complete (numero di telefono, indirizzo e-mail, ecc.) affinch\u00e9 la nostra guida turistica locale possa organizzare le modalit\u00e0 di ritiro.<\/span><\/p>\n<h4><b><i>Conferma di informazioni aggiuntive <\/i><\/b><\/h4>\n<ol>\n<li>I biglietti rappresentano la ricevuta dopo aver pagato questo tour. Puoi mostrare il pagamento sul tuo telefono.<\/li>\n<li style=\"font-weight: 400;\"><span style=\"font-weight: 400;\">Il punto d&#039;incontro verr\u00e0 ricevuto dopo il processo di prenotazione.<\/span><\/li>\n<li style=\"font-weight: 400;\"><span style=\"font-weight: 400;\">I bambini devono essere accompagnati da un adulto.<\/span><\/li>\n<li style=\"font-weight: 400;\"><span style=\"font-weight: 400;\">Accessibile alle sedie a rotelle <\/span><\/li>\n<li style=\"font-weight: 400;\"><span style=\"font-weight: 400;\">I neonati devono sedersi sulle ginocchia <\/span><\/li>\n<li style=\"font-weight: 400;\"><span style=\"font-weight: 400;\">La maggior parte dei viaggiatori pu\u00f2 partecipare<\/span><\/li>\n<\/ol>\n<h4><b><i>Politica di cancellazione<\/i><\/b><\/h4>\n<p>Per un rimborso completo, leggi le nostre politiche di cancellazione\u00a0<a href=\"https:\/\/tourwhales.com\/it\/online-booking\/\" target=\"_blank\" rel=\"noopener\" data-saferedirecturl=\"https:\/\/www.google.com\/url?q=https:\/\/tourwhales.com\/online-booking\/&amp;source=gmail&amp;ust=1672532492004000&amp;usg=AOvVaw3ylqI1cdbIPTimEqEWneyd\">clicca qui<\/a>. I fondi andranno persi se la prenotazione viene cancellata lo stesso giorno del viaggio.<\/p>\n\n\t\t<\/div>\n\t<\/div>\n<\/div><\/div><\/div><\/div><div class=\"vc_row wpb_row vc_row-fluid\" ><\/div><div class=\"wpb_column vc_column_container vc_col-sm-12\"><div class=\"vc_column-inner\"><div class=\"wpb_wrapper\"><\/div><\/div><\/div><div class=\"vc_empty_space\"   style=\"height: 32px\"><span class=\"vc_empty_space_inner\"><\/span><\/div><div class=\"vc_empty_space\"   style=\"height: 32px\"><span class=\"vc_empty_space_inner\"><\/span><\/div><div class=\"vc_row wpb_row vc_row-fluid\" ><\/div><div class=\"wpb_column vc_column_container vc_col-sm-12\"><div class=\"vc_column-inner\"><div class=\"wpb_wrapper\"><\/div><\/div><\/div><div class=\"vc_row wpb_row vc_row-fluid\" ><div class=\"wpb_column vc_column_container vc_col-sm-12\"><div class=\"vc_column-inner\"><div class=\"wpb_wrapper\"><div class=\"vc_btn3-container vc_btn3-inline\" ><button class=\"vc_general vc_btn3 vc_btn3-size-md vc_btn3-shape-rounded vc_btn3-style-modern vc_btn3-color-green\">PRENOTA ORA<\/button><\/div><\/div><\/div><\/div><\/div>\n<\/section>","protected":false},"excerpt":{"rendered":"<p>Media Luna Miches Pass di mezza giornata e snorkeling nella piscina naturale. Visita la baia di Samana da Miches con la gente del posto e nuota nel mezzo della baia di Samana. Piccole aree di barriera corallina da esplorare e fare snorkeling. Media Luna \u00e8 una nuova attrazione nella Repubblica Dominicana.<\/p>\n<p><strong>Seleziona la data del tour:<\/strong><\/p>","protected":false},"featured_media":9467,"template":"","meta":[],"product_cat":[655,170,430,253,254,255],"product_tag":[183,337,412,177,439,438,429,432,437,436,435,186,199,200,187,433,434],"class_list":["post-9464","product","type-product","status-publish","has-post-thumbnail","hentry","product_cat-1-samana","product_cat-local-tour-guides","product_cat-media-luna-miches","product_cat-tours-and-excursions","product_cat-tours-excursions-los-haitises-national-park","product_cat-tours-excursions-samana-bay-dominican-republic","product_tag-beach-time","product_tag-cayo-arena","product_tag-cayo-arena-samana","product_tag-locals-guides","product_tag-media-luna-el-seibo","product_tag-media-luna-in-miches","product_tag-media-luna-miches","product_tag-media-luna-snorkeling","product_tag-miches-hoteles","product_tag-miches-montana-redonda","product_tag-playa-esmeralda-miches","product_tag-samana","product_tag-samana-bay","product_tag-samana-excursions","product_tag-samana-tours","product_tag-snorkeling","product_tag-snorkeling-miches-media-luna"],"_links":{"self":[{"href":"https:\/\/tourwhales.com\/it\/wp-json\/wp\/v2\/product\/9464","targetHints":{"allow":["GET"]}}],"collection":[{"href":"https:\/\/tourwhales.com\/it\/wp-json\/wp\/v2\/product"}],"about":[{"href":"https:\/\/tourwhales.com\/it\/wp-json\/wp\/v2\/types\/product"}],"wp:featuredmedia":[{"embeddable":true,"href":"https:\/\/tourwhales.com\/it\/wp-json\/wp\/v2\/media\/9467"}],"wp:attachment":[{"href":"https:\/\/tourwhales.com\/it\/wp-json\/wp\/v2\/media?parent=9464"}],"wp:term":[{"taxonomy":"product_cat","embeddable":true,"href":"https:\/\/tourwhales.com\/it\/wp-json\/wp\/v2\/product_cat?post=9464"},{"taxonomy":"product_tag","embeddable":true,"href":"https:\/\/tourwhales.com\/it\/wp-json\/wp\/v2\/product_tag?post=9464"}],"curies":[{"name":"wp","href":"https:\/\/api.w.org\/{rel}","templated":true}]}}