
{"id":9228,"date":"2019-07-19T06:00:45","date_gmt":"2019-07-19T06:00:45","guid":{"rendered":"https:\/\/tourwhales.com\/?post_type=product&#038;p=9228"},"modified":"2024-10-18T20:29:19","modified_gmt":"2024-10-18T20:29:19","slug":"cayo-levantado-whale-watching-from-samana-port-private-boat-tour","status":"publish","type":"product","link":"https:\/\/tourwhales.com\/it\/Tours-Excursions\/tours-excursions-samana-bay-dominican-republic\/cayo-levantado-whale-watching-from-samana-port-private-boat-tour\/","title":{"rendered":"Tour privato Osservazione delle balene di Saman\u00e1 + Cayo Levantado (Isola Bacardi) dal porto di Saman\u00e1"},"content":{"rendered":"<section class=\"wpb-content-wrapper\"><div class=\"vc_row wpb_row vc_row-fluid\" ><div class=\"wpb_column vc_column_container vc_col-sm-12\"><div class=\"vc_column-inner\"><div class=\"wpb_wrapper\"><div class=\"vc_empty_space\"   style=\"height: 32px\"><span class=\"vc_empty_space_inner\"><\/span><\/div><div class=\"mkdf-section-title-holder\" style=\"text-align: left\">\n\t<div class=\"mkdf-st-inner\">\n\t\t\t\t\t<h5 class=\"mkdf-st-subtitle\" >\n\t\t\t\tDal porto di Saman\u00e1 Tour privato in barca\t\t\t<\/h5>\n\t\t\t\t\t\t\t<h3 class=\"mkdf-st-title\" >\n\t\t\t\tSamana Cayo Levantado + Osservazione delle balene\t\t\t<\/h3>\n\t\t\t\t\t<\/div>\n<\/div><div class=\"vc_message_box vc_message_box-standard vc_message_box-rounded vc_color-info\" ><div class=\"vc_message_box-icon\"><i class=\"fas fa-info-circle\"><\/i><\/div><p>Questo \u00e8 un tour privato per un minimo di 4 persone. Per prenotare lo stesso viaggio in gruppi di catamarano <a href=\"https:\/\/tourwhales.com\/it\/Tours-Excursions\/tours-and-excursions\/samana-whale-watching-cayo-levantado\/\">Clicca qui.<\/a><\/p>\n<p>Se siete meno di 4 persone e vi piacer\u00e0 il privato Contattaci.<\/p>\n<\/div><div class=\"vc_empty_space\"   style=\"height: 32px\"><span class=\"vc_empty_space_inner\"><\/span><\/div><\/div><\/div><\/div><\/div><div class=\"vc_row wpb_row vc_row-fluid\" ><div class=\"wpb_column vc_column_container vc_col-sm-12\"><div class=\"vc_column-inner\"><div class=\"wpb_wrapper\"><div class=\"vc_btn3-container vc_btn3-inline\" ><a class=\"vc_general vc_btn3 vc_btn3-size-md vc_btn3-shape-rounded vc_btn3-style-modern vc_btn3-color-green\" href=\"https:\/\/bookingadventures.tours\/booking.php?tour_id=ccd2fafcfb0614232b46b749871336cb\" title=\"PRENOTA ORA\">PRENOTA ORA<\/a><\/div>\n\t<div class=\"wpb_text_column wpb_content_element\" >\n\t\t<div class=\"wpb_wrapper\">\n\t\t\t<div class=\"vc_row wpb_row vc_row-fluid\">\n<div class=\"wpb_column vc_column_container vc_col-sm-12\">\n<div class=\"vc_column-inner\">\n<div class=\"wpb_wrapper\">\n<div class=\"wpb_text_column wpb_content_element\">\n<div class=\"wpb_wrapper\">\n<div class=\"vc_row wpb_row vc_row-fluid\">\n<div class=\"wpb_column vc_column_container vc_col-sm-12\">\n<div class=\"vc_column-inner\">\n<div class=\"wpb_wrapper\">\n<div class=\"wpb_text_column wpb_content_element\">\n<div class=\"wpb_wrapper\">\n<h4><b><i>Panoramica<img decoding=\"async\" class=\"emoji\" draggable=\"false\" src=\"https:\/\/s.w.org\/images\/core\/emoji\/12.0.0-1\/svg\/1f433.svg\" alt=\"\ud83d\udc33\" \/><\/i><\/b><\/h4>\n<p><strong>Evita grandi gruppi di turisti<\/strong>\u00a0e fai il tuo avvistamento di balene nella baia di Saman\u00e1 partendo dal porto di Saman\u00e1 in una barca privata. Questo viaggio inizia alle 9:00 e termina alle 17:00. Ma poich\u00e9 sar\u00e0 un viaggio privato, puoi impostare l&#039;orario di inizio e di fine. Incontro prima nel nostro ufficio accanto al Royal Restaurant. Dopo aver interrotto la nostra barca per visitare le balene nel loro habitat. I nostri Capitani sono addestrati per assicurarsi che tu veda le balene.<\/p>\n<p>Dalle 9:00 alle 12:00 Osservatorio di osservazione delle balene e dopo questo viaggio alle balene visiteremo l&#039;isola Bacardi \/ Cayo Levantado. Nell&#039;isola Bacardi sar\u00e0 fornito il pranzo a buffet in tipico stile dominicano (riso, fagioli, pesce, insalate...). Una volta terminato il pranzo potrai nuotare fino alle 16:30. Il tour terminer\u00e0 alle 17:00 nello stesso porto da cui inizier\u00e0.<\/p>\n<p><strong>Nota:<\/strong>\u00a0Questo tour \u00e8 privato. (Solo tu, la tua famiglia o i tuoi amici a bordo con il capitano e la guida turistica).<\/p>\n<ul>\n<li>Escursione di osservazione delle balene<\/li>\n<li>Biglietti d&#039;ingresso all&#039;Osservatorio<\/li>\n<li>Include pranzo a buffet sulla spiaggia<\/li>\n<li>Trasferimento in barca<\/li>\n<li>Il Capitano fornisce istruzioni e supervisione<\/li>\n<li>Guida turistica<\/li>\n<\/ul>\n<p>&nbsp;<\/p>\n<h4><b>Inclusioni ed esclusioni<\/b><\/h4>\n<p>&nbsp;<\/p>\n<p><b>Inclusioni<\/b><\/p>\n<p>&nbsp;<\/p>\n<ol>\n<li>Pranzo a buffet sulla spiaggia<\/li>\n<li>Guida turistica<\/li>\n<li>Gita in catamarano o in barca<\/li>\n<li>Tutte le tasse, commissioni e spese di gestione<\/li>\n<li>Tasse locali<\/li>\n<li>Bevande<\/li>\n<\/ol>\n<p><b>Esclusioni<\/b><\/p>\n<ol>\n<li>Mance<\/li>\n<li>Trasferimento in auto<\/li>\n<li>Bevande alcoliche<\/li>\n<\/ol>\n<p>&nbsp;<\/p>\n<h4><em><strong>Partenza e ritorno<\/strong><\/em><\/h4>\n<p>Il viaggiatore otterr\u00e0 un punto d&#039;incontro dopo il processo di prenotazione. I tour iniziano e finiscono nei nostri punti di incontro.<\/p>\n<p>&nbsp;<\/p>\n<h4><b><i>Cosa aspettarsi?<\/i><\/b><\/h4>\n<p>&nbsp;<\/p>\n<p><em><strong>Ottieni i tuoi biglietti<\/strong><\/em>\u00a0per un tour privato di osservazione delle balene di un giorno nella baia di Saman\u00e1 pi\u00f9 un meraviglioso pranzo e tempo in spiaggia sull&#039;isola di Bacardi.<\/p>\n<p>Le escursioni di osservazione delle balene sono organizzate da \u201cBooking Adventures\u201d iniziano al punto di incontro stabilito con la Guida Turistica. Pranzo in spiaggia e potrai restare tutto il tempo che vorrai nuotando. Se sei vegano, possiamo anche prepararti del cibo.<\/p>\n<p><strong>Orario:<\/strong><\/p>\n<p>8:45 \u2013 17:00<\/p>\n<p>&nbsp;<\/p>\n<h4><em><strong>Cosa dovresti portare?<\/strong><\/em><\/h4>\n<ul>\n<li>Telecamera<\/li>\n<li>Boccioli repellenti<\/li>\n<li>crema solare<\/li>\n<li>Cappello<\/li>\n<li>Pantaloni comodi<\/li>\n<li>Sandali per la spiaggia<\/li>\n<li>Abbigliamento da bagno<\/li>\n<li>Contanti per souvenir<\/li>\n<\/ul>\n<p>&nbsp;<\/p>\n<h4><b><i>Prelievo dall&#039;hotel<\/i><\/b><\/h4>\n<p>Per questo tour non \u00e8 disponibile il prelievo in hotel.<\/p>\n<p>&nbsp;<\/p>\n<p><b>Nota:<\/b>\u00a0se prenoti entro 24 ore dall&#039;orario di partenza del tour\/dell&#039;escursione, possiamo organizzare il prelievo in hotel con costi aggiuntivi. Una volta completato l&#039;acquisto, ti invieremo le informazioni di contatto complete (numero di telefono, indirizzo e-mail, ecc.) affinch\u00e9 la nostra guida turistica locale possa organizzare le modalit\u00e0 di ritiro.<\/p>\n<h4><b><i>Conferma di informazioni aggiuntive<\/i><\/b><\/h4>\n<ol>\n<li>I biglietti rappresentano la ricevuta dopo aver pagato questo tour. Puoi mostrare il pagamento sul tuo telefono.<\/li>\n<li>Il punto d&#039;incontro verr\u00e0 ricevuto dopo il processo di prenotazione.<\/li>\n<li>I bambini devono essere accompagnati da un adulto.<\/li>\n<li>Accessibile alle sedie a rotelle<\/li>\n<li>I neonati devono sedersi sulle ginocchia<\/li>\n<li>La maggior parte dei viaggiatori pu\u00f2 partecipare<\/li>\n<\/ol>\n<h4><b><i>Politica di cancellazione<\/i><\/b><\/h4>\n<p><span style=\"font-weight: 400;\">Per un rimborso completo, leggi le nostre politiche di cancellazione\u00a0<a href=\"https:\/\/tourwhales.com\/it\/online-booking\/\" target=\"_blank\" rel=\"noopener\" data-saferedirecturl=\"https:\/\/www.google.com\/url?q=https:\/\/tourwhales.com\/online-booking\/&amp;source=gmail&amp;ust=1672449202351000&amp;usg=AOvVaw1yAeVAPktmaVCqDujgUn90\">clicca qui<\/a>. I fondi andranno persi se la prenotazione viene cancellata lo stesso giorno del viaggio.<\/span><\/p>\n<\/div>\n<\/div>\n<\/div>\n<\/div>\n<\/div>\n<\/div>\n<\/div>\n<\/div>\n<\/div>\n<\/div>\n<\/div>\n<\/div>\n<div class=\"vc_row wpb_row vc_row-fluid\">\n<div class=\"wpb_column vc_column_container vc_col-sm-12\">\n<div class=\"vc_column-inner\">\n<div class=\"wpb_wrapper\">\n<div class=\"vc_empty_space\"><\/div>\n<div class=\"wpb_text_column wpb_content_element\">\n<div class=\"wpb_wrapper\">\n<h4>Contattaci?<\/h4>\n<h5><b><i>TOUR BALENE SAMANA<\/i><\/b><\/h5>\n<p><em><strong>Gente del posto<\/strong>\u00a0E\u00a0<strong>Nazionali<\/strong>\u00a0Guide turistiche e servizi per gli ospiti<\/em><\/p>\n<p><span class=\"text-turquoise\">Prenotazioni:<\/span>\u00a0Tours ed escursioni a Dom. Rappresentante.<\/p>\n<p><img decoding=\"async\" class=\"emoji\" draggable=\"false\" src=\"https:\/\/s.w.org\/images\/core\/emoji\/11.2.0\/svg\/1f4de.svg\" alt=\"\ud83d\udcde\" \/>\u00a0Tel\/Whatsapp\u00a0\u00a0<a href=\"tel:+18494995063\">+18494995063<\/a>.<\/p>\n<p><img decoding=\"async\" class=\"emoji\" draggable=\"false\" src=\"https:\/\/s.w.org\/images\/core\/emoji\/11.2.0\/svg\/1f4e9.svg\" alt=\"\ud83d\udce9\" \/>\u00a0<a href=\"mailto:info@bookingadventures.com.do\">info@bookingadventures.com.do<\/a><\/p>\n<p><strong>Siamo flessibili nell&#039;impostare tour privati tramite Whatsapp:\u00a0<a href=\"tel:+18097206035\">+18097206035.<\/a><\/strong><\/p>\n<\/div>\n<\/div>\n<\/div>\n<\/div>\n<\/div>\n<\/div>\n\n\t\t<\/div>\n\t<\/div>\n<div class=\"vc_btn3-container vc_btn3-inline\" ><a class=\"vc_general vc_btn3 vc_btn3-size-md vc_btn3-shape-rounded vc_btn3-style-modern vc_btn3-color-green\" href=\"https:\/\/bookingadventures.tours\/booking.php?tour_id=ccd2fafcfb0614232b46b749871336cb\" title=\"PRENOTA ORA\">PRENOTA ORA<\/a><\/div><\/div><\/div><\/div><\/div>\n<\/section>","protected":false},"excerpt":{"rendered":"<p>Escursione privata per l&#039;avvistamento delle balene nella baia di Samana, nella Repubblica Dominicana, con guide turistiche locali. Sentiti libero di impostare l&#039;orario di arrivo o di completamento dell&#039;escursione. Il pranzo e gli orari vengono stabiliti da te. Prenota ora questa escursione nella baia di Samana per una bella esperienza di viaggio di osservazione delle balene.<\/p>\n<p>Nota: questo tour \u00e8 un tour privato con un pagamento minimo. Per unirti a un gruppo per l&#039;osservazione delle balene con lo stesso prezzo in catamarano, per favore\u00a0 <a href=\"https:\/\/tourwhales.com\/it\/Tours-Excursions\/tours-and-excursions\/samana-whale-watching-cayo-levantado\/\">CLICCA QUI.<\/a><\/p>\n<p>&nbsp;<\/p>\n<p><em><strong>Seleziona la data dell&#039;escursione:<\/strong><\/em><\/p>","protected":false},"featured_media":12061,"template":"","meta":[],"product_cat":[655,255,942,273],"product_tag":[184,328,327,187,604,342,648,276,605,529,274],"class_list":["post-9228","product","type-product","status-publish","has-post-thumbnail","hentry","product_cat-1-samana","product_cat-tours-excursions-samana-bay-dominican-republic","product_cat-whale-watching-private-tours","product_cat-whale-watching-samana","product_tag-bacardi-island","product_tag-cayo-levantado-day-pass","product_tag-private-tours-samana","product_tag-samana-tours","product_tag-samana-whale","product_tag-samana-whale-watching","product_tag-samana-whale-watching-excursions","product_tag-whale-samana","product_tag-whale-watching","product_tag-whale-watching-2020","product_tag-whale-watching-dominican-republic"],"_links":{"self":[{"href":"https:\/\/tourwhales.com\/it\/wp-json\/wp\/v2\/product\/9228","targetHints":{"allow":["GET"]}}],"collection":[{"href":"https:\/\/tourwhales.com\/it\/wp-json\/wp\/v2\/product"}],"about":[{"href":"https:\/\/tourwhales.com\/it\/wp-json\/wp\/v2\/types\/product"}],"wp:featuredmedia":[{"embeddable":true,"href":"https:\/\/tourwhales.com\/it\/wp-json\/wp\/v2\/media\/12061"}],"wp:attachment":[{"href":"https:\/\/tourwhales.com\/it\/wp-json\/wp\/v2\/media?parent=9228"}],"wp:term":[{"taxonomy":"product_cat","embeddable":true,"href":"https:\/\/tourwhales.com\/it\/wp-json\/wp\/v2\/product_cat?post=9228"},{"taxonomy":"product_tag","embeddable":true,"href":"https:\/\/tourwhales.com\/it\/wp-json\/wp\/v2\/product_tag?post=9228"}],"curies":[{"name":"wp","href":"https:\/\/api.w.org\/{rel}","templated":true}]}}