
{"id":8856,"date":"2019-04-11T11:50:47","date_gmt":"2019-04-11T11:50:47","guid":{"rendered":"https:\/\/tourwhales.com\/?post_type=product&#038;p=8856"},"modified":"2024-10-18T20:29:20","modified_gmt":"2024-10-18T20:29:20","slug":"los-haitises-national-park-lunch-at-cano-hondo-from-sabana-de-la-mar","status":"publish","type":"product","link":"https:\/\/tourwhales.com\/it\/Tours-Excursions\/tours-excursions-los-haitises-national-park\/los-haitises-national-park-lunch-at-cano-hondo-from-sabana-de-la-mar\/","title":{"rendered":"Parco Nazionale Los Haitises + Pranzo a Ca\u00f1o Hondo da Sabana de la Mar"},"content":{"rendered":"<section class=\"wpb-content-wrapper\"><div class=\"vc_row wpb_row vc_row-fluid\" ><div class=\"wpb_column vc_column_container vc_col-sm-12\"><div class=\"vc_column-inner\"><div class=\"wpb_wrapper\"><div class=\"vc_btn3-container vc_btn3-inline\" ><a class=\"vc_general vc_btn3 vc_btn3-size-md vc_btn3-shape-rounded vc_btn3-style-modern vc_btn3-color-green\" href=\"https:\/\/bookingadventures.tours\/booking.php?tour_id=564682de5ff3fb75370322d9bb29062a\" title=\"\">PRENOTA ORA<\/a><\/div><div class=\"mkdf-section-title-holder\" style=\"text-align: left\">\n\t<div class=\"mkdf-st-inner\">\n\t\t\t\t\t<h5 class=\"mkdf-st-subtitle\" >\n\t\t\t\tPranzo e nuoto a Natural Springs\t\t\t<\/h5>\n\t\t\t\t\t\t\t<h3 class=\"mkdf-st-title\" >\n\t\t\t\tParco Nazionale Los Haitises + Pranzo a Cano Hondo da Sabana de la Mar\t\t\t<\/h3>\n\t\t\t\t\t<\/div>\n<\/div><div class=\"vc_empty_space\"   style=\"height: 32px\"><span class=\"vc_empty_space_inner\"><\/span><\/div>\n\t<div class=\"wpb_text_column wpb_content_element\" >\n\t\t<div class=\"wpb_wrapper\">\n\t\t\t<div class=\"mkdf-single-product-content\">\n<div class=\"woocommerce-product-gallery woocommerce-product-gallery--with-images woocommerce-product-gallery--columns-4 images\" data-columns=\"4\"><\/div>\n<\/div>\n<div class=\"woocommerce-tabs wc-tabs-wrapper\">\n<div id=\"tab-description\" class=\"woocommerce-Tabs-panel woocommerce-Tabs-panel--description panel entry-content wc-tab\" role=\"tabpanel\" aria-labelledby=\"tab-title-description\">\n<div class=\"vc_row wpb_row vc_row-fluid\"><a id=\"overview\" class=\"aal_anchor\" style=\"font-size: 25px; font-weight: bold; letter-spacing: -0.005em;\" href=\"https:\/\/bookingadventures.com.do\/dominicantour\/los-haitises-national-park-lunch-at-cano-hondo-from-sabana-de-la-mar\/#overview\" aria-hidden=\"true\"><\/a><b style=\"color: #303030; font-size: 25px; letter-spacing: -0.005em;\"><i>Panoramica<\/i><\/b><\/div>\n<p>Gita di un giorno intero al Parco Nazionale Los Haitises e pranzo a Ca\u00f1o Hondo pi\u00f9 nuoto nelle sorgenti naturali. Vieni con noi e visita il parco nazionale pi\u00f9 bello della Repubblica Dominicana, visitando le mangrovie, le grotte e la baia di San Lorenzo. Ritornano al porto di Ca\u00f1o Hondo per fare un&#039;escursione di 15 minuti e godersi un pranzo tipico con vista sul mare e sul Parco Nazionale Los Haitises. Dopo questo bagno nella sorgente naturale fino alle 16:30.<\/p>\n<p>Dopo questa esperienza, trascorrerai del tempo in spiaggia pi\u00f9 un pranzo locale sulla spiaggia.<\/p>\n<ul>\n<li>Include pranzo a buffet<\/li>\n<li>Nuotare nelle sorgenti naturali<\/li>\n<li>Commissioni incluse<\/li>\n<li>La guida fornisce istruzioni e supervisione<\/li>\n<\/ul>\n<p>&nbsp;<\/p>\n<h4><a id=\"inclusions-exclusions\" class=\"aal_anchor\" href=\"https:\/\/bookingadventures.com.do\/dominicantour\/los-haitises-national-park-lunch-at-cano-hondo-from-sabana-de-la-mar\/#inclusions-exclusions\" aria-hidden=\"true\"><\/a><b>Inclusioni ed esclusioni<\/b><\/h4>\n<p>&nbsp;<\/p>\n<p><b>Inclusioni<\/b><\/p>\n<ol>\n<li>\u00a0pranzo sull&#039;Ecolodge<\/li>\n<li>Tour di Los Haitises + Grotte e pittogrammi<\/li>\n<li>Tutte le tasse, commissioni e spese di gestione<\/li>\n<li>Tasse locali<\/li>\n<li>Bevande<\/li>\n<li>Tutte le attivit\u00e0<\/li>\n<li>Guida locale<\/li>\n<\/ol>\n<p><b>Esclusioni<\/b><\/p>\n<ol>\n<li>Mance<\/li>\n<li>Trasferimento<\/li>\n<li>Bevande alcoliche<\/li>\n<\/ol>\n<p>&nbsp;<\/p>\n<h4><a id=\"departure-return\" class=\"aal_anchor\" href=\"https:\/\/bookingadventures.com.do\/dominicantour\/los-haitises-national-park-lunch-at-cano-hondo-from-sabana-de-la-mar\/#departure-return\" aria-hidden=\"true\"><\/a><em><strong>Partenza e ritorno<\/strong><\/em><\/h4>\n<p>Il viaggiatore otterr\u00e0 un punto d&#039;incontro dopo il processo di prenotazione. I tour iniziano e finiscono nei nostri punti di incontro.<\/p>\n<p>&nbsp;<\/p>\n<h4><a id=\"what-to-expect\" class=\"aal_anchor\" href=\"https:\/\/bookingadventures.com.do\/dominicantour\/los-haitises-national-park-lunch-at-cano-hondo-from-sabana-de-la-mar\/#what-to-expect\" aria-hidden=\"true\"><\/a><b><i>Cosa aspettarsi?<\/i><\/b><\/h4>\n<p>&nbsp;<\/p>\n<p><em><strong>Ottieni i tuoi biglietti<\/strong><\/em>\u00a0per visitare il Parco Nazionale Los Haitises con un meraviglioso pranzo a Cano Hondo e nuotare alle sorgenti naturali. Fai un giro in barca attraverso le paludi di mangrovie, oltre le antiche grotte dei pirati e nelle foreste protette in questa pittoresca riserva partendo dalla zona degli hotel Ca\u00f1o Hondo o da Sabana de la Mar.<\/p>\n<p>Il tour, organizzato da \u201cBooking Adventures\u201d inizia presso il punto di incontro concordato con la Guida Turistica. Vieni con Booking Adventures e inizia a controllare alcune mangrovie piene di uccelli, dolci colline di vegetazione lussureggiante e grotte\u00a0<em><strong>Parco Nazionale Los Haitises<\/strong><\/em>. Escursione in barca dal fiume Ca\u00f1o Hondo, Sabana de la Mar.<\/p>\n<p>Attraverso le mangrovie e la terra nell&#039;aperta Baia di San Lorenzo, da dove \u00e8 possibile fotografare l&#039;aspro paesaggio forestale. Guarda l&#039;acqua per individuarlo\u00a0<em><strong>lamantini<\/strong><\/em>, crostacei e\u00a0<em><strong>delfini.<\/strong><\/em><\/p>\n<div class=\"body-description secondary\">\n<p>Il nome del parco nazionale deriva dai suoi abitanti originari, gli indiani Taino. Nella loro lingua &quot;Haitises&quot; si traduce in altopiani o colline, un riferimento alle ripide formazioni geologiche della costa con calcari. Avventurati pi\u00f9 in profondit\u00e0 nel parco per esplorare grotte come quella\u00a0<em><strong>Grotta dell&#039;Arena<\/strong><\/em>\u00a0E\u00a0<strong><em>Cueva de la linea.<\/em><\/strong>\u00a0Le grotte nella riserva furono utilizzate come rifugio dagli indiani Taino e, in seguito, come nascondiglio dei pirati. Cerca i disegni degli indiani che decorano alcune pareti. Dopo aver visitato il Parco Nazionale Los Haitises andremo a Ca\u00f1o Hondo. A Ca\u00f1o Hondo conoscere la storia di questo ecolodge e pranzo con il cibo tipico della comunit\u00e0 di Sabana de la Mar.<\/p>\n<p>Il pranzo sar\u00e0 delizioso ma non abbiamo ancora finito. Dopo l&#039;ora di pranzo, nuoteremo nella sorgente naturale dal fiume Jibales, un fiume perenne, al fiume Ca\u00f1o Hondo. Se lo desideri, resterai a Ca\u00f1o Hondo fino alle 18:00.<\/p>\n<\/div>\n<p>Nelle piscine Natural Spring puoi rimanere tutto il tempo che desideri nuotando e facendo escursioni. Se sei vegano, possiamo anche prepararti del cibo.<\/p>\n<p>&nbsp;<\/p>\n<h4><a id=\"what-you-should-bring\" class=\"aal_anchor\" href=\"https:\/\/bookingadventures.com.do\/dominicantour\/los-haitises-national-park-lunch-at-cano-hondo-from-sabana-de-la-mar\/#what-you-should-bring\" aria-hidden=\"true\"><\/a><em><strong>Cosa dovresti portare?<\/strong><\/em><\/h4>\n<ul>\n<li>Telecamera<\/li>\n<li>Boccioli repellenti<\/li>\n<li>crema solare<\/li>\n<li>Cappello<\/li>\n<li>Pantaloni comodi<\/li>\n<li>Scarpe da trekking per la foresta<\/li>\n<li>Sandali per le zone primaverili.<\/li>\n<li>Abbigliamento da bagno<\/li>\n<\/ul>\n<p>&nbsp;<\/p>\n<h4><a id=\"hotel-pickup\" class=\"aal_anchor\" href=\"https:\/\/bookingadventures.com.do\/dominicantour\/los-haitises-national-park-lunch-at-cano-hondo-from-sabana-de-la-mar\/#hotel-pickup\" aria-hidden=\"true\"><\/a><b><i>Prelievo dall&#039;hotel<\/i><\/b><\/h4>\n<p>Per questo tour non \u00e8 disponibile il prelievo in hotel.<\/p>\n<p>&nbsp;<\/p>\n<p><b>Nota:<\/b>\u00a0se prenoti entro 24 ore dall&#039;orario di partenza del tour\/dell&#039;escursione, possiamo organizzare il prelievo in hotel con costi aggiuntivi. Una volta completato l&#039;acquisto, ti invieremo le informazioni di contatto complete (numero di telefono, indirizzo e-mail, ecc.) affinch\u00e9 la nostra guida turistica locale possa organizzare le modalit\u00e0 di ritiro.<\/p>\n<h4><a id=\"additional-info-confirmation\" class=\"aal_anchor\" href=\"https:\/\/bookingadventures.com.do\/dominicantour\/los-haitises-national-park-lunch-at-cano-hondo-from-sabana-de-la-mar\/#additional-info-confirmation\" aria-hidden=\"true\"><\/a><b><i>Conferma di informazioni aggiuntive<\/i><\/b><\/h4>\n<ol>\n<li>I biglietti rappresentano la ricevuta dopo aver pagato questo tour. Puoi mostrare il pagamento sul tuo telefono.<\/li>\n<li>Il punto d&#039;incontro verr\u00e0 ricevuto dopo il processo di prenotazione.<\/li>\n<li>I bambini devono essere accompagnati da un adulto.<\/li>\n<li>Non accessibile in sedia a rotelle<\/li>\n<li>I neonati devono sedersi sulle ginocchia<\/li>\n<li>Non raccomandato per viaggiatori con problemi alla schiena<\/li>\n<li>Non raccomandato per i viaggiatori in gravidanza<\/li>\n<li>Nessun problema cardiaco o altre condizioni mediche gravi<\/li>\n<li>La maggior parte dei viaggiatori pu\u00f2 partecipare<\/li>\n<\/ol>\n<\/div>\n<\/div>\n\n\t\t<\/div>\n\t<\/div>\n<div class=\"vc_empty_space\"   style=\"height: 32px\"><span class=\"vc_empty_space_inner\"><\/span><\/div><\/div><\/div><\/div><\/div><div class=\"wpb_column vc_column_container vc_col-sm-12\"><div class=\"vc_column-inner\"><div class=\"wpb_wrapper\"><\/div><\/div><\/div><div class=\"wpb_column vc_column_container vc_col-sm-12\"><div class=\"vc_column-inner\"><div class=\"wpb_wrapper\"><\/div><\/div><\/div><div class=\"wpb_column vc_column_container vc_col-sm-12\"><div class=\"vc_column-inner\"><div class=\"wpb_wrapper\"><\/div><\/div><\/div>\n<\/section>","protected":false},"excerpt":{"rendered":"<p>Escursione al Parco Nazionale Los Haitises con partenza da Sabana de la Mar, Visita alle mangrovie, Grotte, Pittogrammi + Pranzo a Can\u00f1o Hondo tour e Piscine.<\/p>\n<p>Organizza questo tour con un sentiero escursionistico e scopri la storia del Parco Nazionale Los Haitises dalla gente del posto.<\/p>\n<p>&nbsp;<\/p>\n<p><strong>Seleziona la data del tour:\u00a0<\/strong><\/p>","protected":false},"featured_media":12271,"template":"","meta":[],"product_cat":[946,928,933,254,255],"product_tag":[176,211,210,192,215,214,171,209,212,175,213],"class_list":["post-8856","product","type-product","status-publish","has-post-thumbnail","hentry","product_cat-1-sabana-de-la-mar","product_cat-boat-trip-los-haitises","product_cat-natural-pools-los-haitises","product_cat-tours-excursions-los-haitises-national-park","product_cat-tours-excursions-samana-bay-dominican-republic","product_tag-cano-hondo","product_tag-cano-hondo-hotel","product_tag-cano-hondo-tours","product_tag-day-tour-cano-hondo","product_tag-la-arena-cave","product_tag-line-cave","product_tag-los-haitises","product_tag-los-haitises-national-park","product_tag-mangroves-los-haitises","product_tag-sabana-de-la-mar","product_tag-san-lorenzo-bay"],"_links":{"self":[{"href":"https:\/\/tourwhales.com\/it\/wp-json\/wp\/v2\/product\/8856","targetHints":{"allow":["GET"]}}],"collection":[{"href":"https:\/\/tourwhales.com\/it\/wp-json\/wp\/v2\/product"}],"about":[{"href":"https:\/\/tourwhales.com\/it\/wp-json\/wp\/v2\/types\/product"}],"wp:featuredmedia":[{"embeddable":true,"href":"https:\/\/tourwhales.com\/it\/wp-json\/wp\/v2\/media\/12271"}],"wp:attachment":[{"href":"https:\/\/tourwhales.com\/it\/wp-json\/wp\/v2\/media?parent=8856"}],"wp:term":[{"taxonomy":"product_cat","embeddable":true,"href":"https:\/\/tourwhales.com\/it\/wp-json\/wp\/v2\/product_cat?post=8856"},{"taxonomy":"product_tag","embeddable":true,"href":"https:\/\/tourwhales.com\/it\/wp-json\/wp\/v2\/product_tag?post=8856"}],"curies":[{"name":"wp","href":"https:\/\/api.w.org\/{rel}","templated":true}]}}