
{"id":8168,"date":"2019-03-12T13:32:13","date_gmt":"2019-03-12T13:32:13","guid":{"rendered":"https:\/\/tourwhales.com\/?post_type=product&#038;p=8168"},"modified":"2024-10-18T20:29:21","modified_gmt":"2024-10-18T20:29:21","slug":"salto-de-la-jalda-national-park","status":"publish","type":"product","link":"https:\/\/tourwhales.com\/it\/Tours-Excursions\/local-tour-guides\/salto-de-la-jalda-national-park\/","title":{"rendered":"Salto La Jalda (Escursioni e Nuoto)"},"content":{"rendered":"<section class=\"wpb-content-wrapper\"><div class=\"vc_row wpb_row vc_row-fluid\" ><div class=\"wpb_column vc_column_container vc_col-sm-12\"><div class=\"vc_column-inner\"><div class=\"wpb_wrapper\"><div class=\"mkdf-section-title-holder\" style=\"text-align: left\">\n\t<div class=\"mkdf-st-inner\">\n\t\t\t\t\t<h5 class=\"mkdf-st-subtitle\" >\n\t\t\t\tLa cascata pi\u00f9 alta dei Caraibi, 272 piedi\t\t\t<\/h5>\n\t\t\t\t\t\t\t<h3 class=\"mkdf-st-title\" >\n\t\t\t\tParco Nazionale del Salto de la Jalda\t\t\t<\/h3>\n\t\t\t\t\t\t\t<p class=\"mkdf-st-text\" >\n\t\t\t\tEscursione o equitazione.\t\t\t<\/p>\n\t\t\t<\/div>\n<\/div><\/div><\/div><\/div><\/div><div class=\"vc_row wpb_row vc_row-fluid\" ><div class=\"wpb_column vc_column_container vc_col-sm-12\"><div class=\"vc_column-inner\"><div class=\"wpb_wrapper\"><div class=\"vc_btn3-container vc_btn3-inline\" ><a class=\"vc_general vc_btn3 vc_btn3-size-md vc_btn3-shape-rounded vc_btn3-style-modern vc_btn3-color-green\" href=\"https:\/\/bookingadventures.tours\/booking.php?tour_id=15732596c207e72b242ef1044167660d\" title=\"\">PRENOTA ORA<\/a><\/div>\n\t<div class=\"wpb_text_column wpb_content_element\" >\n\t\t<div class=\"wpb_wrapper\">\n\t\t\t<h4><b><i>Panoramica <\/i><\/b><\/h4>\n<p>Questo \u00e8 un tour privato per\u00a0<strong>Cascate del Salto de la Jalda<\/strong> con equitazione o escursionismo. Visita alla foresta di cacao e caff\u00e8 sotto il baldacchino di palme da cocco. Quando arrivi alle cascate puoi nuotare e impostare l&#039;ora con la tua guida locale.<\/p>\n<p>Impara con la gente del posto e fai un viaggio sicuro. Ottieni i tuoi biglietti in offerta oggi.<\/p>\n<p>&nbsp;<\/p>\n<ul>\n<li>Equitazione o escursionismo<\/li>\n<li style=\"font-weight: 400;\"><span style=\"font-weight: 400;\">La guida fornisce istruzioni e supervisione<\/span><\/li>\n<li>Tasse al Parco Nazionale<\/li>\n<\/ul>\n<p>&nbsp;<\/p>\n<h4><b>Inclusioni ed esclusioni<\/b><\/h4>\n<p>&nbsp;<\/p>\n<p><b>Inclusioni<\/b><\/p>\n<ol>\n<li style=\"font-weight: 400;\"><span style=\"font-weight: 400;\">Escursione o tour a cavallo<\/span><\/li>\n<li style=\"font-weight: 400;\"><span style=\"font-weight: 400;\">Tutte le tasse, commissioni e spese di gestione<\/span><\/li>\n<li style=\"font-weight: 400;\"><span style=\"font-weight: 400;\">Tasse locali<\/span><\/li>\n<li style=\"font-weight: 400;\"><span style=\"font-weight: 400;\">Bevande<\/span><\/li>\n<li style=\"font-weight: 400;\"><span style=\"font-weight: 400;\">Tutte le attivit\u00e0<\/span><\/li>\n<li style=\"font-weight: 400;\"><span style=\"font-weight: 400;\">Guida locale<\/span><\/li>\n<\/ol>\n<p><b> Esclusioni<\/b><\/p>\n<ol>\n<li style=\"font-weight: 400;\"><span style=\"font-weight: 400;\">Mance<\/span><\/li>\n<li style=\"font-weight: 400;\"><span style=\"font-weight: 400;\">Trasferimento<\/span><\/li>\n<li>Pranzo<\/li>\n<li style=\"font-weight: 400;\"><span style=\"font-weight: 400;\">Bevande alcoliche<\/span><\/li>\n<\/ol>\n<p>&nbsp;<\/p>\n<h4><em><strong>Partenza e ritorno<\/strong><\/em><\/h4>\n<p><span style=\"font-weight: 400;\">Il viaggiatore otterr\u00e0 un punto d&#039;incontro dopo il processo di prenotazione. I tour iniziano e finiscono nei nostri punti di incontro.<\/span><\/p>\n<p>&nbsp;<\/p>\n<h2>Escursione al Parco Nazionale del Salto de la Jalda<\/h2>\n<h4><b><i>Cosa aspettarsi?<\/i><\/b><\/h4>\n<p><em><strong>Ottieni i tuoi biglietti<\/strong><\/em> per visitare le cascate pi\u00f9 alte dei Caraibi.\u00a0 <strong>El Salto la Jalda<\/strong> Escursioni a cavallo.<\/p>\n<p><span style=\"font-weight: 400;\">Il tour, organizzato da \u201cBooking Adventures\u201d inizia presso il punto di incontro concordato con la Guida Turistica. <\/span>Per iniziare il nostro tour, ci incontriamo<strong> Sabana de la Mar<\/strong>. Quindi saliamo sul veicolo e guidiamo per 25 minuti fino alla comunit\u00e0 di Magua. Dove incontreremo le nostre guide escursionistiche locali. Sistemando il vostro veicolo in un parcheggio sicuro, andremo a cavallo oa piedi al Parco Nazionale Salto de La Jalda, con un tempo di tre ore per arrivarci.<\/p>\n<p>Il percorso \u00e8 composto da 6,5 chilometri, \u00e8 una lunga esperienza attraverso la foresta dominicana, passando per la foresta di cacao, cocco e caff\u00e8. Durante il nostro viaggio passeremo vicino al fiume Magua e lo attraverseremo circa 8 volte senza troppe difficolt\u00e0.<\/p>\n<p>Quasi tutto il percorso \u00e8 all&#039;ombra di una grande quantit\u00e0 di foresta di cacao piantata prima che la zona fosse dichiarata Parco Nazionale del Salto de La Jalda. In questa prima parte dell&#039;avventura ecoturistica, potrai goderti il canto degli uccelli, il suono delle correnti d&#039;acqua, il terreno prevalentemente pianeggiante e tutta la vegetazione verde.<\/p>\n<p>Oltre al cacao, nel territorio del Parco Nazionale della Jalda si possono vedere anche piantagioni di caff\u00e8. Quasi arrivati alla cascata ci fermiamo presso le case dei ranger del parco originari della citt\u00e0 di Magua, assegnata al Parco Nazionale di Jalda. L\u00ec puoi fare una breve pausa, da dove puoi vedere in una vista generale straordinaria del Salto de La Jalda.<\/p>\n<p>Continueremo fino alle cascate. nuotare l\u00ec e dopo alcune ore ritornare al veicolo attraverso lo stesso sentiero. Questa \u00e8 un&#039;avventura estrema. Per favore, se non hai le condizioni per l&#039;escursionismo, devi fare l&#039;equitazione.<\/p>\n<p>&nbsp;<\/p>\n<h4><em><strong>Cosa dovresti portare?<\/strong><\/em><\/h4>\n<ul>\n<li style=\"font-weight: 400;\"><span style=\"font-weight: 400;\">Telecamera<\/span><\/li>\n<li style=\"font-weight: 400;\"><span style=\"font-weight: 400;\">Boccioli repellenti<\/span><\/li>\n<li style=\"font-weight: 400;\"><span style=\"font-weight: 400;\">crema solare<\/span><\/li>\n<li style=\"font-weight: 400;\"><span style=\"font-weight: 400;\">Cappello<\/span><\/li>\n<li style=\"font-weight: 400;\"><span style=\"font-weight: 400;\">Pantaloni comodi<\/span><\/li>\n<li style=\"font-weight: 400;\"><span style=\"font-weight: 400;\">Scarpe da trekking per la foresta<\/span><\/li>\n<li style=\"font-weight: 400;\"><span style=\"font-weight: 400;\">Abbigliamento da bagno<\/span><\/li>\n<li>Bottiglia d&#039;acqua extra<\/li>\n<li>Pranzo o spuntini<\/li>\n<\/ul>\n<p>&nbsp;<\/p>\n<h4><b><i>Prelievo dall&#039;hotel <\/i><\/b><\/h4>\n<p><span style=\"font-weight: 400;\">Per questo tour non \u00e8 disponibile il prelievo in hotel. <\/span><\/p>\n<p>&nbsp;<\/p>\n<p><b>Nota:<\/b><span style=\"font-weight: 400;\"> se prenoti entro 24 ore dall&#039;orario di partenza del tour\/dell&#039;escursione, possiamo organizzare il prelievo in hotel con costi aggiuntivi. Una volta completato l&#039;acquisto, ti invieremo le informazioni di contatto complete (numero di telefono, indirizzo e-mail, ecc.) affinch\u00e9 la nostra guida turistica locale possa organizzare le modalit\u00e0 di ritiro.<\/span><\/p>\n<h4><b><i>Conferma di informazioni aggiuntive <\/i><\/b><\/h4>\n<ol>\n<li>I biglietti rappresentano la ricevuta dopo aver pagato questo tour. Puoi mostrare il pagamento sul tuo telefono.<\/li>\n<li style=\"font-weight: 400;\"><span style=\"font-weight: 400;\">Il punto d&#039;incontro verr\u00e0 ricevuto dopo il processo di prenotazione.<\/span><\/li>\n<li style=\"font-weight: 400;\"><span style=\"font-weight: 400;\">I bambini devono essere accompagnati da un adulto.<\/span><\/li>\n<li style=\"font-weight: 400;\"><span style=\"font-weight: 400;\"> Non accessibile in sedia a rotelle <\/span><\/li>\n<li style=\"font-weight: 400;\"><span style=\"font-weight: 400;\">Non sono ammessi neonati per questo viaggio<\/span><\/li>\n<li style=\"font-weight: 400;\"><span style=\"font-weight: 400;\">Non raccomandato per viaggiatori con problemi alla schiena<\/span><\/li>\n<li style=\"font-weight: 400;\"><span style=\"font-weight: 400;\">Non raccomandato per i viaggiatori in gravidanza <\/span><\/li>\n<li style=\"font-weight: 400;\"><span style=\"font-weight: 400;\"> Nessun problema cardiaco o altre condizioni mediche gravi <\/span><\/li>\n<li style=\"font-weight: 400;\"><span style=\"font-weight: 400;\">La maggior parte dei viaggiatori pu\u00f2 partecipare<\/span><\/li>\n<\/ol>\n<h4><b><i>Politica di cancellazione<\/i><\/b><\/h4>\n<p>Per un rimborso completo, leggi le nostre politiche di cancellazione\u00a0<a href=\"https:\/\/tourwhales.com\/it\/online-booking\/\" target=\"_blank\" rel=\"noopener\" data-saferedirecturl=\"https:\/\/www.google.com\/url?q=https:\/\/tourwhales.com\/online-booking\/&amp;source=gmail&amp;ust=1672449202351000&amp;usg=AOvVaw1yAeVAPktmaVCqDujgUn90\">clicca qui<\/a>. I fondi andranno persi se la prenotazione viene cancellata lo stesso giorno del viaggio.<\/p>\n\n\t\t<\/div>\n\t<\/div>\n<\/div><\/div><\/div><\/div><div class=\"vc_row wpb_row vc_row-fluid\" ><div class=\"wpb_column vc_column_container vc_col-sm-12\"><div class=\"vc_column-inner\"><div class=\"wpb_wrapper\">\n\t<div class=\"wpb_text_column wpb_content_element\" >\n\t\t<div class=\"wpb_wrapper\">\n\t\t\t<h4>Contattaci?<\/h4>\n<h5><em><strong>Prenotazione Avventure<\/strong><\/em><\/h5>\n<p><em><strong>Gente del posto<\/strong> E <strong>Nazionali<\/strong> Guide turistiche e servizi per gli ospiti<\/em><\/p>\n<p><span class=\"text-turquoise\">Prenotazioni:<\/span> Tours ed escursioni a Dom. Rappresentante.<\/p>\n<p><img decoding=\"async\" class=\"emoji\" draggable=\"false\" src=\"https:\/\/s.w.org\/images\/core\/emoji\/11.2.0\/svg\/1f4de.svg\" alt=\"\ud83d\udcde\" \/> Tel\/Whatsapp\u00a0 <a href=\"tel:+18494995063\">+18494995063<\/a>.<\/p>\n<p><img decoding=\"async\" class=\"emoji\" draggable=\"false\" src=\"https:\/\/s.w.org\/images\/core\/emoji\/11.2.0\/svg\/1f4e9.svg\" alt=\"\ud83d\udce9\" \/> <a href=\"mailto:info@bookingadventures.com.do\">info@bookingadventures.com.do<\/a><\/p>\n<p><strong>Siamo flessibili nell&#039;impostare tour privati tramite Whatsapp: <a href=\"tel:+18097206035\">+18097206035.<\/a><\/strong><\/p>\n\n\t\t<\/div>\n\t<\/div>\n<\/div><\/div><\/div><\/div><div class=\"vc_row wpb_row vc_row-fluid\" ><div class=\"wpb_column vc_column_container vc_col-sm-12\"><div class=\"vc_column-inner\"><div class=\"wpb_wrapper\"><div class=\"vc_btn3-container vc_btn3-inline\" ><a class=\"vc_general vc_btn3 vc_btn3-size-md vc_btn3-shape-rounded vc_btn3-style-modern vc_btn3-color-green\" href=\"https:\/\/bookingadventures.tours\/booking.php?tour_id=15732596c207e72b242ef1044167660d\" title=\"\">PRENOTA ORA<\/a><\/div><\/div><\/div><\/div><\/div>\n<\/section>","protected":false},"excerpt":{"rendered":"<p>Un&#039;avventura estrema verso la cascata pi\u00f9 alta dei Caraibi. Vieni con la gente del posto a fare escursioni o passeggiate a cavallo alla cascata. Conoscere il vero stile di vita dominicano della foresta. Visitare le pi\u00f9 grandi piantagioni di foreste di cacao nella Repubblica Dominicana e conoscere questa storia con le guide turistiche dei nativi.<\/p>\n<p>Quando prenoti questo viaggio sostieni le famiglie di Magua, comunit\u00e0 di Sabana de la Mar. Dove non ci sono turisti tutto l&#039;anno. I soldi restano con questi locali.<\/p>\n<p>&nbsp;<\/p>\n<p><strong>Seleziona la data per il tour\u00a0<\/strong><\/p>","protected":false},"featured_media":9206,"template":"","meta":[],"product_cat":[946,634,178,189,170,191,252],"product_tag":[226,635,636,180,637,638,224,225,639,640,227,641,228,175,642,643,644,645],"class_list":["post-8168","product","type-product","status-publish","has-post-thumbnail","hentry","product_cat-1-sabana-de-la-mar","product_cat-hike-to-miches-la-jalda-waterfall-waterfalls","product_cat-hiking","product_cat-horse-riding-to-waterfalls","product_cat-local-tour-guides","product_cat-swimming-natural-springs","product_cat-waterfalls","product_tag-higthest-waterfall-in-the-caribean","product_tag-hike-la-jalda","product_tag-hike-to-miches-la-jalda-waterfall-waterfalls","product_tag-hiking","product_tag-la-jalda-excursions","product_tag-la-jalda-horses","product_tag-la-jalda-national-park","product_tag-la-jalda-waterfall","product_tag-leaping","product_tag-leaping-jalda","product_tag-magua","product_tag-magua-la-jalda","product_tag-miches","product_tag-sabana-de-la-mar","product_tag-salto-de-la-jalda","product_tag-salto-la-jalda-sabana-de-la-mar","product_tag-salto-la-jalda-tours","product_tag-waterfalls"],"_links":{"self":[{"href":"https:\/\/tourwhales.com\/it\/wp-json\/wp\/v2\/product\/8168","targetHints":{"allow":["GET"]}}],"collection":[{"href":"https:\/\/tourwhales.com\/it\/wp-json\/wp\/v2\/product"}],"about":[{"href":"https:\/\/tourwhales.com\/it\/wp-json\/wp\/v2\/types\/product"}],"wp:featuredmedia":[{"embeddable":true,"href":"https:\/\/tourwhales.com\/it\/wp-json\/wp\/v2\/media\/9206"}],"wp:attachment":[{"href":"https:\/\/tourwhales.com\/it\/wp-json\/wp\/v2\/media?parent=8168"}],"wp:term":[{"taxonomy":"product_cat","embeddable":true,"href":"https:\/\/tourwhales.com\/it\/wp-json\/wp\/v2\/product_cat?post=8168"},{"taxonomy":"product_tag","embeddable":true,"href":"https:\/\/tourwhales.com\/it\/wp-json\/wp\/v2\/product_tag?post=8168"}],"curies":[{"name":"wp","href":"https:\/\/api.w.org\/{rel}","templated":true}]}}