
{"id":23656,"date":"2024-11-17T17:10:49","date_gmt":"2024-11-17T17:10:49","guid":{"rendered":"https:\/\/tourwhales.com\/?post_type=product&#038;p=23656"},"modified":"2024-11-17T17:10:53","modified_gmt":"2024-11-17T17:10:53","slug":"punta-cana-catamaran-boat-to-saona-island-with-buffet-lunch-3","status":"publish","type":"product","link":"https:\/\/tourwhales.com\/it\/Tours-Excursions\/uncategorized\/punta-cana-catamaran-boat-to-saona-island-with-buffet-lunch-3\/","title":{"rendered":"Punta Cana: Catamaran Boat to Saona Island with Buffet Lunch"},"content":{"rendered":"<div class=\"toggle-content__content toggle-content__content--expanded toggle-content__content--packable\" data-v-59485d64=\"\">\n<div data-test-id=\"activity-full-description-text\" data-v-5835c99c=\"\">La isla Saona es uno de los mejores destinos tur\u00edsticos para los visitantes que vienen a Punta Cana. Es una excursi\u00f3n obligada. Lo recoger\u00e1n en un autob\u00fas con aire acondicionado que lo llevar\u00e1 a la playa de Bayahibe en La Romana, desde all\u00ed abordar\u00e1 un catamar\u00e1n que lo llevar\u00e1 a la isla Saona. Pasar\u00e1s un par de horas all\u00ed, por la tarde abordar\u00e1s una lancha r\u00e1pida que te llevar\u00e1 a una piscina natural y luego regresar\u00e1s a la playa de Bayahibe donde abordar\u00e1s el transporte que te llevar\u00e1 de regreso a Punta Cana. \u00a1Prep\u00e1rate para vivir una experiencia inolvidable!<\/div>\n<\/div>\n<div class=\"toggle-content__label-placeholder\" data-v-59485d64=\"\"><\/div>","protected":false},"excerpt":{"rendered":"<div data-track=\"overview\" data-v-83a2b402=\"\">\n<section id=\"activity-overview\" class=\"activity-overview\" data-component=\"overview\" data-v-83a2b402=\"\" data-v-f3236c42=\"\">\n<p class=\"activity-overview__content\" data-test-id=\"activity-overview-content\" data-v-f3236c42=\"\">Saona Island Beach Day<\/p>\n<\/section>\n<\/div>\n<div data-track=\"key-details\" data-v-83a2b402=\"\"><\/div>","protected":false},"featured_media":23657,"template":"","meta":[],"product_cat":[15],"product_tag":[173,1135],"class_list":["post-23656","product","type-product","status-publish","has-post-thumbnail","hentry","product_cat-uncategorized","product_tag-excursion","product_tag-tour"],"_links":{"self":[{"href":"https:\/\/tourwhales.com\/it\/wp-json\/wp\/v2\/product\/23656","targetHints":{"allow":["GET"]}}],"collection":[{"href":"https:\/\/tourwhales.com\/it\/wp-json\/wp\/v2\/product"}],"about":[{"href":"https:\/\/tourwhales.com\/it\/wp-json\/wp\/v2\/types\/product"}],"wp:featuredmedia":[{"embeddable":true,"href":"https:\/\/tourwhales.com\/it\/wp-json\/wp\/v2\/media\/23657"}],"wp:attachment":[{"href":"https:\/\/tourwhales.com\/it\/wp-json\/wp\/v2\/media?parent=23656"}],"wp:term":[{"taxonomy":"product_cat","embeddable":true,"href":"https:\/\/tourwhales.com\/it\/wp-json\/wp\/v2\/product_cat?post=23656"},{"taxonomy":"product_tag","embeddable":true,"href":"https:\/\/tourwhales.com\/it\/wp-json\/wp\/v2\/product_tag?post=23656"}],"curies":[{"name":"wp","href":"https:\/\/api.w.org\/{rel}","templated":true}]}}