
{"id":16729,"date":"2023-11-21T08:48:56","date_gmt":"2023-11-21T08:48:56","guid":{"rendered":"https:\/\/tourwhales.com\/?post_type=product&#038;p=16729"},"modified":"2024-10-17T23:39:10","modified_gmt":"2024-10-17T23:39:10","slug":"samana-walking-city-tour-kayaking-samana-bay-playa-el-valle","status":"publish","type":"product","link":"https:\/\/tourwhales.com\/it\/Tours-Excursions\/samana-tour\/samana-walking-city-tour-kayaking-samana-bay-playa-el-valle\/","title":{"rendered":"Samana: tour a piedi della citt\u00e0 e kayak nella baia di Samana e a Playa el Valle"},"content":{"rendered":"<section class=\"wpb-content-wrapper\"><div class=\"vc_row wpb_row vc_row-fluid\" ><div class=\"wpb_column vc_column_container vc_col-sm-12\"><div class=\"vc_column-inner\"><div class=\"wpb_wrapper\">\n\t<div class=\"wpb_text_column wpb_content_element\" >\n\t\t<div class=\"wpb_wrapper\">\n\t\t\t<h1>Samana: Walking City Tour &amp; Kayaking Samana Bay &amp; Playa el Valle<\/h1>\n<p>&nbsp;<\/p>\n<p><b>Panoramica<\/b><span style=\"font-weight: 400;\">\u00a0<\/span><\/p>\n<p><span style=\"font-weight: 400;\">Our City Tour at the capital of the province of Samana will immerse you into the local life and allow you to share memories with its inhabitants. Officially named Santa B\u00e1rbara de Saman\u00e1, this city founded in 1756 offers the chance to visit a small local market and two different churches as well as the opportunity to do some shopping.<\/span><\/p>\n<p><span style=\"font-weight: 400;\">We will share about the history and explain some of the Dominican Republic culture. As we walk along the beautiful and scenic &#8220;Avenida la Marina &#8221; we will see the &#8220;Pueblo Pr\u00edncipe &#8221;, a small shopping center that was conceived as a typical and colorful Caribbean village.<\/span><\/p>\n<p><span style=\"font-weight: 400;\">A stroll along the sea promenade called &#8220;Malec\u00f3n&#8221; will allow you to observe the iron bridge that connects the islets of the bay to the promontory of Saman\u00e1; this pedestrian bridge built in the 1970s became one of the city&#8217;s icons. We will continue our excursion through the center to visit the government&#8217;s buildings while kayaking in Samana Bay. You will get to see some coral reefs. We will finish our tour with a stop for your shopping and a local bakery to try some local homemade bread after swimming at Playa El Valle.\u00a0<\/span><\/p>\n<p>&nbsp;<\/p>\n<p><b>About Samana Province\u00a0<\/b><\/p>\n<p><span style=\"font-weight: 400;\">The Saman\u00e1 Peninsula is as coveted today as it was in the 16th century. Pirates hid in its lush, palm-filled forests, isolated beaches, and hidden caves, while European and Haitian troops competed over its deep water, protected bay. Today, Saman\u00e1\u2013often abbreviated to refer to the entire peninsula\u2013is well connected by land and air, yet it remains the DR\u2019s secluded, paradisiacal escape of wild beaches, coconut plantations, and rainforests. Its rolling mountains and valleys form the crystalline rivers that feed into the Atlantic, as they cascade toward brilliant white sand beaches stretching hundreds of kilometers all around the peninsula\u2019s rocky coastline.\u00a0<\/span><\/p>\n<p>&nbsp;<\/p>\n<p><b>Inclusioni<\/b><\/p>\n<p><span style=\"font-weight: 400;\">Tutte le tasse, commissioni e spese di gestione<\/span><\/p>\n<p><span style=\"font-weight: 400;\">Tasse locali<\/span><\/p>\n<p><span style=\"font-weight: 400;\">Guide turistiche ecologiste ufficiali inglese\/spagnolo<\/span><\/p>\n<p><span style=\"font-weight: 400;\">Trasporto locale (prelievo in hotel)<\/span><\/p>\n<p><span style=\"font-weight: 400;\">Kayak\u00a0<\/span><\/p>\n<p><span style=\"font-weight: 400;\">Pranzo locale<\/span><\/p>\n<p><span style=\"font-weight: 400;\">Walking City Tour\u00a0<\/span><\/p>\n<p>&nbsp;<\/p>\n<p><b>Esclusioni<\/b><\/p>\n<p>&nbsp;<\/p>\n<p><span style=\"font-weight: 400;\">Mance<\/span><\/p>\n<p><span style=\"font-weight: 400;\">Bevanda<\/span><\/p>\n<p><span style=\"font-weight: 400;\">\u00a0<\/span><\/p>\n<p>&nbsp;<\/p>\n<p><b>Partenza e ritorno<\/b><\/p>\n<p>&nbsp;<\/p>\n<p><span style=\"font-weight: 400;\">Il tour, organizzato da \u201cBooking Adventures\u201d inizia presso il punto di incontro concordato con la Guida Turistica. Il viaggiatore otterr\u00e0 un punto d&#039;incontro dopo il processo di prenotazione. I tour iniziano e finiscono nei nostri punti di incontro.<\/span><\/p>\n<p>&nbsp;<\/p>\n<p><b>Cosa aspettarsi?<\/b><\/p>\n<p>&nbsp;<\/p>\n<p><span style=\"font-weight: 400;\">Get your ticket for Searching For The\u00a0 Samana: Biking City Tour &amp; Kayaking Samana Bay this experience will give you the opportunity to see most of the biodiversity of the island.\u00a0<\/span><\/p>\n<p>&nbsp;<\/p>\n<p><span style=\"font-weight: 400;\">Questa attivit\u00e0 inizier\u00e0 con il prelievo dal tuo alloggio in una di queste aree:<\/span><\/p>\n<ul>\n<li style=\"font-weight: 400;\" aria-level=\"1\"><span style=\"font-weight: 400;\">Las Terrenas\u00a0<\/span><\/li>\n<li style=\"font-weight: 400;\" aria-level=\"1\"><span style=\"font-weight: 400;\">Sanchez\u00a0<\/span><\/li>\n<li style=\"font-weight: 400;\" aria-level=\"1\"><span style=\"font-weight: 400;\">Las Galeras<\/span><\/li>\n<li style=\"font-weight: 400;\" aria-level=\"1\"><span style=\"font-weight: 400;\">Santa Barbara di Samana\u00a0<\/span><\/li>\n<\/ul>\n<h4><b>Programma<\/b><b>\u00a0<\/b><\/h4>\n<p><b>Santa Barbara de Samana, Walking City Tour, Kayaking in Samana Bay and Playa el Valle<\/b><\/p>\n<p>&nbsp;<\/p>\n<p><span style=\"font-weight: 400;\">Hotel pick up: 7:00 am (Depending where you are located).<\/span><\/p>\n<p><span style=\"font-weight: 400;\">This is going to be an early morning to pick you up from your hotel and drive you to our meeting point in Santa Barbara de Samana which might take about an hour depending where you are located, when you arrive our local expert will province yout schedule for the day bring you some coffee or natural juice to the table and let you use the bathroom, when we get ready the walking city tour.<\/span><\/p>\n<p><span style=\"font-weight: 400;\">First we will visit La Chorcha. This temple is not only an architectural work that has withstood the passing of the years, as it was prefabricated in 1901 and transported to Saman\u00e1 by ship from England. But it is also a promise of freedom for the Afro-descendants who arrived from the United States, who built it and made an entire life in common around this church, with the phenomena of interculturality.<\/span><\/p>\n<p><span style=\"font-weight: 400;\">After we will pass by the City Hall of Santa Barbara, meet some of their staff and continue to El Malecon, enjoy the view of the bay before stopping at el Pueblito, this beautiful and colorful architecture designed to be a plaza where restaurants, banks and public offices are, here we\u2019ll have time for a photos before heading to the Whale Museum and Los Puentes Of Samana.<\/span><\/p>\n<p><span style=\"font-weight: 400;\">The small museum dedicated to humpback whales plays a very important role in local education and during whale season it is a popular stop for people who come to Saman\u00e1 with the aim of spotting humpback whales, in this case we will learn some facts about them before getting to Los Puentes.<\/span><\/p>\n<p><span style=\"font-weight: 400;\">The Saman\u00e1 Bridges are located in the Bay, so they are accessed through the Malec\u00f3n that borders the Bay of Santa B\u00e1rbara de Saman\u00e1, Los Puentes are connected to the Islands: Linares and Vigia, witch at end has a white sand beach where we are getting on the kayaks for a ride around the islands and Samana Bay.\u00a0 <\/span><span style=\"font-weight: 400;\">When we get back to town your fresh lunch will be ready, usually some fish, chicken, white rice, Green Salad and pasta. Drinks will be water or soda as options, after lunch you have free time for swimming at Playa el Valle.\u00a0<\/span><\/p>\n<p>&nbsp;<\/p>\n<p><span style=\"font-weight: 400;\">After the island we will take you to a local bakery to try some local bread from Samana province.\u00a0<\/span><\/p>\n<p>&nbsp;<\/p>\n<p><strong>Hotel Drop off: 4:00 pm (Depending time you pick started)<\/strong><\/p>\n<p><span style=\"font-weight: 400;\">I giorni e le attivit\u00e0 dell&#039;itinerario sono soggetti a modifiche senza preavviso a causa di circostanze o eventi imprevisti. Consulta i termini e le condizioni completi per ulteriori informazioni.<\/span><\/p>\n\n\t\t<\/div>\n\t<\/div>\n<\/div><\/div><\/div><\/div>\n<\/section>","protected":false},"excerpt":{"rendered":"<p>Samana city tour : enjoy a cultural walk in Samana community and kayaking by the bay. After this staying in playa El Valle for few hours.<\/p>\n<h4><\/h4>\n<h4><strong>Book your best options here:\u00a0<\/strong><\/h4>","protected":false},"featured_media":16525,"template":"","meta":[],"product_cat":[1098],"product_tag":[],"class_list":["post-16729","product","type-product","status-publish","has-post-thumbnail","hentry","product_cat-samana-tour"],"_links":{"self":[{"href":"https:\/\/tourwhales.com\/it\/wp-json\/wp\/v2\/product\/16729","targetHints":{"allow":["GET"]}}],"collection":[{"href":"https:\/\/tourwhales.com\/it\/wp-json\/wp\/v2\/product"}],"about":[{"href":"https:\/\/tourwhales.com\/it\/wp-json\/wp\/v2\/types\/product"}],"wp:featuredmedia":[{"embeddable":true,"href":"https:\/\/tourwhales.com\/it\/wp-json\/wp\/v2\/media\/16525"}],"wp:attachment":[{"href":"https:\/\/tourwhales.com\/it\/wp-json\/wp\/v2\/media?parent=16729"}],"wp:term":[{"taxonomy":"product_cat","embeddable":true,"href":"https:\/\/tourwhales.com\/it\/wp-json\/wp\/v2\/product_cat?post=16729"},{"taxonomy":"product_tag","embeddable":true,"href":"https:\/\/tourwhales.com\/it\/wp-json\/wp\/v2\/product_tag?post=16729"}],"curies":[{"name":"wp","href":"https:\/\/api.w.org\/{rel}","templated":true}]}}