
{"id":16643,"date":"2023-11-06T07:14:14","date_gmt":"2023-11-06T07:14:14","guid":{"rendered":"https:\/\/tourwhales.com\/?post_type=product&#038;p=16643"},"modified":"2024-10-17T23:39:10","modified_gmt":"2024-10-17T23:39:10","slug":"los-haitises-cueva-el-naranjo-y-laguna-cristal-from-samana","status":"publish","type":"product","link":"https:\/\/tourwhales.com\/it\/Tours-Excursions\/haitises\/los-haitises-cueva-el-naranjo-y-laguna-cristal-from-samana\/","title":{"rendered":"Los Haitises: Cueva el Naranjo y Laguna Cristal di Samana"},"content":{"rendered":"<section class=\"wpb-content-wrapper\"><div class=\"vc_row wpb_row vc_row-fluid\" ><div class=\"wpb_column vc_column_container vc_col-sm-12\"><div class=\"vc_column-inner\"><div class=\"wpb_wrapper\">\n\t<div class=\"wpb_text_column wpb_content_element\" >\n\t\t<div class=\"wpb_wrapper\">\n\t\t\t<h2><span style=\"font-weight: 400;\">Los Haitises: Cueva el Naranjo e Laguna Cristal<\/span><\/h2>\n<p>&nbsp;<\/p>\n<p><b>Panoramica<\/b><span style=\"font-weight: 400;\">\u00a0<\/span><\/p>\n<p>&nbsp;<\/p>\n<p><span style=\"font-weight: 400;\">Il Parco Nazionale Los Haitises \u00e8 un tesoro naturale della Repubblica Dominicana dove a Hispaniola si trovano 25% di acqua dolce, durante questa esperienza visiteremo alcuni dei luoghi pi\u00f9 importanti di questo fantastico parco. Ottieni il tuo biglietto per esplorare la grotta Ojo de Cielo, la Laguna Cristal, il fiume Barracote e la baia di Samana.\u00a0<\/span><\/p>\n<p>&nbsp;<\/p>\n<p><span style=\"font-weight: 400;\">Dal punto di vista idrografico<\/span><span style=\"font-weight: 400;\">, Los Haitises e le sue aree di influenza comprendono due regioni: il bacino inferiore del fiume Yuna e la zona di Miches e Sabana de la Mar. Lo Yuna scorre attraverso due bocche: quella dello Yuna stessa e quella del Barracote. Inoltre, nella zona ci sono i fiumi Payabo, Los Cocos e Naranjo, nonch\u00e9 i canali Cabirma, Estero, Prieto e altri canali.<\/span><\/p>\n<p>&nbsp;<\/p>\n<p><span style=\"font-weight: 400;\">Informazioni sul paesaggio di Los Haitises,<\/span><span style=\"font-weight: 400;\"> oltre alle grotte, ci sono Ca\u00f1o Hondo, Punta Arena, Ca\u00f1o Salado, Bah\u00eda de San Lorenzo e Cayo de los P\u00e1jaros, che costituiscono elementi paesaggistici di grande effetto. Quest&#039;ultima, situata tra Boca del Infierno e El Naranjo Arriba, \u00e8 facilmente riconoscibile per la presenza quasi permanente di forbicine e pellicani.<\/span><\/p>\n<p>&nbsp;<\/p>\n<p><span style=\"font-weight: 400;\">A proposito di Sanchez City,<\/span><span style=\"font-weight: 400;\"> In precedenza era una piccola localit\u00e0 chiamata Las Ca\u00f1itas, ma nel 1888 fu elevata allo status di comune, dal nome di uno dei fondatori della Repubblica Dominicana, Francisco del Rosario S\u00e1nchez. Crebbe in importanza e popolazione dopo la fondazione della ferrovia nel 1865. Questa linea si estendeva fino alla regione centrale del Cibao, trasformando questa piccola comunit\u00e0 caraibica nel porto pi\u00f9 importante del paese dalla fine del XIX secolo fino all&#039;inizio del prossimo secolo. .<\/span><\/p>\n<p>&nbsp;<\/p>\n<p><span style=\"font-weight: 400;\">A proposito di Laguna Cristal,<\/span><span style=\"font-weight: 400;\"> Laguna Cristal \u00e8 una bellissima sorgente d&#039;acqua dolce alle porte del Parco Nazionale Los Haitises, a nord della provincia di Monte Plata, che ha una bellezza unica per le sue attrazioni naturali e la pace che ci regala. La laguna \u00e8 alimentata dalle acque sotterranee che provengono dal vicino parco. Dalla laguna emerge per poche centinaia di metri un piccolo fiume navigabile che alimenta il fiume Barracote, che poi sfocia nella Baia di San Lorenzo. Sarebbe profondo circa 200 metri e avrebbe un diametro di 70 metri.\u00a0<\/span><\/p>\n<p>&nbsp;<\/p>\n<p><span style=\"font-weight: 400;\">Grotta del Naranjo<\/span><span style=\"font-weight: 400;\">, Il fiume El Naranjo, navigabile nonostante la sua lunghezza di 120 metri, nasce da una caverna e pu\u00f2 essere considerato un gioiello della natura nel Parco Nazionale Los Haitises. \u00c8 un&#039;attrazione da conoscere, che permette di apprezzare il fiume pi\u00f9 corto della zona isola, In una barca puoi raggiungere la fine della grotta da dove proviene l&#039;acqua. La grotta \u00e8 un serbatoio per pipistrelli e rondoni e le sue acque ospitano specie ittiche autoctone, che in altri fiumi e torrenti appartengono al passato, come guabinas, dajao, carpias, gamberi e granchi.<\/span><\/p>\n<p>&nbsp;<\/p>\n<p><b>Inclusioni<\/b><\/p>\n<p><span style=\"font-weight: 400;\">Tutte le tasse, commissioni e spese di gestione<\/span><\/p>\n<p><span style=\"font-weight: 400;\">Tasse locali<\/span><\/p>\n<p><span style=\"font-weight: 400;\">Guide turistiche ecologiste ufficiali inglese\/spagnolo<\/span><\/p>\n<p><span style=\"font-weight: 400;\">Trasporto locale (prelievo in hotel)<\/span><\/p>\n<p><span style=\"font-weight: 400;\">Motoscafo<\/span><\/p>\n<p><span style=\"font-weight: 400;\">Pranzo locale<\/span><\/p>\n<p><span style=\"font-weight: 400;\">Laguna Cristal\u00a0\u00a0<\/span><\/p>\n<p><span style=\"font-weight: 400;\">Grotta del Naranjo\u00a0<\/span><\/p>\n<p>&nbsp;<\/p>\n<p><b>Esclusioni<\/b><\/p>\n<p>&nbsp;<\/p>\n<p><span style=\"font-weight: 400;\">Mance<\/span><\/p>\n<p><span style=\"font-weight: 400;\">Bevanda<\/span><\/p>\n<p><span style=\"font-weight: 400;\">\u00a0<\/span><\/p>\n<p>&nbsp;<\/p>\n<p><b>Partenza e ritorno<\/b><\/p>\n<p><span style=\"font-weight: 400;\">Il tour, organizzato da \u201cBooking Adventures\u201d inizia presso il punto di incontro concordato con la Guida Turistica. Il viaggiatore otterr\u00e0 un punto d&#039;incontro dopo il processo di prenotazione. I tour iniziano e finiscono nei nostri punti di incontro.<\/span><\/p>\n<p>&nbsp;<\/p>\n<p><b>Cosa aspettarsi?<\/b><\/p>\n<p><span style=\"font-weight: 400;\">Ottieni il tuo biglietto per Searching For The Los Haitises: Los Haitises: Cueva el Naranjo y Laguna Cristal, questa esperienza ti dar\u00e0 l&#039;opportunit\u00e0 di vedere la maggior parte della biodiversit\u00e0 dell&#039;isola.\u00a0<\/span><\/p>\n<p>&nbsp;<\/p>\n<p><span style=\"font-weight: 400;\">Questa attivit\u00e0 inizier\u00e0 con il prelievo dal tuo alloggio in una di queste aree:<\/span><\/p>\n<ul>\n<li style=\"font-weight: 400;\" aria-level=\"1\"><span style=\"font-weight: 400;\">Las Terrenas\u00a0<\/span><\/li>\n<li style=\"font-weight: 400;\" aria-level=\"1\"><span style=\"font-weight: 400;\">Sanchez\u00a0<\/span><\/li>\n<li style=\"font-weight: 400;\" aria-level=\"1\"><span style=\"font-weight: 400;\">Las Galeras<\/span><\/li>\n<li style=\"font-weight: 400;\" aria-level=\"1\"><span style=\"font-weight: 400;\">Santa Barbara di Samana\u00a0<\/span><\/li>\n<\/ul>\n<h3><b>Programma<\/b><b>\u00a0<\/b><\/h3>\n<p><b>Sanchez Samana, Nuoto alla Laguna Cristal e al fiume e alle grotte El Naranjo\u00a0<\/b><\/p>\n<p>&nbsp;<\/p>\n<p><span style=\"font-weight: 400;\">Prelievo in hotel: inizia alle 7:00 (a seconda di dove ti trovi). Ci sono diverse opzioni temporali nel modulo di prenotazione. Il tour dura 8 ore.\u00a0<\/span><\/p>\n<p>&nbsp;<\/p>\n<p><span style=\"font-weight: 400;\">Sar\u00e0 una mattina presto per venirti a prendere al tuo hotel e portarti al nostro punto d&#039;incontro a Sanchez Samana, dove incontrerai la tua guida turistica locale prima di ripercorrere l&#039;itinerario per il resto della giornata.\u00a0<\/span><\/p>\n<p>&nbsp;<\/p>\n<p><span style=\"font-weight: 400;\">Quando ti prepari, saliremo a bordo del nostro motoscafo per dirigerci a El Naranjo, la prima tappa della giornata, dove entreremo nella grotta in barca e nuoteremo nell&#039;acqua dolce del fiume pi\u00f9 corto dell&#039;isola.\u00a0<\/span><\/p>\n<p>&nbsp;<\/p>\n<p><span style=\"font-weight: 400;\">Il tuo secondo giro in barca attraverser\u00e0 il fiume Barracote per raggiungere Laguna Cristal. Dovremo navigare su uno dei fiumi pi\u00f9 grandi del nord-est del paese. Presso Cristal Area faremo una pausa pranzo prima di tuffarci in acqua.<\/span><\/p>\n<p>&nbsp;<\/p>\n<p><span style=\"font-weight: 400;\">Dopo aver provato un pranzo locale, faremo una siesta presso Cristal Lagoon e poi nuoteremo, prima di tornare a Sanchez Samana.\u00a0<\/span><\/p>\n<p>&nbsp;<\/p>\n<p><span style=\"font-weight: 400;\">Rientro in hotel: 16:00 o pi\u00f9 tardi, a seconda dell&#039;orario di inizio del viaggio. Il tour dura 8 ore in totale.\u00a0<\/span><\/p>\n<p>&nbsp;<\/p>\n<p><span style=\"font-weight: 400;\">I giorni e le attivit\u00e0 dell&#039;itinerario sono soggetti a modifiche senza preavviso a causa di circostanze o eventi imprevisti. Consulta i termini e le condizioni completi per ulteriori informazioni.<\/span><\/p>\n\n\t\t<\/div>\n\t<\/div>\n<\/div><\/div><\/div><\/div>\n<\/section>","protected":false},"excerpt":{"rendered":"<p>Visita al fiume El Naranjo con la grotta e Cristal Lagun nel Parco Nazionale Los Haitises con una guida turistica esperta locale. Pranzo e trasporto sono inclusi nella provincia di Samana.<\/p>","protected":false},"featured_media":16644,"template":"","meta":[],"product_cat":[1096],"product_tag":[1097],"class_list":["post-16643","product","type-product","status-publish","has-post-thumbnail","hentry","product_cat-haitises","product_tag-haitises"],"_links":{"self":[{"href":"https:\/\/tourwhales.com\/it\/wp-json\/wp\/v2\/product\/16643","targetHints":{"allow":["GET"]}}],"collection":[{"href":"https:\/\/tourwhales.com\/it\/wp-json\/wp\/v2\/product"}],"about":[{"href":"https:\/\/tourwhales.com\/it\/wp-json\/wp\/v2\/types\/product"}],"wp:featuredmedia":[{"embeddable":true,"href":"https:\/\/tourwhales.com\/it\/wp-json\/wp\/v2\/media\/16644"}],"wp:attachment":[{"href":"https:\/\/tourwhales.com\/it\/wp-json\/wp\/v2\/media?parent=16643"}],"wp:term":[{"taxonomy":"product_cat","embeddable":true,"href":"https:\/\/tourwhales.com\/it\/wp-json\/wp\/v2\/product_cat?post=16643"},{"taxonomy":"product_tag","embeddable":true,"href":"https:\/\/tourwhales.com\/it\/wp-json\/wp\/v2\/product_tag?post=16643"}],"curies":[{"name":"wp","href":"https:\/\/api.w.org\/{rel}","templated":true}]}}