
{"id":15361,"date":"2023-02-06T10:44:02","date_gmt":"2023-02-06T10:44:02","guid":{"rendered":"https:\/\/tourwhales.com\/?post_type=product&#038;p=15361"},"modified":"2024-10-17T23:39:11","modified_gmt":"2024-10-17T23:39:11","slug":"miches-samana-whale-watching-cayo-levantado-bacardi-island-limon-waterfalls","status":"publish","type":"product","link":"https:\/\/tourwhales.com\/it\/Tours-Excursions\/fees-entrace\/miches-samana-whale-watching-cayo-levantado-bacardi-island-limon-waterfalls\/","title":{"rendered":"Miches: osservazione delle balene di Saman\u00e1 + Cayo Levantado (isola Bacardi) + cascate di El Lim\u00f3n"},"content":{"rendered":"<section class=\"wpb-content-wrapper\"><div class=\"vc_row wpb_row vc_row-fluid\" ><div class=\"wpb_column vc_column_container vc_col-sm-12\"><div class=\"vc_column-inner\"><div class=\"wpb_wrapper\"><div class=\"vc_empty_space\"   style=\"height: 32px\"><span class=\"vc_empty_space_inner\"><\/span><\/div><div class=\"vc_btn3-container vc_btn3-inline\" ><a class=\"vc_general vc_btn3 vc_btn3-size-md vc_btn3-shape-rounded vc_btn3-style-modern vc_btn3-color-green\" href=\"https:\/\/bookingadventures.tours\/booking.php?tour_id=37eeb6616d6bfb8565c383bedf525a4c\" title=\"\">PRENOTA ORA<\/a><\/div><div class=\"vc_empty_space\"   style=\"height: 32px\"><span class=\"vc_empty_space_inner\"><\/span><\/div><\/div><\/div><\/div><\/div><div class=\"wpb_column vc_column_container vc_col-sm-12\"><div class=\"vc_column-inner\"><div class=\"wpb_wrapper\">\n\t<div class=\"wpb_text_column wpb_content_element\" >\n\t\t<div class=\"wpb_wrapper\">\n\t\t\t<div class=\"vc_row wpb_row vc_row-fluid\">\n<div class=\"wpb_column vc_column_container vc_col-sm-12\">\n<div class=\"vc_column-inner\">\n<div class=\"wpb_wrapper\">\n<div class=\"mkdf-section-title-holder\">\n<div class=\"mkdf-st-inner\">\n<h5 class=\"mkdf-st-subtitle\">Cayo Levantado (Isola Bacardi) + Cascate El Lim\u00f3n dagli hotel di Punta Cana.<\/h5>\n<h3 class=\"mkdf-st-title\">Osservazione delle balene da Punta Cana alla baia di Saman\u00e1<\/h3>\n<\/div>\n<\/div>\n<\/div>\n<\/div>\n<\/div>\n<\/div>\n<div class=\"vc_row wpb_row vc_row-fluid\"><\/div>\n<div class=\"wpb_column vc_column_container vc_col-sm-12\">\n<div class=\"vc_column-inner\">\n<div class=\"wpb_wrapper\"><\/div>\n<\/div>\n<\/div>\n<div class=\"wpb_text_column wpb_content_element\">\n<div class=\"wpb_wrapper\"><\/div>\n<\/div>\n<div class=\"vc_row wpb_row vc_row-fluid\">\n<div class=\"wpb_column vc_column_container vc_col-sm-12\">\n<div class=\"vc_column-inner\">\n<div class=\"wpb_wrapper\">\n<div class=\"wpb_text_column wpb_content_element\">\n<div class=\"wpb_wrapper\">\n<div class=\"vc_row wpb_row vc_row-fluid\">\n<div class=\"wpb_column vc_column_container vc_col-sm-12\">\n<div class=\"vc_column-inner\">\n<div class=\"wpb_wrapper\">\n<div class=\"wpb_text_column wpb_content_element\">\n<div class=\"wpb_wrapper\">\n<h4><b><i>Panoramica\ud83d\udc33<\/i><\/b><\/h4>\n<p>Balene a Punta Cana, osservazione delle balene nella baia di Saman\u00e1 e visita a Cayo Levantado pi\u00f9 Safari alle cascate di El limon durante questa escursione di un&#039;intera giornata dagli hotel di Punta Cana. Viaggia verso la baia di Saman\u00e1 a bordo di un comodo pullman con aria condizionata, quindi trasferisci su un catamarano a Miches. Naviga in acque aperte alla ricerca dei branchi di megattere che vengono a riprodursi e ad allevare i loro vitelli nella zona. Scopri il comportamento e la biologia di questi mammiferi marini dalla tua guida naturalista esperta. Prosegui per Cayo Levantado \/ Isola Bacardi, per un pranzo sulla spiaggia e un tuffo nelle acque azzurre dopo questo viaggio Safari alle cascate El Lim\u00f3n con passeggiate a cavallo nella foresta di cocco prima di tornare a Punta Cana.<\/p>\n<p>&nbsp;<\/p>\n<p><strong>Nota:<\/strong> Questo tour non \u00e8 privato. Questo tour ha incluso la sosta a <strong>Cascata del Lim\u00f3n<\/strong>. Per prenotare lo stesso viaggio e non andare alle cascate, per favore\u00a0<a href=\"https:\/\/tourwhales.com\/it\/Tours-Excursions\/tours-excursions-samana-bay-dominican-republic\/whale-watching-2020-in-punta-cana-to-samana-bay-cayo-levantado-bacardi-island-from-hotels\/\">CLICCA QUI.<\/a><\/p>\n<ul>\n<li>Escursione di osservazione delle balene<\/li>\n<li>Isola Bacardi\/Cayo Levantado<\/li>\n<li>Biglietti d&#039;ingresso all&#039;Osservatorio<\/li>\n<li>Safari a Samana<\/li>\n<li>Equitazione a cavallo alle cascate El Limon<\/li>\n<li>Include pranzo a buffet sulla spiaggia<\/li>\n<li>Trasferimento in barca<\/li>\n<li>Il Capitano fornisce istruzioni e supervisione<\/li>\n<li>Guida turistica<\/li>\n<\/ul>\n<p>&nbsp;<\/p>\n<h4><b>Inclusioni ed esclusioni<\/b><\/h4>\n<p>&nbsp;<\/p>\n<p><b>Inclusioni<\/b><\/p>\n<p>&nbsp;<\/p>\n<ol>\n<li>Pranzo a buffet sulla spiaggia<\/li>\n<li>Trasferimento dagli hotel<\/li>\n<li>Guida turistica<\/li>\n<li>Gita in catamarano o in barca<\/li>\n<li>Tutte le tasse, commissioni e spese di gestione<\/li>\n<li>Tasse locali<\/li>\n<li>Bevande<\/li>\n<\/ol>\n<p><b>Esclusioni<\/b><\/p>\n<ol>\n<li>Mance<\/li>\n<\/ol>\n<p>&nbsp;<\/p>\n<h4><em><strong>Partenza e ritorno<\/strong><\/em><\/h4>\n<p>Per questo tour \u00e8 offerto il prelievo in hotel. Nelle note basta scrivere il nome dell&#039;hotel dove venirvi a prendere. Ritiriamo in tutti gli hotel di Punta Cana.<\/p>\n<p>&nbsp;<\/p>\n<h3>Osservazione delle balene a Saman\u00e1 + Cayo Levantado (Isola Bacardi) + Cascate del Lim\u00f3n da Miches.<\/h3>\n<h4><b><i>Cosa aspettarsi?<\/i><\/b><\/h4>\n<p>Avvicinati ai gentili giganti del mare della Repubblica Dominicana durante questa escursione di 12 ore di osservazione delle balene megattere nella baia di Saman\u00e1. Trascorri una giornata indimenticabile osservando le migliaia di balene che ogni anno affollano l&#039;isola per accoppiarsi, nutrirsi e giocare nelle sue calde acque tropicali. Mentre osservi queste meravigliose creature godrai di approfondimenti unici dalla tua guida esperta di osservazione delle balene. Termina la giornata con pranzo incluso e tempo in spiaggia sulla bellissima isola di Cayo Levantado. \u00c8 incluso anche il trasporto di andata e ritorno per l&#039;hotel.<\/p>\n<p>Dalle 9:00 alle 12:00 Osservatorio di osservazione delle balene e dopo questo viaggio alle balene visiteremo l&#039;isola Bacardi \/ Cayo Levantado. Nell&#039;isola Bacardi sar\u00e0 fornito il pranzo a buffet in tipico stile dominicano (riso, fagioli, pesce, insalate...). Una volta terminato il pranzo, potrai nuotare e prepararti per andare alle cascate di El Limon fino alle 16:30. Il tour terminer\u00e0 alle 17:00 nello stesso porto da dove inizier\u00e0 a bordo del nostro catamarano e poi ritorner\u00e0 in autobus agli hotel di Punta Cana.<\/p>\n<p><strong>Orario:<\/strong><\/p>\n<p>6:00 \u2013 7:00 Accoglienza dei clienti dai diversi hotel<br \/>\n07:00 Partenza per Las Canitas a Sabana de la mar<br \/>\n08:15 Arrivo al molo privato<br \/>\n08:15 \u2013 8:40 Colazione (panini, muffin, t\u00e8, caff\u00e8, succhi)<br \/>\n8:45 Imbarco per iniziare il nostro viaggio verso il santuario delle balene megattere a Samana<br \/>\n11:00 Ricerca delle balene per un periodo di 45 minuti: questi sono i tempi seguiti dalle regole del governo.<br \/>\n11:45 Dirigiti a Cayo Levantado nella baia di Samana<br \/>\n12:30 Arrivo a Cayo Levantado<br \/>\n13:00 Pranzo (pranzo a buffet, tipico dominicano)*<br \/>\n13:45 \u2013 15:30 Tempo libero a Cayo Levantado<br \/>\n15:00 \u2013 15:45 Di nuovo a bordo in direzione di Miches<br \/>\n17:00 Arrivo a Miches e partenza per gli hotel di Punta Cana<br \/>\n19:30 \u2013 20:00 Arrivo agli hotel di Punta Cana<\/p>\n<p><strong>*Men\u00f9 del pranzo (tipico domenicano)<br \/>\n<\/strong>Riso, pollo alla griglia o pesce alla griglia, insalata, verdure, frutta fresca.<\/p>\n<p><strong>*I clienti che scelgono di aggiungere la sosta alla cascata El Limon dopo l&#039;avvistamento delle balene si sposteranno alla cascata e avranno meno tempo da trascorrere a Cayo Levantado.<\/strong><\/p>\n<p>Questo tour ha incluso la sosta a <strong>Cascata del Lim\u00f3n<\/strong>. Per prenotare lo stesso viaggio e non andare alle cascate, per favore\u00a0<a href=\"https:\/\/tourwhales.com\/it\/Tours-Excursions\/tours-excursions-samana-bay-dominican-republic\/whale-watching-2020-in-punta-cana-to-samana-bay-cayo-levantado-bacardi-island-from-hotels\/\">CLICCA QUI.<\/a><\/p>\n<p>&nbsp;<\/p>\n<h4><em><strong>Cosa dovresti portare?<\/strong><\/em><\/h4>\n<ul>\n<li>Telecamera<\/li>\n<li>Boccioli repellenti<\/li>\n<li>crema solare<\/li>\n<li>Cappello<\/li>\n<li>Pantaloni comodi<\/li>\n<li>Sandali per la spiaggia<\/li>\n<li>Abbigliamento da bagno<\/li>\n<li>Contanti per souvenir e mance<\/li>\n<\/ul>\n<p>&nbsp;<\/p>\n<h4><b><i>Prelievo dall&#039;hotel<\/i><\/b><\/h4>\n<p>Per questo tour non \u00e8 disponibile il prelievo in hotel. Nelle note Seleziona semplicemente le opzioni extra nel modulo di prenotazione per il ritiro a Punta Cana e scrivi il nome dell&#039;hotel per il ritiro. Ritiriamo in tutti gli hotel di Punta Cana.<\/p>\n<p>&nbsp;<\/p>\n<p><b>Nota:<\/b> se prenoti entro 24 ore dall&#039;orario di partenza del tour\/dell&#039;escursione, possiamo organizzare il prelievo in hotel con costi aggiuntivi. Una volta completato l&#039;acquisto, ti invieremo le informazioni di contatto complete (numero di telefono, indirizzo e-mail, ecc.) affinch\u00e9 la nostra guida turistica locale possa organizzare le modalit\u00e0 di ritiro.<\/p>\n<h4><b><i>Conferma di informazioni aggiuntive<\/i><\/b><\/h4>\n<ol>\n<li>I biglietti rappresentano la ricevuta dopo aver pagato questo tour. Puoi mostrare il pagamento sul tuo telefono.<\/li>\n<li>Il punto d&#039;incontro verr\u00e0 ricevuto dopo il processo di prenotazione.<\/li>\n<li>I bambini devono essere accompagnati da un adulto.<\/li>\n<li>Accessibile alle sedie a rotelle<\/li>\n<li>I neonati devono sedersi sulle ginocchia<\/li>\n<li>La maggior parte dei viaggiatori pu\u00f2 partecipare<\/li>\n<\/ol>\n<h4><b><i>Politica di cancellazione<\/i><\/b><\/h4>\n<p>Per un rimborso completo, annulla almeno 24 ore prima della data di inizio dell&#039;esperienza.<\/p>\n<\/div>\n<\/div>\n<\/div>\n<\/div>\n<\/div>\n<\/div>\n<\/div>\n<\/div>\n<\/div>\n<\/div>\n<\/div>\n<\/div>\n<div class=\"vc_row wpb_row vc_row-fluid\">\n<div class=\"wpb_column vc_column_container vc_col-sm-12\">\n<div class=\"vc_column-inner\">\n<div class=\"wpb_wrapper\">\n<div class=\"vc_empty_space\"><\/div>\n<div class=\"wpb_text_column wpb_content_element\">\n<div class=\"wpb_wrapper\">\n<h4>Contattaci?<\/h4>\n<h5><b><i>TOUR BALENE SAMAN\u00c1<\/i><\/b><\/h5>\n<p><em><strong>Gente del posto<\/strong>\u00a0E\u00a0<strong>Nazionali<\/strong>\u00a0Guide turistiche e servizi per gli ospiti<\/em><\/p>\n<p><span class=\"text-turquoise\">Prenotazioni:<\/span> \u00a0Tours ed escursioni al Duomo. Rappresentante.<\/p>\n<p>\ud83d\udcdeTel\/Whatsapp\u00a0\u00a0\u00a0<a href=\"tel:+18494995063\">+ 1-809-720-6035<\/a>\u00a0.<\/p>\n<p>\ud83d\udce9\u00a0<a href=\"mailto:info@bookingadventures.com.do\">info@bookingadventures.com.do<\/a><\/p>\n<p><strong>Siamo tour privati con configurazione flessibile tramite Whatsapp:\u00a0\u00a0<a href=\"tel:+18097206035\">+18097206035.<\/a><\/strong><\/p>\n<\/div>\n<\/div>\n<\/div>\n<\/div>\n<\/div>\n<\/div>\n\n\t\t<\/div>\n\t<\/div>\n<\/div><\/div><\/div>\n<\/section>","protected":false},"excerpt":{"rendered":"<p>Dalla zona di Miches, godremo degli splendidi paesaggi della catena montuosa orientale mentre guidiamo a nord di Punta Cana prima di arrivare nel piccolo villaggio di pescatori di Miches, sulla sponda meridionale della baia di Saman\u00e1. Potrai goderti una colazione veloce prima di salire sulla barca per Saman\u00e1. Navigheremo in profondit\u00e0 nella baia per osservare le balene. Raggiungeremo prima Cayo Levantado, conosciuta anche come Isola Bacardi per la sua stretta somiglianza con le spiagge che Bacardi Rum un tempo utilizzava per i suoi famosi spot pubblicitari.<\/p>\n<p>Cayo Levantado \u00e8 a dir poco un&#039;oasi tropicale: una piccola isola in mezzo all&#039;oceano con acque turchesi e sabbia bianca. Successivamente un Safari nella Comunit\u00e0 di Saman\u00e1 alle cascate. Nelle Cascate, El Lim\u00f3n si prepara per l&#039;equitazione o l&#039;escursionismo. Questa \u00e8 un&#039;avventura completa unica.<\/p>\n<p>Questo tour includeva una sosta alla Cascata del Lim\u00f3n. Per prenotare lo stesso viaggio e non andare alle cascate, per favore <a href=\"https:\/\/tourwhales.com\/it\/Tours-Excursions\/miches-samana-whale-watching-cayo-levantado-bacardi-island-limon-waterfalls\/\">CLICCA QUI<\/a>.<\/p>\n<p>&nbsp;<\/p>\n<p><strong><em>Seleziona la data dell&#039;escursione:<\/em><\/strong><\/p>","protected":false},"featured_media":12008,"template":"","meta":[],"product_cat":[948,655,961,959,159,972,963,968,664],"product_tag":[631,184,328,480,296,380,428,649,327,222,527,313,199,526,458,342,650,524,276,529,528,274,525],"class_list":["post-15361","product","type-product","status-publish","has-post-thumbnail","hentry","product_cat-1-punta-cana","product_cat-1-samana","product_cat-el-limon-horseback-riding","product_cat-el-limon-punta-cana","product_cat-fees-entrace","product_cat-punta-cana-group-tours","product_cat-punta-cana-samana-day-trips","product_cat-punta-cana-whale-watching","product_cat-whale-watching-punta-cana","product_tag-631","product_tag-bacardi-island","product_tag-cayo-levantado-day-pass","product_tag-cheap-punta-cana-excursions","product_tag-day-trip-punta-cana","product_tag-el-limon-waterfall-and-bacardi-island-tour-from-punta-cana","product_tag-half-day-whale-watching-miches","product_tag-limon-from-punta-cana","product_tag-private-tours-samana","product_tag-punta-cana","product_tag-punta-cana-activities","product_tag-punta-cana-tours","product_tag-samana-bay","product_tag-samana-day-trip","product_tag-samana-day-trip-from-punta-cana","product_tag-samana-whale-watching","product_tag-waterfalls-punta-cana","product_tag-whale-punta-cana","product_tag-whale-samana","product_tag-whale-watching-2020","product_tag-whale-watching-2020-in-punta-cana-to-samana-bay-cayo-levantado-bacardi-island-from-hotels","product_tag-whale-watching-dominican-republic","product_tag-whale-watching-punta-cana"],"_links":{"self":[{"href":"https:\/\/tourwhales.com\/it\/wp-json\/wp\/v2\/product\/15361","targetHints":{"allow":["GET"]}}],"collection":[{"href":"https:\/\/tourwhales.com\/it\/wp-json\/wp\/v2\/product"}],"about":[{"href":"https:\/\/tourwhales.com\/it\/wp-json\/wp\/v2\/types\/product"}],"wp:featuredmedia":[{"embeddable":true,"href":"https:\/\/tourwhales.com\/it\/wp-json\/wp\/v2\/media\/12008"}],"wp:attachment":[{"href":"https:\/\/tourwhales.com\/it\/wp-json\/wp\/v2\/media?parent=15361"}],"wp:term":[{"taxonomy":"product_cat","embeddable":true,"href":"https:\/\/tourwhales.com\/it\/wp-json\/wp\/v2\/product_cat?post=15361"},{"taxonomy":"product_tag","embeddable":true,"href":"https:\/\/tourwhales.com\/it\/wp-json\/wp\/v2\/product_tag?post=15361"}],"curies":[{"name":"wp","href":"https:\/\/api.w.org\/{rel}","templated":true}]}}