
{"id":12749,"date":"2021-08-25T07:19:45","date_gmt":"2021-08-25T07:19:45","guid":{"rendered":"https:\/\/tourwhales.com\/?post_type=product&#038;p=12749"},"modified":"2024-10-17T23:39:15","modified_gmt":"2024-10-17T23:39:15","slug":"las-7-playas-escondidas-de-samana-the-7-hidden-beaches-in-samana","status":"publish","type":"product","link":"https:\/\/tourwhales.com\/it\/Tours-Excursions\/lunch\/las-7-playas-escondidas-de-samana-the-7-hidden-beaches-in-samana\/","title":{"rendered":"Las Galeras: Las 7 Playas Escondidas de Saman\u00e1 \u2013 Le 7 spiagge nascoste di Saman\u00e1"},"content":{"rendered":"<section class=\"wpb-content-wrapper\"><div class=\"vc_row wpb_row vc_row-fluid\" ><div class=\"wpb_column vc_column_container vc_col-sm-12\"><div class=\"vc_column-inner\"><div class=\"wpb_wrapper\"><div class=\"vc_btn3-container vc_btn3-inline\" ><button class=\"vc_general vc_btn3 vc_btn3-size-md vc_btn3-shape-rounded vc_btn3-style-modern vc_btn3-color-green\">PRENOTA ORA<\/button><\/div><div class=\"mkdf-section-title-holder\" style=\"text-align: left\">\n\t<div class=\"mkdf-st-inner\">\n\t\t\t\t\t<h5 class=\"mkdf-st-subtitle\" >\n\t\t\t\tPranzo, giro in barca e trasporto privato dagli hotel.\t\t\t<\/h5>\n\t\t\t\t\t\t\t<h3 class=\"mkdf-st-title\" >\n\t\t\t\tPlaya Rinc\u00f3n, Playa Fronton + Playa Madame Beach, Saman\u00e1 - Repubblica Dominicana.\t\t\t<\/h3>\n\t\t\t\t\t<\/div>\n<\/div>\n\t<div class=\"wpb_text_column wpb_content_element\" >\n\t\t<div class=\"wpb_wrapper\">\n\t\t\t<h3>Playa Calet\u00f3n, Playa Escondida, Playa Colorado, Playa del Amor, Playa La Vaca, Playa la Playita, Playa Brem\u00e1n.<\/h3>\n<h4><b><i>Panoramica <\/i><\/b><\/h4>\n<p>Una delle escursioni pi\u00f9 belle della penisola di Saman\u00e1.<\/p>\n<p><span class=\"Y2IQFc\" lang=\"en\">Le 7 spiagge nascoste di Saman\u00e1, situate nella penisola di Saman\u00e1, custodiscono bellissimi segreti della storia, e conoscendo anche questi luoghi contribuiamo all&#039;economia locale che \u00e8 vitale per la sussistenza di un popolo.<\/span><\/p>\n<p>Entra nell&#039;atmosfera unica visitando 7 spiagge sulla barca, facendo anche un&#039;escursione in una piccola grotta sulla costa. Alcune spiagge sono raggiungibili solo in barca circondate da una barriera corallina attorno alla quale \u00e8 possibile fare snorkeling, nuotare con i pesci e scoprire i suoi coralli, rilassarsi e godersi lo straordinario scenario. Rilassamento, nuoto e poi partenza per Playa Colorado, un&#039;altra e isolata spiaggia perfetta per lo snorkeling, dove potrai anche visitare una grotta e scattare fantastici video o foto per ricordi fantastici.<\/p>\n<p>Pranzerai con i piedi nella sabbia al suono di Merengue e Bachata presso \u201cEl Paraiso\u201d \u2013 L&#039;ultimo ristorante prima della giungla \u2013 dove ti verr\u00e0 servito un pasto completo comprensivo di un piatto di pesce, accompagnato da bevande e cocktail locali. Sulla via del ritorno ci fermeremo alla spiaggia di El Rincon, qui troverai una perla naturale considerata una delle spiagge pi\u00f9 belle del paese. La sabbia bianca e fine, il mare turchese e le palme alte un metro parlano da sole.<\/p>\n<p>&nbsp;<\/p>\n<ul>\n<li><span style=\"font-weight: 400;\">Guida locale con esperienza in materia di sicurezza nella zona.<\/span><\/li>\n<li style=\"font-weight: 400;\">Commissioni incluse<\/li>\n<li>Pranzo in spiaggia<\/li>\n<li>Giro in barca<\/li>\n<li style=\"font-weight: 400;\">Guida turistica locale in spagnolo, inglese o francese.<\/li>\n<li>Escursionismo<\/li>\n<li>nuoto<\/li>\n<\/ul>\n<p>&nbsp;<\/p>\n<h4><b>Inclusioni ed esclusioni<\/b><\/h4>\n<p>&nbsp;<\/p>\n<p><b>Inclusioni<\/b><\/p>\n<ol>\n<li><span style=\"font-weight: 400;\">Guida locale con esperienza in materia di sicurezza nella zona.<\/span><\/li>\n<li style=\"font-weight: 400;\">Spiaggia di El Rincon<\/li>\n<li>Spiaggia del Colorado<\/li>\n<li>Spiaggia della Playita<\/li>\n<li>Spiaggia della Vaca<\/li>\n<li>Spiaggia di Breman<\/li>\n<li>Spiaggia Mariano<\/li>\n<li>Spiaggia di Caleton<\/li>\n<li style=\"font-weight: 400;\"><span style=\"font-weight: 400;\">Tutte le tasse, commissioni e spese di gestione<\/span><\/li>\n<li style=\"font-weight: 400;\"><span style=\"font-weight: 400;\">Tasse locali<\/span><\/li>\n<li>Pranzo in spiaggia<\/li>\n<li>Escursionismo<\/li>\n<li style=\"font-weight: 400;\"><span style=\"font-weight: 400;\">Tutte le attivit\u00e0<\/span><\/li>\n<\/ol>\n<p><b> Esclusioni<\/b><\/p>\n<ol>\n<li style=\"font-weight: 400;\"><span style=\"font-weight: 400;\">Mance<\/span><\/li>\n<\/ol>\n<h4><em><strong>Partenza e ritorno<\/strong><\/em><\/h4>\n<p><span style=\"font-weight: 400;\">Il viaggiatore otterr\u00e0 un punto d&#039;incontro dopo il processo di prenotazione. I tour iniziano e finiscono nei nostri punti di incontro.<\/span><\/p>\n<h3>Playa Calet\u00f3n, Playa Escondida, Playa Colorado, Playa del Amor, Playa La Vaca, Playa la Playita, Playa Brem\u00e1n.<\/h3>\n<h4><b><i>Cosa aspettarsi?<\/i><\/b><\/h4>\n<p><em><strong>Ottieni i tuoi biglietti<\/strong><\/em> per visitare 7 delle spiagge pi\u00f9 uniche della Repubblica Dominicana. Il punto d&#039;incontro del viaggio iniziale \u00e8 nella zona di Las Galeras, escursioni e nuoto in un giorno 7 spiagge pi\u00f9 la spiaggia di El Rincon. Per prima cosa visitiamo la Grotta Duarte, facciamo un&#039;escursione e vediamo la grotta pi\u00f9 bella di las Galeras. Questa grotta \u00e8 lunga 900 metri, con 2 ingressi diversi per evitare di ripetere lo stesso scenario.<\/p>\n<p>Dopo aver visitato la grotta torniamo sul motoscafo per visitare Playa Caleton, questa \u00e8 una delle spiagge pi\u00f9 menzionate di Samana per le sue acque limpide. Prima nuoteremo e ci godremo questa spiaggia per continuare il nostro viaggio a Playa del Amor.<\/p>\n<p><strong>playa 7<\/strong><\/p>\n<p>Playa Rinc\u00f3n \u00e8 una striscia incontaminata di sabbia bianca che si estende per circa 4 chilometri lungo una parte non sviluppata della costa. Circondata da un bordo di palme da cocco e racchiusa da picchi di montagne e scogliere su entrambe le estremit\u00e0, questa spiaggia appartata sembra una vera utopia, tagliata fuori dalla civilt\u00e0.<\/p>\n<p>Dopo la spiaggia di El Rincon torneremo sul motoscafo fino al punto d&#039;incontro di Las Galeras!<\/p>\n<p>Il tour, organizzato da \u201cBooking Adventures\u201d inizia al punto di incontro stabilito con la nostra Guida Turistica. Vieni con Booking Adventures e pranza in spiaggia e goditi le 7 spiagge pi\u00f9 belle di Samana, Repubblica Dominicana.<\/p>\n<div class=\"body-description secondary\">\n<p>&nbsp;<\/p>\n<\/div>\n<h4><em><strong>Cosa dovresti portare?<\/strong><\/em><\/h4>\n<ul>\n<li style=\"font-weight: 400;\"><span style=\"font-weight: 400;\">Telecamera<\/span><\/li>\n<li style=\"font-weight: 400;\"><span style=\"font-weight: 400;\">Boccioli repellenti<\/span><\/li>\n<li style=\"font-weight: 400;\"><span style=\"font-weight: 400;\">Crema solare<\/span><\/li>\n<li>Acqua<\/li>\n<li style=\"font-weight: 400;\"><span style=\"font-weight: 400;\">Cappello<\/span><\/li>\n<li style=\"font-weight: 400;\"><span style=\"font-weight: 400;\">Pantaloni comodi<\/span><\/li>\n<li style=\"font-weight: 400;\"><span style=\"font-weight: 400;\">Scarpe da trekking per la foresta<\/span><\/li>\n<li style=\"font-weight: 400;\"><span style=\"font-weight: 400;\">Sandali per le zone primaverili.<\/span><\/li>\n<li style=\"font-weight: 400;\"><span style=\"font-weight: 400;\">Abbigliamento da bagno<\/span><\/li>\n<\/ul>\n<p>&nbsp;<\/p>\n<h4><b><i>Prelievo dall&#039;hotel <\/i><\/b><\/h4>\n<p><span style=\"font-weight: 400;\">Il prelievo in hotel non \u00e8 incluso in questo tour. <\/span><\/p>\n<p>&nbsp;<\/p>\n<p><b>Nota:<\/b><span style=\"font-weight: 400;\"> Se prenoti entro 24 ore dall&#039;orario di partenza del tour\/escursione, possiamo organizzare il prelievo in hotel a un costo aggiuntivo. Lo ritiriamo semplicemente nella zona di Samana. Una volta completato l&#039;acquisto, ti invieremo le informazioni di contatto complete (numero di telefono, indirizzo e-mail, ecc.) affinch\u00e9 la nostra guida turistica locale possa organizzare le modalit\u00e0 di ritiro.<\/span><\/p>\n<h4><b><i>Conferma di informazioni aggiuntive <\/i><\/b><\/h4>\n<ol>\n<li>I biglietti rappresentano la ricevuta dopo aver pagato questo tour. Puoi mostrare il pagamento sul tuo telefono.<\/li>\n<li style=\"font-weight: 400;\"><span style=\"font-weight: 400;\">Il punto d&#039;incontro verr\u00e0 ricevuto dopo il processo di prenotazione.<\/span><\/li>\n<li style=\"font-weight: 400;\"><span style=\"font-weight: 400;\">I bambini devono essere accompagnati da un adulto.<\/span><\/li>\n<li style=\"font-weight: 400;\"><span style=\"font-weight: 400;\"> Non accessibile in sedia a rotelle <\/span><\/li>\n<li style=\"font-weight: 400;\"><span style=\"font-weight: 400;\">I neonati devono sedersi sulle ginocchia <\/span><\/li>\n<li style=\"font-weight: 400;\"><span style=\"font-weight: 400;\">Non raccomandato per viaggiatori con problemi alla schiena<\/span><\/li>\n<li style=\"font-weight: 400;\"><span style=\"font-weight: 400;\">Non raccomandato per i viaggiatori in gravidanza <\/span><\/li>\n<li style=\"font-weight: 400;\"><span style=\"font-weight: 400;\"> Nessun problema cardiaco o altre condizioni mediche gravi <\/span><\/li>\n<li style=\"font-weight: 400;\"><span style=\"font-weight: 400;\">La maggior parte dei viaggiatori pu\u00f2 partecipare<\/span><\/li>\n<\/ol>\n<h4><b><i>Politica di cancellazione<\/i><\/b><\/h4>\n<p>Per un rimborso completo, leggi le nostre politiche di cancellazione\u00a0<a href=\"https:\/\/tourwhales.com\/it\/online-booking\/\" target=\"_blank\" rel=\"noopener\" data-saferedirecturl=\"https:\/\/www.google.com\/url?q=https:\/\/tourwhales.com\/online-booking\/&amp;source=gmail&amp;ust=1672449202351000&amp;usg=AOvVaw1yAeVAPktmaVCqDujgUn90\">clicca qui<\/a>. I fondi andranno persi se la prenotazione viene cancellata lo stesso giorno del viaggio.<\/p>\n\n\t\t<\/div>\n\t<\/div>\n<div class=\"vc_btn3-container vc_btn3-inline\" ><button class=\"vc_general vc_btn3 vc_btn3-size-md vc_btn3-shape-rounded vc_btn3-style-modern vc_btn3-color-green\">PRENOTA ORA<\/button><\/div><\/div><\/div><\/div><\/div><div class=\"vc_row wpb_row vc_row-fluid\" ><div class=\"wpb_column vc_column_container vc_col-sm-12\"><div class=\"vc_column-inner\"><div class=\"wpb_wrapper\">\n\t<div class=\"wpb_video_widget wpb_content_element vc_clearfix   vc_video-aspect-ratio-169 vc_video-el-width-100 vc_video-align-left\" >\n\t\t<div class=\"wpb_wrapper\">\n\t\t\t<h2 class=\"wpb_heading wpb_video_heading\">Boca del Diablo e la spiaggia di Fronton<\/h2>\n\t\t\t<div class=\"wpb_video_wrapper\"><iframe loading=\"lazy\" title=\"La penisola di Saman\u00e1, Repubblica Dominicana (DJI Phantom 4 4K)\" width=\"1100\" height=\"619\" src=\"https:\/\/www.youtube.com\/embed\/DYDXVm8Q_iM?feature=oembed\" frameborder=\"0\" allow=\"accelerometer; autoplay; encrypted-media; gyroscope; picture-in-picture\" allowfullscreen><\/iframe><\/div>\n\t\t<\/div>\n\t<\/div>\n<\/div><\/div><\/div><\/div><div class=\"vc_row wpb_row vc_row-fluid\" ><\/div><div class=\"wpb_column vc_column_container vc_col-sm-12\"><div class=\"vc_column-inner\"><div class=\"wpb_wrapper\"><\/div><\/div><\/div><div class=\"vc_empty_space\"   style=\"height: 32px\"><span class=\"vc_empty_space_inner\"><\/span><\/div><div class=\"vc_empty_space\"   style=\"height: 32px\"><span class=\"vc_empty_space_inner\"><\/span><\/div><div class=\"vc_row wpb_row vc_row-fluid\" ><div class=\"wpb_column vc_column_container vc_col-sm-12\"><div class=\"vc_column-inner\"><div class=\"wpb_wrapper\"><div class=\"vc_btn3-container vc_btn3-inline\" ><button class=\"vc_general vc_btn3 vc_btn3-size-md vc_btn3-shape-rounded vc_btn3-style-modern vc_btn3-color-green\">PRENOTA ORA<\/button><\/div><\/div><\/div><\/div><\/div>\n<\/section>","protected":false},"excerpt":{"rendered":"<p>Se stai visitando Samana e desideri vivere una vera esperienza locale con un&#039;escursione, una gita in barca e un pranzo a Rincon Beach, questo \u00e8 il viaggio che devi fare. Visita le 7 spiagge nascoste di Samana nella zona di Las Galeras, dove puoi anche visitare una grotta e scattare fantastici video o foto per ricordi incredibili.<\/p>\n<p><em><strong>Seleziona la data del Tour:\u00a0<\/strong><\/em><\/p>","protected":false},"featured_media":9382,"template":"","meta":[],"product_cat":[160,255],"product_tag":[925,204,378,924,923,279,912,377,913,915,916,914,374,918,917,373,379,327,376,375,200,187],"class_list":["post-12749","product","type-product","status-publish","has-post-thumbnail","hentry","product_cat-lunch","product_cat-tours-excursions-samana-bay-dominican-republic","product_tag-boat-trip-las-galeras","product_tag-el-rincon-beach","product_tag-fronton-beach","product_tag-hike-las-galeras","product_tag-hiking-las-galeras","product_tag-las-galeras","product_tag-las-galeras-tour","product_tag-madame-beach","product_tag-playa-caleton","product_tag-playa-colorado","product_tag-playa-del-amor","product_tag-playa-escondida","product_tag-playa-fronton-playa-madame-beach","product_tag-playa-la-playita-playa-breman","product_tag-playa-la-vaca","product_tag-playa-rincon","product_tag-playa-rincon-tours","product_tag-private-tours-samana","product_tag-rincon-beach-tour","product_tag-samana-dominican-republic","product_tag-samana-excursions","product_tag-samana-tours"],"_links":{"self":[{"href":"https:\/\/tourwhales.com\/it\/wp-json\/wp\/v2\/product\/12749","targetHints":{"allow":["GET"]}}],"collection":[{"href":"https:\/\/tourwhales.com\/it\/wp-json\/wp\/v2\/product"}],"about":[{"href":"https:\/\/tourwhales.com\/it\/wp-json\/wp\/v2\/types\/product"}],"wp:featuredmedia":[{"embeddable":true,"href":"https:\/\/tourwhales.com\/it\/wp-json\/wp\/v2\/media\/9382"}],"wp:attachment":[{"href":"https:\/\/tourwhales.com\/it\/wp-json\/wp\/v2\/media?parent=12749"}],"wp:term":[{"taxonomy":"product_cat","embeddable":true,"href":"https:\/\/tourwhales.com\/it\/wp-json\/wp\/v2\/product_cat?post=12749"},{"taxonomy":"product_tag","embeddable":true,"href":"https:\/\/tourwhales.com\/it\/wp-json\/wp\/v2\/product_tag?post=12749"}],"curies":[{"name":"wp","href":"https:\/\/api.w.org\/{rel}","templated":true}]}}