
{"id":12453,"date":"2021-03-27T19:17:04","date_gmt":"2021-03-27T19:17:04","guid":{"rendered":"https:\/\/tourwhales.com\/?post_type=product&#038;p=12453"},"modified":"2024-10-17T23:39:17","modified_gmt":"2024-10-17T23:39:17","slug":"los-haitises-tainos-canoe-mountain-bike-tour","status":"publish","type":"product","link":"https:\/\/tourwhales.com\/it\/Tours-Excursions\/tours-excursions-los-haitises-national-park\/los-haitises-tainos-canoe-mountain-bike-tour\/","title":{"rendered":"Mountain Bike + Canoa di Taino Los Haitises"},"content":{"rendered":"<section class=\"wpb-content-wrapper\"><div class=\"vc_row wpb_row vc_row-fluid\" ><div class=\"wpb_column vc_column_container vc_col-sm-12\"><div class=\"vc_column-inner\"><div class=\"wpb_wrapper\"><div class=\"vc_btn3-container vc_btn3-inline\" ><button class=\"vc_general vc_btn3 vc_btn3-size-md vc_btn3-shape-rounded vc_btn3-style-modern vc_btn3-color-green\">PRENOTA ORA<\/button><\/div>\n\t<div class=\"wpb_text_column wpb_content_element\" >\n\t\t<div class=\"wpb_wrapper\">\n\t\t\t<p><span style=\"vertical-align: inherit;\"><span style=\"vertical-align: inherit;\"><\/p>\n\n\t\t<\/div>\n\t<\/div>\n\n\t<div class=\"wpb_text_column wpb_content_element\" >\n\t\t<div class=\"wpb_wrapper\">\n\t\t\t<p><\/span><\/span><\/p>\n<h2>Mountain Bike + Canoa di Taino Los Haitises<\/h2>\n<p>&nbsp;<\/p>\n<p>Viaggia con un esperto locale e vivi l&#039;esperienza unica di andare in bicicletta partendo da Sabana de la Mar, questo tour ti porter\u00e0 in giro a vedere lo splendido paesaggio della campagna della Repubblica Dominicana. Mentre vai in bicicletta potrai dire ciao! ai contadini che cavalcano i loro cavalli o in moto fino alla loro propriet\u00e0 e durante il tour, potrai emergere nell&#039;avventura e nella cultura locale di Sabana de la Mar. Alcuni fatti su Los Haitises: \u00e8 una delle pi\u00f9 grandi formazioni calcaree del mondo, un luogo di conservazione delle specie endemiche, luogo con la maggior parte della biodiversit\u00e0 dell&#039;isola, si trova una delle pi\u00f9 grandi foreste di mangrovie di Quisqueya e la grotta con il maggior numero di pittogrammi dei Caraibi.<\/p>\n<p>Curioso della vita quotidiana dei Taino? Con l&#039;attivit\u00e0 Taino Adventure, verrai trasportato indietro nel tempo per vivere il mondo delle popolazioni indigene della Repubblica Dominicana.<\/p>\n<p>La canoa era probabilmente la parte pi\u00f9 importante della vita dei Taino. Con esso pescavano, viaggiavano verso isole pi\u00f9 piccole, comunicavano con altre trib\u00f9 e visitavano gli sciamani per rituali, guarigioni e profezie. Noi di Booking Adventures vogliamo immergerti nel mondo dei Taino.<\/p>\n<p>&nbsp;<\/p>\n<h4><a id=\"inclusions-exclusions\" class=\"aal_anchor\" href=\"https:\/\/bookingadventures.com.do\/dominicantour\/mountain-bikes-tainos-canoe-los-haitises\/#inclusions-exclusions\" aria-hidden=\"true\"><\/a><b>Inclusioni ed esclusioni<\/b><\/h4>\n<p><b>Inclusioni<\/b><\/p>\n<ol>\n<li>Gita in canoa<\/li>\n<li>Mountain bikes<\/li>\n<li>Maglietta gratuita con il pittogramma di Taino<\/li>\n<li>Gusto del pane casabe<\/li>\n<li>Visite alle grotte<\/li>\n<li>Tutte le tasse, le commissioni e le spese di gestione<\/li>\n<li>Tasse locali<\/li>\n<li>Guida locale<\/li>\n<\/ol>\n<p><b>Esclusioni<\/b><\/p>\n<ol>\n<li>Mance<\/li>\n<li>Trasferimento<\/li>\n<li>Il pranzo non \u00e8 incluso<\/li>\n<li>Bevande alcoliche<\/li>\n<\/ol>\n<p>&nbsp;<\/p>\n<h4><a id=\"departure-return\" class=\"aal_anchor\" href=\"https:\/\/bookingadventures.com.do\/dominicantour\/mountain-bikes-tainos-canoe-los-haitises\/#departure-return\" aria-hidden=\"true\"><\/a><em><strong>Partenza e ritorno<\/strong><\/em><\/h4>\n<p>Il viaggiatore otterr\u00e0 un punto d&#039;incontro dopo il processo di prenotazione. I tour iniziano e finiscono nei nostri punti di incontro.<\/p>\n<h4><a id=\"what-to-expect\" class=\"aal_anchor\" href=\"https:\/\/bookingadventures.com.do\/dominicantour\/mountain-bikes-tainos-canoe-los-haitises\/#what-to-expect\" aria-hidden=\"true\"><\/a><b><i>Cosa aspettarsi?<\/i><\/b><\/h4>\n<p>In questa attivit\u00e0 partirai a bordo di canoe realizzate a mano, proprio come facevano i Ta\u00edno. Ascolterai molti dei suoni che hanno segnato il loro legame con la natura: il richiamo delle gru, il tuffo dei granchi nell&#039;acqua e il dolce sciabordio delle onde contro le formazioni rocciose naturali. Gli archi delle radici delle mangrovie ti ricorderanno le cattedrali e, in effetti, i Taino (sebbene non avessero chiese) erano profondamente spirituali. Una volta partito con la nostra guida, potrai goderti la ricca variet\u00e0 di uccelli, rettili e pesci delle mangrovie. Abbagliato dallo scintillio delle onde che scintillano nella luce del mattino, dalle montagne di Saman\u00e1 in lontananza e dal verde smeraldo delle palme ondeggianti.<\/p>\n<p>Successivamente potrai visitare alcune delle grotte particolarmente importanti per i Ta\u00edno. Viaggiavano di grotta in grotta per visitare i saggi, ripararsi dagli uragani e come punti di incontro con altre trib\u00f9. Una volta che sarai nelle grotte, potrai apprezzare il silenzio e l&#039;aura sacra dello spazio. Vedrai alcune delle incisioni rupestri, chiamate petroglifi, che rappresentano le loro divinit\u00e0 e i loro spiriti. Infine, potrai assaggiare alcuni degli stessi frutti tropicali raccolti da Ta\u00ednos prima di tornare al punto di incontro.<\/p>\n<p>In questo tour, le nostre guide esperte descriveranno i molteplici usi della canoa, come vivevano i Taino prima dell&#039;epoca di Colombo e come la foresta di mangrovie sia essenziale per la salute dell&#039;ambiente.<\/p>\n<p>&nbsp;<\/p>\n<h4><a id=\"what-you-should-bring\" class=\"aal_anchor\" href=\"https:\/\/bookingadventures.com.do\/dominicantour\/mountain-bikes-tainos-canoe-los-haitises\/#what-you-should-bring\" aria-hidden=\"true\"><\/a><em><strong>Cosa dovresti portare?<\/strong><\/em><\/h4>\n<ul>\n<li>Telecamera<\/li>\n<li>Boccioli repellenti<\/li>\n<li>crema solare<\/li>\n<li>Cappello<\/li>\n<li>Pantaloni comodi<\/li>\n<li>Sandali o scarpe per zone fangose.<\/li>\n<li>Abbigliamento da bagno<\/li>\n<\/ul>\n<p>&nbsp;<\/p>\n<h4><a id=\"hotel-pickup\" class=\"aal_anchor\" href=\"https:\/\/bookingadventures.com.do\/dominicantour\/mountain-bikes-tainos-canoe-los-haitises\/#hotel-pickup\" aria-hidden=\"true\"><\/a><b><i>Prelievo dall&#039;hotel<\/i><\/b><\/h4>\n<p>Per questo tour non \u00e8 disponibile il prelievo in hotel.<\/p>\n<p><b>Nota:<\/b>\u00a0se prenoti entro 24 ore dall&#039;orario di partenza del tour\/dell&#039;escursione, possiamo organizzare il prelievo in hotel con costi aggiuntivi. Una volta completato l&#039;acquisto, ti invieremo le informazioni di contatto complete (numero di telefono, indirizzo e-mail, ecc.) affinch\u00e9 la nostra guida turistica locale possa organizzare le modalit\u00e0 di ritiro.<\/p>\n<h4><a id=\"additional-info-confirmation\" class=\"aal_anchor\" href=\"https:\/\/bookingadventures.com.do\/dominicantour\/mountain-bikes-tainos-canoe-los-haitises\/#additional-info-confirmation\" aria-hidden=\"true\"><\/a><b><i>Conferma di informazioni aggiuntive<\/i><\/b><\/h4>\n<ol>\n<li>I biglietti rappresentano la ricevuta dopo aver pagato questo tour. Puoi mostrare il pagamento sul tuo telefono.<\/li>\n<li>Il punto d&#039;incontro verr\u00e0 ricevuto dopo il processo di prenotazione.<\/li>\n<li>I bambini devono essere accompagnati da un adulto.<\/li>\n<li>Non accessibile in sedia a rotelle<\/li>\n<li>I neonati devono sedersi sulle ginocchia<\/li>\n<li>Non raccomandato per viaggiatori con problemi alla schiena<\/li>\n<li>Non raccomandato per i viaggiatori in gravidanza<\/li>\n<li>Nessun problema cardiaco o altre condizioni mediche gravi<\/li>\n<li>La maggior parte dei viaggiatori pu\u00f2 partecipare<\/li>\n<\/ol>\n\n\t\t<\/div>\n\t<\/div>\n<\/div><\/div><\/div><\/div><div class=\"wpb_column vc_column_container vc_col-sm-12\"><div class=\"vc_column-inner\"><div class=\"wpb_wrapper\"><\/div><\/div><\/div><div class=\"wpb_column vc_column_container vc_col-sm-12\"><div class=\"vc_column-inner\"><div class=\"wpb_wrapper\"><\/div><\/div><\/div><div class=\"wpb_column vc_column_container vc_col-sm-12\"><div class=\"vc_column-inner\"><div class=\"wpb_wrapper\"><\/div><\/div><\/div><div class=\"wpb_column vc_column_container vc_col-sm-12\"><div class=\"vc_column-inner\"><div class=\"wpb_wrapper\"><\/div><\/div><\/div><div class=\"wpb_column vc_column_container vc_col-sm-12\"><div class=\"vc_column-inner\"><div class=\"wpb_wrapper\"><\/div><\/div><\/div>\n<\/section>","protected":false},"excerpt":{"rendered":"<p><span style=\"font-weight: 400;\"><span style=\"vertical-align: inherit;\"><span style=\"vertical-align: inherit;\">In questa attivit\u00e0 partirai con canoe fatte a mano, proprio come facevano i Taino. Ascolterai molti dei suoni che hanno segnato il loro legame con la natura: il richiamo delle gru, il tuffo dei granchi nell&#039;acqua e il dolce sciabordio delle onde contro le formazioni rocciose naturali. Gli archi delle radici delle mangrovie ti ricorderanno le cattedrali e, in effetti, i Taino (sebbene non avessero chiese) erano profondamente spirituali. <\/span><\/span><\/span><\/p>\n<p><span style=\"font-weight: 400;\"><span style=\"vertical-align: inherit;\"><span style=\"vertical-align: inherit;\"> Una volta partito con la nostra guida, potrai goderti la ricca variet\u00e0 di uccelli, rettili e pesci nelle mangrovie. Abbagliato dallo scintillio delle onde che tremolano nella luce del mattino, dalle montagne di Samana in lontananza e dal verde smeraldo delle palme ondeggianti.\u00a0<\/span><\/span><\/span><\/p>\n<p><strong>Seleziona la data del Tour:<\/strong><\/p>","protected":false},"featured_media":12221,"template":"","meta":[],"product_cat":[946,867,838,930,926,254,255],"product_tag":[176,211,868,869,192,319,208,206,207,171,877,209,426,837,327,175,199,200],"class_list":["post-12453","product","type-product","status-publish","has-post-thumbnail","hentry","product_cat-1-sabana-de-la-mar","product_cat-los-haitises","product_cat-mangroves-projects","product_cat-mountain-bike-los-haitises","product_cat-tainos-canoes","product_cat-tours-excursions-los-haitises-national-park","product_cat-tours-excursions-samana-bay-dominican-republic","product_tag-cano-hondo","product_tag-cano-hondo-hotel","product_tag-canoes","product_tag-canoes-dominican-republic","product_tag-day-tour-cano-hondo","product_tag-kayak-dominican-republic","product_tag-kayaking-dominican-republic","product_tag-kayaking-los-haitises","product_tag-kayaks","product_tag-los-haitises","product_tag-los-haitises-mountain-bike","product_tag-los-haitises-national-park","product_tag-los-haitises-tours","product_tag-mangroves-reforestation-in-los-haitises-with-locals","product_tag-private-tours-samana","product_tag-sabana-de-la-mar","product_tag-samana-bay","product_tag-samana-excursions"],"_links":{"self":[{"href":"https:\/\/tourwhales.com\/it\/wp-json\/wp\/v2\/product\/12453","targetHints":{"allow":["GET"]}}],"collection":[{"href":"https:\/\/tourwhales.com\/it\/wp-json\/wp\/v2\/product"}],"about":[{"href":"https:\/\/tourwhales.com\/it\/wp-json\/wp\/v2\/types\/product"}],"wp:featuredmedia":[{"embeddable":true,"href":"https:\/\/tourwhales.com\/it\/wp-json\/wp\/v2\/media\/12221"}],"wp:attachment":[{"href":"https:\/\/tourwhales.com\/it\/wp-json\/wp\/v2\/media?parent=12453"}],"wp:term":[{"taxonomy":"product_cat","embeddable":true,"href":"https:\/\/tourwhales.com\/it\/wp-json\/wp\/v2\/product_cat?post=12453"},{"taxonomy":"product_tag","embeddable":true,"href":"https:\/\/tourwhales.com\/it\/wp-json\/wp\/v2\/product_tag?post=12453"}],"curies":[{"name":"wp","href":"https:\/\/api.w.org\/{rel}","templated":true}]}}