
{"id":11778,"date":"2020-12-13T08:28:52","date_gmt":"2020-12-13T08:28:52","guid":{"rendered":"https:\/\/tourwhales.com\/?post_type=product&#038;p=11778"},"modified":"2024-10-17T23:39:18","modified_gmt":"2024-10-17T23:39:18","slug":"hiking-trails-in-barahona-dominican-republic-cachote-mountains-tropical-fruits-swim","status":"publish","type":"product","link":"https:\/\/tourwhales.com\/it\/Tours-Excursions\/lunch\/hiking-trails-in-barahona-dominican-republic-cachote-mountains-tropical-fruits-swim\/","title":{"rendered":"Sentieri escursionistici a Barahona (Repubblica Dominicana). Montagne Cachote, frutti tropicali e nuotata"},"content":{"rendered":"<section class=\"wpb-content-wrapper\"><div class=\"vc_row wpb_row vc_row-fluid\" ><div class=\"wpb_column vc_column_container vc_col-sm-12\"><div class=\"vc_column-inner\"><div class=\"wpb_wrapper\">\n\t<div class=\"wpb_text_column wpb_content_element\" >\n\t\t<div class=\"wpb_wrapper\">\n\t\t\t<p><span style=\"vertical-align: inherit;\"><span style=\"vertical-align: inherit;\"><\/p>\n\n\t\t<\/div>\n\t<\/div>\n<div class=\"vc_btn3-container vc_btn3-inline\" ><button class=\"vc_general vc_btn3 vc_btn3-size-md vc_btn3-shape-rounded vc_btn3-style-modern vc_btn3-color-green\">PRENOTA ORA<\/button><\/div>\n\t<div class=\"wpb_text_column wpb_content_element\" >\n\t\t<div class=\"wpb_wrapper\">\n\t\t\t<p><\/span><\/span><\/p>\n<div class=\"vc_row wpb_row vc_row-fluid\">\n<div class=\"wpb_column vc_column_container vc_col-sm-12\">\n<div class=\"vc_column-inner\">\n<div class=\"wpb_wrapper\">\n<div class=\"mkdf-section-title-holder\">\n<div class=\"mkdf-st-inner\">\n<h5 class=\"mkdf-st-subtitle\">Montagne Cachote, frutti tropicali e nuotata<\/h5>\n<h3 class=\"mkdf-st-title\">Sentieri escursionistici a Barahona (Repubblica Dominicana).<\/h3>\n<\/div>\n<\/div>\n<\/div>\n<\/div>\n<\/div>\n<\/div>\n<div class=\"vc_row wpb_row vc_row-fluid\">\n<div class=\"wpb_column vc_column_container vc_col-sm-12\">\n<div class=\"vc_column-inner\">\n<div class=\"wpb_wrapper\">\n<div class=\"wpb_text_column wpb_content_element\">\n<div class=\"wpb_wrapper\">\n<h4><b><i>Panoramica<\/i><\/b><\/h4>\n<p>Goditi una giornata di escursioni nelle montagne di Cachote, Barahona. A partire dalla Comunit\u00e0 Paraiso. Conoscere le aree di piantagione di caff\u00e8. Nuotare nelle sorgenti naturali e in una delle spiagge pi\u00f9 belle della Repubblica Dominicana con foto panoramiche.<\/p>\n<h4><b>Inclusioni ed esclusioni<\/b><\/h4>\n<p>&nbsp;<\/p>\n<p><b>Inclusioni<\/b><\/p>\n<ol>\n<li>Guida locale con esperienza in materia di sicurezza nella zona.<\/li>\n<li>Trasporto privato per piccoli gruppi<\/li>\n<li>Tutte le tasse, le commissioni e le spese di gestione<\/li>\n<li>Prelievo\/Trasporto dal tuo hotel (zona Barahona\/Para\u00edso\/Los Patos)<\/li>\n<li>Guida locale che parla inglese o francese<\/li>\n<li>Pranzo tipico (tipo panini) e una bottiglia d&#039;acqua<\/li>\n<li>Tasse locali<\/li>\n<li>Escursionismo<\/li>\n<li>Piscine naturali<\/li>\n<\/ol>\n<p><b>Esclusioni<\/b><\/p>\n<ol>\n<li>Mance<\/li>\n<li>Tutte le bevande<\/li>\n<li>Tutti i servizi non specificatamente menzionati<\/li>\n<li>Spese personali e mance<\/li>\n<\/ol>\n<h4><em><strong>Partenza e ritorno<\/strong><\/em><\/h4>\n<p>Il viaggiatore otterr\u00e0 un punto d&#039;incontro dopo il processo di prenotazione. I tour iniziano e finiscono nei nostri punti di incontro.<\/p>\n<p>Difficolt\u00e0: Medio-Difficile<br \/>\nDurata della passeggiata: 5-6 ore<br \/>\nAltitudine: 800 metri<br \/>\nPartenza dall&#039;Hotel: 08:00<br \/>\nRientro in Hotel: 17:00<\/p>\n<h2 class=\"styles__heading___mD4_3\" data-radium=\"true\">Sentieri escursionistici a Barahona (Repubblica Dominicana). Montagne Cachote, frutti tropicali e nuotata<\/h2>\n<h4><em>Cosa aspettarsi?<\/em><\/h4>\n<p>nInizieremo questa passeggiata nella citt\u00e0 di Ojeda, famosa per la sua grande produzione di frutta e verdura tipica dei Caraibi. Lungo il percorso potremo assaggiare avocado, arance, pompelmi, limoni, guaiave, mango, papaia, sapota e soursop!<\/p>\n<p>nDopo 1 ora e mezza di salita, raggiungeremo un punto di vista impressionante sulla citt\u00e0 di Para\u00edso, il Riosito e le alte montagne di Cachote.<\/p>\n<p>nContinueremo a salire in un clima pi\u00f9 freddo e umido fino a raggiungere la citt\u00e0 di Barrio Nuevo dove pranzeremo.<\/p>\n<p>Nel pomeriggio attraverseremo una magnifica piantagione di caff\u00e8 in cima alla montagna a 800 metri sul livello del mare. Poi scenderemo per 1 ora fino a raggiungere la gola di Riosito dove potremo fare il bagno in una bellissima piscina naturale circondata dalla foresta tropicale.<\/p>\n<p>nContinuate a camminare attraverso la valle del Riosito per concludere la giornata facendo un bagno sulla spiaggia di Paraiso.<\/p>\n<h4><em><strong>Cosa dovresti portare?<\/strong><\/em><\/h4>\n<ul>\n<li>Telecamera<\/li>\n<li>Boccioli repellenti<\/li>\n<li>Crema solare<\/li>\n<li>Toilette<\/li>\n<li>Cappello<\/li>\n<li>Pantaloni comodi<\/li>\n<li>Scarpe da trekking per la foresta<\/li>\n<li>Sandali per le zone primaverili.<\/li>\n<li>Abbigliamento da bagno<\/li>\n<\/ul>\n<p>&nbsp;<\/p>\n<h4><b><i>Prelievo dall&#039;hotel<\/i><\/b><\/h4>\n<p>Per questo tour \u00e8 offerto il prelievo in hotel. Prelievo\/trasporto dal tuo hotel (zona di Barahona\/Paraiso\/Los Patos).<\/p>\n<p><b>Nota:<\/b>\u00a0Se hai prenotato entro 24 ore dall&#039;orario di partenza del tour\/escursione, possiamo organizzare il prelievo in hotel. Ritiriamo solo nelle zone di Barahona. Una volta completato l&#039;acquisto, ti invieremo le informazioni di contatto complete (numero di telefono, indirizzo e-mail, ecc.) affinch\u00e9 la nostra guida turistica locale possa organizzare le modalit\u00e0 di ritiro.<\/p>\n<h4><b><i>Conferma di informazioni aggiuntive<\/i><\/b><\/h4>\n<ol>\n<li>I biglietti rappresentano la ricevuta dopo aver pagato questo tour. Puoi mostrare il pagamento sul tuo telefono.<\/li>\n<li>Il punto d&#039;incontro verr\u00e0 ricevuto dopo il processo di prenotazione.<\/li>\n<li>I bambini devono essere accompagnati da un adulto.<\/li>\n<li>Non accessibile in sedia a rotelle<\/li>\n<li>I neonati devono sedersi sulle ginocchia<\/li>\n<li>Non raccomandato per viaggiatori con problemi alla schiena<\/li>\n<li>Non raccomandato per i viaggiatori in gravidanza<\/li>\n<li>Nessun problema cardiaco o altre condizioni mediche gravi<\/li>\n<li>La maggior parte dei viaggiatori pu\u00f2 partecipare<\/li>\n<\/ol>\n<h4><b><i>Politica di cancellazione<\/i><\/b><\/h4>\n<p>Per un rimborso completo, annulla almeno 72 ore prima della data di inizio dell&#039;esperienza. I fondi andranno persi se la prenotazione viene cancellata lo stesso giorno del viaggio.<\/p>\n<\/div>\n<\/div>\n<\/div>\n<\/div>\n<\/div>\n<\/div>\n\n\t\t<\/div>\n\t<\/div>\n<\/div><\/div><\/div><\/div><div class=\"wpb_column vc_column_container vc_col-sm-12\"><div class=\"vc_column-inner\"><div class=\"wpb_wrapper\"><\/div><\/div><\/div><div class=\"wpb_column vc_column_container vc_col-sm-12\"><div class=\"vc_column-inner\"><div class=\"wpb_wrapper\"><\/div><\/div><\/div>\n<\/section>","protected":false},"excerpt":{"rendered":"<p>Acquista un pass giornaliero per Bahia las Aguilas da Barahona. Attraverseremo il Parco Nazionale Jaragua e ci dirigeremo verso Cabo Rojo, dove vi attender\u00e0 una barca. Dopo un giro in barca di 15 minuti, raggiungerai la bellissima e isolata Bah\u00eda de las \u00c1guilas, considerata la spiaggia pi\u00f9 bella del paese. Il pranzo sar\u00e0 servito in spiaggia e avrai la possibilit\u00e0 di nuotare o semplicemente rilassarti sulla spiaggia. Godetevi la sabbia bianca incontaminata di questa spiaggia lunga 8 km.<\/p>\n<p>&nbsp;<\/p>\n<p><strong>Seleziona il giorno per questo viaggio:<\/strong><\/p>","protected":false},"featured_media":11651,"template":"","meta":[],"product_cat":[847,160],"product_tag":[850,566,849,848],"class_list":["post-11778","product","type-product","status-publish","has-post-thumbnail","hentry","product_cat-barahona","product_cat-lunch","product_tag-barahona-hiking","product_tag-barahona-tours","product_tag-cachote-tour","product_tag-paraiso-tour"],"_links":{"self":[{"href":"https:\/\/tourwhales.com\/it\/wp-json\/wp\/v2\/product\/11778","targetHints":{"allow":["GET"]}}],"collection":[{"href":"https:\/\/tourwhales.com\/it\/wp-json\/wp\/v2\/product"}],"about":[{"href":"https:\/\/tourwhales.com\/it\/wp-json\/wp\/v2\/types\/product"}],"wp:featuredmedia":[{"embeddable":true,"href":"https:\/\/tourwhales.com\/it\/wp-json\/wp\/v2\/media\/11651"}],"wp:attachment":[{"href":"https:\/\/tourwhales.com\/it\/wp-json\/wp\/v2\/media?parent=11778"}],"wp:term":[{"taxonomy":"product_cat","embeddable":true,"href":"https:\/\/tourwhales.com\/it\/wp-json\/wp\/v2\/product_cat?post=11778"},{"taxonomy":"product_tag","embeddable":true,"href":"https:\/\/tourwhales.com\/it\/wp-json\/wp\/v2\/product_tag?post=11778"}],"curies":[{"name":"wp","href":"https:\/\/api.w.org\/{rel}","templated":true}]}}