
{"id":11750,"date":"2020-12-03T12:24:44","date_gmt":"2020-12-03T12:24:44","guid":{"rendered":"https:\/\/tourwhales.com\/?post_type=product&#038;p=11750"},"modified":"2024-10-17T23:39:18","modified_gmt":"2024-10-17T23:39:18","slug":"bahia-de-las-aguilas-beach-day-trip-by-boat-day-pass-pedernales","status":"publish","type":"product","link":"https:\/\/tourwhales.com\/it\/Tours-Excursions\/lunch\/bahia-de-las-aguilas-beach-day-trip-by-boat-day-pass-pedernales\/","title":{"rendered":"Bah\u00eda de las Aguilas: Gita di un giorno in spiaggia in barca \u2013 Pass giornaliero \u2013 Pedernales"},"content":{"rendered":"<section class=\"wpb-content-wrapper\"><div class=\"vc_row wpb_row vc_row-fluid\" ><div class=\"wpb_column vc_column_container vc_col-sm-12\"><div class=\"vc_column-inner\"><div class=\"wpb_wrapper\"><div class=\"vc_btn3-container vc_btn3-inline\" ><button class=\"vc_general vc_btn3 vc_btn3-size-md vc_btn3-shape-rounded vc_btn3-style-modern vc_btn3-color-green\">PRENOTA ORA<\/button><\/div><div class=\"mkdf-section-title-holder\" style=\"text-align: left\">\n\t<div class=\"mkdf-st-inner\">\n\t\t\t\t\t<h5 class=\"mkdf-st-subtitle\" >\n\t\t\t\tPass giornaliero: snorkeling e pranzo\t\t\t<\/h5>\n\t\t\t\t\t\t\t<h3 class=\"mkdf-st-title\" >\n\t\t\t\tBah\u00eda de las Aguilas: gita di un giorno in spiaggia in barca\t\t\t<\/h3>\n\t\t\t\t\t<\/div>\n<\/div><\/div><\/div><\/div><\/div><div class=\"vc_row wpb_row vc_row-fluid\" ><div class=\"wpb_column vc_column_container vc_col-sm-12\"><div class=\"vc_column-inner\"><div class=\"wpb_wrapper\">\n\t<div class=\"wpb_text_column wpb_content_element\" >\n\t\t<div class=\"wpb_wrapper\">\n\t\t\t<h4><b><i>Panoramica<\/i><\/b><\/h4>\n<p>Goditi una giornata in spiaggia e lascia fluire il tuo spirito, lontano dalle zone turistiche e dallo stress. Vieni a scoprire il Parco Nazionale Jaragua e Bahia de las \u00c1guilas. Percorri una bellissima strada con viste mozzafiato sul piccolo porto e sul villaggio di pescatori di Cabo Rojo. A Las Cuevas sali a bordo di una barca che ti porta in 15 minuti in una delle spiagge naturali pi\u00f9 belle del mondo. La sabbia di Bah\u00eda de las Aguilas \u00e8 incontaminata e la baia si estende per 8 km. Scopri un paesaggio costiero eccezionale con acque cristalline che brillano in sfumature che vanno dal turchese al blu opale che si fonde con l&#039;orizzonte. Il pranzo viene servito in spiaggia, potrete nuotare o fare snorkeling ed esplorare questo paradiso naturale incontaminato.<\/p>\n<p>&nbsp;<\/p>\n<ul>\n<li>Guida locale con esperienza in materia di sicurezza nella zona.<\/li>\n<li>Trasporto privato<\/li>\n<li>Commissioni incluse<\/li>\n<li>Pranzo<\/li>\n<li>Guida turistica locale in spagnolo, inglese o francese.<\/li>\n<li>Escursionismo<\/li>\n<li>Snorkeling<\/li>\n<\/ul>\n<h4><b>Inclusioni ed esclusioni<\/b><\/h4>\n<p>&nbsp;<\/p>\n<p><b>Inclusioni<\/b><\/p>\n<ol>\n<li>Guida locale con esperienza in materia di sicurezza nella zona.<\/li>\n<li>Trasporto privato per piccoli gruppi<\/li>\n<li>Tutte le tasse, commissioni e spese di gestione<\/li>\n<li>Tasse locali<\/li>\n<li>Pranzo<\/li>\n<li>Escursionismo<\/li>\n<li>Piscine naturali<\/li>\n<li>Snorkeling<\/li>\n<li>Tutte le attivit\u00e0<\/li>\n<\/ol>\n<p><b>Esclusioni<\/b><\/p>\n<ol>\n<li>Mance<\/li>\n<li>Tutte le bevande<\/li>\n<\/ol>\n<h4><em><strong>Partenza e ritorno<\/strong><\/em><\/h4>\n<p>Il viaggiatore otterr\u00e0 un punto d&#039;incontro dopo il processo di prenotazione. I tour iniziano e finiscono nei nostri punti di incontro.<\/p>\n<h2 class=\"styles__heading___mD4_3\" data-radium=\"true\">Bah\u00eda de las Aguilas: gita di un giorno in spiaggia in barca - Pass giornaliero - Snorkeling e pranzo<\/h2>\n<h4><em>Cosa aspettarsi?<\/em><\/h4>\n<p>Playa de las Aguilas prende il nome dall&#039;aquila indigena. Il tour \u00e8 in trasporto privato da Bahia de las Aguilas dove ti permette di scoprire le meraviglie naturali di questa spiaggia afrodisiaca in un modo molto diverso e sostenibile. Trascorri la giornata in un tour naturalistico della parte meridionale del paese dove conoscerai la Bahia de las Aguila, una delle spiagge pi\u00f9 belle della Repubblica Dominicana, dove arriveremo in motoscafo a questa spiaggia paradisiaca, una zona completamente tutelato dalla normativa ambientale. Trascorri un momento di relax a Bahia de las Aguilas, una riserva naturale disabitata e parco nazionale, e goditi un pranzo in stile barbecue nelle grotte.<\/p>\n<p>Il mare calmo e il vento leggero vi eviteranno di soffrire troppo il sole e il caldo. Diventa un esploratore per un giorno e scopri un paradiso ecologico, naturale e totalmente incontaminato. Si possono osservare pi\u00f9 di 130 specie di uccelli, 76 delle quali vivono stabilmente nella baia, 10 sono endemiche e 47 sono migranti.<\/p>\n<p>08.30 \u2013 Partenza dal Punto di Ritrovo<br \/>\n08.45 \u2013 Partenza in barca dal villaggio La Cueva alla Bahia de las Aguilas<br \/>\n12.30 \u2013 Pranzo tipico in spiaggia<br \/>\n03:00 \u2013 Ritorno a La Cueva<br \/>\n05:30 \u2013 Arrivo al punto d&#039;incontro<\/p>\n<h4><em><strong>Cosa dovresti portare?<\/strong><\/em><\/h4>\n<ul>\n<li>Telecamera<\/li>\n<li>Boccioli repellenti<\/li>\n<li>Crema solare<\/li>\n<li>Acqua<\/li>\n<li>Cappello<\/li>\n<li>Pantaloni comodi<\/li>\n<li>Scarpe da trekking per la foresta<\/li>\n<li>Sandali per le zone primaverili.<\/li>\n<li>Abbigliamento da bagno<\/li>\n<\/ul>\n<p>&nbsp;<\/p>\n<h4><b><i>Prelievo dall&#039;hotel<\/i><\/b><\/h4>\n<p>Per questo tour il prelievo in hotel \u00e8 offerto a un costo aggiuntivo.<\/p>\n<p><b>Nota:<\/b> Se prenoti entro 24 ore dall&#039;orario di partenza del tour\/escursione, possiamo organizzare il prelievo in hotel. Ritiriamo solo nella zona di Pedernales. Una volta completato l&#039;acquisto, ti invieremo le informazioni di contatto complete (numero di telefono, indirizzo e-mail, ecc.) affinch\u00e9 la nostra guida turistica locale possa organizzare le modalit\u00e0 di ritiro.<\/p>\n<h4><b><i>Conferma di informazioni aggiuntive<\/i><\/b><\/h4>\n<ol>\n<li>I biglietti rappresentano la ricevuta dopo aver pagato questo tour. Puoi mostrare il pagamento sul tuo telefono.<\/li>\n<li>Il punto d&#039;incontro verr\u00e0 ricevuto dopo il processo di prenotazione.<\/li>\n<li>I bambini devono essere accompagnati da un adulto.<\/li>\n<li>Non accessibile in sedia a rotelle<\/li>\n<li>I neonati devono sedersi sulle ginocchia<\/li>\n<li>Non raccomandato per viaggiatori con problemi alla schiena<\/li>\n<li>Non raccomandato per i viaggiatori in gravidanza<\/li>\n<li>Nessun problema cardiaco o altre condizioni mediche gravi<\/li>\n<li>La maggior parte dei viaggiatori pu\u00f2 partecipare<\/li>\n<\/ol>\n<h4><b><i>Politica di cancellazione<\/i><\/b><\/h4>\n<p>Per un rimborso completo, leggi le nostre politiche di cancellazione\u00a0<a href=\"https:\/\/tourwhales.com\/it\/online-booking\/\" target=\"_blank\" rel=\"noopener\" data-saferedirecturl=\"https:\/\/www.google.com\/url?q=https:\/\/tourwhales.com\/online-booking\/&amp;source=gmail&amp;ust=1672449202351000&amp;usg=AOvVaw1yAeVAPktmaVCqDujgUn90\">clicca qui<\/a>. I fondi andranno persi se la prenotazione viene cancellata lo stesso giorno del viaggio.<\/p>\n\n\t\t<\/div>\n\t<\/div>\n<\/div><\/div><\/div><\/div><div class=\"vc_row wpb_row vc_row-fluid\" ><div class=\"wpb_column vc_column_container vc_col-sm-12\"><div class=\"vc_column-inner\"><div class=\"wpb_wrapper\"><div class=\"vc_btn3-container vc_btn3-inline\" ><button class=\"vc_general vc_btn3 vc_btn3-size-md vc_btn3-shape-rounded vc_btn3-style-modern vc_btn3-color-green\">PRENOTA ORA<\/button><\/div><\/div><\/div><\/div><\/div>\n<\/section>","protected":false},"excerpt":{"rendered":"<p><span style=\"vertical-align: inherit;\"><span style=\"vertical-align: inherit;\">Acquista un biglietto giornaliero per Bahia las Aguilas dalle zone di Pedernales. Goditi una giornata in spiaggia e lascia fluire il tuo spirito, lontano dalle zone turistiche e da tutto lo stress. Vieni a scoprire il Parco Nazionale Jaragua e Bah\u00eda de las \u00c1guilas. Percorri una bellissima strada con viste mozzafiato sul piccolo porto e sul villaggio di pescatori di Cabo Rojo. A Las Cuevas salirai a bordo di una barca che ti porter\u00e0 in 15 minuti verso una delle spiagge naturali pi\u00f9 belle del mondo. Le sabbie della Baia delle Aquile sono incontaminate e la baia si estende per 8 km.<\/span><\/span><\/p>\n<p>Scopri un paesaggio costiero eccezionale con acque cristalline che brillano in sfumature che vanno dal turchese al blu opale che si fonde all&#039;orizzonte. Il pranzo viene servito sulla spiaggia, nuota o fai snorkeling ed esplora questo paradiso naturale incontaminato.<\/p>\n<p><em><strong>Seleziona il giorno per questo viaggio:<\/strong><\/em><\/p>","protected":false},"featured_media":9739,"template":"","meta":[],"product_cat":[549,160],"product_tag":[557,554,555,563,560,556,564,559,553,567,566,561,565,558,562],"class_list":["post-11750","product","type-product","status-publish","has-post-thumbnail","hentry","product_cat-bahia-de-las-aguilas-dominican-republic","product_cat-lunch","product_tag-bahia-de-las-aguilas","product_tag-bahia-de-las-aguilas-pedernales","product_tag-bahia-de-las-aguilas-beach-tour","product_tag-bahia-de-las-aguilas-hoteles","product_tag-bahia-de-las-aguilas-map","product_tag-bahia-de-las-aguilas-private-tour","product_tag-bahia-de-las-aguilas-republica-dominicana-hotel","product_tag-bahia-de-las-aguilas-tour-from-punta-cana","product_tag-bahia-de-las-aguilas-beach-day-trip-by-boat","product_tag-bahia-las-aguilas-tours","product_tag-barahona-tours","product_tag-closest-airport-to-bahia-de-las-aguilas","product_tag-hotel-barahona","product_tag-playa-bahia-de-las-aguilas-dominican-republic","product_tag-tours-a-bahia-de-las-aguilas-desde-santo-domingo"],"_links":{"self":[{"href":"https:\/\/tourwhales.com\/it\/wp-json\/wp\/v2\/product\/11750","targetHints":{"allow":["GET"]}}],"collection":[{"href":"https:\/\/tourwhales.com\/it\/wp-json\/wp\/v2\/product"}],"about":[{"href":"https:\/\/tourwhales.com\/it\/wp-json\/wp\/v2\/types\/product"}],"wp:featuredmedia":[{"embeddable":true,"href":"https:\/\/tourwhales.com\/it\/wp-json\/wp\/v2\/media\/9739"}],"wp:attachment":[{"href":"https:\/\/tourwhales.com\/it\/wp-json\/wp\/v2\/media?parent=11750"}],"wp:term":[{"taxonomy":"product_cat","embeddable":true,"href":"https:\/\/tourwhales.com\/it\/wp-json\/wp\/v2\/product_cat?post=11750"},{"taxonomy":"product_tag","embeddable":true,"href":"https:\/\/tourwhales.com\/it\/wp-json\/wp\/v2\/product_tag?post=11750"}],"curies":[{"name":"wp","href":"https:\/\/api.w.org\/{rel}","templated":true}]}}