
{"id":9918,"date":"2020-03-29T08:08:03","date_gmt":"2020-03-29T08:08:03","guid":{"rendered":"https:\/\/tourwhales.com\/Tours-Excursions\/uncategorized\/import-placeholder-for-9917\/"},"modified":"2024-10-18T20:29:15","modified_gmt":"2024-10-18T20:29:15","slug":"birdwatching-punta-cana-birding-tours-from-punta-cana-to-los-haitises-national-park","status":"publish","type":"product","link":"https:\/\/tourwhales.com\/fr\/Tours-Excursions\/fees-entrace\/birdwatching-punta-cana-birding-tours-from-punta-cana-to-los-haitises-national-park\/","title":{"rendered":"Observation des oiseaux \u00e0 Punta Cana - Excursions d&#039;observation des oiseaux de Punta Cana au parc national Los Haitises"},"content":{"rendered":"<section class=\"wpb-content-wrapper\"><div class=\"vc_row wpb_row vc_row-fluid\" ><div class=\"wpb_column vc_column_container vc_col-sm-12\"><div class=\"vc_column-inner\"><div class=\"wpb_wrapper\">\n\t<div class=\"wpb_text_column wpb_content_element\" >\n\t\t<div class=\"wpb_wrapper\">\n\t\t\t<div class=\"vc_row wpb_row vc_row-fluid\">\n<div class=\"wpb_column vc_column_container vc_col-sm-12\">\n<div class=\"vc_column-inner\">\n<div class=\"wpb_wrapper\">\n<div class=\"mkdf-section-title-holder\">\n<div class=\"mkdf-st-inner\">\n<h5 class=\"mkdf-st-subtitle\">Observation des oiseaux dans le parc national Los Haitises<\/h5>\n<h2 class=\"mkdf-st-title\">Excursions d&#039;observation des oiseaux de Punta Cana au parc national Los Haitises<\/h2>\n<\/div>\n<\/div>\n<\/div>\n<\/div>\n<\/div>\n<\/div>\n<div class=\"vc_row wpb_row vc_row-fluid\">\n<div class=\"wpb_column vc_column_container vc_col-sm-12\">\n<div class=\"vc_column-inner\">\n<div class=\"wpb_wrapper\">\n<div class=\"wpb_text_column wpb_content_element\">\n<div class=\"wpb_wrapper\">\n<h4><b><i>Aper\u00e7u<\/i><\/b><\/h4>\n<section><\/section>\n<p>Seules les visites propos\u00e9es en R\u00e9publique dominicaine avec des guides touristiques nationaux et locaux certifi\u00e9s par le minist\u00e8re du Tourisme de la R\u00e9publique dominicaine. Contactez des experts locaux directs et visitez le parc national de Los Haitises. Alors que la plupart des gens partent en bateau pour explorer le parc et ses grottes, ses \u00eeles. Nous nous concentrerons sur les \u00e9tudes d&#039;ornithologues dans le parc national Los Haitises. Profiter et d\u00e9couvrir des projets de protection de la faune lors de voyages priv\u00e9s.<\/p>\n<p>Nous conservons 110 esp\u00e8ces d&#039;oiseaux que vous pouvez trouver dans le parc national Los Haitises. Marcher dans cette for\u00eat magique \u00e0 la recherche de perroquets, todys, faucons de Ridgway, tangaras, colibris et bien plus encore. Fournir une histoire int\u00e9ressante sur tous ces oiseaux que vous pouvez voir sur le sentier Humit. Nous connaissons les habitats ponctuels de Ridgway&#039;s, Ashy Face Owls et d&#039;autres esp\u00e8ces end\u00e9miques. Cette visite se concentre sur la nature et se concentre davantage sur les informations sur la faune avec des guides touristiques locaux certifi\u00e9s ornithologues.<\/p>\n<p><strong>Il s&#039;agit g\u00e9n\u00e9ralement d&#039;une visite priv\u00e9e pour une exp\u00e9rience vraiment de haute qualit\u00e9.<\/strong><\/p>\n<p>Consultez ici la liste des oiseaux les plus communs dans nos voyages:\u00a0<a href=\"https:\/\/avibase.bsc-eoc.org\/checklist.jsp?lang=ES&amp;p2=1&amp;list=clements&amp;synlang=EN&amp;region=DO0005&amp;version=text&amp;lifelist=&amp;highlight=0\" target=\"_blank\" rel=\"noopener\"><strong>CLIQUEZ ICI<\/strong><\/a><\/p>\n<h4><\/h4>\n<h4><b>Inclusions et exclusions<\/b><\/h4>\n<p><b>Inclusions<\/b><\/p>\n<ol>\n<li>3 heures de marche ornithologique sur les sentiers du parc<\/li>\n<li>Toutes les taxes, frais et frais de traitement<\/li>\n<li>Taxes locales<\/li>\n<li>D\u00e9jeuner<\/li>\n<li>Officiels Guides touristiques \u00e9cologistes anglais\/espagnol<\/li>\n<li>Transfert de Punta Cana<\/li>\n<\/ol>\n<p><b>Exclusions<\/b><\/p>\n<ol>\n<li>Pourboires<\/li>\n<li>Boissons alcoolis\u00e9es<\/li>\n<\/ol>\n<p>&nbsp;<\/p>\n<h4><a id=\"departure-return\" class=\"aal_anchor\" href=\"https:\/\/tourwhales.com\/fr\/Tours-Excursions\/fees-entrace\/birdwatching-punta-cana-birding-tours-from-punta-cana-to-los-haitises-national-park\/#departure-return\" target=\"_blank\" rel=\"noopener\" aria-hidden=\"true\"><\/a><em><strong>D\u00e9part &amp; Retour<\/strong><\/em><\/h4>\n<p>La visite, organis\u00e9e par les \u00ab Guides touristiques ornithologues locaux de Booking Adventures \u00bb, d\u00e9marre au point de rendez-vous fix\u00e9 avec le Guide touristique. Le voyageur obtiendra un point de rendez-vous apr\u00e8s le processus de r\u00e9servation. Les visites commencent et se terminent \u00e0 nos points de rendez-vous.<\/p>\n<p>&nbsp;<\/p>\n<h4><a id=\"what-to-expect\" class=\"aal_anchor\" href=\"https:\/\/tourwhales.com\/fr\/Tours-Excursions\/fees-entrace\/birdwatching-punta-cana-birding-tours-from-punta-cana-to-los-haitises-national-park\/#what-to-expect\" target=\"_blank\" rel=\"noopener\" aria-hidden=\"true\"><\/a><b><i>\u00c0 quoi s&#039;attendre?<\/i><\/b><\/h4>\n<p><em><strong>Obtenez votre billet<\/strong><\/em>\u00a0pour l&#039;observation des oiseaux dans le parc national Los Haitises depuis Punta Cana. Le trajet de Punta Cana au parc national dure environ 1\u00a0:\u00a045 minutes. Lorsque vous arrivez au parc, nous faisons 30 minutes de randonn\u00e9e et en observant les faucons, nous avons la possibilit\u00e9 de continuer la randonn\u00e9e et de rechercher des perroquets, des piculets et d&#039;autres esp\u00e8ces end\u00e9miques dans le parc national Los Haitises.<\/p>\n<p>Le parc national Los Haitises n&#039;a que deux sentiers pour observer les oiseaux \u00e0 Sabana de la Mar. Sur le chemin du parc national Los Hiatises, nous nous arr\u00eatons \u00e0 certains endroits pour voir plus d&#039;oiseaux.<\/p>\n<p>Apr\u00e8s 4 heures et demie d&#039;apprentissage des oiseaux dans le parc national Los Haitises, cette excursion se termine au m\u00eame endroit qu&#039;elle a commenc\u00e9.<\/p>\n<p><strong>Remarque\u00a0: Ces visites sont effectu\u00e9es avec des guides touristiques \u00e9cologistes officiels. Veuillez r\u00e9server avec le temps car dans le parc il n&#039;y a pas trop de sp\u00e9cialistes.<\/strong><\/p>\n<p>&nbsp;<\/p>\n<h4><a id=\"what-you-should-bring\" class=\"aal_anchor\" href=\"https:\/\/tourwhales.com\/fr\/Tours-Excursions\/fees-entrace\/birdwatching-punta-cana-birding-tours-from-punta-cana-to-los-haitises-national-park\/#what-you-should-bring\" target=\"_blank\" rel=\"noopener\" aria-hidden=\"true\"><\/a><em><strong>Que devez-vous apporter?<\/strong><\/em><\/h4>\n<ul>\n<li>Appareil photo<\/li>\n<li>Binoculaire<\/li>\n<li>Bourgeons r\u00e9pulsifs<\/li>\n<li>cr\u00eame solaire<\/li>\n<li>Chapeau<\/li>\n<li>Pantalon confortable<\/li>\n<li>Chaussures de randonn\u00e9e pour la for\u00eat<\/li>\n<li>Sandales aux zones de printemps.<\/li>\n<li>Maillot de bain<\/li>\n<\/ul>\n<p>&nbsp;<\/p>\n<h4><a id=\"hotel-pickup\" class=\"aal_anchor\" href=\"https:\/\/tourwhales.com\/fr\/Tours-Excursions\/fees-entrace\/birdwatching-punta-cana-birding-tours-from-punta-cana-to-los-haitises-national-park\/#hotel-pickup\" target=\"_blank\" rel=\"noopener\" aria-hidden=\"true\"><\/a><b><i>H\u00f4tel de prise en charge<\/i><\/b><\/h4>\n<p>La prise en charge \u00e0 l&#039;h\u00f4tel est offerte pour cette visite.<\/p>\n<p><b>Note:<\/b>\u00a0Si vous r\u00e9servez dans les 24 heures pr\u00e9c\u00e9dant l&#039;heure de d\u00e9part de la visite\/excursion, nous pouvons organiser la prise en charge \u00e0 l&#039;h\u00f4tel \u00e0 Punta Cana. Une fois votre achat termin\u00e9, nous vous enverrons les coordonn\u00e9es compl\u00e8tes (num\u00e9ro de t\u00e9l\u00e9phone, adresse e-mail, etc.) de notre guide local pour organiser la prise en charge.<\/p>\n<h4><a id=\"additional-info-confirmation\" class=\"aal_anchor\" href=\"https:\/\/tourwhales.com\/fr\/Tours-Excursions\/fees-entrace\/birdwatching-punta-cana-birding-tours-from-punta-cana-to-los-haitises-national-park\/#additional-info-confirmation\" target=\"_blank\" rel=\"noopener\" aria-hidden=\"true\"><\/a><b><i>Confirmation d&#039;informations suppl\u00e9mentaires<\/i><\/b><\/h4>\n<ol>\n<li>Les billets sont le re\u00e7u apr\u00e8s avoir pay\u00e9 pour ce tour. Vous pouvez afficher le paiement sur votre t\u00e9l\u00e9phone.<\/li>\n<li>Le point de rendez-vous sera re\u00e7u apr\u00e8s le processus de r\u00e9servation.<\/li>\n<li>Les enfants doivent \u00eatre accompagn\u00e9s par un adulte.<\/li>\n<li>Non accessible aux fauteuils roulants<\/li>\n<li>Les b\u00e9b\u00e9s doivent s&#039;asseoir sur les genoux<\/li>\n<li>Non recommand\u00e9 pour les voyageurs ayant des probl\u00e8mes de dos<\/li>\n<li>D\u00e9conseill\u00e9 aux voyageuses enceintes<\/li>\n<li>Pas de probl\u00e8mes cardiaques ou d&#039;autres conditions m\u00e9dicales graves<\/li>\n<li>La plupart des voyageurs peuvent participer<\/li>\n<\/ol>\n<p>Cette visite est propos\u00e9e \u00e0 un minimum de 2 personnes et un maximum de 15 personnes. En cas de moins de monde, merci de nous contacter.<\/p>\n<h4><a id=\"cancellation-policy\" class=\"aal_anchor\" href=\"https:\/\/tourwhales.com\/fr\/Tours-Excursions\/fees-entrace\/birdwatching-punta-cana-birding-tours-from-punta-cana-to-los-haitises-national-park\/#cancellation-policy\" target=\"_blank\" rel=\"noopener\" aria-hidden=\"true\"><\/a><b><i>Politique d&#039;annulation<\/i><\/b><\/h4>\n<p>Pour un remboursement complet, annulez au moins 24 heures avant la date de d\u00e9but de l&#039;exp\u00e9rience.<\/p>\n<\/div>\n<\/div>\n<\/div>\n<\/div>\n<\/div>\n<\/div>\n<div class=\"vc_row wpb_row vc_row-fluid\">\n<div class=\"wpb_column vc_column_container vc_col-sm-12\">\n<div class=\"vc_column-inner\">\n<div class=\"wpb_wrapper\">\n<div class=\"wpb_text_column wpb_content_element\">\n<div class=\"wpb_wrapper\">\n<h4>Nous contacter?<\/h4>\n<h5><em><strong>Aventures de r\u00e9servation<\/strong><\/em><\/h5>\n<p><em><strong>des locaux<\/strong>\u00a0et\u00a0<strong>Nationaux<\/strong>\u00a0Guides touristiques et services aux invit\u00e9s<\/em><\/p>\n<p><span class=\"text-turquoise\">R\u00e9servations:<\/span>\u00a0Visites et excursions \u00e0 Dom. repr\u00e9sentant<\/p>\n<p>\ud83d\udcde Tel \/ Whatsapp\u00a0\u00a0<a href=\"tel: 1-809-720-6035\">+18494995063<\/a>.<\/p>\n<p>\ud83d\udce9\u00a0<a href=\"mailto:info@bookingadventures.com.do\">info@bookingadventures.com.do<\/a><\/p>\n<p><strong>Nous sommes des visites priv\u00e9es \u00e0 configuration flexible par Whatsapp\u00a0:\u00a0<a href=\"tel: 18097206035\">+18097206035.<\/a><\/strong><\/p>\n<\/div>\n<\/div>\n<\/div>\n<\/div>\n<\/div>\n<\/div>\n\n\t\t<\/div>\n\t<\/div>\n<\/div><\/div><\/div><\/div><div class=\"wpb_column vc_column_container vc_col-sm-12\"><div class=\"vc_column-inner\"><div class=\"wpb_wrapper\"><\/div><\/div><\/div><div class=\"wpb_column vc_column_container vc_col-sm-12\"><div class=\"vc_column-inner\"><div class=\"wpb_wrapper\"><\/div><\/div><\/div>\n<\/section>","protected":false},"excerpt":{"rendered":"<p><span style=\"vertical-align: inherit;\"><span style=\"vertical-align: inherit;\">Observation des oiseaux : Matin\u00e9e compl\u00e8te sur les sentiers de la for\u00eat tropicale du parc national Los Haitises. Ce parc abrite une grande vari\u00e9t\u00e9 d\u2019esp\u00e8ces d\u2019oiseaux et d\u2019animaux et est un favori des ornithologues amateurs. Bien que le nombre observ\u00e9 puisse \u00eatre plus \u00e9lev\u00e9 qu&#039;ailleurs, l&#039;emplacement de Cano Hondo dans une zone l\u00e9g\u00e8rement humide du pays signifie que la for\u00eat tropicale est plus ouverte avec moins de plantations de cacao et de caf\u00e9, ce qui facilite l&#039;observation de la faune.<\/span><\/span><\/p>\n<p>Il s&#039;agit d&#039;un voyage priv\u00e9. Vous pouvez choisir une heure pour commencer l&#039;exp\u00e9rience d&#039;observation des oiseaux et une heure de retour \u00e0 Punta Cana.<\/p>\n<p><strong>S\u00e9lectionnez la date de l&#039;activit\u00e9 :<\/strong><\/p>","protected":false},"featured_media":9763,"template":"","meta":[],"product_cat":[948,946,932,168,159,178,927,170,169,773,971,964,253,254,255],"product_tag":[586,237,582,584,628,236,583,625,630,629,585,171,624,209,627,239,238,175,240],"class_list":["post-9918","product","type-product","status-publish","has-post-thumbnail","hentry","product_cat-1-punta-cana","product_cat-1-sabana-de-la-mar","product_cat-birdwatching-los-haitises","product_cat-caves","product_cat-fees-entrace","product_cat-hiking","product_cat-hiking-los-haitises","product_cat-local-tour-guides","product_cat-mangroves","product_cat-private-tours-excursions","product_cat-punta-cana-private-tours","product_cat-punta-cana-los-haitises","product_cat-tours-and-excursions","product_cat-tours-excursions-los-haitises-national-park","product_cat-tours-excursions-samana-bay-dominican-republic","product_tag-biding-sabana-de-la-mar","product_tag-birding","product_tag-birding-dominican-republic","product_tag-birding-in-los-haitises","product_tag-los-haitises-national-park-birding-tour-from-punta-cana","product_tag-birdwatching","product_tag-birdwatching-dominicana","product_tag-birdwtaching","product_tag-carretera-cano-hondo","product_tag-eco-lodge-paraiso-cano-hondo","product_tag-hire-a-guide-in-los-haitises","product_tag-los-haitises","product_tag-los-haitises-birding","product_tag-los-haitises-national-park","product_tag-los-haitises-national-park-cano-hondo","product_tag-nature","product_tag-ridgways-hawk","product_tag-sabana-de-la-mar","product_tag-wildlife"],"_links":{"self":[{"href":"https:\/\/tourwhales.com\/fr\/wp-json\/wp\/v2\/product\/9918","targetHints":{"allow":["GET"]}}],"collection":[{"href":"https:\/\/tourwhales.com\/fr\/wp-json\/wp\/v2\/product"}],"about":[{"href":"https:\/\/tourwhales.com\/fr\/wp-json\/wp\/v2\/types\/product"}],"wp:featuredmedia":[{"embeddable":true,"href":"https:\/\/tourwhales.com\/fr\/wp-json\/wp\/v2\/media\/9763"}],"wp:attachment":[{"href":"https:\/\/tourwhales.com\/fr\/wp-json\/wp\/v2\/media?parent=9918"}],"wp:term":[{"taxonomy":"product_cat","embeddable":true,"href":"https:\/\/tourwhales.com\/fr\/wp-json\/wp\/v2\/product_cat?post=9918"},{"taxonomy":"product_tag","embeddable":true,"href":"https:\/\/tourwhales.com\/fr\/wp-json\/wp\/v2\/product_tag?post=9918"}],"curies":[{"name":"wp","href":"https:\/\/api.w.org\/{rel}","templated":true}]}}