
{"id":9731,"date":"2019-11-07T08:01:34","date_gmt":"2019-11-07T08:01:34","guid":{"rendered":"https:\/\/tourwhales.com\/?post_type=product&#038;p=9731"},"modified":"2024-10-18T20:29:16","modified_gmt":"2024-10-18T20:29:16","slug":"bahia-de-las-aguilas-beach-day-trip-by-boat-day-pass-snorkeling-lunch","status":"publish","type":"product","link":"https:\/\/tourwhales.com\/fr\/Tours-Excursions\/lunch\/bahia-de-las-aguilas-beach-day-trip-by-boat-day-pass-snorkeling-lunch\/","title":{"rendered":"Bah\u00eda de las \u00c1guilas\u00a0: excursion d&#039;une journ\u00e9e \u00e0 la plage en bateau - Pass journalier - Plong\u00e9e en apn\u00e9e et d\u00e9jeuner"},"content":{"rendered":"<section class=\"wpb-content-wrapper\"><div class=\"vc_row wpb_row vc_row-fluid\" ><div class=\"wpb_column vc_column_container vc_col-sm-12\"><div class=\"vc_column-inner\"><div class=\"wpb_wrapper\"><div class=\"vc_btn3-container vc_btn3-inline\" ><button class=\"vc_general vc_btn3 vc_btn3-size-md vc_btn3-shape-rounded vc_btn3-style-modern vc_btn3-color-green\">RESERVE MAINTENANT<\/button><\/div>\n\t<div class=\"wpb_text_column wpb_content_element\" >\n\t\t<div class=\"wpb_wrapper\">\n\t\t\t<div class=\"vc_row wpb_row vc_row-fluid\">\n<div class=\"wpb_column vc_column_container vc_col-sm-12\">\n<div class=\"vc_column-inner\">\n<div class=\"wpb_wrapper\">\n<div class=\"mkdf-section-title-holder\">\n<div class=\"mkdf-st-inner\">\n<h5 class=\"mkdf-st-subtitle\">Pass Journ\u00e9e \u2013 Snorkeling &amp; D\u00e9jeuner<\/h5>\n<h3 class=\"mkdf-st-title\">Bah\u00eda de las Aguilas : excursion d&#039;une journ\u00e9e \u00e0 la plage en bateau<\/h3>\n<\/div>\n<\/div>\n<\/div>\n<\/div>\n<\/div>\n<\/div>\n<div class=\"vc_row wpb_row vc_row-fluid\">\n<div class=\"wpb_column vc_column_container vc_col-sm-12\">\n<div class=\"vc_column-inner\">\n<div class=\"wpb_wrapper\">\n<div class=\"wpb_text_column wpb_content_element\">\n<div class=\"wpb_wrapper\">\n<h4><b><i>Aper\u00e7u<\/i><\/b><\/h4>\n<p>Profitez d&#039;une journ\u00e9e \u00e0 la plage et laissez libre cours \u00e0 votre esprit, loin des zones touristiques et de tout stress. Venez d\u00e9couvrir le parc national Jaragua et Bahia de las \u00c1guilas. Longez une belle route offrant une vue imprenable sur le petit port et le village de p\u00eacheurs de Cabo Rojo. \u00c0 Las Cuevas, vous montez \u00e0 bord d&#039;un bateau qui vous emm\u00e8ne pour un trajet de 15 minutes jusqu&#039;\u00e0 l&#039;une des plus belles plages naturelles du monde. Les sables de Bah\u00eda de las Aguilas sont immacul\u00e9s et la baie s&#039;\u00e9tend sur 8 km. D\u00e9couvrez un paysage c\u00f4tier exceptionnel avec une eau cristalline brillant dans des tons allant du turquoise au bleu opale se fondant \u00e0 l&#039;horizon. Le d\u00e9jeuner est servi \u00e0 la plage, allez nager ou faire de la plong\u00e9e en apn\u00e9e et explorez ce paradis naturel intact.<\/p>\n<p>&nbsp;<\/p>\n<ul>\n<li>Guide local avec exp\u00e9rience en s\u00e9curit\u00e9 dans la r\u00e9gion.<\/li>\n<li>Transport priv\u00e9<\/li>\n<li>Frais inclus<\/li>\n<li>D\u00e9jeuner<\/li>\n<li>Guide touristique local en espagnol, anglais ou fran\u00e7ais.<\/li>\n<li>Randonn\u00e9e<\/li>\n<li>Plong\u00e9e en apn\u00e9e<\/li>\n<\/ul>\n<h4><b>Inclusions et exclusions<\/b><\/h4>\n<p>&nbsp;<\/p>\n<p><b>Inclusions<\/b><\/p>\n<ol>\n<li>Guide local avec exp\u00e9rience en s\u00e9curit\u00e9 dans la r\u00e9gion.<\/li>\n<li>Transport priv\u00e9 pour petits groupes<\/li>\n<li>Toutes les taxes, frais et frais de traitement<\/li>\n<li>Taxes locales<\/li>\n<li>D\u00e9jeuner<\/li>\n<li>Randonn\u00e9e<\/li>\n<li>Piscines Naturelles<\/li>\n<li>Plong\u00e9e en apn\u00e9e<\/li>\n<li>L&#039;ensemble des Activit\u00e9s<\/li>\n<\/ol>\n<p><b>Exclusions<\/b><\/p>\n<ol>\n<li>Pourboires<\/li>\n<li>Toutes les boissons<\/li>\n<\/ol>\n<h4><em><strong>D\u00e9part &amp; Retour<\/strong><\/em><\/h4>\n<p>Le voyageur obtiendra un point de rendez-vous apr\u00e8s le processus de r\u00e9servation. Les visites commencent et se terminent \u00e0 vos points de rendez-vous.<\/p>\n<h2 class=\"styles__heading___mD4_3\" data-radium=\"true\">Bah\u00eda de las Aguilas : excursion d&#039;une journ\u00e9e \u00e0 la plage en bateau - Pass journalier \u2013 plong\u00e9e en apn\u00e9e et d\u00e9jeuner<\/h2>\n<h4><em>\u00c0 quoi s&#039;attendre?<\/em><\/h4>\n<p>Playa de las Aguilas a \u00e9t\u00e9 nomm\u00e9e d&#039;apr\u00e8s l&#039;aigle indig\u00e8ne. Elle est connue comme la plus belle plage de tout le pays. Le climat du parc est tr\u00e8s aride et la v\u00e9g\u00e9tation principalement compos\u00e9e de cactus et autres plantes du d\u00e9sert. Le chemin de terre rouge qui longe la baie est comparable \u00e0 un paysage de savane africaine.<br \/>\nD\u00e9couvrez ce paradis des p\u00eacheurs et des amoureux des plages de sable blanc et de l&#039;eau cristalline. Mais d&#039;abord, rendez-vous au village de La Cueva, o\u00f9 les p\u00eacheurs locaux vivent dans des grottes.<\/p>\n<p>Y a-t-il quelque chose qui manque \u00e0 ce moment parfait de l&#039;image\u00a0?<\/p>\n<p>La mer calme et le vent l\u00e9ger vous \u00e9viteront de trop souffrir du soleil et de la chaleur. Devenez explorateur d&#039;un jour et d\u00e9couvrez un paradis \u00e9cologique, naturel et totalement pr\u00e9serv\u00e9. Vous pouvez observer plus de 130 esp\u00e8ces d&#039;oiseaux, dont 76 vivent en permanence dans la baie, 10 sont end\u00e9miques et 47 sont des migrateurs.<\/p>\n<p>08.00 \u2013 D\u00e9part de votre h\u00f4tel<br \/>\n09h30 - Court arr\u00eat \u00e0 la Laguna de Oviedo pour profiter de la vue depuis la plate-forme d&#039;observation<br \/>\n11.00 \u2013 D\u00e9part en bateau du village La Cueva vers la Bahia de las Aguilas<br \/>\n12h30 \u2013 D\u00e9jeuner typique sur la plage<br \/>\n03.00 \u2013 Retour \u00e0 La Cueva<br \/>\n06.00 \u2013 Arriv\u00e9e \u00e0 votre h\u00f4tel<\/p>\n<h4><em><strong>Que devez-vous apporter?<\/strong><\/em><\/h4>\n<ul>\n<li>Appareil photo<\/li>\n<li>Bourgeons r\u00e9pulsifs<\/li>\n<li>Cr\u00eame solaire<\/li>\n<li>Toilette<\/li>\n<li>Chapeau<\/li>\n<li>Pantalon confortable<\/li>\n<li>Chaussures de randonn\u00e9e pour la for\u00eat<\/li>\n<li>Sandales aux zones de printemps.<\/li>\n<li>Maillot de bain<\/li>\n<\/ul>\n<p>&nbsp;<\/p>\n<h4><b><i>H\u00f4tel de prise en charge<\/i><\/b><\/h4>\n<p>La prise en charge \u00e0 l&#039;h\u00f4tel est offerte pour cette visite. Prise en charge\/transport depuis votre h\u00f4tel (zone de Barahona\/Paraiso\/Los Patos).<\/p>\n<p><b>Note:<\/b>\u00a0Si vous r\u00e9servez dans les 24 heures pr\u00e9c\u00e9dant l&#039;heure de d\u00e9part de la visite\/de l&#039;excursion, nous pouvons organiser une prise en charge \u00e0 l&#039;h\u00f4tel. Nous venons de venir nous chercher dans la r\u00e9gion de Samana. Une fois votre achat termin\u00e9, nous vous enverrons les coordonn\u00e9es compl\u00e8tes (num\u00e9ro de t\u00e9l\u00e9phone, adresse e-mail, etc.) de notre guide touristique local afin d&#039;organiser les modalit\u00e9s de prise en charge.<\/p>\n<h4><b><i>Confirmation d&#039;informations suppl\u00e9mentaires<\/i><\/b><\/h4>\n<ol>\n<li>Les billets sont le re\u00e7u apr\u00e8s avoir pay\u00e9 ce tour. Vous pouvez afficher le paiement sur votre t\u00e9l\u00e9phone.<\/li>\n<li>Le point de rendez-vous sera re\u00e7u apr\u00e8s le processus de r\u00e9servation.<\/li>\n<li>Les enfants doivent \u00eatre accompagn\u00e9s par un adulte.<\/li>\n<li>Non accessible aux fauteuils roulants<\/li>\n<li>Les b\u00e9b\u00e9s doivent s&#039;asseoir sur les genoux<\/li>\n<li>Non recommand\u00e9 pour les voyageurs ayant des probl\u00e8mes de dos<\/li>\n<li>D\u00e9conseill\u00e9 aux voyageuses enceintes<\/li>\n<li>Pas de probl\u00e8mes cardiaques ou d&#039;autres conditions m\u00e9dicales graves<\/li>\n<li>La plupart des voyageurs peuvent participer<\/li>\n<\/ol>\n<h4><b><i>Politique d&#039;annulation<\/i><\/b><\/h4>\n<p>Pour un remboursement complet, annulez au moins 24 heures avant la date de d\u00e9but de l&#039;exp\u00e9rience. Les fonds seront perdus si la r\u00e9servation est annul\u00e9e le jour m\u00eame du voyage.<\/p>\n<\/div>\n<\/div>\n<\/div>\n<\/div>\n<\/div>\n<\/div>\n\n\t\t<\/div>\n\t<\/div>\n<\/div><\/div><\/div><\/div><div class=\"wpb_column vc_column_container vc_col-sm-12\"><div class=\"vc_column-inner\"><div class=\"wpb_wrapper\"><\/div><\/div><\/div>\n<\/section>","protected":false},"excerpt":{"rendered":"<p>Achetez un billet journalier pour Bahia las Aguilas depuis Barahona. Traversez le parc national de Jaragua et dirigez-vous vers Cabo Rojo, o\u00f9 un bateau vous attend. Apr\u00e8s une promenade en bateau de 15 minutes, vous arriverez \u00e0 la magnifique et isol\u00e9e Baie des Aigles, consid\u00e9r\u00e9e comme la plus belle plage du pays. Le d\u00e9jeuner sera servi sur la plage et vous aurez la possibilit\u00e9 de nager ou simplement de vous d\u00e9tendre sur la plage. Profitez du sable blanc immacul\u00e9 de cette plage de 8 km de long.<\/p>\n<p><strong>S\u00e9lectionnez le jour pour ce voyage\u00a0:\u00a0<\/strong><\/p>","protected":false},"featured_media":9747,"template":"","meta":[],"product_cat":[549,160],"product_tag":[557,554,555,563,560,556,564,559,553,567,566,561,565,558,562],"class_list":["post-9731","product","type-product","status-publish","has-post-thumbnail","hentry","product_cat-bahia-de-las-aguilas-dominican-republic","product_cat-lunch","product_tag-bahia-de-las-aguilas","product_tag-bahia-de-las-aguilas-pedernales","product_tag-bahia-de-las-aguilas-beach-tour","product_tag-bahia-de-las-aguilas-hoteles","product_tag-bahia-de-las-aguilas-map","product_tag-bahia-de-las-aguilas-private-tour","product_tag-bahia-de-las-aguilas-republica-dominicana-hotel","product_tag-bahia-de-las-aguilas-tour-from-punta-cana","product_tag-bahia-de-las-aguilas-beach-day-trip-by-boat","product_tag-bahia-las-aguilas-tours","product_tag-barahona-tours","product_tag-closest-airport-to-bahia-de-las-aguilas","product_tag-hotel-barahona","product_tag-playa-bahia-de-las-aguilas-dominican-republic","product_tag-tours-a-bahia-de-las-aguilas-desde-santo-domingo"],"_links":{"self":[{"href":"https:\/\/tourwhales.com\/fr\/wp-json\/wp\/v2\/product\/9731","targetHints":{"allow":["GET"]}}],"collection":[{"href":"https:\/\/tourwhales.com\/fr\/wp-json\/wp\/v2\/product"}],"about":[{"href":"https:\/\/tourwhales.com\/fr\/wp-json\/wp\/v2\/types\/product"}],"wp:featuredmedia":[{"embeddable":true,"href":"https:\/\/tourwhales.com\/fr\/wp-json\/wp\/v2\/media\/9747"}],"wp:attachment":[{"href":"https:\/\/tourwhales.com\/fr\/wp-json\/wp\/v2\/media?parent=9731"}],"wp:term":[{"taxonomy":"product_cat","embeddable":true,"href":"https:\/\/tourwhales.com\/fr\/wp-json\/wp\/v2\/product_cat?post=9731"},{"taxonomy":"product_tag","embeddable":true,"href":"https:\/\/tourwhales.com\/fr\/wp-json\/wp\/v2\/product_tag?post=9731"}],"curies":[{"name":"wp","href":"https:\/\/api.w.org\/{rel}","templated":true}]}}