
{"id":9717,"date":"2019-11-01T19:22:33","date_gmt":"2019-11-01T19:22:33","guid":{"rendered":"https:\/\/tourwhales.com\/?post_type=product&#038;p=9717"},"modified":"2024-10-18T20:29:17","modified_gmt":"2024-10-18T20:29:17","slug":"whale-watching-in-punta-cana-to-samana-bay-cayo-levantado-bacardi-island-from-hotels","status":"publish","type":"product","link":"https:\/\/tourwhales.com\/fr\/Tours-Excursions\/tours-excursions-samana-bay-dominican-republic\/whale-watching-in-punta-cana-to-samana-bay-cayo-levantado-bacardi-island-from-hotels\/","title":{"rendered":"Observation des baleines \u00e0 Punta Cana \/ Cap Cana jusqu&#039;\u00e0 la baie de Saman\u00e1 + Cayo Levantado (\u00eele Bacardi) depuis les h\u00f4tels."},"content":{"rendered":"<section class=\"wpb-content-wrapper\"><div class=\"vc_row wpb_row vc_row-fluid\" ><div class=\"wpb_column vc_column_container vc_col-sm-12\"><div class=\"vc_column-inner\"><div class=\"wpb_wrapper\">\n\t<div class=\"wpb_text_column wpb_content_element\" >\n\t\t<div class=\"wpb_wrapper\">\n\t\t\t<h1>Whale Watching in Punta Cana\/Cap Cana to Samana Bay<\/h1>\n\n\t\t<\/div>\n\t<\/div>\n<\/div><\/div><\/div><\/div><div class=\"vc_row wpb_row vc_row-fluid\" ><div class=\"wpb_column vc_column_container vc_col-sm-12\"><div class=\"vc_column-inner\"><div class=\"wpb_wrapper\">\n\t<div class=\"wpb_text_column wpb_content_element\" >\n\t\t<div class=\"wpb_wrapper\">\n\t\t\t<div class=\"vc_row wpb_row vc_row-fluid\">\n<div class=\"wpb_column vc_column_container vc_col-sm-12\">\n<div class=\"vc_column-inner\">\n<div class=\"wpb_wrapper\">\n<div class=\"wpb_text_column wpb_content_element\">\n<div class=\"wpb_wrapper\">\n<div class=\"vc_row wpb_row vc_row-fluid\">\n<div class=\"wpb_column vc_column_container vc_col-sm-12\">\n<div class=\"vc_column-inner\">\n<div class=\"wpb_wrapper\">\n<div class=\"wpb_text_column wpb_content_element\">\n<div class=\"wpb_wrapper\">\n<h4><b><i>Aper\u00e7u<img decoding=\"async\" class=\"emoji\" draggable=\"false\" src=\"https:\/\/s.w.org\/images\/core\/emoji\/12.0.0-1\/svg\/1f433.svg\" alt=\"\ud83d\udc33\" \/><\/i><\/b><\/h4>\n<p>Baleine \u00e0 Punta Cana, observation des baleines dans la baie de Saman\u00e1 et visite de Cayo Levantado lors de cette excursion d&#039;une journ\u00e9e depuis les h\u00f4tels de Punta Cana. Rendez-vous dans la baie de Saman\u00e1 \u00e0 bord d&#039;un autocar confortable et climatis\u00e9, puis transf\u00e9rez-vous sur un catamaran \u00e0 Miches. Naviguez dans les eaux libres pour rechercher les groupes de baleines \u00e0 bosse qui viennent se reproduire et mettre bas dans la r\u00e9gion. D\u00e9couvrez le comportement et la biologie de ces mammif\u00e8res marins aupr\u00e8s de votre guide naturaliste expert. Continuez vers Cayo Levantado, ou l&#039;\u00eele Bacardi, pour un d\u00e9jeuner sur la plage et un plongeon dans les eaux azur avant de retourner \u00e0 Punta Cana.<\/p>\n<p>&nbsp;<\/p>\n<p><strong>Note: <\/strong>Cette visite peut inclure ou non l&#039;arr\u00eat \u00e0\u00a0<strong>Cascade de Lim\u00f3n<\/strong>. Pour r\u00e9server le m\u00eame voyage avec les cascades, veuillez <a href=\"https:\/\/tourwhales.com\/fr\/Tours-Excursions\/fees-entrace\/samana-whale-watching-cayo-levantado-bacardi-island-limon-waterfalls-from-punta-cana-hotels\/\">CLIQUEZ ICI.<\/a><\/p>\n<p>&nbsp;<\/p>\n<ul>\n<li>Voyage d&#039;observation des baleines<\/li>\n<li>Frais d&#039;entr\u00e9e \u00e0 l&#039;Observatoire<\/li>\n<li>Comprend un d\u00e9jeuner buffet sur la plage<\/li>\n<li>Transfert en bateau<\/li>\n<li>Transfert depuis les h\u00f4tels de Punta Cana<\/li>\n<li>Le capitaine assure l&#039;instruction et la supervision<\/li>\n<li>Guide touristique<\/li>\n<\/ul>\n<p>&nbsp;<\/p>\n<h4><b>Inclusions et exclusions<\/b><\/h4>\n<p>&nbsp;<\/p>\n<p><b>Inclusions<\/b><\/p>\n<p>&nbsp;<\/p>\n<ol>\n<li>D\u00e9jeuner buffet sur la plage<\/li>\n<li>Guide touristique<\/li>\n<li>Excursion en catamaran ou en bateau<\/li>\n<li>Toutes les taxes, frais et frais de traitement<\/li>\n<li>Taxes locales<\/li>\n<li>Breuvages<\/li>\n<\/ol>\n<p><b>Exclusions<\/b><\/p>\n<ol>\n<li>Pourboires<\/li>\n<\/ol>\n<p>&nbsp;<\/p>\n<h4><em><strong>D\u00e9part &amp; Retour<\/strong><\/em><\/h4>\n<p>La prise en charge \u00e0 l&#039;h\u00f4tel est offerte pour cette visite. Dans Notes, \u00e9crivez simplement le nom de l&#039;h\u00f4tel pour venir vous chercher. Nous venons vous chercher dans tous les h\u00f4tels de Punta Cana.<\/p>\n<p>&nbsp;<\/p>\n<h3>Observation des baleines \u00e0 Punta Cana\/Cap Cana jusqu&#039;\u00e0 la baie de Samana + Cayo Levantado (\u00eele Bacardi) depuis les h\u00f4tels.<\/h3>\n<h4><b><i>\u00c0 quoi s&#039;attendre?<\/i><\/b><\/h4>\n<p>Rapprochez-vous des doux g\u00e9ants de la mer de la R\u00e9publique dominicaine lors de cette excursion d&#039;observation des baleines \u00e0 bosse de 12 heures dans la baie de Samana. Passez une journ\u00e9e inoubliable \u00e0 observer les milliers de baleines qui affluent vers l&#039;\u00eele chaque ann\u00e9e pour s&#039;accoupler, se nourrir et jouer dans ses eaux tropicales chaudes. En observant ces magnifiques cr\u00e9atures, vous profiterez des informations uniques de votre guide expert en observation des baleines. Terminez la journ\u00e9e avec un d\u00e9jeuner et une plage inclus sur la magnifique \u00eele de Cayo Levantado. Le transport aller-retour \u00e0 l&#039;h\u00f4tel est \u00e9galement inclus.<\/p>\n<p>De 9h00 \u00e0 12h00, observatoire d&#039;observation des baleines et apr\u00e8s cette excursion aux baleines, nous visiterons l&#039;\u00eele Bacardi \/ Cayo Levantado. \u00c0 l&#039;\u00eele de Bacardi, un buffet de d\u00e9jeuner de style dominicain typique sera fourni (riz, haricots, poisson, salades\u2026). Une fois le d\u00e9jeuner termin\u00e9, vous \u00eates autoris\u00e9 \u00e0 nager jusqu&#039;\u00e0 16h30. La visite se terminera \u00e0 17h00 au m\u00eame port d&#039;o\u00f9 elle commencera \u00e0 bord de notre catamaran et leur bus de retour aux h\u00f4tels de Punta Cana.<\/p>\n<p>Cette visite peut inclure ou non l&#039;arr\u00eat \u00e0\u00a0<strong>Cascade de Lim\u00f3n<\/strong>. Pour r\u00e9server le m\u00eame voyage avec les cascades, veuillez <a href=\"https:\/\/tourwhales.com\/fr\/Tours-Excursions\/fees-entrace\/samana-whale-watching-cayo-levantado-bacardi-island-limon-waterfalls-from-punta-cana-hotels\/\">CLIQUEZ ICI.<\/a><\/p>\n<p><strong>Calendrier:<\/strong><\/p>\n<p>6:00 \u2013 7:00 Prise en charge des clients des diff\u00e9rents h\u00f4tels<br \/>\n07h00 D\u00e9part pour Las Canitas \u00e0 Sabana de la mar<br \/>\n08h15 Arriv\u00e9e au quai priv\u00e9<br \/>\n08h15 \u2013 08h40 Petit-d\u00e9jeuner (sandwichs, muffins, th\u00e9, caf\u00e9, jus de fruits)<br \/>\n8h45 Embarquement pour commencer notre voyage vers le sanctuaire des baleines \u00e0 bosse \u00e0 Samana<br \/>\n11h00 Recherche des baleines pendant 45 minutes - C&#039;est le timing suivi par les r\u00e8gles gouvernementales.<br \/>\n11h45 Direction Cayo Levantado dans la baie de Samana<br \/>\n12h30 Arriv\u00e9e \u00e0 Cayo Levantado<br \/>\n13:00 Heure du d\u00e9jeuner (buffet du midi, typiquement dominicain)*<br \/>\n13h45 \u2013 15h30 Temps libre \u00e0 Cayo Levantado<br \/>\n15h00 \u2013 15h45 Retour \u00e0 bord direction Miches<br \/>\n17h00 Arriv\u00e9e \u00e0 Miches et d\u00e9part vers les h\u00f4tels de Punta Cana<br \/>\n19:30 \u2013 20:00 Arriv\u00e9e aux h\u00f4tels de Punta Cana<\/p>\n<p><strong>*Menu du midi (typique dominicain)<br \/>\n<\/strong>Riz, poulet grill\u00e9 ou poisson grill\u00e9, salade, l\u00e9gumes, fruits frais.<\/p>\n<p><strong>*Les clients qui choisissent d&#039;ajouter l&#039;arr\u00eat \u00e0 la cascade El Limon apr\u00e8s l&#039;observation des baleines se d\u00e9placeront vers la cascade et auront moins de temps \u00e0 passer \u00e0 Cayo Levantado.<\/strong><\/p>\n<p>Cette visite peut inclure ou non l&#039;arr\u00eat \u00e0\u00a0<strong>Cascade de Lim\u00f3n<\/strong>. Pour r\u00e9server le m\u00eame voyage avec les cascades, veuillez <a href=\"https:\/\/tourwhales.com\/fr\/Tours-Excursions\/fees-entrace\/samana-whale-watching-cayo-levantado-bacardi-island-limon-waterfalls-from-punta-cana-hotels\/\">CLIQUEZ ICI.<\/a><\/p>\n<p>&nbsp;<\/p>\n<h4><em><strong>Que devez-vous apporter?<\/strong><\/em><\/h4>\n<ul>\n<li>Appareil photo<\/li>\n<li>Bourgeons r\u00e9pulsifs<\/li>\n<li>cr\u00eame solaire<\/li>\n<li>Chapeau<\/li>\n<li>Pantalon confortable<\/li>\n<li>Sandales \u00e0 la plage<\/li>\n<li>Maillot de bain<\/li>\n<li>De l&#039;argent pour des souvenirs<\/li>\n<\/ul>\n<p>&nbsp;<\/p>\n<h4><b><i>Prise en charge \u00e0 l&#039;h\u00f4tel<\/i><\/b><\/h4>\n<p>La prise en charge \u00e0 l&#039;h\u00f4tel est offerte pour cette visite. Dans Notes, \u00e9crivez simplement le nom de l&#039;h\u00f4tel pour venir vous chercher. Nous venons vous chercher dans tous les h\u00f4tels de Punta Cana.<\/p>\n<p>&nbsp;<\/p>\n<p><b>Note:<\/b> si vous r\u00e9servez dans les 24 heures suivant l&#039;heure de d\u00e9part de la visite\/excursion, nous pouvons organiser la prise en charge \u00e0 l&#039;h\u00f4tel. Une fois votre achat termin\u00e9, nous vous enverrons les coordonn\u00e9es compl\u00e8tes (num\u00e9ro de t\u00e9l\u00e9phone, adresse e-mail, etc.) de notre guide local pour organiser la prise en charge.<\/p>\n<h4><b><i>Confirmation d&#039;informations suppl\u00e9mentaires<\/i><\/b><\/h4>\n<ol>\n<li>Les billets sont le re\u00e7u apr\u00e8s avoir pay\u00e9 ce tour. Vous pouvez afficher le paiement sur votre t\u00e9l\u00e9phone.<\/li>\n<li>Le point de rencontre sera re\u00e7u apr\u00e8s le processus de r\u00e9servation.<\/li>\n<li>Les enfants doivent \u00eatre accompagn\u00e9s par un adulte.<\/li>\n<li>Accessible aux fauteuils roulants<\/li>\n<li>Les b\u00e9b\u00e9s doivent s&#039;asseoir sur les genoux<\/li>\n<li>La plupart des voyageurs peuvent participer<\/li>\n<\/ol>\n<h5><b><i>Politique d&#039;annulation<\/i><\/b><\/h5>\n<p>Pour un remboursement complet, veuillez lire nos Politiques d&#039;annulation\u00a0<a href=\"https:\/\/tourwhales.com\/fr\/online-booking\/\" target=\"_blank\" rel=\"noopener\" data-saferedirecturl=\"https:\/\/www.google.com\/url?q=https:\/\/tourwhales.com\/online-booking\/&amp;source=gmail&amp;ust=1672532492004000&amp;usg=AOvVaw3ylqI1cdbIPTimEqEWneyd\">Cliquez ici<\/a>. Les fonds seront perdus si la r\u00e9servation est annul\u00e9e le jour m\u00eame du voyage.<\/p>\n<\/div>\n<\/div>\n<\/div>\n<\/div>\n<\/div>\n<\/div>\n<\/div>\n<\/div>\n<\/div>\n<\/div>\n<\/div>\n<\/div>\n<div class=\"vc_row wpb_row vc_row-fluid\">\n<div class=\"wpb_column vc_column_container vc_col-sm-12\">\n<div class=\"vc_column-inner\">\n<div class=\"wpb_wrapper\">\n<div class=\"vc_empty_space\"><\/div>\n<div class=\"wpb_text_column wpb_content_element\">\n<div class=\"wpb_wrapper\">\n<h4>Nous contacter?<\/h4>\n<h5><b><i>TOUR BALEINES SAMANA<\/i><\/b><\/h5>\n<p><em><strong>des locaux<\/strong>\u00a0et\u00a0<strong>Nationaux<\/strong>\u00a0Guides touristiques et services aux invit\u00e9s<\/em><\/p>\n<p><span class=\"text-turquoise\">R\u00e9servations:<\/span>\u00a0Visites et excursions \u00e0 Dom. repr\u00e9sentant<\/p>\n<p><img decoding=\"async\" class=\"emoji\" draggable=\"false\" src=\"https:\/\/s.w.org\/images\/core\/emoji\/11.2.0\/svg\/1f4de.svg\" alt=\"\ud83d\udcde\" \/>\u00a0T\u00e9l \/ Whatsapp\u00a0\u00a0<a href=\"tel:+18494995063\">+18494995063<\/a>.<\/p>\n<p><img decoding=\"async\" class=\"emoji\" draggable=\"false\" src=\"https:\/\/s.w.org\/images\/core\/emoji\/11.2.0\/svg\/1f4e9.svg\" alt=\"\ud83d\udce9\" \/>\u00a0<a href=\"mailto:info@bookingadventures.com.do\">info@bookingadventures.com.do<\/a><\/p>\n<p><strong>Nous sommes des visites priv\u00e9es \u00e0 configuration flexible par Whatsapp\u00a0:\u00a0<a href=\"tel:+18097206035\">+18097206035.<\/a><\/strong><\/p>\n<\/div>\n<\/div>\n<\/div>\n<\/div>\n<\/div>\n<\/div>\n\n\t\t<\/div>\n\t<\/div>\n<\/div><\/div><\/div><\/div>\n<\/section>","protected":false},"excerpt":{"rendered":"<p>Depuis les h\u00f4tels de Punta Cana, nous profiterons des magnifiques paysages de la cha\u00eene de montagnes orientales en conduisant au nord de Punta Cana avant d&#039;arriver dans le petit village de p\u00eacheurs de Miches sur la rive sud de la baie de Samana. Vous y d\u00e9gusterez un petit-d\u00e9jeuner rapide avant d&#039;embarquer sur le bateau pour Samana. Nous naviguerons profond\u00e9ment dans la baie pour observer les baleines. Nous atteindrons d&#039;abord Cayo Levantado, \u00e9galement connue sous le nom d&#039;\u00eele Bacardi en raison de sa ressemblance avec les plages Bacardi Rum autrefois utilis\u00e9es pour ses c\u00e9l\u00e8bres publicit\u00e9s. Cayo Levantado n&#039;est rien de moins qu&#039;une oasis tropicale - une petite \u00eele au milieu de l&#039;oc\u00e9an avec des eaux turquoises et du sable blanc.<\/p>\n<p>Cette visite peut inclure ou non l&#039;arr\u00eat \u00e0\u00a0<strong>Cascade de Lim\u00f3n<\/strong>. Pour r\u00e9server le m\u00eame voyage avec les cascades, veuillez <a href=\"https:\/\/tourwhales.com\/fr\/Tours-Excursions\/fees-entrace\/samana-whale-watching-cayo-levantado-bacardi-island-limon-waterfalls-from-punta-cana-hotels\/\">CLIQUEZ ICI.<\/a><\/p>\n<p>&nbsp;<\/p>\n<p>&nbsp;<\/p>\n<p><em><strong>Veuillez s\u00e9lectionner la date de l&#039;excursion\u00a0:<\/strong><\/em><\/p>","protected":false},"featured_media":12053,"template":"","meta":[],"product_cat":[948,972,968,294,255,664],"product_tag":[631,184,328,480,296,428,327,222,527,313,199,526,458,342,524,276,529,528,274,525],"class_list":["post-9717","product","type-product","status-publish","has-post-thumbnail","hentry","product_cat-1-punta-cana","product_cat-punta-cana-group-tours","product_cat-punta-cana-whale-watching","product_cat-tours-excursions-punta-cana-dominican-republic","product_cat-tours-excursions-samana-bay-dominican-republic","product_cat-whale-watching-punta-cana","product_tag-631","product_tag-bacardi-island","product_tag-cayo-levantado-day-pass","product_tag-cheap-punta-cana-excursions","product_tag-day-trip-punta-cana","product_tag-half-day-whale-watching-miches","product_tag-private-tours-samana","product_tag-punta-cana","product_tag-punta-cana-activities","product_tag-punta-cana-tours","product_tag-samana-bay","product_tag-samana-day-trip","product_tag-samana-day-trip-from-punta-cana","product_tag-samana-whale-watching","product_tag-whale-punta-cana","product_tag-whale-samana","product_tag-whale-watching-2020","product_tag-whale-watching-2020-in-punta-cana-to-samana-bay-cayo-levantado-bacardi-island-from-hotels","product_tag-whale-watching-dominican-republic","product_tag-whale-watching-punta-cana"],"_links":{"self":[{"href":"https:\/\/tourwhales.com\/fr\/wp-json\/wp\/v2\/product\/9717","targetHints":{"allow":["GET"]}}],"collection":[{"href":"https:\/\/tourwhales.com\/fr\/wp-json\/wp\/v2\/product"}],"about":[{"href":"https:\/\/tourwhales.com\/fr\/wp-json\/wp\/v2\/types\/product"}],"wp:featuredmedia":[{"embeddable":true,"href":"https:\/\/tourwhales.com\/fr\/wp-json\/wp\/v2\/media\/12053"}],"wp:attachment":[{"href":"https:\/\/tourwhales.com\/fr\/wp-json\/wp\/v2\/media?parent=9717"}],"wp:term":[{"taxonomy":"product_cat","embeddable":true,"href":"https:\/\/tourwhales.com\/fr\/wp-json\/wp\/v2\/product_cat?post=9717"},{"taxonomy":"product_tag","embeddable":true,"href":"https:\/\/tourwhales.com\/fr\/wp-json\/wp\/v2\/product_tag?post=9717"}],"curies":[{"name":"wp","href":"https:\/\/api.w.org\/{rel}","templated":true}]}}