
{"id":9686,"date":"2019-10-25T17:17:13","date_gmt":"2019-10-25T17:17:13","guid":{"rendered":"https:\/\/tourwhales.com\/?post_type=product&#038;p=9686"},"modified":"2024-10-18T20:29:17","modified_gmt":"2024-10-18T20:29:17","slug":"ermitano-beach-playa-ermitano-boat-tour-and-playa-onda-half-day-trip-samana-dominican-republic","status":"publish","type":"product","link":"https:\/\/tourwhales.com\/fr\/Tours-Excursions\/lunch\/ermitano-beach-playa-ermitano-boat-tour-and-playa-onda-half-day-trip-samana-dominican-republic\/","title":{"rendered":"(Plage Ermitano) Excursion en bateau Playa Ermita\u00f1o et Playa Onda, excursion d&#039;une demi-journ\u00e9e, Saman\u00e1 - R\u00e9publique dominicaine."},"content":{"rendered":"<section class=\"wpb-content-wrapper\"><div class=\"vc_row wpb_row vc_row-fluid\" ><div class=\"wpb_column vc_column_container vc_col-sm-12\"><div class=\"vc_column-inner\"><div class=\"wpb_wrapper\"><div class=\"vc_btn3-container vc_btn3-inline\" ><a class=\"vc_general vc_btn3 vc_btn3-size-md vc_btn3-shape-rounded vc_btn3-style-modern vc_btn3-color-green\" href=\"https:\/\/bookingadventures.tours\/booking.php?tour_id=7e99c2fca5922e90ee3d1d2969786362\" title=\"\">RESERVE MAINTENANT<\/a><\/div><div class=\"mkdf-section-title-holder\" style=\"text-align: left\">\n\t<div class=\"mkdf-st-inner\">\n\t\t\t\t\t<h5 class=\"mkdf-st-subtitle\" >\n\t\t\t\tD\u00e9jeuner, promenade en bateau et transport priv\u00e9 depuis les h\u00f4tels.\t\t\t<\/h5>\n\t\t\t\t\t\t\t<h3 class=\"mkdf-st-title\" >\n\t\t\t\t(Plage Ermitano) Excursion en bateau Playa Ermita\u00f1o et Playa Onda, excursion d&#039;une demi-journ\u00e9e, Saman\u00e1 - R\u00e9publique dominicaine.\t\t\t<\/h3>\n\t\t\t\t\t<\/div>\n<\/div>\n\t<div class=\"wpb_text_column wpb_content_element\" >\n\t\t<div class=\"wpb_wrapper\">\n\t\t\t<h2 class=\"styles__heading___mD4_3\" data-radium=\"true\">(Plage Ermitano) Excursion en bateau \u00e0 Playa Ermita\u00f1o et excursion priv\u00e9e \u00e0 Playa Onda.<\/h2>\n<h4><b><i>Aper\u00e7u <\/i><\/b><\/h4>\n<p>Le voyage commence par venir vous chercher \u00e0 votre h\u00f4tel ou \u00e0 l&#039;a\u00e9roport de la r\u00e9gion de Samana ou de Las Galeras. Commencez votre exp\u00e9rience \u00e0 Playa El Valle, une plage magnifique et unique pr\u00e8s de Saman\u00e1. Profitez d&#039;une promenade en bateau de 25 minutes jusqu&#039;\u00e0 Playa Ermita\u00f1o, qui est une plage encore inexplor\u00e9e et isol\u00e9e aux eaux bleu turquoise. Savourez l&#039;eau de coco fra\u00eeche. D\u00e9couvrez la beaut\u00e9 r\u00e9elle et intacte de la R\u00e9publique dominicaine et plongez dans la nature en explorant la grotte secr\u00e8te \u00e0 proximit\u00e9. Restez \u00e0 Playa Ermita\u00f1o aussi longtemps que vous le souhaitez et visitez Playa Onda, une autre belle plage sauvage, \u00e0 seulement 15 minutes en bateau. Retournez \u00e0 Playa El Valle, puis dirigez-vous vers Saman\u00e1, vous verrez des maisons locales et d\u00e9couvrirez la vraie vie dominicaine.<\/p>\n<p>&nbsp;<\/p>\n<ul>\n<li>Guide local avec exp\u00e9rience en s\u00e9curit\u00e9 dans la r\u00e9gion.<\/li>\n<li>Transport priv\u00e9<\/li>\n<li>Frais inclus<\/li>\n<li>D\u00e9jeuner \u00e0 la plage<\/li>\n<li>Guide touristique local en espagnol, anglais ou fran\u00e7ais.<\/li>\n<li>Randonn\u00e9e<\/li>\n<\/ul>\n<h4><b>Inclusions et exclusions<\/b><\/h4>\n<p>&nbsp;<\/p>\n<p><b>Inclusions<\/b><\/p>\n<ol>\n<li><span style=\"font-weight: 400;\">Guide local avec exp\u00e9rience en mati\u00e8re de s\u00e9curit\u00e9 dans la r\u00e9gion.<\/span><\/li>\n<li>Transport priv\u00e9 pour petits groupes<\/li>\n<li style=\"font-weight: 400;\">Plage El Rincon<\/li>\n<li>Maison Dominicaine Ranch<\/li>\n<li>Rivi\u00e8re Cano Frio<\/li>\n<li style=\"font-weight: 400;\"><span style=\"font-weight: 400;\">Toutes les taxes, frais et frais de traitement<\/span><\/li>\n<li style=\"font-weight: 400;\"><span style=\"font-weight: 400;\">Taxes locales<\/span><\/li>\n<li>D\u00e9jeuner \u00e0 la plage<\/li>\n<li>Randonn\u00e9e<\/li>\n<li style=\"font-weight: 400;\"><span style=\"font-weight: 400;\">L&#039;ensemble des Activit\u00e9s<\/span><\/li>\n<\/ol>\n<p><b> Exclusions<\/b><\/p>\n<ol>\n<li style=\"font-weight: 400;\"><span style=\"font-weight: 400;\">Pourboires<\/span><\/li>\n<li>Toutes les boissons<\/li>\n<\/ol>\n<h4><em><strong>D\u00e9part &amp; Retour<\/strong><\/em><\/h4>\n<p><span style=\"font-weight: 400;\">Le voyageur obtiendra un point de rendez-vous apr\u00e8s le processus de r\u00e9servation. Les visites commencent et se terminent \u00e0 vos points de rendez-vous.<\/span><\/p>\n<h2 class=\"styles__heading___mD4_3\" data-radium=\"true\">(Plage Ermitano) Excursion en bateau \u00e0 Playa Ermita\u00f1o et excursion priv\u00e9e \u00e0 Playa Onda.<\/h2>\n<h4><em>\u00c0 quoi s&#039;attendre?<\/em><\/h4>\n<p>Apr\u00e8s avoir quitt\u00e9 la zone des h\u00f4tels de Samana et travers\u00e9 les rues dominicaines, vous verrez et d\u00e9couvrirez le style de vie local. Cette plage est situ\u00e9e entre Playa Honda et Playa El Valle dans la p\u00e9ninsule de Samana. Il a une longueur de 400 m\u00e8tres et est entour\u00e9 de r\u00e9cifs. La seule fa\u00e7on d&#039;acc\u00e9der \u00e0 cette plage est la randonn\u00e9e, \u00e0 travers un sentier de jungle dense ou avec un bateau.<\/p>\n<p><span style=\"vertical-align: inherit;\"><span style=\"vertical-align: inherit;\">L&#039;histoire de son nombre est aussi fascinante qu&#039;int\u00e9ressante\u2026 Juan El Ermita\u00f1o a apparemment \u00e9t\u00e9 un pirate franc\u00e9 que, s&#039;est arr\u00eat\u00e9, a d\u00e9barqu\u00e9 un jour sur la plage de Saman\u00e1. <\/span><span style=\"vertical-align: inherit;\">Cuenta la historia que hab\u00eda estado solo y aislado del mundo durante el a\u00f1o 1780. La leyenda dice que despu\u00e9s de 22 a\u00f1os de exilio, fue descubierto por sorpresa por sus antiguos compa\u00f1eros corsarios que lo creyeron muerto. <\/span><span style=\"vertical-align: inherit;\">Pero los espa\u00f1oles, asombrados por su austeridad y constance, le concedieron el perd\u00f3n, consider\u00e1ndolo casi un santo. <\/span><span style=\"vertical-align: inherit;\">Pero como toda historia de piratas que se precie, Juan El Ermita\u00f1o guardaba un gran secreto: guardaba un precioso bot\u00edn de su \u00e9poca de pirata que se escond\u00eda en esta playa.<\/span><\/span><\/p>\n<p>En arrivant l\u00e0-bas, vous verrez devant vous un paysage parfait de carte postale. Vous aurez l&#039;impression d&#039;\u00eatre unique au monde dans ce lieu magique par sa v\u00e9g\u00e9tation luxuriante et tropicale et par la beaut\u00e9 de ses eaux cristallines. Cette plage fait une exp\u00e9rience wow devenue r\u00e9alit\u00e9.<\/p>\n<p>Les versions turque et su\u00e9doise de la s\u00e9rie t\u00e9l\u00e9vis\u00e9e Survivor ont \u00e9t\u00e9 tourn\u00e9es sur cette plage<\/p>\n<p>Cette visite, organis\u00e9e par &quot;Booking Adventures&quot; commence au point de rendez-vous fix\u00e9 avec notre guide touristique. Venez avec Booking Adventures et d\u00e9jeunez \u00e0 la plage et profitez de l&#039;une des plus belles plages de Samana, en R\u00e9publique dominicaine.<\/p>\n<h4><em><strong>Que devez-vous apporter?<\/strong><\/em><\/h4>\n<ul>\n<li style=\"font-weight: 400;\"><span style=\"font-weight: 400;\">Appareil photo<\/span><\/li>\n<li style=\"font-weight: 400;\"><span style=\"font-weight: 400;\">Bourgeons r\u00e9pulsifs<\/span><\/li>\n<li style=\"font-weight: 400;\"><span style=\"font-weight: 400;\">Cr\u00eame solaire<\/span><\/li>\n<li>L&#039;eau<\/li>\n<li style=\"font-weight: 400;\"><span style=\"font-weight: 400;\">Chapeau<\/span><\/li>\n<li style=\"font-weight: 400;\"><span style=\"font-weight: 400;\">Pantalon confortable<\/span><\/li>\n<li style=\"font-weight: 400;\"><span style=\"font-weight: 400;\">Chaussures de randonn\u00e9e pour la for\u00eat<\/span><\/li>\n<li style=\"font-weight: 400;\"><span style=\"font-weight: 400;\">Sandales aux zones de printemps.<\/span><\/li>\n<li style=\"font-weight: 400;\"><span style=\"font-weight: 400;\">Maillot de bain<\/span><\/li>\n<\/ul>\n<p>&nbsp;<\/p>\n<h4><b><i>Prise en charge \u00e0 l&#039;h\u00f4tel <\/i><\/b><\/h4>\n<p><span style=\"font-weight: 400;\">La prise en charge \u00e0 l&#039;h\u00f4tel est offerte pour cette visite. <\/span><\/p>\n<p>&nbsp;<\/p>\n<p><b>Note:<\/b><span style=\"font-weight: 400;\"> Si vous r\u00e9servez dans les 24 heures suivant l&#039;heure de d\u00e9part de la visite \/ excursion, nous pouvons organiser la prise en charge \u00e0 l&#039;h\u00f4tel. Nous venons de r\u00e9cup\u00e9rer dans la r\u00e9gion de Samana. Une fois votre achat termin\u00e9, nous vous enverrons les coordonn\u00e9es compl\u00e8tes (num\u00e9ro de t\u00e9l\u00e9phone, adresse e-mail, etc.) de notre guide local pour organiser la prise en charge.<\/span><\/p>\n<h4><b><i>Confirmation d&#039;informations suppl\u00e9mentaires <\/i><\/b><\/h4>\n<ol>\n<li>Les billets sont le re\u00e7u apr\u00e8s avoir pay\u00e9 ce tour. Vous pouvez afficher le paiement sur votre t\u00e9l\u00e9phone.<\/li>\n<li style=\"font-weight: 400;\"><span style=\"font-weight: 400;\">Le point de rencontre sera re\u00e7u apr\u00e8s le processus de r\u00e9servation.<\/span><\/li>\n<li style=\"font-weight: 400;\"><span style=\"font-weight: 400;\">Les enfants doivent \u00eatre accompagn\u00e9s par un adulte.<\/span><\/li>\n<li style=\"font-weight: 400;\"><span style=\"font-weight: 400;\"> Non accessible aux fauteuils roulants <\/span><\/li>\n<li style=\"font-weight: 400;\"><span style=\"font-weight: 400;\">Les b\u00e9b\u00e9s doivent s&#039;asseoir sur les genoux <\/span><\/li>\n<li style=\"font-weight: 400;\"><span style=\"font-weight: 400;\">Non recommand\u00e9 pour les voyageurs ayant des probl\u00e8mes de dos<\/span><\/li>\n<li style=\"font-weight: 400;\"><span style=\"font-weight: 400;\">D\u00e9conseill\u00e9 aux voyageuses enceintes <\/span><\/li>\n<li style=\"font-weight: 400;\"><span style=\"font-weight: 400;\"> Pas de probl\u00e8mes cardiaques ou d&#039;autres conditions m\u00e9dicales graves <\/span><\/li>\n<li style=\"font-weight: 400;\"><span style=\"font-weight: 400;\">La plupart des voyageurs peuvent participer<\/span><\/li>\n<\/ol>\n<h4><b><i>Politique d&#039;annulation<\/i><\/b><\/h4>\n<p>Pour un remboursement complet, veuillez lire nos Politiques d&#039;annulation\u00a0<a href=\"https:\/\/tourwhales.com\/fr\/online-booking\/\" target=\"_blank\" rel=\"noopener\" data-saferedirecturl=\"https:\/\/www.google.com\/url?q=https:\/\/tourwhales.com\/online-booking\/&amp;source=gmail&amp;ust=1672532492004000&amp;usg=AOvVaw3ylqI1cdbIPTimEqEWneyd\">Cliquez ici<\/a>. Les fonds seront perdus si la r\u00e9servation est annul\u00e9e le jour m\u00eame du voyage.<\/p>\n\n\t\t<\/div>\n\t<\/div>\n<\/div><\/div><\/div><\/div><div class=\"vc_row wpb_row vc_row-fluid\" ><div class=\"wpb_column vc_column_container vc_col-sm-12\"><div class=\"vc_column-inner\"><div class=\"wpb_wrapper\">\n\t<div class=\"wpb_video_widget wpb_content_element vc_clearfix   vc_video-aspect-ratio-169 vc_video-el-width-100 vc_video-align-left\" >\n\t\t<div class=\"wpb_wrapper\">\n\t\t\t<h2 class=\"wpb_heading wpb_video_heading\">Regarder la vid\u00e9o:<\/h2>\n\t\t\t<div class=\"wpb_video_wrapper\"><iframe loading=\"lazy\" title=\"Playa Ermita\u00f1o - Saman\u00e1, R\u00e9publique dominicaine\" src=\"https:\/\/player.vimeo.com\/video\/263076708?dnt=1&amp;app_id=122963\" width=\"1100\" height=\"619\" frameborder=\"0\" allow=\"autoplay; fullscreen\" allowfullscreen><\/iframe><\/div>\n\t\t<\/div>\n\t<\/div>\n<\/div><\/div><\/div><\/div><div class=\"vc_row wpb_row vc_row-fluid\" ><div class=\"wpb_column vc_column_container vc_col-sm-12\"><div class=\"vc_column-inner\"><div class=\"wpb_wrapper\"><div class=\"vc_empty_space\"   style=\"height: 32px\"><span class=\"vc_empty_space_inner\"><\/span><\/div>\n\t<div class=\"wpb_text_column wpb_content_element\" >\n\t\t<div class=\"wpb_wrapper\">\n\t\t\t<h4>Nous contacter?<\/h4>\n<h5>Aventures de r\u00e9servation<\/h5>\n<p><em><strong>des locaux<\/strong>\u00a0et\u00a0<strong>Nationaux<\/strong>\u00a0Guides touristiques et services aux invit\u00e9s<\/em><\/p>\n<p><span class=\"text-turquoise\">R\u00e9servations:<\/span>\u00a0Visites et excursions \u00e0 Dom. repr\u00e9sentant<\/p>\n<p><img decoding=\"async\" class=\"emoji\" draggable=\"false\" src=\"https:\/\/s.w.org\/images\/core\/emoji\/11.2.0\/svg\/1f4de.svg\" alt=\"\ud83d\udcde\" \/>\u00a0T\u00e9l \/ Whatsapp\u00a0\u00a0<a href=\"tel:+18494995063\">+18494995063<\/a>.<\/p>\n<p><img decoding=\"async\" class=\"emoji\" draggable=\"false\" src=\"https:\/\/s.w.org\/images\/core\/emoji\/11.2.0\/svg\/1f4e9.svg\" alt=\"\ud83d\udce9\" \/>\u00a0<a href=\"mailto:info@bookingadventures.com.do\">info@bookingadventures.com.do<\/a><\/p>\n<p><strong>Nous sommes des visites priv\u00e9es \u00e0 configuration flexible par Whatsapp\u00a0:\u00a0<a href=\"tel:+18097206035\">+18097206035.<\/a><\/strong><\/p>\n\n\t\t<\/div>\n\t<\/div>\n<div class=\"vc_empty_space\"   style=\"height: 32px\"><span class=\"vc_empty_space_inner\"><\/span><\/div><\/div><\/div><\/div><\/div><div class=\"vc_row wpb_row vc_row-fluid\" ><div class=\"wpb_column vc_column_container vc_col-sm-12\"><div class=\"vc_column-inner\"><div class=\"wpb_wrapper\"><div class=\"vc_btn3-container vc_btn3-inline\" ><a class=\"vc_general vc_btn3 vc_btn3-size-md vc_btn3-shape-rounded vc_btn3-style-modern vc_btn3-color-green\" href=\"https:\/\/bookingadventures.tours\/booking.php?tour_id=7e99c2fca5922e90ee3d1d2969786362\" title=\"\">RESERVE MAINTENANT<\/a><\/div><\/div><\/div><\/div><\/div>\n<\/section>","protected":false},"excerpt":{"rendered":"<pre id=\"tw-target-text\" class=\"tw-data-text tw-text-large tw-ta\" dir=\"ltr\" data-placeholder=\"Translation\" data-ved=\"2ahUKEwiCmvnO05CCAxVehP0HHTI_C5cQ3ewLegQIChAQ\"><span class=\"Y2IQFc\" lang=\"en\">Commencez votre exp\u00e9rience \u00e0 Playa El Valle, une plage magnifique et unique pr\u00e8s de Saman\u00e1. Profitez d&#039;une promenade en bateau de 25 minutes jusqu&#039;\u00e0 Playa Ermita\u00f1o, une plage encore inexplor\u00e9e et isol\u00e9e aux eaux bleu turquoise. Profitez de l&#039;eau de coco fra\u00eeche. D\u00e9couvrez la beaut\u00e9 r\u00e9elle et intacte de la R\u00e9publique dominicaine et plongez-vous dans la nature tout en explorant la grotte secr\u00e8te \u00e0 proximit\u00e9. Restez \u00e0 Playa Ermita\u00f1o aussi longtemps que vous le souhaitez et visitez Playa Onda, une autre belle plage sauvage, \u00e0 seulement 15 minutes en bateau. Retournez \u00e0 Playa El Valle puis continuez vers Saman\u00e1, vous verrez des maisons locales et d\u00e9couvrirez la vraie vie dominicaine. Il s&#039;agit d&#039;une exp\u00e9rience d&#039;une demi-journ\u00e9e du vrai Saman\u00e1 en R\u00e9publique dominicaine.<\/span><\/pre>\n<p>&nbsp;<\/p>\n<p><i><b>Cliquez sur R\u00c9SERVER MAINTENANT pour voir la disponibilit\u00e9\u00a0<\/b><\/i><\/p>","protected":false},"featured_media":9698,"template":"","meta":[],"product_cat":[655,456,170,160,255],"product_tag":[510,516,520,515,519,522,521,517,523,511,518,512,514,513,327,375,200,187],"class_list":["post-9686","product","type-product","status-publish","has-post-thumbnail","hentry","product_cat-1-samana","product_cat-day-trips","product_cat-local-tour-guides","product_cat-lunch","product_cat-tours-excursions-samana-bay-dominican-republic","product_tag-ermitano-beach-playa-ermitano-boat-tour-and-playa-onda-private-trip","product_tag-ermitano-beach","product_tag-ermitano-excursion","product_tag-ermitano-samana","product_tag-ermitano-tour","product_tag-las-terrenas-excursions","product_tag-las-terrenas-tours","product_tag-onda-beach","product_tag-playa-ermitano-and-playa-onda-private-boat-tour","product_tag-playa-ermitano-tour","product_tag-playa-honda-samana","product_tag-playa-onda","product_tag-playa-onda-location","product_tag-playa-onda-samana-maps","product_tag-private-tours-samana","product_tag-samana-dominican-republic","product_tag-samana-excursions","product_tag-samana-tours"],"_links":{"self":[{"href":"https:\/\/tourwhales.com\/fr\/wp-json\/wp\/v2\/product\/9686","targetHints":{"allow":["GET"]}}],"collection":[{"href":"https:\/\/tourwhales.com\/fr\/wp-json\/wp\/v2\/product"}],"about":[{"href":"https:\/\/tourwhales.com\/fr\/wp-json\/wp\/v2\/types\/product"}],"wp:featuredmedia":[{"embeddable":true,"href":"https:\/\/tourwhales.com\/fr\/wp-json\/wp\/v2\/media\/9698"}],"wp:attachment":[{"href":"https:\/\/tourwhales.com\/fr\/wp-json\/wp\/v2\/media?parent=9686"}],"wp:term":[{"taxonomy":"product_cat","embeddable":true,"href":"https:\/\/tourwhales.com\/fr\/wp-json\/wp\/v2\/product_cat?post=9686"},{"taxonomy":"product_tag","embeddable":true,"href":"https:\/\/tourwhales.com\/fr\/wp-json\/wp\/v2\/product_tag?post=9686"}],"curies":[{"name":"wp","href":"https:\/\/api.w.org\/{rel}","templated":true}]}}