
{"id":9653,"date":"2019-10-15T08:33:05","date_gmt":"2019-10-15T08:33:05","guid":{"rendered":"https:\/\/tourwhales.com\/?post_type=product&#038;p=9653"},"modified":"2024-10-18T20:29:17","modified_gmt":"2024-10-18T20:29:17","slug":"catalina-island-altos-de-chavon-from-punta-cana-snorkeling-with-catamaran-party","status":"publish","type":"product","link":"https:\/\/tourwhales.com\/fr\/Tours-Excursions\/lunch\/catalina-island-altos-de-chavon-from-punta-cana-snorkeling-with-catamaran-party\/","title":{"rendered":"Catalina Island &amp; Altos de Chavon De Punta Cana (Snorkeling avec Catamaran Party)"},"content":{"rendered":"<section class=\"wpb-content-wrapper\"><div class=\"vc_row wpb_row vc_row-fluid\" ><div class=\"wpb_column vc_column_container vc_col-sm-12\"><div class=\"vc_column-inner\"><div class=\"wpb_wrapper\"><div class=\"mkdf-section-title-holder\" style=\"text-align: left\">\n\t<div class=\"mkdf-st-inner\">\n\t\t\t\t\t<h5 class=\"mkdf-st-subtitle\" >\n\t\t\t\tExp\u00e9rience d&#039;une demi-journ\u00e9e\t\t\t<\/h5>\n\t\t\t\t\t\t\t<h3 class=\"mkdf-st-title\" >\n\t\t\t\t\u00cele de Catalina et plong\u00e9e en apn\u00e9e avec catamaran au d\u00e9part de Punta Cana\t\t\t<\/h3>\n\t\t\t\t\t<\/div>\n<\/div><div class=\"vc_btn3-container vc_btn3-inline\" ><button class=\"vc_general vc_btn3 vc_btn3-size-md vc_btn3-shape-rounded vc_btn3-style-modern vc_btn3-color-green\">RESERVE MAINTENANT<\/button><\/div><\/div><\/div><\/div><\/div><div class=\"vc_row wpb_row vc_row-fluid\" ><div class=\"wpb_column vc_column_container vc_col-sm-12\"><div class=\"vc_column-inner\"><div class=\"wpb_wrapper\">\n\t<div class=\"wpb_text_column wpb_content_element\" >\n\t\t<div class=\"wpb_wrapper\">\n\t\t\t<div class=\"vc_row wpb_row vc_row-fluid\">\n<div class=\"wpb_column vc_column_container vc_col-sm-12\">\n<div class=\"vc_column-inner\">\n<div class=\"wpb_wrapper\">\n<div class=\"wpb_text_column wpb_content_element\">\n<div class=\"wpb_wrapper\">\n<div class=\"vc_row wpb_row vc_row-fluid\">\n<div class=\"wpb_column vc_column_container vc_col-sm-12\">\n<div class=\"vc_column-inner\">\n<div class=\"wpb_wrapper\">\n<div class=\"wpb_text_column wpb_content_element\">\n<div class=\"wpb_wrapper\">\n<h4><b><i>Aper\u00e7u<\/i><\/b><\/h4>\n<p>Nous profitons d&#039;une excursion en catamaran \u00e0 travers les eaux cristallines jusqu&#039;\u00e0 l&#039;\u00eele de Catalina, la zone la plus connue pour la plong\u00e9e en apn\u00e9e en R\u00e9publique dominicaine.<\/p>\n<p>Votre journ\u00e9e commence par une prise en charge dans le hall principal de votre h\u00f4tel ou \u00e0 un point de rendez-vous sp\u00e9cifi\u00e9. Ensuite, nous continuerons vers l&#039;\u00eele de Catalina pour profiter d&#039;un bain rafra\u00eechissant et de quelques boissons, tandis que quiconque peut effectuer 2 types de plong\u00e9e avec un instructeur et apr\u00e8s nous mangerons un d\u00e9licieux d\u00e9jeuner buffet \u00e0 la plage et nous prendrons des cours de Salsa et Bachata, tandis que nous pr\u00e9parons \u00e9galement de d\u00e9licieuses boissons. Une fois fatigu\u00e9 d&#039;\u00eatre paresseux sur la plage, prenez du mat\u00e9riel de plong\u00e9e en apn\u00e9e et admirez le monde sous-marin de Catalina.<\/p>\n<p>L&#039;oc\u00e9an, si incroyablement clair, et la plage de sable blanc vous attendent. D\u00e9tendez-vous sur un transat ou faites de la plong\u00e9e avec tuba tout compris pour vous. Vous appr\u00e9cierez o\u00f9 vous verrez la tradition de notre musique et de notre danse.<\/p>\n<p>Apr\u00e8s cela, nous allons \u00e0 Altos de Chavon Cattle and River!<\/p>\n<p><strong>Note:<\/strong> Cette visite n&#039;est pas priv\u00e9e. Si vous souhaitez organiser une visite priv\u00e9e, contactez-nous!<\/p>\n<ul>\n<li>\n<div class=\"py-1 inclusions-exclusions-item d-flex\" lang=\"en-x-mtfrom-en\">\n<div class=\"d-inline-block inclusions-exclusions-text\">Transport priv\u00e9<\/div>\n<\/div>\n<\/li>\n<li>Piscine naturelle pour observer les \u00e9toiles de mer<\/li>\n<li>Plong\u00e9e en apn\u00e9e<\/li>\n<li>D\u00e9jeuner<\/li>\n<li>Transfert Bateau Catamaran<\/li>\n<li>Le capitaine assure l&#039;instruction et la supervision<\/li>\n<li>Guide touristique<\/li>\n<\/ul>\n<p>&nbsp;<\/p>\n<h4><b>Inclusions et exclusions<\/b><\/h4>\n<p><b>Inclusions<\/b><\/p>\n<ol>\n<li>Guide touristique<\/li>\n<li>plong\u00e9e en apn\u00e9e<\/li>\n<li>D\u00e9jeuner<\/li>\n<li>Prise en charge dans les h\u00f4tels<\/li>\n<li>Excursion en catamaran ou en bateau<\/li>\n<li>Toutes les taxes, frais et frais de traitement<\/li>\n<li>Taxes locales<\/li>\n<li>Breuvages<\/li>\n<\/ol>\n<p><b>Exclusions<\/b><\/p>\n<ol>\n<li>Pourboires<\/li>\n<li>Photos<\/li>\n<\/ol>\n<h4><em><strong>D\u00e9part &amp; Retour<\/strong><\/em><\/h4>\n<p>Le voyageur obtiendra un point de rendez-vous apr\u00e8s le processus de r\u00e9servation. Les visites commencent et se terminent dans nos points de rendez-vous.<\/p>\n<h3>\u00cele de Catalina et plong\u00e9e en apn\u00e9e avec catamaran au d\u00e9part de Punta Cana - Exp\u00e9rience d&#039;une demi-journ\u00e9e.<\/h3>\n<h4><b><i>\u00c0 quoi s&#039;attendre?<\/i><\/b><\/h4>\n<p>Au cours de l&#039;excursion sur l&#039;\u00eele de Catalina au d\u00e9part de Punta Cana, les clients auront l&#039;occasion de faire de la plong\u00e9e avec tuba dans les r\u00e9cifs coralliens vibrants de Catalina, nageant parmi des bancs de poissons anim\u00e9s profitant de la magnifique faune sous-marine des Cara\u00efbes.<\/p>\n<p>Nous commencerons l&#039;excursion de plong\u00e9e en apn\u00e9e en partant le matin vers La Romana. Pendant le trajet, nous passerons par les champs de canne \u00e0 sucre pendant que votre guide vous fournira des informations int\u00e9ressantes sur l&#039;histoire de la r\u00e9gion, la culture g\u00e9n\u00e9rale et les techniques de fabrication du rhum du pays. \u00c0 votre arriv\u00e9e \u00e0 La Romana, nous monterons \u00e0 bord de notre catamaran et partirons vers Catalina. Notre premier arr\u00eat sur l&#039;\u00eele sera &quot;The Wall&quot;, un majestueux mur de corail qui s&#039;\u00e9tend de l&#039;\u00eele \u00e0 la mer des Cara\u00efbes.<\/p>\n<p>Apr\u00e8s la plong\u00e9e en apn\u00e9e, vous continuerez le chemin vers la belle plage de Catalina, un lieu exclusif. \u00c0 votre arriv\u00e9e, vous aurez acc\u00e8s \u00e0 2 kilom\u00e8tres de plages de sable blanc et d&#039;eaux cristallines, \u00e0 un bar de plage avec boissons et \u00e0 un d\u00e9licieux d\u00e9jeuner buffet dominicain avec barbecue. Nous embarquerons sur le catamaran vers 15h30 pour retourner \u00e0 Punta Cana apr\u00e8s une incroyable journ\u00e9e de snorkeling et de d\u00e9tente sur l&#039;\u00eele de Catalina. \u00celeAu cours de l&#039;excursion sur l&#039;\u00eele de Catalina au d\u00e9part de Punta Cana, les clients auront la possibilit\u00e9 de faire de la plong\u00e9e avec tuba dans les r\u00e9cifs coralliens vibrants de Catalina, de nager parmi des bancs de poissons anim\u00e9s et de profiter de la magnifique faune sous-marine des Cara\u00efbes.<\/p>\n<p>Nous commencerons l&#039;excursion de plong\u00e9e en apn\u00e9e en partant le matin vers La Romana. Pendant le trajet, nous passerons par les champs de canne \u00e0 sucre pendant que votre guide vous fournira des informations int\u00e9ressantes sur l&#039;histoire de la r\u00e9gion, la culture g\u00e9n\u00e9rale et les techniques de fabrication du rhum du pays. \u00c0 votre arriv\u00e9e \u00e0 La Romana, nous monterons \u00e0 bord de notre catamaran et partirons vers Catalina.<\/p>\n<p>Notre premier arr\u00eat sur l&#039;\u00eele sera &quot;The Wall&quot;, un majestueux mur de corail qui s&#039;\u00e9tend de l&#039;\u00eele \u00e0 la mer des Cara\u00efbes. Apr\u00e8s la plong\u00e9e en apn\u00e9e, vous continuerez le chemin vers la belle plage de Catalina, un lieu exclusif. \u00c0 votre arriv\u00e9e, vous aurez acc\u00e8s \u00e0 2 kilom\u00e8tres de plages de sable blanc et d&#039;eaux cristallines, \u00e0 un bar de plage avec boissons et \u00e0 un d\u00e9licieux d\u00e9jeuner buffet dominicain avec barbecue. Nous embarquerons sur le catamaran vers 15h30 pour retourner \u00e0 Punta Cana apr\u00e8s une incroyable journ\u00e9e de snorkeling et de d\u00e9tente sur l&#039;\u00eele de Catalina.<\/p>\n<div class=\"a-text--first-content _for-copy-large l-hide-for-large\">\n<p>Laisse le<strong>\u00a0Le paradis carib\u00e9en de l&#039;\u00eele de Catalina vous captivera\u00a0<\/strong>et explorez le pittoresque\u00a0<strong>Altos de Chavon<\/strong>\u00a0lors de cette excursion d&#039;une journ\u00e9e incontournable au d\u00e9part de La Romana.<\/p>\n<\/div>\n<div id=\"o-slider--activity-detail__container\" class=\"o-slider js-module-slider is-photos\"><\/div>\n<div id=\"l-768-calendar-anchor\"><\/div>\n<div id=\"new-fading-text\" class=\"new-fading-text _loaded u-no-before show-hidden-elements\">\n<div class=\"o-activity-description\">\n<h2>Excursion d&#039;une journ\u00e9e \u00e0 l&#039;\u00eele de Catalina et \u00e0 Altos de Chav\u00f3n<\/h2>\n<p>Apr\u00e8s avoir \u00e9t\u00e9 pris en charge \u00e0 votre h\u00f4tel t\u00f4t le matin, vous partirez \u00e0 l&#039;aventure en faisant votre premier arr\u00eat \u00e0\u00a0<strong>Altos de Chavon<\/strong>. Vous aurez 40 minutes pour explorer ce<strong>\u00a0belle reconstitution d&#039;un village de style m\u00e9diterran\u00e9en<\/strong>\u00a0et admirez la vue sur la rivi\u00e8re Chav\u00f3n qui coule \u00e0 c\u00f4t\u00e9. Vraiment enchanteur !<\/p>\n<p class=\"new-fading-text__hidden-element\">Poursuivant votre visite, vous serez conduit \u00e0 un quai sur le\u00a0<strong>Rivi\u00e8re Salado\u00a0<\/strong>o\u00f9 votre\u00a0<strong>catamaran\u00a0<\/strong>vous attendra pour mettre les voiles vers Isla Catalina. Au cours de votre croisi\u00e8re, qui durera environ 40 minutes, vous prendrez un verre \u00e0 bord tout en vous \u00e9merveillant devant les\u00a0<strong>bleu per\u00e7ant de la scintillante mer des Cara\u00efbes<\/strong>.<\/p>\n<p class=\"new-fading-text__hidden-element\">\u00c0 l&#039;approche de votre destination, vous vous dirigerez directement vers le r\u00e9cif corallien connu sous le nom de La Pared, ou The Wall, o\u00f9 vous aurez l&#039;occasion de\u00a0<strong>rafra\u00eechissez-vous avec un plongeon rafra\u00eechissant dans la mer et faites de la plong\u00e9e avec tuba parmi l&#039;incroyable vie marine<\/strong>. Passez 40 minutes \u00e0 explorer sous l&#039;eau, avant de retourner au catamaran et de jeter l&#039;ancre au quai de l&#039;\u00eele de Catalina.<\/p>\n<p class=\"new-fading-text__hidden-element\">Les pieds sur la terre ferme, vous serez conduit dans un petit restaurant avec une vue imprenable sur la mer, o\u00f9 vous aurez droit \u00e0 un\u00a0<strong>d\u00e9licieux d\u00e9jeuner buffet<\/strong>. Avec une \u00e9nergie renouvel\u00e9e, vous aurez alors trois heures de temps libre pour profiter au maximum de la\u00a0<strong>plages paradisiaques de sable blanc<\/strong>. Que vous pr\u00e9f\u00e9riez vous d\u00e9tendre et bronzer ou vous essayer \u00e0 une activit\u00e9 ludique comme le paddle surf, vous passerez un apr\u00e8s-midi inoubliable.<\/p>\n<p class=\"new-fading-text__hidden-element\">En fin de journ\u00e9e, vous retournerez au catamaran pour retourner \u00e0 La Romana, o\u00f9 vous serez d\u00e9pos\u00e9 \u00e0 votre h\u00f4tel.<\/p>\n<\/div>\n<\/div>\n<p>&nbsp;<\/p>\n<p><strong>Calendrier:<\/strong><\/p>\n<p>7h00 \u2013 16h30<\/p>\n<p>&nbsp;<\/p>\n<\/div>\n<p>L&#039;heure peut changer en fonction de l&#039;heure de d\u00e9part des h\u00f4tels.<\/p>\n<div class=\"wpb_wrapper\">\n<p>&nbsp;<\/p>\n<h4><em><strong>Que devez-vous apporter?<\/strong><\/em><\/h4>\n<ul>\n<li>Appareil photo<\/li>\n<li>Bourgeons r\u00e9pulsifs<\/li>\n<li>cr\u00eame solaire<\/li>\n<li>Chapeau<\/li>\n<li>Pantalon confortable<\/li>\n<li>Maillot de bain<\/li>\n<li>De l&#039;argent pour des souvenirs<\/li>\n<\/ul>\n<p>&nbsp;<\/p>\n<h4><b><i>Prise en charge \u00e0 l&#039;h\u00f4tel<\/i><\/b><\/h4>\n<p>La prise en charge \u00e0 l&#039;h\u00f4tel est offerte pour cette visite. Nous pouvons le configurer via Whatsapp. Depuis les h\u00f4tels La Romana, Punta Cana, Bavaro et Bayahibe.<\/p>\n<p>&nbsp;<\/p>\n<p><b>Note:<\/b> si vous r\u00e9servez dans les 24 heures suivant l&#039;heure de d\u00e9part de la visite \/ excursion, nous pouvons organiser la prise en charge \u00e0 l&#039;h\u00f4tel. Une fois votre achat termin\u00e9, nous vous enverrons les coordonn\u00e9es compl\u00e8tes (num\u00e9ro de t\u00e9l\u00e9phone, adresse e-mail, etc.) de notre guide local pour organiser la prise en charge.<\/p>\n<h4><b><i>Confirmation d&#039;informations suppl\u00e9mentaires<\/i><\/b><\/h4>\n<ol>\n<li>Les billets sont le re\u00e7u apr\u00e8s avoir pay\u00e9 ce tour. Vous pouvez afficher le paiement sur votre t\u00e9l\u00e9phone.<\/li>\n<li>Le point de rencontre sera re\u00e7u apr\u00e8s le processus de r\u00e9servation.<\/li>\n<li>Les enfants doivent \u00eatre accompagn\u00e9s par un adulte.<\/li>\n<li>Accessible aux fauteuils roulants<\/li>\n<li>Les b\u00e9b\u00e9s doivent s&#039;asseoir sur les genoux<\/li>\n<li>La plupart des voyageurs peuvent participer<\/li>\n<\/ol>\n<h4><b><i>Politique d&#039;annulation<\/i><\/b><\/h4>\n<p>Pour un remboursement complet, veuillez lire nos Politiques d&#039;annulation\u00a0<a href=\"https:\/\/tourwhales.com\/fr\/online-booking\/\" target=\"_blank\" rel=\"noopener\" data-saferedirecturl=\"https:\/\/www.google.com\/url?q=https:\/\/tourwhales.com\/online-booking\/&amp;source=gmail&amp;ust=1672532492004000&amp;usg=AOvVaw3ylqI1cdbIPTimEqEWneyd\">Cliquez ici<\/a>. Les fonds seront perdus si la r\u00e9servation est annul\u00e9e le jour m\u00eame du voyage.<\/p>\n<\/div>\n<\/div>\n<\/div>\n<\/div>\n<\/div>\n<\/div>\n<\/div>\n<\/div>\n<\/div>\n<\/div>\n<\/div>\n<\/div>\n<div class=\"vc_row wpb_row vc_row-fluid\">\n<div class=\"wpb_column vc_column_container vc_col-sm-12\">\n<div class=\"vc_column-inner\">\n<div class=\"wpb_wrapper\">\n<div class=\"vc_empty_space\"><\/div>\n<div class=\"wpb_text_column wpb_content_element\">\n<div class=\"wpb_wrapper\">\n<h4>Nous contacter?<\/h4>\n<h5><b><i>Aventures de r\u00e9servation<\/i><\/b><\/h5>\n<p><em><strong>des locaux<\/strong>\u00a0et\u00a0<strong>Nationaux<\/strong>\u00a0Guides touristiques et services aux invit\u00e9s<\/em><\/p>\n<p><span class=\"text-turquoise\">R\u00e9servations:<\/span>\u00a0Visites et excursions \u00e0 Dom. repr\u00e9sentant<\/p>\n<p><img decoding=\"async\" class=\"emoji\" src=\"https:\/\/s.w.org\/images\/core\/emoji\/11.2.0\/svg\/1f4de.svg\" alt=\"\ud83d\udcde\" \/>\u00a0T\u00e9l \/ Whatsapp\u00a0\u00a0<a href=\"tel:+18494995063\">+18494995063<\/a>.<\/p>\n<p><img decoding=\"async\" class=\"emoji\" src=\"https:\/\/s.w.org\/images\/core\/emoji\/11.2.0\/svg\/1f4e9.svg\" alt=\"\ud83d\udce9\" \/>\u00a0<a href=\"mailto:info@bookingadventures.com.do\">info@bookingadventures.com.do<\/a><\/p>\n<p><strong>Nous sommes des visites priv\u00e9es \u00e0 configuration flexible par Whatsapp\u00a0:\u00a0<a href=\"tel:+18097206035\">+18097206035.<\/a><\/strong><\/p>\n<\/div>\n<\/div>\n<\/div>\n<\/div>\n<\/div>\n<\/div>\n\n\t\t<\/div>\n\t<\/div>\n<div class=\"vc_btn3-container vc_btn3-inline\" ><button class=\"vc_general vc_btn3 vc_btn3-size-md vc_btn3-shape-rounded vc_btn3-style-modern vc_btn3-color-green\">RESERVE MAINTENANT<\/button><\/div><\/div><\/div><\/div><\/div><div class=\"vc_row wpb_row vc_row-fluid\" ><div class=\"wpb_column vc_column_container vc_col-sm-12\"><div class=\"vc_column-inner\"><div class=\"wpb_wrapper\"><\/div><\/div><\/div><\/div>\n<\/section>","protected":false},"excerpt":{"rendered":"<p>La minuscule \u00eele de Catalina (Isla Catalina), \u00e0 seulement 2,4 kilom\u00e8tres au large du continent de la R\u00e9publique dominicaine, est une tache de sable idyllique dans les eaux turquoises des Cara\u00efbes. Connue pour ses r\u00e9cifs coralliens bien peupl\u00e9s, Catalina est un r\u00e9pit paisible pour ceux qui cherchent \u00e0 \u00e9chapper \u00e0 l&#039;animation de Punta Cana et de La Romana.<\/p>\n<p>R\u00e9servez une excursion d&#039;une journ\u00e9e avec nous. Catalina Island dans un catamaran de f\u00eate avec plong\u00e9e en apn\u00e9e!<\/p>\n<p>&nbsp;<\/p>\n<p>Veuillez s\u00e9lectionner la date de l&#039;excursion\u00a0:<\/p>","protected":false},"featured_media":9658,"template":"","meta":[],"product_cat":[948,483,160,972,967,349,253,255],"product_tag":[973,974,975,485,976,480,296,471,484],"class_list":["post-9653","product","type-product","status-publish","has-post-thumbnail","hentry","product_cat-1-punta-cana","product_cat-catalina-island-catamaran-and-snorkeling","product_cat-lunch","product_cat-punta-cana-group-tours","product_cat-punta-cana-catalina-island","product_cat-tours-and-excursion-punta-cana","product_cat-tours-and-excursions","product_cat-tours-excursions-samana-bay-dominican-republic","product_tag-catalina-island","product_tag-catalina-island-dominican-republic-snorkeling","product_tag-catalina-island-packages","product_tag-catalina-island-snorkeling-dominican-republic","product_tag-catalina-island-tour","product_tag-cheap-punta-cana-excursions","product_tag-day-trip-punta-cana","product_tag-punta-cana-catamaran-party-with-snorkeling-and-parasailing","product_tag-talina-island-snorkeling"],"_links":{"self":[{"href":"https:\/\/tourwhales.com\/fr\/wp-json\/wp\/v2\/product\/9653","targetHints":{"allow":["GET"]}}],"collection":[{"href":"https:\/\/tourwhales.com\/fr\/wp-json\/wp\/v2\/product"}],"about":[{"href":"https:\/\/tourwhales.com\/fr\/wp-json\/wp\/v2\/types\/product"}],"wp:featuredmedia":[{"embeddable":true,"href":"https:\/\/tourwhales.com\/fr\/wp-json\/wp\/v2\/media\/9658"}],"wp:attachment":[{"href":"https:\/\/tourwhales.com\/fr\/wp-json\/wp\/v2\/media?parent=9653"}],"wp:term":[{"taxonomy":"product_cat","embeddable":true,"href":"https:\/\/tourwhales.com\/fr\/wp-json\/wp\/v2\/product_cat?post=9653"},{"taxonomy":"product_tag","embeddable":true,"href":"https:\/\/tourwhales.com\/fr\/wp-json\/wp\/v2\/product_tag?post=9653"}],"curies":[{"name":"wp","href":"https:\/\/api.w.org\/{rel}","templated":true}]}}