
{"id":9613,"date":"2019-10-11T07:35:12","date_gmt":"2019-10-11T07:35:12","guid":{"rendered":"https:\/\/tourwhales.com\/?post_type=product&#038;p=9613"},"modified":"2024-10-18T20:29:18","modified_gmt":"2024-10-18T20:29:18","slug":"samana-day-trip-from-punta-cana-el-limon-waterfall-and-bacardi-island","status":"publish","type":"product","link":"https:\/\/tourwhales.com\/fr\/Tours-Excursions\/horse-riding-to-waterfalls\/samana-day-trip-from-punta-cana-el-limon-waterfall-and-bacardi-island\/","title":{"rendered":"Punta Cana : Excursion d'une journ\u00e9e \u00e0 Saman\u00e1 - Chute d'eau d'El Lim\u00f3n et \u00eele de Bacardi"},"content":{"rendered":"<section class=\"wpb-content-wrapper\"><div class=\"vc_row wpb_row vc_row-fluid\" ><div class=\"wpb_column vc_column_container vc_col-sm-12\"><div class=\"vc_column-inner\"><div class=\"wpb_wrapper\"><div class=\"mkdf-section-title-holder\" style=\"text-align: left\">\n\t<div class=\"mkdf-st-inner\">\n\t\t\t\t\t<h5 class=\"mkdf-st-subtitle\" >\n\t\t\t\t(Prise en charge \u00e0 Punta Cana)\t\t\t<\/h5>\n\t\t\t\t\t\t\t<h3 class=\"mkdf-st-title\" >\n\t\t\t\tExcursion d&#039;une journ\u00e9e \u00e0 Samana au d\u00e9part de Punta Cana - Cascade El Limon et \u00eele Bacardi\t\t\t<\/h3>\n\t\t\t\t\t<\/div>\n<\/div><div class=\"vc_empty_space\"   style=\"height: 32px\"><span class=\"vc_empty_space_inner\"><\/span><\/div>\n\t<div class=\"wpb_text_column wpb_content_element\" >\n\t\t<div class=\"wpb_wrapper\">\n\t\t\t<div class=\"vc_row wpb_row vc_row-fluid\">\n<div class=\"wpb_column vc_column_container vc_col-sm-12\">\n<div class=\"vc_column-inner\">\n<div class=\"wpb_wrapper\">\n<div class=\"mkdf-section-title-holder\">\n<div class=\"mkdf-st-inner\">\n<h5 class=\"mkdf-st-subtitle\">(Prise en charge \u00e0 Punta Cana)<\/h5>\n<h3 class=\"mkdf-st-title\">Excursion d&#039;une journ\u00e9e \u00e0 Samana au d\u00e9part de Punta Cana - Cascade El Limon et \u00eele Bacardi<\/h3>\n<\/div>\n<\/div>\n<\/div>\n<\/div>\n<\/div>\n<\/div>\n<div class=\"vc_row wpb_row vc_row-fluid\"><\/div>\n<div class=\"wpb_column vc_column_container vc_col-sm-12\">\n<div class=\"vc_column-inner\">\n<div class=\"wpb_wrapper\"><\/div>\n<\/div>\n<\/div>\n<div class=\"wpb_text_column wpb_content_element\">\n<div class=\"wpb_wrapper\"><\/div>\n<\/div>\n<h4><a id=\"overview\" class=\"aal_anchor\" href=\"https:\/\/bookingadventures.com.do\/dominicantour\/samana-day-trip-from-punta-cana-el-limon-waterfall-and-bacardi-island\/#overview\" aria-hidden=\"true\"><\/a><b><i>Aper\u00e7u<\/i><\/b><\/h4>\n<p>Si vous \u00eates \u00e0 Punta Cana ou \u00e0 Bavaro et que vous souhaitez faire une excursion d&#039;une journ\u00e9e en payant moins que d&#039;habitude, allez-y et r\u00e9servez ce voyage. Au cours de ce voyage, nous vous emm\u00e8nerons \u00e0 Samana, o\u00f9 sur un catamaran, vous serez emmen\u00e9 \u00e0 Sabana de la Mar, un canton de Hato Mayor, la maison du parc national Los Haitises. Ce voyage comprend la visite des communaut\u00e9s de Samana et d&#039;El Limon o\u00f9 vous pourrez faire de l&#039;\u00e9quitation ou de la randonn\u00e9e jusqu&#039;\u00e0 une cascade juste apr\u00e8s avoir travers\u00e9 la baie de Samana. Le d\u00e9jeuner sera servi sur l&#039;\u00eele Bacardi. Les voyages commencent \u00e0 6h00 et se terminent \u00e0 18h30. Faites votre r\u00e9servation maintenant!<\/p>\n<p>Apr\u00e8s cette exp\u00e9rience, nous vous d\u00e9poserons \u00e0 votre h\u00f4tel.<\/p>\n<ul>\n<li>Frais inclus<\/li>\n<li>D\u00e9jeuner \u00e0 la plage inclus<\/li>\n<li>Transfert inclus<\/li>\n<li>Le guide fournit des instructions et une supervision<\/li>\n<\/ul>\n<p>&nbsp;<\/p>\n<h4><a id=\"inclusions-exclusions\" class=\"aal_anchor\" href=\"https:\/\/bookingadventures.com.do\/dominicantour\/samana-day-trip-from-punta-cana-el-limon-waterfall-and-bacardi-island\/#inclusions-exclusions\" aria-hidden=\"true\"><\/a><b>Inclusions et exclusions<\/b><\/h4>\n<p>&nbsp;<\/p>\n<p><b>Inclusions<\/b><\/p>\n<p>&nbsp;<\/p>\n<ol>\n<li>Prise en charge \u00e0 l&#039;h\u00f4tel<\/li>\n<li>Baie de Samana<\/li>\n<li>\u00cele Bacardi, plage et d\u00e9jeuner<\/li>\n<li>Safari \u00e0 El Limon<\/li>\n<li>\u00c9quitation ou randonn\u00e9e aux cascades<\/li>\n<li>Cocktails dominicains<\/li>\n<li>Toutes les taxes, frais et frais de traitement<\/li>\n<li>Taxes locales<\/li>\n<li>Breuvages<\/li>\n<li>L&#039;ensemble des Activit\u00e9s<\/li>\n<li>Guide local<\/li>\n<\/ol>\n<p><b>Exclusions<\/b><\/p>\n<ol>\n<li>Pourboires<\/li>\n<li>Boissons alcoolis\u00e9es apr\u00e8s les cocktails<\/li>\n<\/ol>\n<p>&nbsp;<\/p>\n<h4><a id=\"departure-return\" class=\"aal_anchor\" href=\"https:\/\/bookingadventures.com.do\/dominicantour\/samana-day-trip-from-punta-cana-el-limon-waterfall-and-bacardi-island\/#departure-return\" aria-hidden=\"true\"><\/a><em><strong>D\u00e9part &amp; Retour<\/strong><\/em><\/h4>\n<p>Le voyageur obtiendra un point de rendez-vous apr\u00e8s le processus de r\u00e9servation. Les visites commencent et se terminent dans nos points de rendez-vous.<\/p>\n<p>&nbsp;<\/p>\n<h3><a id=\"samana-day-trip-from-punta-cana-el-limon-waterfall-and-bacardi-island\" class=\"aal_anchor\" href=\"https:\/\/bookingadventures.com.do\/dominicantour\/samana-day-trip-from-punta-cana-el-limon-waterfall-and-bacardi-island\/#samana-day-trip-from-punta-cana-el-limon-waterfall-and-bacardi-island\" aria-hidden=\"true\"><\/a>Excursion d&#039;une journ\u00e9e \u00e0 Samana au d\u00e9part de Punta Cana - Cascade El Limon et \u00eele Bacardi<\/h3>\n<h4><a id=\"what-to-expect\" class=\"aal_anchor\" href=\"https:\/\/bookingadventures.com.do\/dominicantour\/samana-day-trip-from-punta-cana-el-limon-waterfall-and-bacardi-island\/#what-to-expect\" aria-hidden=\"true\"><\/a><b><i>\u00c0 quoi s&#039;attendre?<\/i><\/b><\/h4>\n<p>&nbsp;<\/p>\n<p><strong>Obtenez vos billets maintenant<\/strong>. Les cascades, l&#039;\u00e9quitation, la randonn\u00e9e et le safari, la baignade \u00e0 Natural Springs, le d\u00e9jeuner sur l&#039;\u00eele Bacardi et d&#039;autres activit\u00e9s amusantes vous attendent.<\/p>\n<p>Au d\u00e9part de Punta Cana en bus, nous nous dirigerons vers le port de la baie de Samana. Une fois au port, nous monterons \u00e0 bord d&#039;un bateau ou d&#039;un catamaran avec des guides touristiques locaux qui vous dirigeront vers la communaut\u00e9 de Samana. Dans cette communaut\u00e9, un Safari Tour vous emm\u00e8nera vous apprendre l&#039;histoire de cette ville. Mais ce n&#039;est pas tout, la cascade El Limon est la suivante, ici vous pourrez nager et faire de la randonn\u00e9e ou faire de l&#039;\u00e9quitation. La cascade El Limon est un monument naturel fantastique avec une for\u00eat tropicale et des sources naturelles claires. Sur le chemin du retour vers Samana, nous nous arr\u00eaterons \u00e0 l&#039;\u00eele de Bacardi o\u00f9 un d\u00e9jeuner vous sera servi et vous pourrez nager dans l&#039;une des piscines les plus naturelles de la R\u00e9publique dominicaine.<\/p>\n<p>&nbsp;<\/p>\n<p>Si vous souhaitez ajuster ce voyage afin qu&#039;il soit plus court ou plus long, veuillez nous contacter.<\/p>\n<p>&nbsp;<\/p>\n<h4><a id=\"what-you-should-bring\" class=\"aal_anchor\" href=\"https:\/\/bookingadventures.com.do\/dominicantour\/samana-day-trip-from-punta-cana-el-limon-waterfall-and-bacardi-island\/#what-you-should-bring\" aria-hidden=\"true\"><\/a><em><strong>Que devez-vous apporter?<\/strong><\/em><\/h4>\n<ul>\n<li>Appareil photo<\/li>\n<li>Bourgeons r\u00e9pulsifs<\/li>\n<li>cr\u00eame solaire<\/li>\n<li>Chapeau<\/li>\n<li>Pantalon confortable<\/li>\n<li>Chaussures de randonn\u00e9e pour la for\u00eat<\/li>\n<li>Sandales aux zones de printemps.<\/li>\n<li>Maillot de bain<\/li>\n<\/ul>\n<p>&nbsp;<\/p>\n<h4><a id=\"hotel-pickup\" class=\"aal_anchor\" href=\"https:\/\/bookingadventures.com.do\/dominicantour\/samana-day-trip-from-punta-cana-el-limon-waterfall-and-bacardi-island\/#hotel-pickup\" aria-hidden=\"true\"><\/a><b><i>Prise en charge \u00e0 l&#039;h\u00f4tel<\/i><\/b><\/h4>\n<p>Le ramassage des voyageurs est offert!<\/p>\n<p>Nous venons vous chercher dans tous les h\u00f4tels de Punta Cana. Le lieu de prise en charge est le hall de l&#039;h\u00f4tel<br \/>\nSi vous s\u00e9journez dans un condo de la r\u00e9gion, nous viendrons vous chercher au condo ou \u00e0 l&#039;entr\u00e9e de la station baln\u00e9aire la plus proche. Nous organisons la prise en charge en nous contactant par Whatsapp.<\/p>\n<p><b>Note:<\/b>\u00a0Si vous r\u00e9servez dans les 24 heures suivant l&#039;heure de d\u00e9part de la visite \/ excursion, nous pouvons organiser la prise en charge \u00e0 l&#039;h\u00f4tel. Une fois votre achat termin\u00e9, nous vous enverrons les coordonn\u00e9es compl\u00e8tes (num\u00e9ro de t\u00e9l\u00e9phone, adresse e-mail, etc.) de notre guide local pour organiser la prise en charge.<\/p>\n<h4><a id=\"additional-info-confirmation\" class=\"aal_anchor\" href=\"https:\/\/bookingadventures.com.do\/dominicantour\/samana-day-trip-from-punta-cana-el-limon-waterfall-and-bacardi-island\/#additional-info-confirmation\" aria-hidden=\"true\"><\/a><b><i>Confirmation d&#039;informations suppl\u00e9mentaires<\/i><\/b><\/h4>\n<ol>\n<li>Les billets sont le re\u00e7u apr\u00e8s avoir pay\u00e9 ce tour. Vous pouvez afficher le paiement sur votre t\u00e9l\u00e9phone.<\/li>\n<li>Le point de rencontre sera re\u00e7u apr\u00e8s le processus de r\u00e9servation.<\/li>\n<li>Les enfants doivent \u00eatre accompagn\u00e9s par un adulte.<\/li>\n<li>Non accessible aux fauteuils roulants<\/li>\n<li>Les b\u00e9b\u00e9s doivent s&#039;asseoir sur les genoux<\/li>\n<li>Non recommand\u00e9 pour les voyageurs ayant des probl\u00e8mes de dos<\/li>\n<li>D\u00e9conseill\u00e9 aux voyageuses enceintes<\/li>\n<li>Pas de probl\u00e8mes cardiaques ou d&#039;autres conditions m\u00e9dicales graves<\/li>\n<li>La plupart des voyageurs peuvent participer<\/li>\n<\/ol>\n\n\t\t<\/div>\n\t<\/div>\n<\/div><\/div><\/div><\/div><div class=\"wpb_column vc_column_container vc_col-sm-12\"><div class=\"vc_column-inner\"><div class=\"wpb_wrapper\"><\/div><\/div><\/div><div class=\"wpb_column vc_column_container vc_col-sm-12\"><div class=\"vc_column-inner\"><div class=\"wpb_wrapper\"><\/div><\/div><\/div>\n<\/section>","protected":false},"excerpt":{"rendered":"<p>Si vous \u00eates \u00e0 Punta Cana ou \u00e0 Bavaro et que vous souhaitez faire une excursion d&#039;une journ\u00e9e en payant moins que d&#039;habitude, r\u00e9servez ce voyage. Au cours de ce voyage, nous vous emm\u00e8nerons \u00e0 Samana, o\u00f9, sur un catamaran, vous serez conduit \u00e0 Sabana de la Mar, une municipalit\u00e9 de Hato Mayor, si\u00e8ge du parc national Los Haitises. Ce voyage comprend un safari, un catamaran, une baignade en cascade et sur la plage, et bien plus encore. Le voyage commence \u00e0 6h00 et se termine \u00e0 18h30.<\/p>\n<p><strong>S\u00e9lectionnez la date de la visite\u00a0<\/strong><\/p>","protected":false},"featured_media":11580,"template":"","meta":[],"product_cat":[948,456,961,959,189,972,963,190,307,253,254,255],"product_tag":[184,183,384,223,382,380,185,381,222,175,383,186,458,457,200,187],"class_list":["post-9613","product","type-product","status-publish","has-post-thumbnail","hentry","product_cat-1-punta-cana","product_cat-day-trips","product_cat-el-limon-horseback-riding","product_cat-el-limon-punta-cana","product_cat-horse-riding-to-waterfalls","product_cat-punta-cana-group-tours","product_cat-punta-cana-samana-day-trips","product_cat-safari-samana","product_cat-salto-el-limon-and-bacardi-island","product_cat-tours-and-excursions","product_cat-tours-excursions-los-haitises-national-park","product_cat-tours-excursions-samana-bay-dominican-republic","product_tag-bacardi-island","product_tag-beach-time","product_tag-cascada-el-limon-salto-el-limon-samana-republica-dominicana","product_tag-cayo-levantado","product_tag-el-limon-waterfall-bacardi-island-from-punta-cana","product_tag-el-limon-waterfall-and-bacardi-island-tour-from-punta-cana","product_tag-el-limon-waterfalls","product_tag-guided-adventures","product_tag-punta-cana","product_tag-sabana-de-la-mar","product_tag-salto-de-limon-punta-cana","product_tag-samana","product_tag-samana-day-trip-from-punta-cana","product_tag-samana-day-trip-from-punta-cana-el-limon-waterfall-and-bacardi-island","product_tag-samana-excursions","product_tag-samana-tours"],"_links":{"self":[{"href":"https:\/\/tourwhales.com\/fr\/wp-json\/wp\/v2\/product\/9613","targetHints":{"allow":["GET"]}}],"collection":[{"href":"https:\/\/tourwhales.com\/fr\/wp-json\/wp\/v2\/product"}],"about":[{"href":"https:\/\/tourwhales.com\/fr\/wp-json\/wp\/v2\/types\/product"}],"wp:featuredmedia":[{"embeddable":true,"href":"https:\/\/tourwhales.com\/fr\/wp-json\/wp\/v2\/media\/11580"}],"wp:attachment":[{"href":"https:\/\/tourwhales.com\/fr\/wp-json\/wp\/v2\/media?parent=9613"}],"wp:term":[{"taxonomy":"product_cat","embeddable":true,"href":"https:\/\/tourwhales.com\/fr\/wp-json\/wp\/v2\/product_cat?post=9613"},{"taxonomy":"product_tag","embeddable":true,"href":"https:\/\/tourwhales.com\/fr\/wp-json\/wp\/v2\/product_tag?post=9613"}],"curies":[{"name":"wp","href":"https:\/\/api.w.org\/{rel}","templated":true}]}}