
{"id":9483,"date":"2019-09-29T19:07:31","date_gmt":"2019-09-29T19:07:31","guid":{"rendered":"https:\/\/tourwhales.com\/?post_type=product&#038;p=9483"},"modified":"2024-10-18T20:29:18","modified_gmt":"2024-10-18T20:29:18","slug":"playa-rincon-rincon-beach-half-day-trip-samana-dominican-republic","status":"publish","type":"product","link":"https:\/\/tourwhales.com\/fr\/Tours-Excursions\/lunch\/playa-rincon-rincon-beach-half-day-trip-samana-dominican-republic\/","title":{"rendered":"Playa Rinc\u00f3n (plage de Rincon), excursion d&#039;une demi-journ\u00e9e, Saman\u00e1 - R\u00e9publique dominicaine."},"content":{"rendered":"<section class=\"wpb-content-wrapper\"><div class=\"vc_row wpb_row vc_row-fluid\" ><div class=\"wpb_column vc_column_container vc_col-sm-12\"><div class=\"vc_column-inner\"><div class=\"wpb_wrapper\"><div class=\"mkdf-section-title-holder\" style=\"text-align: left\">\n\t<div class=\"mkdf-st-inner\">\n\t\t\t\t\t<h5 class=\"mkdf-st-subtitle\" >\n\t\t\t\tD\u00e9jeuner, promenade en bateau et transport priv\u00e9 depuis les h\u00f4tels.\t\t\t<\/h5>\n\t\t\t\t\t\t\t<h3 class=\"mkdf-st-title\" >\n\t\t\t\tPlaya Rinc\u00f3n, Playa Fronton + Plage Playa Madame, Saman\u00e1 - R\u00e9publique dominicaine.\t\t\t<\/h3>\n\t\t\t\t\t<\/div>\n<\/div><div class=\"vc_btn3-container vc_btn3-inline\" ><button class=\"vc_general vc_btn3 vc_btn3-size-md vc_btn3-shape-rounded vc_btn3-style-modern vc_btn3-color-green\">RESERVE MAINTENANT<\/button><\/div>\n\t<div class=\"wpb_text_column wpb_content_element\" >\n\t\t<div class=\"wpb_wrapper\">\n\t\t\t<h3><\/h3>\n<h4><b><i>Aper\u00e7u <\/i><\/b><\/h4>\n<p>Le voyage commence par venir vous chercher \u00e0 votre h\u00f4tel ou \u00e0 l&#039;a\u00e9roport de la r\u00e9gion de Samana ou de Las Galeras. D\u00e9couvrez avec nous la plage d&#039;El Rincon, une plage de sable blanc immacul\u00e9e et longue, qui borde une baie aux eaux turquoises calmes, parsem\u00e9e de cocotiers, qui capte l&#039;attention de tous les visiteurs. El Rincon est l&#039;une des dix meilleures plages du monde. Pour vous rendre sur cette plage unique, vous profiterez du style de vie de la R\u00e9publique dominicaine tout en vous dirigeant vers la plage. Dans un bus, vous ferez quelques arr\u00eats dans des magasins de fruits o\u00f9 vous pourrez en acheter si vous le souhaitez, vous verrez des maisons locales et d\u00e9couvrirez la vraie vie dominicaine.<\/p>\n<ul>\n<li>Vous d\u00e9jeunerez les pieds dans le sable tandis que des chants merengue et bachata joueront \u00e0 \u00ab El Paraiso \u00bb o\u00f9 vous sera servi un repas complet comprenant un plat de poisson, accompagn\u00e9 de boissons et cocktails locaux. Vous y trouverez une perle naturelle consid\u00e9r\u00e9e comme l&#039;une des plus belles plages du pays. Le sable blanc et fin, la mer turquoise et les palmiers d&#039;un m\u00e8tre de haut parlent d&#039;eux-m\u00eames.<\/li>\n<\/ul>\n<p>&nbsp;<\/p>\n<ul>\n<li>Guide local avec exp\u00e9rience en s\u00e9curit\u00e9 dans la r\u00e9gion.<\/li>\n<li>Transport priv\u00e9<\/li>\n<li>Frais inclus<\/li>\n<li>D\u00e9jeuner \u00e0 la plage<\/li>\n<li>Guide touristique local en espagnol, anglais ou fran\u00e7ais.<\/li>\n<li>Randonn\u00e9e<\/li>\n<\/ul>\n<h4><b>Inclusions et exclusions<\/b><\/h4>\n<p>&nbsp;<\/p>\n<p><b>Inclusions<\/b><\/p>\n<ol>\n<li><span style=\"font-weight: 400;\">Guide local avec exp\u00e9rience en mati\u00e8re de s\u00e9curit\u00e9 dans la r\u00e9gion.<\/span><\/li>\n<li>Transport priv\u00e9 pour petits groupes<\/li>\n<li style=\"font-weight: 400;\">Plage El Rincon<\/li>\n<li>Maison Dominicaine Ranch<\/li>\n<li>Rivi\u00e8re Cano Frio<\/li>\n<li style=\"font-weight: 400;\"><span style=\"font-weight: 400;\">Toutes les taxes, frais et frais de traitement<\/span><\/li>\n<li style=\"font-weight: 400;\"><span style=\"font-weight: 400;\">Taxes locales<\/span><\/li>\n<li>D\u00e9jeuner \u00e0 la plage<\/li>\n<li>Randonn\u00e9e<\/li>\n<li style=\"font-weight: 400;\"><span style=\"font-weight: 400;\">L&#039;ensemble des Activit\u00e9s<\/span><\/li>\n<\/ol>\n<p><b> Exclusions<\/b><\/p>\n<ol>\n<li style=\"font-weight: 400;\"><span style=\"font-weight: 400;\">Pourboires<\/span><\/li>\n<li>Toutes les boissons<\/li>\n<\/ol>\n<h4><em><strong>D\u00e9part &amp; Retour<\/strong><\/em><\/h4>\n<p><span style=\"font-weight: 400;\">Le voyageur obtiendra un point de rendez-vous apr\u00e8s le processus de r\u00e9servation. Les visites commencent et se terminent \u00e0 vos points de rendez-vous.<\/span><\/p>\n<h3>Playa Rinc\u00f3n (plage de Rincon), excursion d&#039;une demi-journ\u00e9e, Saman\u00e1 - R\u00e9publique dominicaine.<\/h3>\n<h4><em>\u00c0 quoi s&#039;attendre?<\/em><\/h4>\n<p>Apr\u00e8s avoir quitt\u00e9 la zone h\u00f4teli\u00e8re de Samana et travers\u00e9 les rues dominicaines, vous d\u00e9couvrirez et d\u00e9couvrirez le style de vie local. Visiter Playa Rinc\u00f3n est une bande de sable blanc pr\u00e9serv\u00e9e qui s&#039;\u00e9tend sur environ 2,5 miles (4 kilom\u00e8tres) le long d&#039;une partie non d\u00e9velopp\u00e9e de la c\u00f4te. Bord\u00e9e d&#039;une bordure de cocotiers et entour\u00e9e de montagnes et de falaises aux deux extr\u00e9mit\u00e9s, cette plage isol\u00e9e ressemble \u00e0 une v\u00e9ritable utopie, coup\u00e9e de la civilisation. Ici, l&#039;eau est super claire et un r\u00e9cif de corail environnant assure la s\u00e9curit\u00e9 de la plage, ce qui signifie que vous pouvez vous baigner sans risque. Nous visiterons \u00e9galement la rivi\u00e8re Cano Frio.<\/p>\n<p>&nbsp;<\/p>\n<p>Cette visite, organis\u00e9e par &quot;Booking Adventures&quot; commence au point de rendez-vous fix\u00e9 avec notre guide touristique. Venez avec Booking Adventures et d\u00e9jeunez \u00e0 la plage et profitez de l&#039;une des plus belles plages de Samana, en R\u00e9publique dominicaine.<\/p>\n<h4><em><strong>Que devez-vous apporter?<\/strong><\/em><\/h4>\n<ul>\n<li style=\"font-weight: 400;\"><span style=\"font-weight: 400;\">Appareil photo<\/span><\/li>\n<li style=\"font-weight: 400;\"><span style=\"font-weight: 400;\">Bourgeons r\u00e9pulsifs<\/span><\/li>\n<li style=\"font-weight: 400;\"><span style=\"font-weight: 400;\">Cr\u00eame solaire<\/span><\/li>\n<li>L&#039;eau<\/li>\n<li style=\"font-weight: 400;\"><span style=\"font-weight: 400;\">Chapeau<\/span><\/li>\n<li style=\"font-weight: 400;\"><span style=\"font-weight: 400;\">Pantalon confortable<\/span><\/li>\n<li style=\"font-weight: 400;\"><span style=\"font-weight: 400;\">Chaussures de randonn\u00e9e pour la for\u00eat<\/span><\/li>\n<li style=\"font-weight: 400;\"><span style=\"font-weight: 400;\">Sandales aux zones de printemps.<\/span><\/li>\n<li style=\"font-weight: 400;\"><span style=\"font-weight: 400;\">Maillot de bain<\/span><\/li>\n<\/ul>\n<p>&nbsp;<\/p>\n<h4><b><i>Prise en charge \u00e0 l&#039;h\u00f4tel <\/i><\/b><\/h4>\n<p><span style=\"font-weight: 400;\">La prise en charge \u00e0 l&#039;h\u00f4tel est offerte pour cette visite. <\/span><\/p>\n<p>&nbsp;<\/p>\n<p><b>Note:<\/b><span style=\"font-weight: 400;\"> Si vous r\u00e9servez dans les 24 heures suivant l&#039;heure de d\u00e9part de la visite \/ excursion, nous pouvons organiser la prise en charge \u00e0 l&#039;h\u00f4tel. Nous venons de r\u00e9cup\u00e9rer dans la r\u00e9gion de Samana. Une fois votre achat termin\u00e9, nous vous enverrons les coordonn\u00e9es compl\u00e8tes (num\u00e9ro de t\u00e9l\u00e9phone, adresse e-mail, etc.) de notre guide local pour organiser la prise en charge.<\/span><\/p>\n<h4><b><i>Confirmation d&#039;informations suppl\u00e9mentaires <\/i><\/b><\/h4>\n<ol>\n<li>Les billets sont le re\u00e7u apr\u00e8s avoir pay\u00e9 ce tour. Vous pouvez afficher le paiement sur votre t\u00e9l\u00e9phone.<\/li>\n<li style=\"font-weight: 400;\"><span style=\"font-weight: 400;\">Le point de rencontre sera re\u00e7u apr\u00e8s le processus de r\u00e9servation.<\/span><\/li>\n<li style=\"font-weight: 400;\"><span style=\"font-weight: 400;\">Les enfants doivent \u00eatre accompagn\u00e9s par un adulte.<\/span><\/li>\n<li style=\"font-weight: 400;\"><span style=\"font-weight: 400;\"> Non accessible aux fauteuils roulants <\/span><\/li>\n<li style=\"font-weight: 400;\"><span style=\"font-weight: 400;\">Les b\u00e9b\u00e9s doivent s&#039;asseoir sur les genoux <\/span><\/li>\n<li style=\"font-weight: 400;\"><span style=\"font-weight: 400;\">Non recommand\u00e9 pour les voyageurs ayant des probl\u00e8mes de dos<\/span><\/li>\n<li style=\"font-weight: 400;\"><span style=\"font-weight: 400;\">D\u00e9conseill\u00e9 aux voyageuses enceintes <\/span><\/li>\n<li style=\"font-weight: 400;\"><span style=\"font-weight: 400;\"> Pas de probl\u00e8mes cardiaques ou d&#039;autres conditions m\u00e9dicales graves <\/span><\/li>\n<li style=\"font-weight: 400;\"><span style=\"font-weight: 400;\">La plupart des voyageurs peuvent participer<\/span><\/li>\n<\/ol>\n<h4><b><i>Politique d&#039;annulation<\/i><\/b><\/h4>\n<p>Pour un remboursement complet, veuillez lire nos Politiques d&#039;annulation\u00a0<a href=\"https:\/\/tourwhales.com\/fr\/online-booking\/\" target=\"_blank\" rel=\"noopener\" data-saferedirecturl=\"https:\/\/www.google.com\/url?q=https:\/\/tourwhales.com\/online-booking\/&amp;source=gmail&amp;ust=1672532492004000&amp;usg=AOvVaw3ylqI1cdbIPTimEqEWneyd\">Cliquez ici<\/a>. Les fonds seront perdus si la r\u00e9servation est annul\u00e9e le jour m\u00eame du voyage.<\/p>\n\n\t\t<\/div>\n\t<\/div>\n<div class=\"vc_btn3-container vc_btn3-inline\" ><button class=\"vc_general vc_btn3 vc_btn3-size-md vc_btn3-shape-rounded vc_btn3-style-modern vc_btn3-color-green\">RESERVE MAINTENANT<\/button><\/div><\/div><\/div><\/div><\/div><div class=\"vc_row wpb_row vc_row-fluid\" ><div class=\"wpb_column vc_column_container vc_col-sm-12\"><div class=\"vc_column-inner\"><div class=\"wpb_wrapper\">\n\t<div class=\"wpb_video_widget wpb_content_element vc_clearfix   vc_video-aspect-ratio-169 vc_video-el-width-100 vc_video-align-left\" >\n\t\t<div class=\"wpb_wrapper\">\n\t\t\t<h2 class=\"wpb_heading wpb_video_heading\">Boca del diablo et plage du Fronton<\/h2>\n\t\t\t<div class=\"wpb_video_wrapper\"><iframe loading=\"lazy\" title=\"La p\u00e9ninsule de Saman\u00e1, R\u00e9publique dominicaine (DJI Phantom 4 4K)\" width=\"1100\" height=\"619\" src=\"https:\/\/www.youtube.com\/embed\/DYDXVm8Q_iM?feature=oembed\" frameborder=\"0\" allow=\"accelerometer; autoplay; encrypted-media; gyroscope; picture-in-picture\" allowfullscreen><\/iframe><\/div>\n\t\t<\/div>\n\t<\/div>\n<\/div><\/div><\/div><\/div><div class=\"vc_row wpb_row vc_row-fluid\" ><div class=\"wpb_column vc_column_container vc_col-sm-12\"><div class=\"vc_column-inner\"><div class=\"wpb_wrapper\"><div class=\"vc_empty_space\"   style=\"height: 32px\"><span class=\"vc_empty_space_inner\"><\/span><\/div>\n\t<div class=\"wpb_text_column wpb_content_element\" >\n\t\t<div class=\"wpb_wrapper\">\n\t\t\t<h4>Nous contacter?<\/h4>\n<h5>Aventures de r\u00e9servation<\/h5>\n<p><em><strong>des locaux<\/strong>\u00a0et\u00a0<strong>Nationaux<\/strong>\u00a0Guides touristiques et services aux invit\u00e9s<\/em><\/p>\n<p><span class=\"text-turquoise\">R\u00e9servations:<\/span>\u00a0Visites et excursions \u00e0 Dom. repr\u00e9sentant<\/p>\n<p><img decoding=\"async\" class=\"emoji\" draggable=\"false\" src=\"https:\/\/s.w.org\/images\/core\/emoji\/11.2.0\/svg\/1f4de.svg\" alt=\"\ud83d\udcde\" \/>\u00a0T\u00e9l \/ Whatsapp\u00a0\u00a0<a href=\"tel:+18494995063\">+18494995063<\/a>.<\/p>\n<p><img decoding=\"async\" class=\"emoji\" draggable=\"false\" src=\"https:\/\/s.w.org\/images\/core\/emoji\/11.2.0\/svg\/1f4e9.svg\" alt=\"\ud83d\udce9\" \/>\u00a0<a href=\"mailto:info@bookingadventures.com.do\">info@bookingadventures.com.do<\/a><\/p>\n<p><strong>Nous sommes des visites priv\u00e9es \u00e0 configuration flexible par Whatsapp\u00a0:\u00a0<a href=\"tel:+18097206035\">+18097206035.<\/a><\/strong><\/p>\n\n\t\t<\/div>\n\t<\/div>\n<div class=\"vc_empty_space\"   style=\"height: 32px\"><span class=\"vc_empty_space_inner\"><\/span><\/div><\/div><\/div><\/div><\/div><div class=\"vc_row wpb_row vc_row-fluid\" ><div class=\"wpb_column vc_column_container vc_col-sm-12\"><div class=\"vc_column-inner\"><div class=\"wpb_wrapper\"><\/div><\/div><\/div><\/div>\n<\/section>","protected":false},"excerpt":{"rendered":"<p>Visite de la plage de Playa el Rincon avec d\u00e9jeuner \u00e0 la plage, arr\u00eat en chemin dans la maison dominicaine et le magasin de fruits et baignade dans les eaux cristallines de la rivi\u00e8re Cano Frio. Il s&#039;agit d&#039;une exp\u00e9rience d&#039;une demi-journ\u00e9e de la vraie Samana en R\u00e9publique dominicaine.<\/p>\n<p>&nbsp;<\/p>\n<p><strong>Veuillez s\u00e9lectionner la date de la visite\u00a0:\u00a0<\/strong><\/p>","protected":false},"featured_media":9381,"template":"","meta":[],"product_cat":[655,170,160,255],"product_tag":[204,373,379,327,376,375,200,187],"class_list":["post-9483","product","type-product","status-publish","has-post-thumbnail","hentry","product_cat-1-samana","product_cat-local-tour-guides","product_cat-lunch","product_cat-tours-excursions-samana-bay-dominican-republic","product_tag-el-rincon-beach","product_tag-playa-rincon","product_tag-playa-rincon-tours","product_tag-private-tours-samana","product_tag-rincon-beach-tour","product_tag-samana-dominican-republic","product_tag-samana-excursions","product_tag-samana-tours"],"_links":{"self":[{"href":"https:\/\/tourwhales.com\/fr\/wp-json\/wp\/v2\/product\/9483","targetHints":{"allow":["GET"]}}],"collection":[{"href":"https:\/\/tourwhales.com\/fr\/wp-json\/wp\/v2\/product"}],"about":[{"href":"https:\/\/tourwhales.com\/fr\/wp-json\/wp\/v2\/types\/product"}],"wp:featuredmedia":[{"embeddable":true,"href":"https:\/\/tourwhales.com\/fr\/wp-json\/wp\/v2\/media\/9381"}],"wp:attachment":[{"href":"https:\/\/tourwhales.com\/fr\/wp-json\/wp\/v2\/media?parent=9483"}],"wp:term":[{"taxonomy":"product_cat","embeddable":true,"href":"https:\/\/tourwhales.com\/fr\/wp-json\/wp\/v2\/product_cat?post=9483"},{"taxonomy":"product_tag","embeddable":true,"href":"https:\/\/tourwhales.com\/fr\/wp-json\/wp\/v2\/product_tag?post=9483"}],"curies":[{"name":"wp","href":"https:\/\/api.w.org\/{rel}","templated":true}]}}