
{"id":9348,"date":"2017-09-05T15:29:26","date_gmt":"2017-09-05T15:29:26","guid":{"rendered":"https:\/\/tourwhales.com\/?post_type=product&#038;p=9348"},"modified":"2024-10-18T20:29:21","modified_gmt":"2024-10-18T20:29:21","slug":"atv-samana-adventures-atv-tours-excursions-in-samana-dominican-republic-atv-el-valle-beach-waterfalls","status":"publish","type":"product","link":"https:\/\/tourwhales.com\/fr\/Tours-Excursions\/fees-entrace\/atv-samana-adventures-atv-tours-excursions-in-samana-dominican-republic-atv-el-valle-beach-waterfalls\/","title":{"rendered":"ATV Saman\u00e1 Adventures - Circuits et excursions en VTT \u00e0 Saman\u00e1 R\u00e9publique dominicaine. VTT + plage et cascades d&#039;El Valle"},"content":{"rendered":"<section class=\"wpb-content-wrapper\"><div class=\"vc_row wpb_row vc_row-fluid\" ><div class=\"wpb_column vc_column_container vc_col-sm-12\"><div class=\"vc_column-inner\"><div class=\"wpb_wrapper\"><div class=\"mkdf-section-title-holder\" style=\"text-align: left\">\n\t<div class=\"mkdf-st-inner\">\n\t\t\t\t\t<h5 class=\"mkdf-st-subtitle\" >\n\t\t\t\tD\u00e9jeuner inclus \u00e0 la plage\t\t\t<\/h5>\n\t\t\t\t\t\t\t<h3 class=\"mkdf-st-title\" >\n\t\t\t\tATV Samana Adventures - Circuits et excursions en VTT \u00e0 Samana, R\u00e9publique dominicaine. VTT + plage et cascades d&#039;El Valle\t\t\t<\/h3>\n\t\t\t\t\t<\/div>\n<\/div><\/div><\/div><\/div><\/div><div class=\"vc_row wpb_row vc_row-fluid\" ><div class=\"wpb_column vc_column_container vc_col-sm-12\"><div class=\"vc_column-inner\"><div class=\"wpb_wrapper\"><div class=\"vc_btn3-container vc_btn3-inline\" ><button class=\"vc_general vc_btn3 vc_btn3-size-md vc_btn3-shape-rounded vc_btn3-style-modern vc_btn3-color-green\">RESERVE MAINTENANT<\/button><\/div>\n\t<div class=\"wpb_text_column wpb_content_element\" >\n\t\t<div class=\"wpb_wrapper\">\n\t\t\t<h3 class=\"ui_header h1 attractions-product-info-ProductTitle__title--1qM0o\"><\/h3>\n<h4><b><i>Aper\u00e7u <\/i><\/b><\/h4>\n<p>Obtenez vos billets pour une excursion d&#039;une demi-journ\u00e9e \u00e0 Samana sur ATV Tours. <span style=\"font-family: Arial, Helvetica, sans-serif;\"><span style=\"color: #4b291d;\">\u00a0J<\/span>L&#039;excursion commencera dans notre bureau pr\u00e8s du quai principal de Samana. apr\u00e8s avoir conduit 30 minutes, nous visiterons l&#039;\u00e9cologe Tree House sur le chemin des cascades. Apr\u00e8s la randonn\u00e9e aux cascades environ 10 min. <\/span><\/p>\n<p><span style=\"font-family: Arial, Helvetica, sans-serif;\">Nous d\u00e9jeunerons \u00e0 la plage d&#039;El Valle. Apr\u00e8s 4,5 heures d&#039;activit\u00e9s, nous retournons \u00e0 notre point de rendez-vous \u00e0 Samana.\u00a0<\/span><\/p>\n<p>&nbsp;<\/p>\n<h4><b>Inclusions et exclusions<\/b><\/h4>\n<p>&nbsp;<\/p>\n<p><b>Inclusions<\/b><\/p>\n<ol>\n<li style=\"font-weight: 400;\">VTT 2 personnes en un.<\/li>\n<li>D\u00e9jeuner \u00e0 la plage<\/li>\n<li style=\"font-weight: 400;\"><span style=\"font-weight: 400;\">Toutes les taxes, frais et frais de traitement<\/span><\/li>\n<li style=\"font-weight: 400;\"><span style=\"font-weight: 400;\">Taxes locales<\/span><\/li>\n<li style=\"font-weight: 400;\"><span style=\"font-weight: 400;\">Breuvages<\/span><\/li>\n<li>Collations<\/li>\n<li>Visite des cascades<\/li>\n<li>Plage de la Vall\u00e9e<\/li>\n<li>Visite de la cabane dans les arbres<\/li>\n<li style=\"font-weight: 400;\"><span style=\"font-weight: 400;\">L&#039;ensemble des Activit\u00e9s<\/span><\/li>\n<li style=\"font-weight: 400;\"><span style=\"font-weight: 400;\">Guide local<\/span><\/li>\n<\/ol>\n<p><b> Exclusions<\/b><\/p>\n<ol>\n<li style=\"font-weight: 400;\"><span style=\"font-weight: 400;\">Pourboires<\/span><\/li>\n<li>transport depuis les h\u00f4tels (d\u00e9fini en nous contactant).<\/li>\n<li style=\"font-weight: 400;\"><span style=\"font-weight: 400;\">Boissons alcoolis\u00e9es<\/span><\/li>\n<\/ol>\n<p>&nbsp;<\/p>\n<h4><em><strong>D\u00e9part &amp; Retour<\/strong><\/em><\/h4>\n<p><span style=\"font-weight: 400;\">Le voyageur obtiendra un point de rendez-vous apr\u00e8s le processus de r\u00e9servation. Les visites commencent et se terminent \u00e0 vos points de rendez-vous.<\/span><\/p>\n<h4><\/h4>\n<h3 class=\"ui_header h1 attractions-product-info-ProductTitle__title--1qM0o\">ATV Samana Adventures - Circuits et excursions en VTT \u00e0 Samana R\u00e9publique dominicaine. VTT + plage et cascades d&#039;El Valle.<\/h3>\n<h4><b><i>\u00c0 quoi s&#039;attendre?<\/i><\/b><\/h4>\n<div data-tab=\"TABS_WHAT_TO_EXPECT\">\n<div class=\"ui_card attractions-card-CollapsibleProductDetailsCard__cardContainer--3r2wk attractions-card-CollapsibleProductDetailsCard__cleanslateOverrideDT--2AJh0\">\n<div class=\"attractions-card-CollapsibleCard__header--IDA3r\">\n<div class=\"attractions-card-CollapsibleCard__headerSection--3gTKb\"><\/div>\n<\/div>\n<div class=\"attractions-card-CollapsibleCard__content--2Ws8q\">\n<div class=\"attractions-card-CollapsibleCard__contentWrap--374jk attractions-card-CollapsibleCard__titleUnderline--1uHze\">\n<div class=\"attractions-card-CollapsibleProductDetailsCard__cardContent--23ext\">\n<div class=\"common-text-ReadMore__readMore--3Iu8c common-text-ReadMore__variantFadeOut--1tInd\">\n<div class=\"common-text-ReadMore__content--2X4LR\">\n<div class=\"ui_columns is-desktop\">\n<div class=\"ui_column\">D\u00e9marrer votre VTT. Vous vous pr\u00e9parerez donc \u00e0 traverser le pays et \u00e0 voir la p\u00e9ninsule de Saman\u00e1 de pr\u00e8s. Vous conduirez votre v\u00e9hicule VTT sur un terrain accident\u00e9 et nous rendrons visite \u00e0 une famille dominicaine o\u00f9 nous ferons un arr\u00eat rapide pour prendre des photos de l&#039;\u00e9cologe Tree House, boire un bon caf\u00e9 dominicain et d\u00e9guster un d\u00e9licieux chocolat naturel.<\/div>\n<div class=\"ui_column\">Apr\u00e8s nous continuons \u00e0 travers un petit village o\u00f9 vous pourrez profiter de la chaleur du peuple dominicain indig\u00e8ne sur la route pour visiter les cascades LULU, randonn\u00e9e aux cascades 10 min et d\u00e9couverte de la for\u00eat de la R\u00e9publique dominicaine dans l&#039;un des endroits les plus exotiques du R\u00e9gion.<\/div>\n<div><\/div>\n<div class=\"ui_column\">Retour \u00e0 notre VTT pour visiter l&#039;une des plus jolies plages de Samana. Plage El Valle! O\u00f9 nous nous arr\u00eaterons environ 1 heure et 15 minutes pour profiter du sable blanc magique et des eaux turquoises cristallines de la plage de Playa El Valle . L\u00e0, vous pouvez vous reposer, boire, nager, explorer ou simplement vous allonger au soleil si vous le souhaitez. Le buffet sera pr\u00eat avec des plats dominicains typiques et si vous \u00eates v\u00e9g\u00e9talien, faites-le nous savoir. Nous avons de la nourriture pour tout le monde !<\/div>\n<\/div>\n<div>Apr\u00e8s 4,5 heures, nous retournons \u00e0 la ville de Samana.<\/div>\n<div class=\"ui_columns is-desktop\">\n<div class=\"ui_column\"><\/div>\n<\/div>\n<\/div>\n<\/div>\n<\/div>\n<\/div>\n<\/div>\n<\/div>\n<\/div>\n<h4><em><strong>Que devez-vous apporter?<\/strong><\/em><\/h4>\n<ul>\n<li style=\"font-weight: 400;\"><span style=\"font-weight: 400;\">Appareil photo<\/span><\/li>\n<li style=\"font-weight: 400;\"><span style=\"font-weight: 400;\">Bourgeons r\u00e9pulsifs<\/span><\/li>\n<li style=\"font-weight: 400;\"><span style=\"font-weight: 400;\">Cr\u00eame solaire<\/span><\/li>\n<li style=\"font-weight: 400;\"><span style=\"font-weight: 400;\">Chapeau<\/span><\/li>\n<li style=\"font-weight: 400;\"><span style=\"font-weight: 400;\">Pantalon confortable<\/span><\/li>\n<li style=\"font-weight: 400;\"><span style=\"font-weight: 400;\">Chaussures de randonn\u00e9e pour la for\u00eat<\/span><\/li>\n<li style=\"font-weight: 400;\"><span style=\"font-weight: 400;\">Sandales aux zones de printemps.<\/span><\/li>\n<li style=\"font-weight: 400;\"><span style=\"font-weight: 400;\">Maillot de bain<\/span><\/li>\n<\/ul>\n<p>&nbsp;<\/p>\n<h4><b><i>Prise en charge \u00e0 l&#039;h\u00f4tel <\/i><\/b><\/h4>\n<p><span style=\"font-weight: 400;\">La prise en charge \u00e0 l&#039;h\u00f4tel n&#039;est pas propos\u00e9e pour cette excursion. Nous avons mis en place Pick up en nous contactant par Whatsapp.<\/span><\/p>\n<p>&nbsp;<\/p>\n<p><b>Note:<\/b><span style=\"font-weight: 400;\"> Si vous r\u00e9servez dans les 24 heures suivant l&#039;heure de d\u00e9part de la visite \/ excursion, nous pouvons organiser la prise en charge \u00e0 l&#039;h\u00f4tel moyennant des frais suppl\u00e9mentaires. Une fois votre achat termin\u00e9, nous vous enverrons les coordonn\u00e9es compl\u00e8tes (num\u00e9ro de t\u00e9l\u00e9phone, adresse e-mail, etc.) de notre guide local pour organiser la prise en charge.<\/span><\/p>\n<h4><b><i>Confirmation d&#039;informations suppl\u00e9mentaires <\/i><\/b><\/h4>\n<ol>\n<li>Les billets sont le re\u00e7u apr\u00e8s avoir pay\u00e9 ce tour. Vous pouvez afficher le paiement sur votre t\u00e9l\u00e9phone.<\/li>\n<li style=\"font-weight: 400;\"><span style=\"font-weight: 400;\">Le point de rencontre sera re\u00e7u apr\u00e8s le processus de r\u00e9servation.<\/span><\/li>\n<li style=\"font-weight: 400;\"><span style=\"font-weight: 400;\">Les enfants doivent \u00eatre accompagn\u00e9s par un adulte.<\/span><\/li>\n<li style=\"font-weight: 400;\"><span style=\"font-weight: 400;\"> Non accessible aux fauteuils roulants <\/span><\/li>\n<li style=\"font-weight: 400;\"><span style=\"font-weight: 400;\">Les b\u00e9b\u00e9s doivent s&#039;asseoir sur les genoux <\/span><\/li>\n<li style=\"font-weight: 400;\"><span style=\"font-weight: 400;\">Non recommand\u00e9 pour les voyageurs ayant des probl\u00e8mes de dos<\/span><\/li>\n<li style=\"font-weight: 400;\"><span style=\"font-weight: 400;\">D\u00e9conseill\u00e9 aux voyageuses enceintes <\/span><\/li>\n<li style=\"font-weight: 400;\"><span style=\"font-weight: 400;\"> Pas de probl\u00e8mes cardiaques ou d&#039;autres conditions m\u00e9dicales graves <\/span><\/li>\n<li style=\"font-weight: 400;\"><span style=\"font-weight: 400;\">La plupart des voyageurs peuvent participer<\/span><\/li>\n<\/ol>\n<h4><b><i>Politique d&#039;annulation<\/i><\/b><\/h4>\n<p><span style=\"font-weight: 400;\">Pour un remboursement complet, veuillez lire nos Politiques d&#039;annulation\u00a0<a href=\"https:\/\/tourwhales.com\/fr\/online-booking\/\" target=\"_blank\" rel=\"noopener\" data-saferedirecturl=\"https:\/\/www.google.com\/url?q=https:\/\/tourwhales.com\/online-booking\/&amp;source=gmail&amp;ust=1672449202351000&amp;usg=AOvVaw1yAeVAPktmaVCqDujgUn90\">Cliquez ici<\/a>. Les fonds seront perdus si la r\u00e9servation est annul\u00e9e le jour m\u00eame du voyage.<\/span><\/p>\n\n\t\t<\/div>\n\t<\/div>\n<\/div><\/div><\/div><\/div><div class=\"vc_row wpb_row vc_row-fluid\" ><div class=\"wpb_column vc_column_container vc_col-sm-12\"><div class=\"vc_column-inner\"><div class=\"wpb_wrapper\">\n\t<div class=\"wpb_video_widget wpb_content_element vc_clearfix   vc_video-aspect-ratio-169 vc_video-el-width-100 vc_video-align-left\" >\n\t\t<div class=\"wpb_wrapper\">\n\t\t\t<h2 class=\"wpb_heading wpb_video_heading\">Samana avec Booking Adventures :<\/h2>\n\t\t\t<div class=\"wpb_video_wrapper\"><iframe loading=\"lazy\" title=\"Destination Dominicaine Samana Tyrolienne, Excursions VTT\" width=\"1100\" height=\"619\" src=\"https:\/\/www.youtube.com\/embed\/8Ybh1xtnr2M?feature=oembed\" frameborder=\"0\" allow=\"accelerometer; autoplay; encrypted-media; gyroscope; picture-in-picture\" allowfullscreen><\/iframe><\/div>\n\t\t<\/div>\n\t<\/div>\n<\/div><\/div><\/div><\/div><div class=\"vc_row wpb_row vc_row-fluid\" ><div class=\"wpb_column vc_column_container vc_col-sm-12\"><div class=\"vc_column-inner\"><div class=\"wpb_wrapper\"><div class=\"vc_empty_space\"   style=\"height: 32px\"><span class=\"vc_empty_space_inner\"><\/span><\/div>\n\t<div class=\"wpb_text_column wpb_content_element\" >\n\t\t<div class=\"wpb_wrapper\">\n\t\t\t<h4>Nous contacter?<\/h4>\n<h5><em><strong>Aventures de r\u00e9servation<\/strong><\/em><\/h5>\n<p><em><strong>des locaux<\/strong>\u00a0et\u00a0<strong>Nationaux<\/strong>\u00a0Guides touristiques et services aux invit\u00e9s<\/em><\/p>\n<p><span class=\"text-turquoise\">R\u00e9servations:<\/span>\u00a0Visites et excursions \u00e0 Dom. repr\u00e9sentant<\/p>\n<p><img decoding=\"async\" class=\"emoji\" draggable=\"false\" src=\"https:\/\/s.w.org\/images\/core\/emoji\/11.2.0\/svg\/1f4de.svg\" alt=\"\ud83d\udcde\" \/>\u00a0T\u00e9l \/ Whatsapp\u00a0\u00a0<a href=\"tel:+18494995063\">+18494995063<\/a>.<\/p>\n<p><img decoding=\"async\" class=\"emoji\" draggable=\"false\" src=\"https:\/\/s.w.org\/images\/core\/emoji\/11.2.0\/svg\/1f4e9.svg\" alt=\"\ud83d\udce9\" \/>\u00a0<a href=\"mailto:info@bookingadventures.com.do\">info@bookingadventures.com.do<\/a><\/p>\n<p><strong>Nous sommes des visites priv\u00e9es \u00e0 configuration flexible par Whatsapp\u00a0:\u00a0<a href=\"tel:+18097206035\">+18097206035.<\/a><\/strong><\/p>\n\n\t\t<\/div>\n\t<\/div>\n<div class=\"vc_empty_space\"   style=\"height: 32px\"><span class=\"vc_empty_space_inner\"><\/span><\/div><\/div><\/div><\/div><\/div><div class=\"vc_row wpb_row vc_row-fluid\" ><div class=\"wpb_column vc_column_container vc_col-sm-12\"><div class=\"vc_column-inner\"><div class=\"wpb_wrapper\"><div class=\"vc_btn3-container vc_btn3-inline\" ><button class=\"vc_general vc_btn3 vc_btn3-size-md vc_btn3-shape-rounded vc_btn3-style-modern vc_btn3-color-green\">RESERVE MAINTENANT<\/button><\/div><\/div><\/div><\/div><\/div>\n<\/section>","protected":false},"excerpt":{"rendered":"<div class=\"ui_columns is-desktop\">\n<div class=\"ui_column\">Cette exp\u00e9rience en VTT commence au centre-ville de Samana. Conduire le VTT aux cascades LULU, en passant par Tree House Ecolodge jusqu&#039;\u00e0 la plage d&#039;El Valle.<\/div>\n<div class=\"ui_column\">Plage El Valle! O\u00f9 nous nous arr\u00eaterons environ 1 heure et 15 minutes pour profiter du sable blanc magique et des eaux turquoises cristallines de la plage de Playa El Valle. L\u00e0, vous pouvez vous reposer, boire, nager, explorer ou simplement vous allonger au soleil si vous le souhaitez. Un buffet sera pr\u00eat avec des plats typiquement dominicains et si vous \u00eates v\u00e9g\u00e9talien, faites-le nous savoir. Nous avons de la nourriture pour tout le monde !<\/div>\n<div><\/div>\n<\/div>\n<div>Apr\u00e8s 4,5 heures, nous retournons \u00e0 la ville de Samana.<\/div>\n<p>. Randonn\u00e9e et natation avec \u00e9quipement de s\u00e9curit\u00e9 pour vivre la meilleure exp\u00e9rience de tous les temps !!<\/p>\n<p>&nbsp;<\/p>\n<p><strong>Veuillez s\u00e9lectionner la date de la visite\u00a0:\u00a0<\/strong><\/p>","protected":false},"featured_media":9357,"template":"","meta":[],"product_cat":[655,359,361,362,159,178,363,160,360,253,252],"product_tag":[370,368,366,367,195,371,327,186,369,200,187,372],"class_list":["post-9348","product","type-product","status-publish","has-post-thumbnail","hentry","product_cat-1-samana","product_cat-atv-adventures","product_cat-atv-fourwheels","product_cat-atv-tours-excursions-adventures","product_cat-fees-entrace","product_cat-hiking","product_cat-lulu-waterfalls","product_cat-lunch","product_cat-things-to-do-in-samana-province","product_cat-tours-and-excursions","product_cat-waterfalls","product_tag-atv-samana-excursion","product_tag-atv-tours-excursions-in-samana-dominican-republic","product_tag-atv-fourwheels","product_tag-atv-tours-excursions-adventures","product_tag-el-valle-beach","product_tag-lulu-waterfalls","product_tag-private-tours-samana","product_tag-samana","product_tag-samana-atv","product_tag-samana-excursions","product_tag-samana-tours","product_tag-tree-house-samana"],"_links":{"self":[{"href":"https:\/\/tourwhales.com\/fr\/wp-json\/wp\/v2\/product\/9348","targetHints":{"allow":["GET"]}}],"collection":[{"href":"https:\/\/tourwhales.com\/fr\/wp-json\/wp\/v2\/product"}],"about":[{"href":"https:\/\/tourwhales.com\/fr\/wp-json\/wp\/v2\/types\/product"}],"wp:featuredmedia":[{"embeddable":true,"href":"https:\/\/tourwhales.com\/fr\/wp-json\/wp\/v2\/media\/9357"}],"wp:attachment":[{"href":"https:\/\/tourwhales.com\/fr\/wp-json\/wp\/v2\/media?parent=9348"}],"wp:term":[{"taxonomy":"product_cat","embeddable":true,"href":"https:\/\/tourwhales.com\/fr\/wp-json\/wp\/v2\/product_cat?post=9348"},{"taxonomy":"product_tag","embeddable":true,"href":"https:\/\/tourwhales.com\/fr\/wp-json\/wp\/v2\/product_tag?post=9348"}],"curies":[{"name":"wp","href":"https:\/\/api.w.org\/{rel}","templated":true}]}}