
{"id":8979,"date":"2019-07-06T04:26:26","date_gmt":"2019-07-06T04:26:26","guid":{"rendered":"https:\/\/tourwhales.com\/?post_type=product&#038;p=8979"},"modified":"2024-10-18T20:29:20","modified_gmt":"2024-10-18T20:29:20","slug":"los-haitises-national-park-tour-from-las-terrenas-samana-half-day-trip","status":"publish","type":"product","link":"https:\/\/tourwhales.com\/fr\/Tours-Excursions\/tours-and-excursions\/los-haitises-national-park-tour-from-las-terrenas-samana-half-day-trip\/","title":{"rendered":"Visite du parc national Los Haitises au d\u00e9part de Las Terrenas, Saman\u00e1. Excursion d&#039;une demi-journ\u00e9e."},"content":{"rendered":"<section class=\"wpb-content-wrapper\"><div class=\"vc_row wpb_row vc_row-fluid\" ><div class=\"wpb_column vc_column_container vc_col-sm-12\"><div class=\"vc_column-inner\"><div class=\"wpb_wrapper\"><div class=\"mkdf-section-title-holder\" style=\"text-align: left\">\n\t<div class=\"mkdf-st-inner\">\n\t\t\t\t\t<h5 class=\"mkdf-st-subtitle\" >\n\t\t\t\tTransport et d\u00e9jeuner inclus\t\t\t<\/h5>\n\t\t\t\t\t\t\t<h3 class=\"mkdf-st-title\" >\n\t\t\t\tVisite du parc national Los Haitises au d\u00e9part de Las Terrenas de Samana. Excursion d&#039;une demi-journ\u00e9e.\t\t\t<\/h3>\n\t\t\t\t\t<\/div>\n<\/div><\/div><\/div><\/div><\/div><div class=\"vc_row wpb_row vc_row-fluid\" ><div class=\"wpb_column vc_column_container vc_col-sm-12\"><div class=\"vc_column-inner\"><div class=\"wpb_wrapper\"><div class=\"vc_btn3-container vc_btn3-inline\" ><button class=\"vc_general vc_btn3 vc_btn3-size-md vc_btn3-shape-rounded vc_btn3-style-modern vc_btn3-color-green\">RESERVE MAINTENANT<\/button><\/div>\n\t<div class=\"wpb_text_column wpb_content_element\" >\n\t\t<div class=\"wpb_wrapper\">\n\t\t\t<h3><\/h3>\n<h4><b><i>Aper\u00e7u <\/i><\/b><\/h4>\n<p>Visite du parc national Los Haitises au d\u00e9part de Las Terrenas de Samana. Excursion d&#039;une demi-journ\u00e9e. Au d\u00e9part de votre h\u00f4tel \u00e0 Las Terrenas \u00e0 Samana. Nous nous dirigerons vers la communaut\u00e9 de Sanchez o\u00f9 le bateau traversera la baie de Samana. Visite de Rio Naranjo, en passant par la communaut\u00e9 de p\u00eacheurs dans le parc national de Los Haitises, 3 grottes, la grotte de Boca Tiburon, l&#039;\u00eele Birding Key et les mangroves de la baie de Saman\u00e1.<\/p>\n<p>Apr\u00e8s cette exp\u00e9rience, vous retournerez \u00e0 Las Terrenas Community d&#039;o\u00f9 nous viendrons vous chercher.<\/p>\n<ul>\n<li style=\"font-weight: 400;\">Frais inclus<\/li>\n<li>D\u00e9jeuner<\/li>\n<li>Collations<\/li>\n<li style=\"font-weight: 400;\">Guide touristique local en anglais ou en fran\u00e7ais<\/li>\n<li>Le transport<\/li>\n<li>Voyage en bateau<\/li>\n<\/ul>\n<p>&nbsp;<\/p>\n<h4><b>Inclusions et exclusions<\/b><\/h4>\n<p>&nbsp;<\/p>\n<p><b>Inclusions<\/b><\/p>\n<ol>\n<li style=\"font-weight: 400;\">Visite Los Haitises + Grottes et Pictogrammes<\/li>\n<li>D\u00e9jeuner<\/li>\n<li style=\"font-weight: 400;\"><span style=\"font-weight: 400;\">Toutes les taxes, frais et frais de traitement<\/span><\/li>\n<li style=\"font-weight: 400;\"><span style=\"font-weight: 400;\">Taxes locales<\/span><\/li>\n<li style=\"font-weight: 400;\"><span style=\"font-weight: 400;\">Breuvages<\/span><\/li>\n<li>Collations<\/li>\n<li style=\"font-weight: 400;\"><span style=\"font-weight: 400;\">L&#039;ensemble des Activit\u00e9s<\/span><\/li>\n<li style=\"font-weight: 400;\"><span style=\"font-weight: 400;\">Guide local<\/span><\/li>\n<\/ol>\n<p><b> Exclusions<\/b><\/p>\n<ol>\n<li style=\"font-weight: 400;\"><span style=\"font-weight: 400;\">Pourboires<\/span><\/li>\n<li style=\"font-weight: 400;\"><span style=\"font-weight: 400;\">Boissons alcoolis\u00e9es<\/span><\/li>\n<\/ol>\n<p>&nbsp;<\/p>\n<h4><em><strong>D\u00e9part &amp; Retour<\/strong><\/em><\/h4>\n<p><span style=\"font-weight: 400;\">Le voyageur obtiendra un point de rendez-vous apr\u00e8s le processus de r\u00e9servation. Les visites commencent et se terminent \u00e0 vos points de rendez-vous.<\/span><\/p>\n<p>&nbsp;<\/p>\n<h4><\/h4>\n<h4><\/h4>\n<h3>Parc National Los Haitises depuis Las Terrenas<\/h3>\n<h4><b><i>\u00c0 quoi s&#039;attendre?<\/i><\/b><\/h4>\n<p><em><strong>Obtenez vos billets<\/strong><\/em> pour visiter le parc national Los Haitises au d\u00e9part de Las Terrenas de Samana. Excursion d&#039;une demi-journ\u00e9e. \u00c0 partir de Las Terrenas, Saman\u00e1 avec transport au port \u00e0 bord d&#039;un bateau avec un guide local, nous passons la baie de Saman\u00e1 \u00e0 Los Haitises, c\u00f4t\u00e9 Sabana de la Mar pour visiter l&#039;un des plus beaux parcs nationaux de la R\u00e9publique dominicaine. <strong>Los<em>\u00a0Parc National des Ha\u00eftises<\/em>.<\/strong><\/p>\n<p>La visite, organis\u00e9e par &quot;Booking Adventures&quot; commence au point de rendez-vous fix\u00e9 avec le guide touristique. Venez avec Booking Adventures et commencez \u00e0 visiter des mangroves remplies d&#039;oiseaux, des collines de v\u00e9g\u00e9tation luxuriante et des grottes de <em><strong>Parc National Los Haitises<\/strong><\/em>. Visiter l&#039;\u00eele avec des oiseaux autour. Pendant la saison de nidification, on peut m\u00eame voir les poussins Pelecanos sur les nids. D\u00e9couvrez les \u00eeles Rocheuses et visitez les grottes avec des pictogrammes et des p\u00e9trographies des peuples autochtones.<\/p>\n<p>\u00c0 travers les mangroves et la terre au large de la baie de San Lorenzo, Sabana de la Mar d&#039;o\u00f9 vous pourrez photographier le paysage forestier accident\u00e9. Regardez l&#039;eau pour rep\u00e9rer <em><strong>Lamantins<\/strong><\/em>, crustac\u00e9s et <em><strong>dauphins.<\/strong><\/em><\/p>\n<div class=\"body-description secondary\">\n<p>Le nom du parc national vient de ses habitants d&#039;origine, les Indiens Taino. Dans leur langue, &quot;Ha\u00eftises&quot; se traduit par des hauts plateaux ou des collines, une r\u00e9f\u00e9rence aux formations g\u00e9ologiques escarp\u00e9es du littoral avec des calcaires. Aventurez-vous plus profond\u00e9ment dans le parc pour explorer des grottes telles que la Cueva San Gabriel, <em><strong>Cueva de la Arena, <\/strong><\/em>et <strong><em>Cueva de la Linea.<\/em><\/strong><\/p>\n<p>Ces grottes dans la r\u00e9serve ont \u00e9t\u00e9 utilis\u00e9es comme abri par les Indiens Taino et, plus tard, par des pirates cach\u00e9s. Cherchez des dessins d&#039;Indiens qui d\u00e9corent certains des murs. Apr\u00e8s avoir visit\u00e9 le parc national Los Haitises, nous retournerons \u00e0 Sanchez, Saman\u00e1.<\/p>\n<p>En passant par la baie de Saman\u00e1 30 min. Nous aurons un d\u00e9jeuner typique. Si vous \u00eates v\u00e9g\u00e9talien, pas de soucis, nous avons \u00e9galement de la nourriture pour vous !<\/p>\n<p>Apr\u00e8s le d\u00e9jeuner, nous retournons \u00e0 Las Terrenas !!<\/p>\n<\/div>\n<p>Au cas o\u00f9 vous aimeriez ce voyage plus long ou plus court, nous avons ces options :<\/p>\n<ol>\n<li><a href=\"https:\/\/tourwhales.com\/fr\/tour\/the-haitises-national-park-tour-from-samana-port\/\">Juste Los Haitises depuis le port de Saman\u00e1.<\/a><\/li>\n<li><a href=\"https:\/\/tourwhales.com\/fr\/tour\/los-haitises-national-park-lunch-at-cano-hondo-from-samana-port\/\">Los Haitises + Ca\u00f1o Hondo depuis le port de Saman\u00e1.<\/a><\/li>\n<\/ol>\n<p>&nbsp;<\/p>\n<h4><em><strong>Que devez-vous apporter?<\/strong><\/em><\/h4>\n<ul>\n<li style=\"font-weight: 400;\"><span style=\"font-weight: 400;\">Appareil photo<\/span><\/li>\n<li style=\"font-weight: 400;\"><span style=\"font-weight: 400;\">Bourgeons r\u00e9pulsifs<\/span><\/li>\n<li style=\"font-weight: 400;\"><span style=\"font-weight: 400;\">Cr\u00eame solaire<\/span><\/li>\n<li style=\"font-weight: 400;\"><span style=\"font-weight: 400;\">Chapeau<\/span><\/li>\n<li style=\"font-weight: 400;\"><span style=\"font-weight: 400;\">Pantalon confortable<\/span><\/li>\n<li style=\"font-weight: 400;\"><span style=\"font-weight: 400;\">Chaussures de randonn\u00e9e pour la for\u00eat<\/span><\/li>\n<li style=\"font-weight: 400;\"><span style=\"font-weight: 400;\">Sandales aux zones de printemps.<\/span><\/li>\n<li style=\"font-weight: 400;\"><span style=\"font-weight: 400;\">Maillot de bain<\/span><\/li>\n<\/ul>\n<p>&nbsp;<\/p>\n<h4><b><i>Prise en charge \u00e0 l&#039;h\u00f4tel <\/i><\/b><\/h4>\n<p><span style=\"font-weight: 400;\">La prise en charge \u00e0 l&#039;h\u00f4tel n&#039;est pas propos\u00e9e pour cette excursion. <\/span><\/p>\n<p>&nbsp;<\/p>\n<p><b>Note:<\/b><span style=\"font-weight: 400;\"> Si vous r\u00e9servez dans les 24 heures suivant l&#039;heure de d\u00e9part de la visite \/ excursion, nous pouvons organiser la prise en charge \u00e0 l&#039;h\u00f4tel moyennant des frais suppl\u00e9mentaires. Une fois votre achat termin\u00e9, nous vous enverrons les coordonn\u00e9es compl\u00e8tes (num\u00e9ro de t\u00e9l\u00e9phone, adresse e-mail, etc.) de notre guide local pour organiser la prise en charge.<\/span><\/p>\n<h4><b><i>Confirmation d&#039;informations suppl\u00e9mentaires <\/i><\/b><\/h4>\n<ol>\n<li>Les billets sont le re\u00e7u apr\u00e8s avoir pay\u00e9 ce tour. Vous pouvez afficher le paiement sur votre t\u00e9l\u00e9phone.<\/li>\n<li style=\"font-weight: 400;\"><span style=\"font-weight: 400;\">Le point de rencontre sera re\u00e7u apr\u00e8s le processus de r\u00e9servation.<\/span><\/li>\n<li style=\"font-weight: 400;\"><span style=\"font-weight: 400;\">Les enfants doivent \u00eatre accompagn\u00e9s par un adulte.<\/span><\/li>\n<li style=\"font-weight: 400;\"><span style=\"font-weight: 400;\"> Non accessible aux fauteuils roulants <\/span><\/li>\n<li style=\"font-weight: 400;\"><span style=\"font-weight: 400;\">Les b\u00e9b\u00e9s doivent s&#039;asseoir sur les genoux <\/span><\/li>\n<li style=\"font-weight: 400;\"><span style=\"font-weight: 400;\">Non recommand\u00e9 pour les voyageurs ayant des probl\u00e8mes de dos<\/span><\/li>\n<li style=\"font-weight: 400;\"><span style=\"font-weight: 400;\">D\u00e9conseill\u00e9 aux voyageuses enceintes <\/span><\/li>\n<li style=\"font-weight: 400;\"><span style=\"font-weight: 400;\"> Pas de probl\u00e8mes cardiaques ou d&#039;autres conditions m\u00e9dicales graves <\/span><\/li>\n<li style=\"font-weight: 400;\"><span style=\"font-weight: 400;\">La plupart des voyageurs peuvent participer<\/span><\/li>\n<\/ol>\n<h4><b><i>Politique d&#039;annulation<\/i><\/b><\/h4>\n<p>Pour un remboursement complet, veuillez lire nos Politiques d&#039;annulation\u00a0<a href=\"https:\/\/tourwhales.com\/fr\/online-booking\/\" target=\"_blank\" rel=\"noopener\" data-saferedirecturl=\"https:\/\/www.google.com\/url?q=https:\/\/tourwhales.com\/online-booking\/&amp;source=gmail&amp;ust=1672529771100000&amp;usg=AOvVaw2NIGJBZ0qjB5RhPUl5Obc7\">Cliquez ici<\/a>. Les fonds seront perdus si la r\u00e9servation est annul\u00e9e le jour m\u00eame du voyage.<\/p>\n\n\t\t<\/div>\n\t<\/div>\n<div class=\"vc_btn3-container vc_btn3-inline\" ><button class=\"vc_general vc_btn3 vc_btn3-size-md vc_btn3-shape-rounded vc_btn3-style-modern vc_btn3-color-green\">RESERVE MAINTENANT<\/button><\/div><\/div><\/div><\/div><\/div><div class=\"vc_row wpb_row vc_row-fluid\" ><div class=\"wpb_column vc_column_container vc_col-sm-12\"><div class=\"vc_column-inner\"><div class=\"wpb_wrapper\">\n\t<div class=\"wpb_video_widget wpb_content_element vc_clearfix   vc_video-aspect-ratio-169 vc_video-el-width-100 vc_video-align-left\" >\n\t\t<div class=\"wpb_wrapper\">\n\t\t\t\n\t\t\t<div class=\"wpb_video_wrapper\"><iframe loading=\"lazy\" title=\"Parc National Los Haitises, Tours &amp; Excursion De Samana ou Sabana de la Mar. R\u00e9servez ici:\" src=\"https:\/\/player.vimeo.com\/video\/346508015?dnt=1&amp;app_id=122963\" width=\"1100\" height=\"619\" frameborder=\"0\" allow=\"autoplay; fullscreen\" allowfullscreen><\/iframe><\/div>\n\t\t<\/div>\n\t<\/div>\n<\/div><\/div><\/div><\/div><div class=\"vc_row wpb_row vc_row-fluid\" ><\/div><div class=\"wpb_column vc_column_container vc_col-sm-12\"><div class=\"vc_column-inner\"><div class=\"wpb_wrapper\"><\/div><\/div><\/div><div class=\"vc_empty_space\"   style=\"height: 32px\"><span class=\"vc_empty_space_inner\"><\/span><\/div><div class=\"vc_empty_space\"   style=\"height: 32px\"><span class=\"vc_empty_space_inner\"><\/span><\/div><div class=\"vc_row wpb_row vc_row-fluid\" ><div class=\"wpb_column vc_column_container vc_col-sm-12\"><div class=\"vc_column-inner\"><div class=\"wpb_wrapper\"><div class=\"vc_btn3-container vc_btn3-inline\" ><button class=\"vc_general vc_btn3 vc_btn3-size-md vc_btn3-shape-rounded vc_btn3-style-modern vc_btn3-color-green\">RESERVE MAINTENANT<\/button><\/div><\/div><\/div><\/div><\/div>\n<\/section>","protected":false},"excerpt":{"rendered":"<p><span style=\"vertical-align: inherit;\"><span style=\"vertical-align: inherit;\">Esta excursion desde Las Terrenas al Parque Nacional Los Haitises incluye Almuerzo y Transporte para a visita a las 3 cuevas principales, a exploraci\u00f3n de 2 manglares diferentes y por supuesto la observaci\u00f3n de aves para pescar.<\/span><\/span><\/p>\n<p><span style=\"vertical-align: inherit;\"><span style=\"vertical-align: inherit;\">Viaje ecol\u00f3gico al Parque Nacional Los Haitises con un gu\u00eda tur\u00edstico local. <\/span><span style=\"vertical-align: inherit;\">Visitando los Cayos en el Parque Nacional Los Haitises, Manglares, Vegetaci\u00f3n, Observaci\u00f3n de aves, Cuevas, Pictogramas y las \u00e1reas hist\u00f3ricas de Sabana de la Mar en el Parque Nacional Los Haitises.<\/span><\/span><\/p>\n<p>&nbsp;<\/p>\n<p><strong><span style=\"vertical-align: inherit;\"><span style=\"vertical-align: inherit;\">Seleccione la fecha para el Tour:\u00a0<\/span><\/span><\/strong><\/p>","protected":false},"featured_media":12432,"template":"","meta":[],"product_cat":[655,928,253,255],"product_tag":[268,267,171,209,212,269],"class_list":["post-8979","product","type-product","status-publish","has-post-thumbnail","hentry","product_cat-1-samana","product_cat-boat-trip-los-haitises","product_cat-tours-and-excursions","product_cat-tours-excursions-samana-bay-dominican-republic","product_tag-caves-los-haitises","product_tag-las-terrenas","product_tag-los-haitises","product_tag-los-haitises-national-park","product_tag-mangroves-los-haitises","product_tag-transportation-los-haitises"],"_links":{"self":[{"href":"https:\/\/tourwhales.com\/fr\/wp-json\/wp\/v2\/product\/8979","targetHints":{"allow":["GET"]}}],"collection":[{"href":"https:\/\/tourwhales.com\/fr\/wp-json\/wp\/v2\/product"}],"about":[{"href":"https:\/\/tourwhales.com\/fr\/wp-json\/wp\/v2\/types\/product"}],"wp:featuredmedia":[{"embeddable":true,"href":"https:\/\/tourwhales.com\/fr\/wp-json\/wp\/v2\/media\/12432"}],"wp:attachment":[{"href":"https:\/\/tourwhales.com\/fr\/wp-json\/wp\/v2\/media?parent=8979"}],"wp:term":[{"taxonomy":"product_cat","embeddable":true,"href":"https:\/\/tourwhales.com\/fr\/wp-json\/wp\/v2\/product_cat?post=8979"},{"taxonomy":"product_tag","embeddable":true,"href":"https:\/\/tourwhales.com\/fr\/wp-json\/wp\/v2\/product_tag?post=8979"}],"curies":[{"name":"wp","href":"https:\/\/api.w.org\/{rel}","templated":true}]}}