
{"id":8855,"date":"2019-04-11T11:28:37","date_gmt":"2019-04-11T11:28:37","guid":{"rendered":"https:\/\/tourwhales.com\/?post_type=product&#038;p=8855"},"modified":"2024-10-18T20:29:20","modified_gmt":"2024-10-18T20:29:20","slug":"kayaking-in-los-haitises-with-tour-guide-from-cano-hondo-4-hours","status":"publish","type":"product","link":"https:\/\/tourwhales.com\/fr\/Tours-Excursions\/kayaking\/kayaking-in-los-haitises-with-tour-guide-from-cano-hondo-4-hours\/","title":{"rendered":"4 heures de kayak Los Haitises"},"content":{"rendered":"<section class=\"wpb-content-wrapper\"><div class=\"vc_row wpb_row vc_row-fluid\" ><div class=\"wpb_column vc_column_container vc_col-sm-12\"><div class=\"vc_column-inner\"><div class=\"wpb_wrapper\"><div class=\"vc_empty_space\"   style=\"height: 32px\"><span class=\"vc_empty_space_inner\"><\/span><\/div><\/div><\/div><\/div><\/div><div class=\"vc_row wpb_row vc_row-fluid\" ><div class=\"wpb_column vc_column_container vc_col-sm-12\"><div class=\"vc_column-inner\"><div class=\"wpb_wrapper\"><div class=\"mkdf-section-title-holder\" style=\"text-align: left\">\n\t<div class=\"mkdf-st-inner\">\n\t\t\t\t\t<h5 class=\"mkdf-st-subtitle\" >\n\t\t\t\tMangroves, grottes et plus encore.\t\t\t<\/h5>\n\t\t\t\t\t\t\t<h3 class=\"mkdf-st-title\" >\n\t\t\t\tKayak \u00e0 Los Haitises avec un guide touristique de Ca\u00f1o Hondo 4 heures\t\t\t<\/h3>\n\t\t\t\t\t<\/div>\n<\/div><\/div><\/div><\/div><\/div><div class=\"vc_row wpb_row vc_row-fluid\" ><div class=\"wpb_column vc_column_container vc_col-sm-12\"><div class=\"vc_column-inner\"><div class=\"wpb_wrapper\"><div class=\"vc_empty_space\"   style=\"height: 32px\"><span class=\"vc_empty_space_inner\"><\/span><\/div><\/div><\/div><\/div><\/div><div class=\"vc_row wpb_row vc_row-fluid\" ><div class=\"wpb_column vc_column_container vc_col-sm-12\"><div class=\"vc_column-inner\"><div class=\"wpb_wrapper\"><div class=\"vc_btn3-container vc_btn3-inline\" ><a class=\"vc_general vc_btn3 vc_btn3-size-md vc_btn3-shape-rounded vc_btn3-style-modern vc_btn3-color-green\" href=\"https:\/\/bookingadventures.tours\/booking.php?tour_id=a9cb493d865c3629426ab07d6bacff97\" title=\"\">RESERVE MAINTENANT<\/a><\/div>\n\t<div class=\"wpb_text_column wpb_content_element\" >\n\t\t<div class=\"wpb_wrapper\">\n\t\t\t<h4><b><i>Aper\u00e7u <\/i><\/b><\/h4>\n<p>Kayak dans les mangroves du parc national Los Haitises avec un guide local 4 heures. Visite des mangroves, des grottes, des pictogrammes de la rivi\u00e8re Ca\u00f1o Hondo et d&#039;un aper\u00e7u de la baie de San Lorenzo dans le parc national Los Haitises, r\u00e9gion de Sabana de la Mar Ca\u00f1o Hondo. En cas de court trajet\u00a0: <a href=\"https:\/\/tourwhales.com\/fr\/Tours-Excursions\/caves\/kayaking-in-los-haitises-with-tour-guide-from-cano-hondo-2\/\"><em><strong>Kayak Los Haitises 2 heures<\/strong><\/em><\/a><\/p>\n<ul>\n<li style=\"font-weight: 400;\"><span style=\"font-weight: 400;\">Le guide fournit des instructions et une supervision<\/span><\/li>\n<li>Kayaks et Paddles disponibles Doble pour deux personnes et Simple pour une seule personne.<\/li>\n<\/ul>\n<p>&nbsp;<\/p>\n<h4><b>Inclusions et exclusions<\/b><\/h4>\n<p>&nbsp;<\/p>\n<p><b>Inclusions<\/b><\/p>\n<p>&nbsp;<\/p>\n<ol>\n<li style=\"font-weight: 400;\">Excursion en kayak<\/li>\n<li>Visites des grottes<\/li>\n<li style=\"font-weight: 400;\"><span style=\"font-weight: 400;\">Toutes les taxes, frais et frais de traitement<\/span><\/li>\n<li style=\"font-weight: 400;\"><span style=\"font-weight: 400;\">Taxes locales<\/span><\/li>\n<li style=\"font-weight: 400;\"><span style=\"font-weight: 400;\">Guide local<\/span><\/li>\n<\/ol>\n<p><b> Exclusions<\/b><\/p>\n<ol>\n<li style=\"font-weight: 400;\"><span style=\"font-weight: 400;\">Pourboires<\/span><\/li>\n<li style=\"font-weight: 400;\"><span style=\"font-weight: 400;\">Transfert<\/span><\/li>\n<li>Le d\u00e9jeuner n&#039;est pas inclus<\/li>\n<li style=\"font-weight: 400;\"><span style=\"font-weight: 400;\">Boissons alcoolis\u00e9es<\/span><\/li>\n<\/ol>\n<p>&nbsp;<\/p>\n<h4><em><strong>D\u00e9part &amp; Retour<\/strong><\/em><\/h4>\n<p><span style=\"font-weight: 400;\">Le voyageur obtiendra un point de rendez-vous apr\u00e8s le processus de r\u00e9servation. Les visites commencent et se terminent dans nos points de rendez-vous.<\/span><\/p>\n<p>&nbsp;<\/p>\n<h4><b><i>\u00c0 quoi s&#039;attendre?<\/i><\/b><\/h4>\n<p>&nbsp;<\/p>\n<p><em><strong>Obtenez vos billets<\/strong><\/em> pour visiter 4 heures en kayak la for\u00eat de la rivi\u00e8re Cano Hondo (mangroves), les \u00eeles Rocheuses, l&#039;observation des oiseaux et les grottes avec le guide local.<\/p>\n<p>Lorsque nous obtenons tous les types d&#039;\u00e9quipements n\u00e9cessaires \u00e0 votre s\u00e9curit\u00e9 (gilets de sauvetage, etc.), l&#039;action commence \u00e0 faire du kayak depuis la rivi\u00e8re du port de Ca\u00f1o Hondo.<\/p>\n<p><span style=\"font-weight: 400;\">La visite, organis\u00e9e par &quot;Booking Adventures&quot; commence au point de rendez-vous fix\u00e9 avec le guide touristique. <\/span>Prendre des kayaks et traverser les mangroves, passer devant d&#039;anciennes grottes de pirates et p\u00e9n\u00e9trer dans les for\u00eats prot\u00e9g\u00e9es de cette r\u00e9serve pittoresque \u00e0 partir de la zone des h\u00f4tels Ca\u00f1o Hondo ou de Sabana de la Mar,<\/p>\n<div class=\"body-description secondary\">\n<p>Venez avec Booking Adventures et commencez \u00e0 visiter des mangroves remplies d&#039;oiseaux, des collines de v\u00e9g\u00e9tation luxuriante et des grottes de <em><strong>Parc National Los Haitises<\/strong><\/em>. Faire une excursion en kayak depuis la rivi\u00e8re Ca\u00f1o Hondo, Sabana de la Mar. \u00c0 travers les mangroves et la terre dans la baie ouverte de San Lorenzo, d&#039;o\u00f9 vous pourrez photographier le paysage forestier accident\u00e9. Regardez l&#039;eau pour rep\u00e9rer <em><strong>Lamantins<\/strong><\/em>, crustac\u00e9s et <em><strong>dauphins.<\/strong><\/em><\/p>\n<p>Le nom du parc national vient de ses habitants d&#039;origine, les Indiens Taino. Dans leur langue, &quot;Ha\u00eftises&quot; se traduit par des hauts plateaux ou des collines, une r\u00e9f\u00e9rence aux formations g\u00e9ologiques escarp\u00e9es du littoral avec des calcaires. Aventurez-vous plus profond\u00e9ment dans le parc pour explorer des grottes telles que <em><strong>Cueva de la Arena<\/strong><\/em> et <strong><em>Cueva de la Linea.<\/em><\/strong> Les grottes de la r\u00e9serve ont \u00e9t\u00e9 utilis\u00e9es comme abri par les Indiens Taino et, plus tard, par des pirates cach\u00e9s. Cherchez des dessins d&#039;Indiens qui d\u00e9corent certains des murs.<\/p>\n<p>Au cas o\u00f9 vous aimeriez ce voyage court, nous avons une deuxi\u00e8me option : <a href=\"https:\/\/tourwhales.com\/fr\/Tours-Excursions\/caves\/kayaking-in-los-haitises-with-tour-guide-from-cano-hondo-2\/\">Kayak \u00e0 Los Haitises 2 heures\u00a0<\/a><\/p>\n<p>Le Tour se termine au point de d\u00e9part du Parc National Los Haitises. Nous recommandons ce voyage \u00e0 6h00 dans Case vous aimerez voir <em><strong>Lamantins<\/strong><\/em>, crustac\u00e9s et <em><strong>dauphins.<\/strong><\/em><\/p>\n<\/div>\n<p><em><strong>06H00<\/strong><\/em> est t\u00f4t donc il n&#039;y a pas encore de bateaux au Parc National Los Haitises.<\/p>\n<h4><em><strong>Que devez-vous apporter?<\/strong><\/em><\/h4>\n<ul>\n<li style=\"font-weight: 400;\"><span style=\"font-weight: 400;\">Appareil photo<\/span><\/li>\n<li style=\"font-weight: 400;\"><span style=\"font-weight: 400;\">Bourgeons r\u00e9pulsifs<\/span><\/li>\n<li style=\"font-weight: 400;\"><span style=\"font-weight: 400;\">cr\u00eame solaire<\/span><\/li>\n<li style=\"font-weight: 400;\"><span style=\"font-weight: 400;\">Chapeau<\/span><\/li>\n<li style=\"font-weight: 400;\"><span style=\"font-weight: 400;\">Pantalon confortable<\/span><\/li>\n<li style=\"font-weight: 400;\"><span style=\"font-weight: 400;\">Des sandales\u00a0<\/span><\/li>\n<li style=\"font-weight: 400;\"><span style=\"font-weight: 400;\">Maillot de bain<\/span><\/li>\n<\/ul>\n<p>&nbsp;<\/p>\n<h4><b><i>Prise en charge \u00e0 l&#039;h\u00f4tel <\/i><\/b><\/h4>\n<p><span style=\"font-weight: 400;\">La prise en charge \u00e0 l&#039;h\u00f4tel n&#039;est pas propos\u00e9e pour cette excursion. <\/span><\/p>\n<p>&nbsp;<\/p>\n<p><b>Note:<\/b><span style=\"font-weight: 400;\"> si vous r\u00e9servez dans les 24 heures suivant l&#039;heure de d\u00e9part de la visite \/ excursion, nous pouvons organiser la prise en charge \u00e0 l&#039;h\u00f4tel moyennant des frais suppl\u00e9mentaires. Une fois votre achat termin\u00e9, nous vous enverrons les coordonn\u00e9es compl\u00e8tes (num\u00e9ro de t\u00e9l\u00e9phone, adresse e-mail, etc.) de notre guide local pour organiser la prise en charge.<\/span><\/p>\n<h4><b><i>Confirmation d&#039;informations suppl\u00e9mentaires <\/i><\/b><\/h4>\n<ol>\n<li>Les billets sont le re\u00e7u apr\u00e8s avoir pay\u00e9 ce tour. Vous pouvez afficher le paiement sur votre t\u00e9l\u00e9phone.<\/li>\n<li style=\"font-weight: 400;\"><span style=\"font-weight: 400;\">Le point de rencontre sera re\u00e7u apr\u00e8s le processus de r\u00e9servation.<\/span><\/li>\n<li style=\"font-weight: 400;\"><span style=\"font-weight: 400;\">Les enfants doivent \u00eatre accompagn\u00e9s par un adulte.<\/span><\/li>\n<li style=\"font-weight: 400;\"><span style=\"font-weight: 400;\"> Non accessible aux fauteuils roulants <\/span><\/li>\n<li style=\"font-weight: 400;\"><span style=\"font-weight: 400;\">Les b\u00e9b\u00e9s doivent s&#039;asseoir sur les genoux <\/span><\/li>\n<li style=\"font-weight: 400;\"><span style=\"font-weight: 400;\">Non recommand\u00e9 pour les voyageurs ayant des probl\u00e8mes de dos<\/span><\/li>\n<li style=\"font-weight: 400;\"><span style=\"font-weight: 400;\">D\u00e9conseill\u00e9 aux voyageuses enceintes <\/span><\/li>\n<li style=\"font-weight: 400;\"><span style=\"font-weight: 400;\"> Pas de probl\u00e8mes cardiaques ou d&#039;autres conditions m\u00e9dicales graves <\/span><\/li>\n<li style=\"font-weight: 400;\"><span style=\"font-weight: 400;\">La plupart des voyageurs peuvent participer<\/span><\/li>\n<\/ol>\n<h4><b><i>Politique d&#039;annulation<\/i><\/b><\/h4>\n<p>Pour un remboursement complet, veuillez lire nos Politiques d&#039;annulation\u00a0<a href=\"https:\/\/tourwhales.com\/fr\/online-booking\/\" target=\"_blank\" rel=\"noopener\" data-saferedirecturl=\"https:\/\/www.google.com\/url?q=https:\/\/tourwhales.com\/online-booking\/&amp;source=gmail&amp;ust=1672532492004000&amp;usg=AOvVaw3ylqI1cdbIPTimEqEWneyd\">Cliquez ici<\/a>. Les fonds seront perdus si la r\u00e9servation est annul\u00e9e le jour m\u00eame du voyage.<\/p>\n\n\t\t<\/div>\n\t<\/div>\n<\/div><\/div><\/div><\/div><div class=\"vc_row wpb_row vc_row-fluid\" ><div class=\"wpb_column vc_column_container vc_col-sm-12\"><div class=\"vc_column-inner\"><div class=\"wpb_wrapper\">\n\t<div class=\"wpb_video_widget wpb_content_element vc_clearfix   vc_video-aspect-ratio-169 vc_video-el-width-100 vc_video-align-left\" >\n\t\t<div class=\"wpb_wrapper\">\n\t\t\t<h2 class=\"wpb_heading wpb_video_heading\">Excursion en kayak \u00e0 Los Haitises<\/h2>\n\t\t\t<div class=\"wpb_video_wrapper\"><iframe loading=\"lazy\" title=\"Excursion En Kayak Et Sp\u00e9l\u00e9ologie Dans Le Parc National Los Haitises, R\u00e9publique Dominicaine\" width=\"1100\" height=\"619\" src=\"https:\/\/www.youtube.com\/embed\/ucU1uwB57wQ?feature=oembed\" frameborder=\"0\" allow=\"accelerometer; autoplay; clipboard-write; encrypted-media; gyroscope; picture-in-picture; web-share\" allowfullscreen><\/iframe><\/div>\n\t\t<\/div>\n\t<\/div>\n<div class=\"vc_btn3-container vc_btn3-inline\" ><a class=\"vc_general vc_btn3 vc_btn3-size-md vc_btn3-shape-rounded vc_btn3-style-modern vc_btn3-color-green\" href=\"https:\/\/bookingadventures.tours\/booking.php?tour_id=a9cb493d865c3629426ab07d6bacff97\" title=\"\">RESERVE MAINTENANT<\/a><\/div><div class=\"vc_empty_space\"   style=\"height: 32px\"><span class=\"vc_empty_space_inner\"><\/span><\/div>\n\t<div class=\"wpb_text_column wpb_content_element\" >\n\t\t<div class=\"wpb_wrapper\">\n\t\t\t<h4>Nous contacter?<\/h4>\n<h5>Aventures de r\u00e9servation<\/h5>\n<p><em><strong>des locaux<\/strong>\u00a0et\u00a0<strong>Nationaux<\/strong>\u00a0Guides touristiques et services aux invit\u00e9s<\/em><\/p>\n<p><span class=\"text-turquoise\">R\u00e9servations:<\/span>\u00a0Visites et excursions \u00e0 Dom. repr\u00e9sentant<\/p>\n<p><img decoding=\"async\" class=\"emoji\" draggable=\"false\" src=\"https:\/\/s.w.org\/images\/core\/emoji\/11.2.0\/svg\/1f4de.svg\" alt=\"\ud83d\udcde\" \/>\u00a0T\u00e9l \/ Whatsapp\u00a0\u00a0<a href=\"tel:+18494995063\">+18494995063<\/a>.<\/p>\n<p><img decoding=\"async\" class=\"emoji\" draggable=\"false\" src=\"https:\/\/s.w.org\/images\/core\/emoji\/11.2.0\/svg\/1f4e9.svg\" alt=\"\ud83d\udce9\" \/>\u00a0<a href=\"mailto:info@bookingadventures.com.do\">info@bookingadventures.com.do<\/a><\/p>\n<p><strong><span style=\"vertical-align: inherit;\"><span style=\"vertical-align: inherit;\">Somos tours privados de configuration flexible par Whatsapp\u00a0:\u00a0<\/span><\/span><a href=\"tel:+18097206035\">+18097206035.<\/a><\/strong><\/p>\n\n\t\t<\/div>\n\t<\/div>\n<div class=\"vc_empty_space\"   style=\"height: 32px\"><span class=\"vc_empty_space_inner\"><\/span><\/div><\/div><\/div><\/div><\/div><div class=\"vc_row wpb_row vc_row-fluid\" ><div class=\"wpb_column vc_column_container vc_col-sm-12\"><div class=\"vc_column-inner\"><div class=\"wpb_wrapper\"><\/div><\/div><\/div><\/div>\n<\/section>","protected":false},"excerpt":{"rendered":"<p><span style=\"vertical-align: inherit;\"><span style=\"vertical-align: inherit;\">Excursi\u00f3n al Parque Nacional Los Haitises partiendo de Sabana de la Mar dans la zone de Cano Hondo, Visita de manglares, Cuevas, Pictogramas y Formaciones Rocosas.<\/span><\/span><\/p>\n<p><span style=\"vertical-align: inherit;\"><span style=\"vertical-align: inherit;\">Este recorrido se puede configurar con el <\/span><\/span><a href=\"https:\/\/tourwhales.com\/fr\/Tours-Excursions\/hiking\/hike-kayak-los-haitises-national-park\/\"><span style=\"vertical-align: inherit;\"><span style=\"vertical-align: inherit;\">agrafe<\/span><\/span><\/a><span style=\"vertical-align: inherit;\"><span style=\"vertical-align: inherit;\"> Exp\u00e9diteur <\/span><a href=\"https:\/\/tourwhales.com\/fr\/Tours-Excursions\/hiking\/hike-kayak-los-haitises-national-park\/\"><span style=\"vertical-align: inherit;\">aqu\u00ed. <\/span><\/a><span style=\"vertical-align: inherit;\">Conozca la historia real de la historia del Parque Nacional Los Haitises con los lugare\u00f1os.<\/span><\/span><\/p>\n<p>&nbsp;<\/p>\n<p><strong><span style=\"vertical-align: inherit;\"><span style=\"vertical-align: inherit;\">Seleccione la fecha para el Tour:<\/span><\/span><\/strong><\/p>","protected":false},"featured_media":12719,"template":"","meta":[],"product_cat":[946,218,934,254,255],"product_tag":[176,211,192,319,208,206,207,171,209,426,327,175,199,200],"class_list":["post-8855","product","type-product","status-publish","has-post-thumbnail","hentry","product_cat-1-sabana-de-la-mar","product_cat-kayaking","product_cat-kayaking-los-haitises","product_cat-tours-excursions-los-haitises-national-park","product_cat-tours-excursions-samana-bay-dominican-republic","product_tag-cano-hondo","product_tag-cano-hondo-hotel","product_tag-day-tour-cano-hondo","product_tag-kayak-dominican-republic","product_tag-kayaking-dominican-republic","product_tag-kayaking-los-haitises","product_tag-kayaks","product_tag-los-haitises","product_tag-los-haitises-national-park","product_tag-los-haitises-tours","product_tag-private-tours-samana","product_tag-sabana-de-la-mar","product_tag-samana-bay","product_tag-samana-excursions"],"_links":{"self":[{"href":"https:\/\/tourwhales.com\/fr\/wp-json\/wp\/v2\/product\/8855","targetHints":{"allow":["GET"]}}],"collection":[{"href":"https:\/\/tourwhales.com\/fr\/wp-json\/wp\/v2\/product"}],"about":[{"href":"https:\/\/tourwhales.com\/fr\/wp-json\/wp\/v2\/types\/product"}],"wp:featuredmedia":[{"embeddable":true,"href":"https:\/\/tourwhales.com\/fr\/wp-json\/wp\/v2\/media\/12719"}],"wp:attachment":[{"href":"https:\/\/tourwhales.com\/fr\/wp-json\/wp\/v2\/media?parent=8855"}],"wp:term":[{"taxonomy":"product_cat","embeddable":true,"href":"https:\/\/tourwhales.com\/fr\/wp-json\/wp\/v2\/product_cat?post=8855"},{"taxonomy":"product_tag","embeddable":true,"href":"https:\/\/tourwhales.com\/fr\/wp-json\/wp\/v2\/product_tag?post=8855"}],"curies":[{"name":"wp","href":"https:\/\/api.w.org\/{rel}","templated":true}]}}