
{"id":8209,"date":"2019-03-15T16:41:53","date_gmt":"2019-03-15T16:41:53","guid":{"rendered":"https:\/\/tourwhales.com\/?post_type=product&#038;p=8209"},"modified":"2024-10-18T20:29:21","modified_gmt":"2024-10-18T20:29:21","slug":"el-limon-waterfall-bacardi-island-cayo-levantado-excursion-from-punta-cana-areas-meeting-point-sabana-de-la-mar","status":"publish","type":"product","link":"https:\/\/tourwhales.com\/fr\/Tours-Excursions\/lunch\/el-limon-waterfall-bacardi-island-cayo-levantado-excursion-from-punta-cana-areas-meeting-point-sabana-de-la-mar\/","title":{"rendered":"Cascades El Lim\u00f3n et \u00eele Bacardi - Excursion depuis la r\u00e9gion de Punta Cana (Point de rencontre Sabana de la Mar)"},"content":{"rendered":"<section class=\"wpb-content-wrapper\"><div class=\"vc_row wpb_row vc_row-fluid\" ><div class=\"wpb_column vc_column_container vc_col-sm-12\"><div class=\"vc_column-inner\"><div class=\"wpb_wrapper\"><div class=\"mkdf-section-title-holder\" style=\"text-align: left\">\n\t<div class=\"mkdf-st-inner\">\n\t\t\t\t\t<h5 class=\"mkdf-st-subtitle\" >\n\t\t\t\t(Point de rencontre Sabana de la mar)\t\t\t<\/h5>\n\t\t\t\t\t\t\t<h3 class=\"mkdf-st-title\" >\n\t\t\t\tCascades El Limon et \u00eele Bacardi - Excursion depuis la r\u00e9gion de Punta Cana\t\t\t<\/h3>\n\t\t\t\t\t<\/div>\n<\/div><\/div><\/div><\/div><\/div><div class=\"vc_row wpb_row vc_row-fluid\" ><div class=\"wpb_column vc_column_container vc_col-sm-12\"><div class=\"vc_column-inner\"><div class=\"wpb_wrapper\"><div class=\"vc_btn3-container vc_btn3-inline\" ><button class=\"vc_general vc_btn3 vc_btn3-size-md vc_btn3-shape-rounded vc_btn3-style-modern vc_btn3-color-green\">RESERVE MAINTENANT<\/button><\/div>\n\t<div class=\"wpb_text_column wpb_content_element\" >\n\t\t<div class=\"wpb_wrapper\">\n\t\t\t<h4><b><i>Aper\u00e7u <\/i><\/b><\/h4>\n<p>Si vous \u00eates \u00e0 Punta Cana ou \u00e0 Bavaro, vous recherchez une excursion d&#039;une journ\u00e9e payant moins que la normale. Il suffit de r\u00e9server ce voyage au d\u00e9part de la r\u00e9gion de Sabana de la Mar. Visite de la communaut\u00e9 de Samana en safari pour arriver dans la communaut\u00e9 d&#039;El Lim\u00f3n, \u00e9quitation ou randonn\u00e9e jusqu&#039;aux cascades apr\u00e8s avoir travers\u00e9 la baie de Samana et l&#039;heure de Luch sur l&#039;\u00eele de Bacardi. Ce voyage commence \u00e0 9h00 et se termine \u00e0 16h30.<\/p>\n<p>Apr\u00e8s cette exp\u00e9rience, vous retournerez au port de Sabana de la Mar.<\/p>\n<ul>\n<li style=\"font-weight: 400;\">Frais inclus<\/li>\n<li>D\u00e9jeuner \u00e0 la plage inclus<\/li>\n<li style=\"font-weight: 400;\"><span style=\"font-weight: 400;\">Le guide fournit des instructions et une supervision<\/span><\/li>\n<\/ul>\n<p>&nbsp;<\/p>\n<h4><b>Inclusions et exclusions<\/b><\/h4>\n<p>&nbsp;<\/p>\n<p><b>Inclusions<\/b><\/p>\n<ol>\n<li style=\"font-weight: 400;\">Baie de Samana<\/li>\n<li>\u00cele Bacardi, plage et d\u00e9jeuner<\/li>\n<li>Safari \u00e0 El Limon<\/li>\n<li>\u00c9quitation ou randonn\u00e9e aux cascades<\/li>\n<li>Cocktails dominicains<\/li>\n<li style=\"font-weight: 400;\"><span style=\"font-weight: 400;\">Toutes les taxes, frais et frais de traitement<\/span><\/li>\n<li style=\"font-weight: 400;\"><span style=\"font-weight: 400;\">Taxes locales<\/span><\/li>\n<li style=\"font-weight: 400;\"><span style=\"font-weight: 400;\">Breuvages<\/span><\/li>\n<li style=\"font-weight: 400;\"><span style=\"font-weight: 400;\">L&#039;ensemble des Activit\u00e9s<\/span><\/li>\n<li style=\"font-weight: 400;\"><span style=\"font-weight: 400;\">Guide local<\/span><\/li>\n<\/ol>\n<p><b> Exclusions<\/b><\/p>\n<ol>\n<li style=\"font-weight: 400;\"><span style=\"font-weight: 400;\">Pourboires<\/span><\/li>\n<li style=\"font-weight: 400;\"><span style=\"font-weight: 400;\">Transferts de Punta Cana non inclus<\/span><\/li>\n<li style=\"font-weight: 400;\"><span style=\"font-weight: 400;\">Boissons alcoolis\u00e9es apr\u00e8s les cocktails\u00a0<\/span><\/li>\n<\/ol>\n<p>&nbsp;<\/p>\n<h4><em><strong>D\u00e9part &amp; Retour<\/strong><\/em><\/h4>\n<p><span style=\"font-weight: 400;\">Le voyageur obtiendra un point de rendez-vous apr\u00e8s le processus de r\u00e9servation. Les visites commencent et se terminent dans nos points de rendez-vous.<\/span><\/p>\n<p>&nbsp;<\/p>\n<h4><b><i>\u00c0 quoi s&#039;attendre?<\/i><\/b><\/h4>\n<p>&nbsp;<\/p>\n<p><em><strong>Obtenez vos billets<\/strong><\/em> pour visiter les cascades \u00e0 cheval ou en randonn\u00e9e, Safari Saman\u00e1, nager dans les sources naturelles depuis les cascades, d\u00e9jeuner sur l&#039;\u00eele de Bacardi et Beach Time.<\/p>\n<p>\u00c0 partir des ports de Sabana de la Mar \u00e0 bord d&#039;un bateau ou d&#039;un catamaran avec un guide local, nous passons la baie de Saman\u00e1 jusqu&#039;\u00e0 la communaut\u00e9 de Saman\u00e1. Faire un safari avec un guide local pour parler de l&#039;histoire de Saman\u00e1 jusqu&#039;\u00e0 l&#039;arriv\u00e9e dans la communaut\u00e9 d&#039;El Limon. Dans la communaut\u00e9 d&#039;El Lim\u00f3n, nous commen\u00e7ons la randonn\u00e9e ou l&#039;\u00e9quitation par la for\u00eat des cascades d&#039;El Limon jusqu&#039;aux cascades d&#039;El Lim\u00f3n. O\u00f9 quand on arrive on peut se baigner ! Apr\u00e8s retour \u00e0 Safari pour se rendre au port de Samana. Visitez l&#039;\u00eele de Bacardi pour d\u00e9jeuner sur la plage et nager dans l&#039;une des plus belles \u00eeles de la R\u00e9publique dominicaine.<\/p>\n<p>Au cas o\u00f9 vous aimeriez ce voyage plus long ou plus court, nous avons ces options :<\/p>\n<ol>\n<li><a href=\"https:\/\/tourwhales.com\/fr\/tour\/los-haitises-national-park-tour-from-samana-port\/\">Los Haitises + Cayo Levantado depuis le port de Samana.<\/a><\/li>\n<li><a href=\"https:\/\/tourwhales.com\/fr\/tour\/los-haitises-national-park-lunch-at-cano-hondo-from-samana-port\/\">Los Haitises + Cano Hondo depuis le port de Samana.<\/a><\/li>\n<\/ol>\n<p>&nbsp;<\/p>\n<h4><em><strong>Que devez-vous apporter?<\/strong><\/em><\/h4>\n<ul>\n<li style=\"font-weight: 400;\"><span style=\"font-weight: 400;\">Appareil photo<\/span><\/li>\n<li style=\"font-weight: 400;\"><span style=\"font-weight: 400;\">Bourgeons r\u00e9pulsifs<\/span><\/li>\n<li style=\"font-weight: 400;\"><span style=\"font-weight: 400;\">cr\u00eame solaire<\/span><\/li>\n<li style=\"font-weight: 400;\"><span style=\"font-weight: 400;\">Chapeau<\/span><\/li>\n<li style=\"font-weight: 400;\"><span style=\"font-weight: 400;\">Pantalon confortable<\/span><\/li>\n<li style=\"font-weight: 400;\"><span style=\"font-weight: 400;\">Chaussures de randonn\u00e9e pour la for\u00eat<\/span><\/li>\n<li style=\"font-weight: 400;\"><span style=\"font-weight: 400;\">Sandales aux zones de printemps.<\/span><\/li>\n<li style=\"font-weight: 400;\"><span style=\"font-weight: 400;\">Maillot de bain<\/span><\/li>\n<\/ul>\n<p>&nbsp;<\/p>\n<h4><b><i>Prise en charge \u00e0 l&#039;h\u00f4tel <\/i><\/b><\/h4>\n<p><span style=\"font-weight: 400;\">La prise en charge \u00e0 l&#039;h\u00f4tel n&#039;est pas propos\u00e9e pour cette excursion. Mais si vous nous contactez, nous pourrons en parler.<\/span><\/p>\n<p>&nbsp;<\/p>\n<p><b>Note:<\/b><span style=\"font-weight: 400;\"> Si vous r\u00e9servez dans les 24 heures suivant l&#039;heure de d\u00e9part de la visite \/ excursion, nous pouvons organiser la prise en charge \u00e0 l&#039;h\u00f4tel moyennant des frais suppl\u00e9mentaires. Une fois votre achat termin\u00e9, nous vous enverrons les coordonn\u00e9es compl\u00e8tes (num\u00e9ro de t\u00e9l\u00e9phone, adresse e-mail, etc.) de notre guide local pour organiser la prise en charge.<\/span><\/p>\n<h4><b><i>Confirmation d&#039;informations suppl\u00e9mentaires <\/i><\/b><\/h4>\n<ol>\n<li>Les billets sont le re\u00e7u apr\u00e8s avoir pay\u00e9 ce tour. Vous pouvez afficher le paiement sur votre t\u00e9l\u00e9phone.<\/li>\n<li style=\"font-weight: 400;\"><span style=\"font-weight: 400;\">Le point de rencontre sera re\u00e7u apr\u00e8s le processus de r\u00e9servation.<\/span><\/li>\n<li style=\"font-weight: 400;\"><span style=\"font-weight: 400;\">Les enfants doivent \u00eatre accompagn\u00e9s par un adulte.<\/span><\/li>\n<li style=\"font-weight: 400;\"><span style=\"font-weight: 400;\"> Non accessible aux fauteuils roulants <\/span><\/li>\n<li style=\"font-weight: 400;\"><span style=\"font-weight: 400;\">Les b\u00e9b\u00e9s doivent s&#039;asseoir sur les genoux <\/span><\/li>\n<li style=\"font-weight: 400;\"><span style=\"font-weight: 400;\">Non recommand\u00e9 pour les voyageurs ayant des probl\u00e8mes de dos<\/span><\/li>\n<li style=\"font-weight: 400;\"><span style=\"font-weight: 400;\">D\u00e9conseill\u00e9 aux voyageuses enceintes <\/span><\/li>\n<li style=\"font-weight: 400;\"><span style=\"font-weight: 400;\"> Pas de probl\u00e8mes cardiaques ou d&#039;autres conditions m\u00e9dicales graves <\/span><\/li>\n<li style=\"font-weight: 400;\"><span style=\"font-weight: 400;\">La plupart des voyageurs peuvent participer<\/span><\/li>\n<\/ol>\n<h4><b><i>Politique d&#039;annulation<\/i><\/b><\/h4>\n<p>Pour un remboursement complet, veuillez lire nos Politiques d&#039;annulation\u00a0<a href=\"https:\/\/tourwhales.com\/fr\/online-booking\/\" target=\"_blank\" rel=\"noopener\" data-saferedirecturl=\"https:\/\/www.google.com\/url?q=https:\/\/tourwhales.com\/online-booking\/&amp;source=gmail&amp;ust=1672449202351000&amp;usg=AOvVaw1yAeVAPktmaVCqDujgUn90\">Cliquez ici<\/a>. Les fonds seront perdus si la r\u00e9servation est annul\u00e9e le jour m\u00eame du voyage.<\/p>\n\n\t\t<\/div>\n\t<\/div>\n<div class=\"vc_btn3-container vc_btn3-inline\" ><button class=\"vc_general vc_btn3 vc_btn3-size-md vc_btn3-shape-rounded vc_btn3-style-modern vc_btn3-color-green\">RESERVE MAINTENANT<\/button><\/div><\/div><\/div><\/div><\/div><div class=\"vc_row wpb_row vc_row-fluid\" ><div class=\"wpb_column vc_column_container vc_col-sm-12\"><div class=\"vc_column-inner\"><div class=\"wpb_wrapper\"><div class=\"vc_empty_space\"   style=\"height: 32px\"><span class=\"vc_empty_space_inner\"><\/span><\/div>\n\t<div class=\"wpb_text_column wpb_content_element\" >\n\t\t<div class=\"wpb_wrapper\">\n\t\t\t<h4>Nous contacter?<\/h4>\n<h5><em><strong>Aventures de r\u00e9servation<\/strong><\/em><\/h5>\n<p><em><strong>des locaux<\/strong> et <strong>Nationaux<\/strong> Guides touristiques et services aux invit\u00e9s<\/em><\/p>\n<p><span class=\"text-turquoise\">R\u00e9servations:<\/span> Visites et excursions \u00e0 Dom. repr\u00e9sentant<\/p>\n<p><img decoding=\"async\" class=\"emoji\" draggable=\"false\" src=\"https:\/\/s.w.org\/images\/core\/emoji\/11.2.0\/svg\/1f4de.svg\" alt=\"\ud83d\udcde\" \/> T\u00e9l \/ Whatsapp\u00a0 <a href=\"tel:+18494995063\">+18494995063<\/a>.<\/p>\n<p><img decoding=\"async\" class=\"emoji\" draggable=\"false\" src=\"https:\/\/s.w.org\/images\/core\/emoji\/11.2.0\/svg\/1f4e9.svg\" alt=\"\ud83d\udce9\" \/> <a href=\"mailto:info@bookingadventures.com.do\">info@bookingadventures.com.do<\/a><\/p>\n<p><strong>Nous sommes des visites priv\u00e9es \u00e0 configuration flexible par Whatsapp\u00a0: <a href=\"tel:+18097206035\">+18097206035.<\/a><\/strong><\/p>\n\n\t\t<\/div>\n\t<\/div>\n<div class=\"vc_empty_space\"   style=\"height: 32px\"><span class=\"vc_empty_space_inner\"><\/span><\/div><\/div><\/div><\/div><\/div><div class=\"vc_row wpb_row vc_row-fluid\" ><div class=\"wpb_column vc_column_container vc_col-sm-12\"><div class=\"vc_column-inner\"><div class=\"wpb_wrapper\"><div class=\"vc_btn3-container vc_btn3-inline\" ><button class=\"vc_general vc_btn3 vc_btn3-size-md vc_btn3-shape-rounded vc_btn3-style-modern vc_btn3-color-green\">RESERVE MAINTENANT<\/button><\/div><\/div><\/div><\/div><\/div>\n<\/section>","protected":false},"excerpt":{"rendered":"<p><strong>Veuillez s\u00e9lectionner une date pour la visite\u00a0<\/strong><\/p>","protected":false},"featured_media":8269,"template":"","meta":[],"product_cat":[961,962,178,189,160,972,963,190,253,254,255],"product_tag":[184,183,223,185,222,175,186,187],"class_list":["post-8209","product","type-product","status-publish","has-post-thumbnail","hentry","product_cat-el-limon-horseback-riding","product_cat-el-limon-sabana-de-la-mar-miches","product_cat-hiking","product_cat-horse-riding-to-waterfalls","product_cat-lunch","product_cat-punta-cana-group-tours","product_cat-punta-cana-samana-day-trips","product_cat-safari-samana","product_cat-tours-and-excursions","product_cat-tours-excursions-los-haitises-national-park","product_cat-tours-excursions-samana-bay-dominican-republic","product_tag-bacardi-island","product_tag-beach-time","product_tag-cayo-levantado","product_tag-el-limon-waterfalls","product_tag-punta-cana","product_tag-sabana-de-la-mar","product_tag-samana","product_tag-samana-tours"],"_links":{"self":[{"href":"https:\/\/tourwhales.com\/fr\/wp-json\/wp\/v2\/product\/8209","targetHints":{"allow":["GET"]}}],"collection":[{"href":"https:\/\/tourwhales.com\/fr\/wp-json\/wp\/v2\/product"}],"about":[{"href":"https:\/\/tourwhales.com\/fr\/wp-json\/wp\/v2\/types\/product"}],"wp:featuredmedia":[{"embeddable":true,"href":"https:\/\/tourwhales.com\/fr\/wp-json\/wp\/v2\/media\/8269"}],"wp:attachment":[{"href":"https:\/\/tourwhales.com\/fr\/wp-json\/wp\/v2\/media?parent=8209"}],"wp:term":[{"taxonomy":"product_cat","embeddable":true,"href":"https:\/\/tourwhales.com\/fr\/wp-json\/wp\/v2\/product_cat?post=8209"},{"taxonomy":"product_tag","embeddable":true,"href":"https:\/\/tourwhales.com\/fr\/wp-json\/wp\/v2\/product_tag?post=8209"}],"curies":[{"name":"wp","href":"https:\/\/api.w.org\/{rel}","templated":true}]}}