
{"id":23692,"date":"2024-11-17T17:11:25","date_gmt":"2024-11-17T17:11:25","guid":{"rendered":"https:\/\/tourwhales.com\/?post_type=product&#038;p=23692"},"modified":"2024-11-17T17:11:27","modified_gmt":"2024-11-17T17:11:27","slug":"jarabacoa-baiguate-waterfall-atv-tour-with-entry-ticket","status":"publish","type":"product","link":"https:\/\/tourwhales.com\/fr\/Tours-Excursions\/dominican-republic\/jarabacoa-baiguate-waterfall-atv-tour-with-entry-ticket\/","title":{"rendered":"Jarabacoa: Baiguate Waterfall ATV Tour with Entry Ticket"},"content":{"rendered":"<p>Lorsque nous parlons de poussettes, nous parlons d&#039;un v\u00e9hicule tout-terrain qui offre s\u00e9curit\u00e9 et facilit\u00e9 de conduite, tout en permettant \u00e0 l&#039;utilisateur un meilleur contact avec le terrain et la nature qui l&#039;entoure pendant la conduite. Sentez la brise, le soleil, la pluie, voyez le paysage \u00e0 vos c\u00f4t\u00e9s dans un appareil confortable et s\u00fbr con\u00e7u pour profiter de la piste foresti\u00e8re et du tout-terrain.<\/p>\n<p>Lorsque tout le monde sera pr\u00eat, nous commencerons notre balade vers certaines zones rurales de la ville de Jarabacoa, tout en conduisant votre buggy sur les routes cahoteuses et l&#039;air montagnard de la campagne du centre-nord du pays vous montrera la beaut\u00e9 et la nature \u00e0 travers cette aventure.<\/p>\n<p>Certains des endroits que vous visiterez au cours de ce voyage sont La Confluencia o\u00f9 les rivi\u00e8res Jimenoa et Yaque Del Norte se rencontrent, Cieneguita et Monte Arriba.<\/p>\n<p>Apr\u00e8s avoir parcouru environ 30 kilom\u00e8tres, nous nous dirigerons vers la cascade Baiguate pour une randonn\u00e9e de 10 minutes et nager dans des piscines naturelles.<\/p>\n<p>During this part of your trip, you will be able to go swimming for about 1 hour and take a break to try out some fresh fruits harvested from Jarabacoa farmer\u2019s land every day. Baiguate has an 82 feet high fall and is the perfect place to relax a bit before going back to town.<\/p>\n<div class=\"toggle-content__content toggle-content__content--expanded toggle-content__content--packable\" data-v-59485d64=\"\">\n<div data-test-id=\"activity-full-description-text\" data-v-5835c99c=\"\">During this part of your trip, you will be able to go swimming for about 1 hour and take a break to try out some fresh fruits harvested from Jarabacoa farmer\u2019s land every day. Baiguate has an 82 feet high fall and is the perfect place to relax a bit before going back to town.<\/div>\n<\/div>\n<div class=\"toggle-content__label-placeholder\" data-v-59485d64=\"\"><\/div>","protected":false},"excerpt":{"rendered":"<div data-track=\"overview\" data-v-83a2b402=\"\">\n<section id=\"activity-overview\" class=\"activity-overview\" data-component=\"overview\" data-v-83a2b402=\"\" data-v-f3236c42=\"\">\n<p class=\"activity-overview__content\" data-test-id=\"activity-overview-content\" data-v-f3236c42=\"\">Explore the mountains of Jarabacoa on an ATV tour and go swimming with an entry ticket for Baiguate Waterfall. Splash in the water and enjoy freshly harvested fruits afterward.<\/p>\n<\/section>\n<\/div>\n<div data-track=\"key-details\" data-v-83a2b402=\"\"><\/div>","protected":false},"featured_media":23693,"template":"","meta":[],"product_cat":[1134],"product_tag":[173,1135],"class_list":["post-23692","product","type-product","status-publish","has-post-thumbnail","hentry","product_cat-dominican-republic","product_tag-excursion","product_tag-tour"],"_links":{"self":[{"href":"https:\/\/tourwhales.com\/fr\/wp-json\/wp\/v2\/product\/23692","targetHints":{"allow":["GET"]}}],"collection":[{"href":"https:\/\/tourwhales.com\/fr\/wp-json\/wp\/v2\/product"}],"about":[{"href":"https:\/\/tourwhales.com\/fr\/wp-json\/wp\/v2\/types\/product"}],"wp:featuredmedia":[{"embeddable":true,"href":"https:\/\/tourwhales.com\/fr\/wp-json\/wp\/v2\/media\/23693"}],"wp:attachment":[{"href":"https:\/\/tourwhales.com\/fr\/wp-json\/wp\/v2\/media?parent=23692"}],"wp:term":[{"taxonomy":"product_cat","embeddable":true,"href":"https:\/\/tourwhales.com\/fr\/wp-json\/wp\/v2\/product_cat?post=23692"},{"taxonomy":"product_tag","embeddable":true,"href":"https:\/\/tourwhales.com\/fr\/wp-json\/wp\/v2\/product_tag?post=23692"}],"curies":[{"name":"wp","href":"https:\/\/api.w.org\/{rel}","templated":true}]}}