
{"id":21842,"date":"2024-11-15T15:33:00","date_gmt":"2024-11-15T15:33:00","guid":{"rendered":"https:\/\/tourwhales.com\/?post_type=product&#038;p=21842"},"modified":"2024-11-15T15:33:03","modified_gmt":"2024-11-15T15:33:03","slug":"damajagua-27-waterfalls-tour-with-entrance-fee-lunch","status":"publish","type":"product","link":"https:\/\/tourwhales.com\/fr\/Tours-Excursions\/dominican-republic\/damajagua-27-waterfalls-tour-with-entrance-fee-lunch\/","title":{"rendered":"Damajagua: 27 Waterfalls Tour with Entrance Fee &#038; Lunch"},"content":{"rendered":"<p>Obtenez vos billets pour une excursion d&#039;une demi-journ\u00e9e ici dans la cascade 27 de Damajagua. Les billets d&#039;entr\u00e9e avec d\u00e9jeuner et excursion comprennent pour sauter et nager dans les plus belles cascades de la R\u00e9publique dominicaine. Randonn\u00e9e et natation avec \u00e9quipement de s\u00e9curit\u00e9 pour vivre la meilleure exp\u00e9rience de tous les temps !!<\/p>\n<div class=\"toggle-content__content toggle-content__content--expanded toggle-content__content--packable\" data-v-59485d64=\"\">\n<div data-test-id=\"activity-full-description-text\" data-v-5835c99c=\"\">Apr\u00e8s cette exp\u00e9rience, vous reviendrez \u00e0 l&#039;endroit o\u00f9 vous rencontrerez le guide touristique.<\/div>\n<\/div>\n<div class=\"toggle-content__label-placeholder\" data-v-59485d64=\"\"><\/div>","protected":false},"excerpt":{"rendered":"<div data-track=\"overview\" data-v-83a2b402=\"\">\n<section id=\"activity-overview\" class=\"activity-overview\" data-component=\"overview\" data-v-83a2b402=\"\" data-v-f3236c42=\"\">\n<p class=\"activity-overview__content\" data-test-id=\"activity-overview-content\" data-v-f3236c42=\"\">Discover the hidden natural wonders of Damajagua on a guided visit to 27 Waterfalls. Hike around the area to explore stunning falls, jump into the deep blue waters, and enjoy a delicious lunch.<\/p>\n<\/section>\n<\/div>\n<div data-track=\"key-details\" data-v-83a2b402=\"\"><\/div>","protected":false},"featured_media":21843,"template":"","meta":[],"product_cat":[1134],"product_tag":[173,1135],"class_list":["post-21842","product","type-product","status-publish","has-post-thumbnail","hentry","product_cat-dominican-republic","product_tag-excursion","product_tag-tour"],"_links":{"self":[{"href":"https:\/\/tourwhales.com\/fr\/wp-json\/wp\/v2\/product\/21842","targetHints":{"allow":["GET"]}}],"collection":[{"href":"https:\/\/tourwhales.com\/fr\/wp-json\/wp\/v2\/product"}],"about":[{"href":"https:\/\/tourwhales.com\/fr\/wp-json\/wp\/v2\/types\/product"}],"wp:featuredmedia":[{"embeddable":true,"href":"https:\/\/tourwhales.com\/fr\/wp-json\/wp\/v2\/media\/21843"}],"wp:attachment":[{"href":"https:\/\/tourwhales.com\/fr\/wp-json\/wp\/v2\/media?parent=21842"}],"wp:term":[{"taxonomy":"product_cat","embeddable":true,"href":"https:\/\/tourwhales.com\/fr\/wp-json\/wp\/v2\/product_cat?post=21842"},{"taxonomy":"product_tag","embeddable":true,"href":"https:\/\/tourwhales.com\/fr\/wp-json\/wp\/v2\/product_tag?post=21842"}],"curies":[{"name":"wp","href":"https:\/\/api.w.org\/{rel}","templated":true}]}}