
{"id":18361,"date":"2024-04-23T15:22:29","date_gmt":"2024-04-23T15:22:29","guid":{"rendered":"https:\/\/tourwhales.com\/?post_type=product&#038;p=18361"},"modified":"2024-10-17T23:39:09","modified_gmt":"2024-10-17T23:39:09","slug":"jarabacoa-atv-ride-baiguate-waterfall","status":"publish","type":"product","link":"https:\/\/tourwhales.com\/fr\/Tours-Excursions\/fees-entrace\/jarabacoa-atv-ride-baiguate-waterfall\/","title":{"rendered":"Jarabacoa: ATV Ride &#038; Baiguate Waterfall"},"content":{"rendered":"<section class=\"wpb-content-wrapper\"><div class=\"vc_row wpb_row vc_row-fluid\" ><div class=\"wpb_column vc_column_container vc_col-sm-12\"><div class=\"vc_column-inner\"><div class=\"wpb_wrapper\">\n\t<div class=\"wpb_text_column wpb_content_element\" >\n\t\t<div class=\"wpb_wrapper\">\n\t\t\t<h1>Jarabacoa avec les cascades de Jimenoa et Baiguate<\/h1>\n\n\t\t<\/div>\n\t<\/div>\n<\/div><\/div><\/div><\/div><div class=\"vc_row wpb_row vc_row-fluid\" ><div class=\"wpb_column vc_column_container vc_col-sm-12\"><div class=\"vc_column-inner\"><div class=\"wpb_wrapper\">\n\t<div class=\"wpb_text_column wpb_content_element\" >\n\t\t<div class=\"wpb_wrapper\">\n\t\t\t<h3 class=\"product-head__title\">Jarabacoa: ATV Ride &amp; Baiguate Waterfall<\/h3>\n<h4><b><i>Aper\u00e7u <\/i><\/b><\/h4>\n<p>Embark on this thrilling adventure in Jarabacoa, an enchanting destination brimming with exciting experiences that lie ahead. Immerse yourself in the vibrant community known as the city of eternal spring and discover the birthplace of the Dominican Republic&#8217;s main rivers. This extraordinary journey will take you to the most legendary sites in Jarabacoa, including a refreshing swim at Baiguate Waterfall.<\/p>\n<p>Once everyone is prepared, we will embark on our journey to the charming rural areas of the city of Jarabacoa, where the bumpy roads and the refreshing mountain air of the countryside in the central north of the country will unveil the breathtaking beauty of nature throughout this exhilarating adventure.<\/p>\n<p>Some of the places you will visit during this trip are La Confluencia, where the Jimenoa and Yaque del Norte rivers, Cieneguita, and Monte Arriba converge, as well as the breathtaking Jarabacoa and the historic city of the eternal spring break, you will be riding your ATV for about two hours.<\/p>\n<p>After riding about 30 kilometers, we will head to the Baiguate Waterfall for a 10-minute walk and swim in natural pools.<\/p>\n<p>In this journey stage, you will have the amazing opportunity to swim for approximately one hour in the captivating waters of Baiguate. You will also have the chance to indulge in the luscious taste of fresh ice cream, handpicked daily from the bountiful lands of the skilled farmers of Jarabacoa. With its majestic 82-foot drop, Baiguate offers a picturesque haven to unwind and rejuvenate before returning to the bustling city.<\/p>\n<ul>\n<li style=\"font-weight: 400;\">Frais inclus<\/li>\n<li>D\u00e9jeuner<\/li>\n<li>Collations<\/li>\n<li style=\"font-weight: 400;\">Local Tour Guide in English or Spanish<\/li>\n<\/ul>\n<h4><b>Inclusions et exclusions<\/b><\/h4>\n<p><b>Inclusions<\/b><\/p>\n<ol>\n<li>D\u00e9jeuner<\/li>\n<li style=\"font-weight: 400;\"><span style=\"font-weight: 400;\">Toutes les taxes, frais et frais de traitement<\/span><\/li>\n<li style=\"font-weight: 400;\"><span style=\"font-weight: 400;\">Taxes locales<\/span><\/li>\n<li style=\"font-weight: 400;\"><span style=\"font-weight: 400;\">Breuvages<\/span><\/li>\n<li style=\"font-weight: 400;\"><span style=\"font-weight: 400;\">L&#039;ensemble des Activit\u00e9s<\/span><\/li>\n<li style=\"font-weight: 400;\"><span style=\"font-weight: 400;\">Guide local<\/span><\/li>\n<\/ol>\n<p><b> Exclusions<\/b><\/p>\n<ol>\n<li style=\"font-weight: 400;\"><span style=\"font-weight: 400;\">Pourboires<\/span><\/li>\n<li>transport (D\u00e9fini en nous contactant)<\/li>\n<li style=\"font-weight: 400;\"><span style=\"font-weight: 400;\">Boissons alcoolis\u00e9es<\/span><\/li>\n<\/ol>\n<h4><em><strong>D\u00e9part &amp; Retour<\/strong><\/em><\/h4>\n<p><span style=\"font-weight: 400;\">Le voyageur obtiendra un point de rendez-vous apr\u00e8s le processus de r\u00e9servation. Les visites commencent et se terminent \u00e0 vos points de rendez-vous.<\/span><\/p>\n<h3 class=\"product-head__title\">Jarabacoa: ATV Ride &amp; Baiguate Waterfall<\/h3>\n<h4><b><i>\u00c0 quoi s&#039;attendre?<\/i><\/b><\/h4>\n<p>Get your ticket for the Baiguate Waterfalls Tour from Jarabacoa City by ATV. The tour involves riding an all-terrain vehicle that offers safety and ease of handling while allowing you to have greater contact with the terrain and nature around you. Enjoy the breeze, sun, and rain, and take in the surrounding landscape while comfortably and safely driving through off-road tracks in the forest.<\/p>\n<p>The tour starts from a meeting point that you will need to confirm with our travel agents or tour guide before proceeding to any location. Upon meeting your guide, you will receive a briefing about the tour and everything related to your day. Once everyone is ready, we will start our ride to some rural areas of Jarabacoa Town, where you&#8217;ll experience the bumpy roads and mountain air of the countryside from the central north of the country.<\/p>\n<p>During the trip, you will visit several locations such as La Confluencia, where Jimenoa and Yaque Del Norte River meet, Cieneguita, and Monte Arriba. After riding for about 30 kilometers, we will head to the Baiguate Waterfall, which involves a 10-minute hike and swimming in natural pools.<\/p>\n<p>You will have the opportunity to swim for approximately 30 minutes. Baiguate waterfall has an 82-foot-high fall, making it the perfect place to relax before heading back to town. After visiting the waterfall, we will head to Ivon&#8217;s to try the best local ice cream flavor, homemade by a local expert, and then walk to Duarte Central Park for the last part of the tour.<\/p>\n<p>The tour lasts for 4 hours, including the two-hour ATV ride, Baiguate, lunch, and Helados Ivon. It allows you to oversee Jarabacoa and ends in the same place where it started. Please book with time as there are only a limited number of specialist ecologist tour guides available in the park.<\/p>\n<h4><em><strong>Que devez-vous apporter?<\/strong><\/em><\/h4>\n<ul>\n<li style=\"font-weight: 400;\"><span style=\"font-weight: 400;\">Appareil photo<\/span><\/li>\n<li style=\"font-weight: 400;\"><span style=\"font-weight: 400;\">Bourgeons r\u00e9pulsifs<\/span><\/li>\n<li style=\"font-weight: 400;\"><span style=\"font-weight: 400;\">Cr\u00eame solaire<\/span><\/li>\n<li style=\"font-weight: 400;\"><span style=\"font-weight: 400;\">Chapeau<\/span><\/li>\n<li style=\"font-weight: 400;\"><span style=\"font-weight: 400;\">Pantalon confortable<\/span><\/li>\n<li style=\"font-weight: 400;\"><span style=\"font-weight: 400;\">Chaussures de randonn\u00e9e pour la for\u00eat<\/span><\/li>\n<li style=\"font-weight: 400;\"><span style=\"font-weight: 400;\">Sandales aux zones de printemps.<\/span><\/li>\n<li style=\"font-weight: 400;\"><span style=\"font-weight: 400;\">Maillot de bain<\/span><\/li>\n<\/ul>\n<h4><b><i>Prise en charge \u00e0 l&#039;h\u00f4tel <\/i><\/b><\/h4>\n<p><span style=\"font-weight: 400;\">Hotel pick-up is not offered for this tour. We set Pick up by contacting us by WhatsApp.<\/span><\/p>\n<p><b>Note:<\/b><span style=\"font-weight: 400;\"> If you are booking within 24 hours of the tour\/Excursion departure time, we can arrange hotel pick-up with extra Charges. Once your purchase is complete, we will send you complete contact information (phone number, email address, etc.) for our local Tour guide to organize pick-up arrangements.<\/span><\/p>\n<h4><b><i>Confirmation d&#039;informations suppl\u00e9mentaires <\/i><\/b><\/h4>\n<ol>\n<li>Les billets sont le re\u00e7u apr\u00e8s avoir pay\u00e9 pour ce tour. Vous pouvez afficher le paiement sur votre t\u00e9l\u00e9phone.<\/li>\n<li style=\"font-weight: 400;\"><span style=\"font-weight: 400;\">Le point de rencontre sera re\u00e7u apr\u00e8s le processus de r\u00e9servation.<\/span><\/li>\n<li style=\"font-weight: 400;\"><span style=\"font-weight: 400;\">Les enfants doivent \u00eatre accompagn\u00e9s par un adulte.<\/span><\/li>\n<li style=\"font-weight: 400;\"><span style=\"font-weight: 400;\"> Non accessible aux fauteuils roulants <\/span><\/li>\n<li style=\"font-weight: 400;\"><span style=\"font-weight: 400;\">Les b\u00e9b\u00e9s doivent s&#039;asseoir sur les genoux <\/span><\/li>\n<li style=\"font-weight: 400;\"><span style=\"font-weight: 400;\">Non recommand\u00e9 pour les voyageurs ayant des probl\u00e8mes de dos<\/span><\/li>\n<li style=\"font-weight: 400;\"><span style=\"font-weight: 400;\">D\u00e9conseill\u00e9 aux voyageuses enceintes <\/span><\/li>\n<li style=\"font-weight: 400;\"><span style=\"font-weight: 400;\"> Pas de probl\u00e8mes cardiaques ou d&#039;autres conditions m\u00e9dicales graves <\/span><\/li>\n<li style=\"font-weight: 400;\"><span style=\"font-weight: 400;\">La plupart des voyageurs peuvent participer<\/span><\/li>\n<li>This option is sharing one four-wheel with two people<\/li>\n<\/ol>\n<h4><b><i>Politique d&#039;annulation<\/i><\/b><\/h4>\n<p>Pour un remboursement complet, veuillez lire nos conditions d'annulation. <a href=\"https:\/\/tourwhales.com\/fr\/online-booking\/\" target=\"_blank\" rel=\"noopener\" data-saferedirecturl=\"https:\/\/www.google.com\/url?q=https:\/\/tourwhales.com\/online-booking\/&amp;source=gmail&amp;ust=1672449202351000&amp;usg=AOvVaw1yAeVAPktmaVCqDujgUn90\">Cliquez ici<\/a>. Les fonds seront perdus si la r\u00e9servation est annul\u00e9e le jour m\u00eame du voyage.<\/p>\n\n\t\t<\/div>\n\t<\/div>\n<\/div><\/div><\/div><\/div><div class=\"vc_row wpb_row vc_row-fluid\" ><div class=\"wpb_column vc_column_container vc_col-sm-12\"><div class=\"vc_column-inner\"><div class=\"wpb_wrapper\">\n\t<div class=\"wpb_video_widget wpb_content_element vc_clearfix   vc_video-aspect-ratio-169 vc_video-el-width-100 vc_video-align-left\" >\n\t\t<div class=\"wpb_wrapper\">\n\t\t\t<h2 class=\"wpb_heading wpb_video_heading\">Vid\u00e9o de la ville de Jarabacoa\u00a0:<\/h2>\n\t\t\t<div class=\"wpb_video_wrapper\"><iframe loading=\"lazy\" title=\"Jarabacoa, Turismo entre rios et monta\u00f1a\" width=\"1100\" height=\"619\" src=\"https:\/\/www.youtube.com\/embed\/FRHfK4RS39A?feature=oembed\" frameborder=\"0\" allow=\"accelerometer; autoplay; clipboard-write; encrypted-media; gyroscope; picture-in-picture\" allowfullscreen><\/iframe><\/div>\n\t\t<\/div>\n\t<\/div>\n<\/div><\/div><\/div><\/div><div class=\"wpb_column vc_column_container vc_col-sm-12\"><div class=\"vc_column-inner\"><div class=\"wpb_wrapper\"><\/div><\/div><\/div>\n<\/section>","protected":false},"excerpt":{"rendered":"<p>Rejoignez-nous et voyagez avec un expert local de Jarabacoa et vivez l&#039;exp\u00e9rience unique de visiter les meilleurs endroits de la capitale de l&#039;\u00e9cotourisme \u00e0 partir de Jarabacoa. Cette visite vous fera d\u00e9couvrir le magnifique paysage du plus grand ranch de montagne de la R\u00e9publique Dominicaine. En parcourant les diff\u00e9rents lieux, vous ressentirez l\u2019air de la montagne et profiterez de la beaut\u00e9 de la campagne.<\/p>\n<p><strong>S\u00e9lectionnez la date du Tour\u00a0:<\/strong><\/p>","protected":false},"featured_media":18365,"template":"","meta":[],"product_cat":[1132,159,1131,889,253],"product_tag":[895,892,891,890,1133,896,894,893],"class_list":["post-18361","product","type-product","status-publish","has-post-thumbnail","hentry","product_cat-atv-jarabacoa","product_cat-fees-entrace","product_cat-jarabacoa","product_cat-jarabacoa-buggy","product_cat-tours-and-excursions","product_tag-baiguate-waterfall","product_tag-jarabacoa-buggies","product_tag-jarabacoa-buggy","product_tag-jarabacoa-tour","product_tag-jarabacoa-atv-ride-baiguate-waterfall","product_tag-jimenoa-waterfall","product_tag-salto-baiguate","product_tag-salto-jimenoa"],"_links":{"self":[{"href":"https:\/\/tourwhales.com\/fr\/wp-json\/wp\/v2\/product\/18361","targetHints":{"allow":["GET"]}}],"collection":[{"href":"https:\/\/tourwhales.com\/fr\/wp-json\/wp\/v2\/product"}],"about":[{"href":"https:\/\/tourwhales.com\/fr\/wp-json\/wp\/v2\/types\/product"}],"wp:featuredmedia":[{"embeddable":true,"href":"https:\/\/tourwhales.com\/fr\/wp-json\/wp\/v2\/media\/18365"}],"wp:attachment":[{"href":"https:\/\/tourwhales.com\/fr\/wp-json\/wp\/v2\/media?parent=18361"}],"wp:term":[{"taxonomy":"product_cat","embeddable":true,"href":"https:\/\/tourwhales.com\/fr\/wp-json\/wp\/v2\/product_cat?post=18361"},{"taxonomy":"product_tag","embeddable":true,"href":"https:\/\/tourwhales.com\/fr\/wp-json\/wp\/v2\/product_tag?post=18361"}],"curies":[{"name":"wp","href":"https:\/\/api.w.org\/{rel}","templated":true}]}}