
{"id":18294,"date":"2023-12-05T08:07:03","date_gmt":"2023-12-05T08:07:03","guid":{"rendered":"https:\/\/tourwhales.com\/?post_type=product&#038;p=18294"},"modified":"2024-10-17T23:39:09","modified_gmt":"2024-10-17T23:39:09","slug":"rio-partido-tours","status":"publish","type":"product","link":"https:\/\/tourwhales.com\/fr\/Tours-Excursions\/rio-partido-tours-prices\/rio-partido-tours\/","title":{"rendered":"Rio Partido Tours - Glissade, randonn\u00e9e et baignade Jamao"},"content":{"rendered":"<section class=\"wpb-content-wrapper\"><div class=\"vc_row wpb_row vc_row-fluid\" ><div class=\"wpb_column vc_column_container vc_col-sm-12\"><div class=\"vc_column-inner\"><div class=\"wpb_wrapper\">\n\t<div class=\"wpb_text_column wpb_content_element\" >\n\t\t<div class=\"wpb_wrapper\">\n\t\t\t<h1><span style=\"font-weight: 400;\">Rio Partido : Glissade sur la rivi\u00e8re, randonn\u00e9e et baignade\u00a0<\/span><\/h1>\n<p>&nbsp;<\/p>\n<p><b>Aper\u00e7u<\/b><span style=\"font-weight: 400;\">\u00a0<\/span><\/p>\n<p><span style=\"font-weight: 400;\">Embarquez pour une aventure palpitante \u00e0 la d\u00e9couverte de Rio Partido, un joyau cach\u00e9 au c\u0153ur de la R\u00e9publique dominicaine. Ce voyage extraordinaire vous conduira \u00e0 travers des rivi\u00e8res enchanteresses et des sentiers sauvages, offrant un aper\u00e7u captivant de la diversit\u00e9 des esp\u00e8ces de plantes et d'oiseaux qui habitent ce paysage majestueux. Des experts locaux de la r\u00e9gion vous serviront de guides comp\u00e9tents et vous accompagneront \u00e0 chaque \u00e9tape. Commencez au point de rencontre et partez pour une randonn\u00e9e pittoresque en direction de la rivi\u00e8re. Vous avez le choix entre plusieurs sentiers. Choisissez entre une d\u00e9licieuse randonn\u00e9e de 30 minutes ou un trek plus aventureux d'une heure pour atteindre la rivi\u00e8re \u00e0 couper le souffle.<\/span><\/p>\n<p><span style=\"font-weight: 400;\">La rivi\u00e8re comprend le sentier Los Cazadores avec 15 cascades et le sentier Golondrina avec 7 cascades.\u00a0<\/span><span style=\"font-weight: 400;\">Avez-vous d\u00e9j\u00e0 r\u00eav\u00e9 de vous immerger dans une rivi\u00e8re \u00e0 l'eau cristalline et turquoise et de vous laisser bercer par le flux rajeunissant des courants ? Pr\u00e9parez-vous \u00e0 une r\u00e9v\u00e9lation fascinante : en R\u00e9publique dominicaine, vous pouvez transformer ce fantasme en une r\u00e9alit\u00e9 impressionnante. La rivi\u00e8re Partido, nich\u00e9e dans la ville sereine de Jamao, au sein de la ville captivante de Salcedo, et qui fait partie de l'\u00e9nigmatique province de Hermanas Mirabal, est sans \u00e9quivoque l'une des sept rivi\u00e8res les plus magnifiques du pays. R\u00e9put\u00e9e pour ses eaux turquoise resplendissantes et ses paysages \u00e0 couper le souffle, cette merveilleuse voie d'eau poss\u00e8de un attrait sans pareil. Les miracles des min\u00e9raux et du sol de la r\u00e9gion environnante offrent une exp\u00e9rience extraordinaire et ind\u00e9l\u00e9bile lorsque l'eau brille dans un m\u00e9lange envo\u00fbtant de teintes turquoise et bleu ciel. El R\u00edo Partido vous invite \u00e0 vous embarquer pour une journ\u00e9e d'aventure exaltante, qui s'adresse aussi bien aux n\u00e9ophytes qu'aux amateurs chevronn\u00e9s.<\/span><\/p>\n<p>&nbsp;<\/p>\n<h3><b>Inclusions Rio Partido :\u00a0<\/b><\/h3>\n<ol>\n<li><span style=\"font-weight: 400;\">Toutes les taxes, frais et frais de traitement<\/span><\/li>\n<li><span style=\"font-weight: 400;\">Taxes locales<\/span><\/li>\n<li><span style=\"font-weight: 400;\">Officiels Guides touristiques \u00e9cologistes anglais\/espagnol<\/span><\/li>\n<li><span style=\"font-weight: 400;\">D\u00e9jeuner local<\/span><\/li>\n<li><span style=\"font-weight: 400;\">Guide local\u00a0<\/span><\/li>\n<li><span style=\"font-weight: 400;\">Randonn\u00e9e\u00a0<\/span><\/li>\n<li><span style=\"font-weight: 400;\">Natation\u00a0\u00a0<\/span><\/li>\n<\/ol>\n<h3><b>Exclusions Rio Partido :\u00a0<\/b><\/h3>\n<ul>\n<li><span style=\"font-weight: 400;\">Pourboires<\/span><\/li>\n<li><span style=\"font-weight: 400;\">Boisson<\/span><\/li>\n<\/ul>\n<p><span style=\"font-weight: 400;\">\u00a0<\/span><\/p>\n<p>&nbsp;<\/p>\n<p><b>D\u00e9part &amp; Retour<\/b><\/p>\n<p>&nbsp;<\/p>\n<p><span style=\"font-weight: 400;\">Le circuit, organis\u00e9 par \"Booking Adventures\", commence au point de rencontre fix\u00e9 avec le guide touristique. Le voyageur obtiendra un point de rencontre apr\u00e8s le processus de r\u00e9servation. Les circuits commencent et se terminent \u00e0 nos points de rencontre.<\/span><\/p>\n<p>&nbsp;<\/p>\n<h3><b>\u00c0 quoi s'attendre avec Rio Partido Tours ?<\/b><\/h3>\n<p>&nbsp;<\/p>\n<p><span style=\"font-weight: 400;\">Achetez votre billet pour Searching For Rio Partido : Cette exp\u00e9rience vous permettra d'observer la plus grande partie de la biodiversit\u00e9 de l'\u00eele.\u00a0<\/span><\/p>\n<h4><b>Calendrier<\/b><b>\u00a0<\/b><\/h4>\n<p>&nbsp;<\/p>\n<p><b>Toboggan, sentier de randonn\u00e9e et baignade \u00e0 Rio Partido\u00a0<\/b><\/p>\n<p>&nbsp;<\/p>\n<p><span style=\"font-weight: 400;\">D\u00e9but des travaux : 9h00<\/span><\/p>\n<p>&nbsp;<\/p>\n<p><span style=\"font-weight: 400;\">Pr\u00e9parez-vous \u00e0 une aventure matinale exaltante ! Nous embarquerons pour un trajet pittoresque jusqu'au point de rencontre dans la zone de Partido, o\u00f9 nous attend notre expert local. Mais d'abord, assurez-vous de vous \u00e9quiper d'un gilet de sauvetage, de chaussures \u00e9troites, d'un insecticide et d'une cr\u00e8me solaire pour un maximum de confort et de s\u00e9curit\u00e9.<\/span><\/p>\n<p>&nbsp;<\/p>\n<p><span style=\"font-weight: 400;\">Une fois \u00e9quip\u00e9, notre sympathique guide vous expliquera l'itin\u00e9raire de l'activit\u00e9. Alors que nous nous aventurons vers la rivi\u00e8re, gardez l'\u0153il ouvert pour observer un \u00e9ventail spectaculaire d'esp\u00e8ces d'oiseaux, en particulier celles qui sont propres \u00e0 la r\u00e9gion montagneuse. La r\u00e9gion de Partido est \u00e9galement riche en esp\u00e8ces v\u00e9g\u00e9tales indig\u00e8nes et end\u00e9miques, ce qui constitue un spectacle captivant pour les amateurs de nature.<\/span><\/p>\n<p>&nbsp;<\/p>\n<p><span style=\"font-weight: 400;\">Une fois arriv\u00e9 \u00e0 la rivi\u00e8re, pr\u00e9parez-vous \u00e0 une baignade exaltante et \u00e0 profiter des toboggans naturels qui vous attendent. C'est un cadre vraiment impressionnant qui promet une exp\u00e9rience rafra\u00eechissante sans pareille. Apr\u00e8s avoir profit\u00e9 des merveilles de l'eau, nous retournerons au point de rencontre, o\u00f9 vous aurez l'occasion de savourer une d\u00e9licieuse cuisine locale dans la communaut\u00e9 voisine.<\/span><\/p>\n<p>&nbsp;<\/p>\n<p><span style=\"font-weight: 400;\">Fin avant 15 heures\u00a0<\/span><\/p>\n<p>&nbsp;<\/p>\n<p><span style=\"font-weight: 400;\">Les jours d&#039;itin\u00e9raire et les activit\u00e9s sont sujets \u00e0 changement sans pr\u00e9avis en raison de circonstances ou d&#039;\u00e9v\u00e9nements impr\u00e9vus. Voir les conditions g\u00e9n\u00e9rales compl\u00e8tes pour plus d&#039;informations.<\/span><\/p>\n\n\t\t<\/div>\n\t<\/div>\n<\/div><\/div><\/div><\/div>\n<\/section>","protected":false},"excerpt":{"rendered":"<p><strong>R\u00edo partido<\/strong> est l'une des rivi\u00e8res les plus bleues de la R\u00e9publique dominicaine.<br \/>\nVous pourrez d\u00e9couvrir ses piscines les plus impressionnantes en compagnie de guides form\u00e9s et exp\u00e9riment\u00e9s dans les sports nautiques.<\/p>\n<p>R\u00e9servez avec des guides locaux pour une exp\u00e9rience en toute s\u00e9curit\u00e9. Cette excursion est guid\u00e9e par des jeunes de la communaut\u00e9, form\u00e9s et exp\u00e9riment\u00e9s. Pendant la visite, vous pourrez d\u00e9guster une collation \u00e0 base de produits locaux, un d\u00e9jeuner typique.<\/p>\n<p>&nbsp;<\/p>\n<p><strong>R\u00e9servez Rio Partido d\u00e8s aujourd'hui !<\/strong><\/p>","protected":false},"featured_media":18295,"template":"","meta":[],"product_cat":[1128,1129,1127],"product_tag":[],"class_list":["post-18294","product","type-product","status-publish","has-post-thumbnail","hentry","product_cat-best-rio-partido-tours","product_cat-rio-partido-salcedo","product_cat-rio-partido-tours-prices"],"_links":{"self":[{"href":"https:\/\/tourwhales.com\/fr\/wp-json\/wp\/v2\/product\/18294","targetHints":{"allow":["GET"]}}],"collection":[{"href":"https:\/\/tourwhales.com\/fr\/wp-json\/wp\/v2\/product"}],"about":[{"href":"https:\/\/tourwhales.com\/fr\/wp-json\/wp\/v2\/types\/product"}],"wp:featuredmedia":[{"embeddable":true,"href":"https:\/\/tourwhales.com\/fr\/wp-json\/wp\/v2\/media\/18295"}],"wp:attachment":[{"href":"https:\/\/tourwhales.com\/fr\/wp-json\/wp\/v2\/media?parent=18294"}],"wp:term":[{"taxonomy":"product_cat","embeddable":true,"href":"https:\/\/tourwhales.com\/fr\/wp-json\/wp\/v2\/product_cat?post=18294"},{"taxonomy":"product_tag","embeddable":true,"href":"https:\/\/tourwhales.com\/fr\/wp-json\/wp\/v2\/product_tag?post=18294"}],"curies":[{"name":"wp","href":"https:\/\/api.w.org\/{rel}","templated":true}]}}