
{"id":16734,"date":"2023-11-25T10:05:43","date_gmt":"2023-11-25T10:05:43","guid":{"rendered":"https:\/\/tourwhales.com\/?post_type=product&#038;p=16734"},"modified":"2024-10-17T23:39:10","modified_gmt":"2024-10-17T23:39:10","slug":"saona-miches","status":"publish","type":"product","link":"https:\/\/tourwhales.com\/fr\/Tours-Excursions\/saona-island-tour-excursion\/saona-miches\/","title":{"rendered":"Miches : Visite de l'\u00eele de Saona depuis Miches"},"content":{"rendered":"<section class=\"wpb-content-wrapper\"><div class=\"vc_row wpb_row vc_row-fluid\" ><div class=\"wpb_column vc_column_container vc_col-sm-12\"><div class=\"vc_column-inner\"><div class=\"wpb_wrapper\"><div class=\"mkdf-section-title-holder\" style=\"text-align: left\">\n\t<div class=\"mkdf-st-inner\">\n\t\t\t\t\t<h5 class=\"mkdf-st-subtitle\" >\n\t\t\t\tDepuis Bayahibe\t\t\t<\/h5>\n\t\t\t\t\t\t\t<h3 class=\"mkdf-st-title\" >\n\t\t\t\t\u00cele Saona\t\t\t<\/h3>\n\t\t\t\t\t\t\t<p class=\"mkdf-st-text\" >\n\t\t\t\tRemarque\u00a0: cette excursion commence \u00e0 9\u00a0h\u00a000 depuis le port de Bayahibe. Veuillez nous contacter si vous \u00eates \u00e0 Punta Cana ou \u00e0 Saint-Domingue et avez besoin d&#039;un transfert.\t\t\t<\/p>\n\t\t\t<\/div>\n<\/div><\/div><\/div><\/div><\/div><div class=\"vc_row wpb_row vc_row-fluid\" ><div class=\"wpb_column vc_column_container vc_col-sm-12\"><div class=\"vc_column-inner\"><div class=\"wpb_wrapper\"><div class=\"vc_empty_space\"   style=\"height: 32px\"><span class=\"vc_empty_space_inner\"><\/span><\/div><\/div><\/div><\/div><\/div><div class=\"vc_row wpb_row vc_row-fluid\" ><div class=\"wpb_column vc_column_container vc_col-sm-12\"><div class=\"vc_column-inner\"><div class=\"wpb_wrapper\"><div class=\"vc_btn3-container vc_btn3-inline\" ><a class=\"vc_general vc_btn3 vc_btn3-size-md vc_btn3-shape-rounded vc_btn3-style-modern vc_btn3-color-green\" href=\"https:\/\/bookingadventures.tours\/booking.php?slug=_Saona_Island_Tour_From_Miches\" title=\"\">RESERVE MAINTENANT<\/a><\/div>\n\t<div class=\"wpb_text_column wpb_content_element\" >\n\t\t<div class=\"wpb_wrapper\">\n\t\t\t<h1><span style=\"font-weight: 400;\">Miches : Visite de l'\u00eele de Saona depuis Miches<\/span><\/h1>\n<p>&nbsp;<\/p>\n<p><b>Aper\u00e7u<\/b><span style=\"font-weight: 400;\">\u00a0<\/span><\/p>\n<p>&nbsp;<\/p>\n<p><span style=\"font-weight: 400;\">Saona Island is a stunning natural paradise located off the coast of the Dominican Republic. With its crystal-clear turquoise waters, white sandy beaches, and abundance of wildlife, it&#8217;s a must-visit destination for nature lovers. The island is part of the East National Park, which is a protected area that showcases the region&#8217;s unique ecology.\u00a0<\/span><\/p>\n<p><span style=\"font-weight: 400;\">Saona Island is home to a variety of plant and animal species, including colorful coral reefs, tropical fish, and endangered sea turtles. Visitors can explore the island&#8217;s natural wonders by snorkeling, diving, or taking a boat tour around its coastline. The island also offers opportunities for bird watching, as it&#8217;s a habitat for numerous bird species, including the vibrant pink flamingos. Saona Island&#8217;s untouched beauty and serene atmosphere make it a perfect escape from the hustle and bustle of everyday life. Whether you&#8217;re lounging on the beach, swimming in its crystal waters, or simply enjoying the stunning views, Saona Island is a nature lover&#8217;s dream come true.<\/span><\/p>\n<p>&nbsp;<\/p>\n<p><span style=\"font-weight: 400;\">During this experience from Miches area you will get a ride to Sabana de la Mar before heading to Bayahibe where we are starting this excursion, the activity is taking around the southeast coast of Dominican Republic, while navigating on your speed boat or Catamaran enjoy the crystal water of the Caribbean Sea, here you will get to snorkel and have some fresh Dominican lunch.<\/span><\/p>\n<p>&nbsp;<\/p>\n<p><b>Inclusions<\/b><\/p>\n<p><span style=\"font-weight: 400;\">Toutes les taxes, frais et frais de traitement<\/span><\/p>\n<p><span style=\"font-weight: 400;\">Taxes locales<\/span><\/p>\n<p><span style=\"font-weight: 400;\">Officiels Guides touristiques \u00e9cologistes anglais\/espagnol<\/span><\/p>\n<p><span style=\"font-weight: 400;\">Local Transportation<\/span><\/p>\n<p><span style=\"font-weight: 400;\">Bateau rapide<\/span><\/p>\n<p><span style=\"font-weight: 400;\">Catamar\u00e1n\u00a0\u00a0<\/span><\/p>\n<p><span style=\"font-weight: 400;\">D\u00e9jeuner local\u00a0<\/span><\/p>\n<p>&nbsp;<\/p>\n<p><b>Exclusions<\/b><\/p>\n<p>&nbsp;<\/p>\n<p><span style=\"font-weight: 400;\">Pourboires<\/span><\/p>\n<p><span style=\"font-weight: 400;\">Boisson<\/span><\/p>\n<p><span style=\"font-weight: 400;\">\u00a0<\/span><\/p>\n<p>&nbsp;<\/p>\n<p><b>D\u00e9part &amp; Retour<\/b><\/p>\n<p>&nbsp;<\/p>\n<p><span style=\"font-weight: 400;\">La visite, organis\u00e9e par \u00ab Booking Adventures \u00bb, commence au point de rendez-vous fix\u00e9 avec le guide touristique. Le voyageur obtiendra un point de rendez-vous apr\u00e8s le processus de r\u00e9servation. Les visites commencent et se terminent dans nos points de rendez-vous.<\/span><\/p>\n<p>&nbsp;<\/p>\n<p><b>\u00c0 quoi s&#039;attendre?<\/b><\/p>\n<p>&nbsp;<\/p>\n<p><span style=\"font-weight: 400;\">Get your ticket for Searching For The\u00a0 Samana: Saona Island Tour From Samana , this experience will give you the opportunity to see most of the biodiversity of the island.\u00a0<\/span><\/p>\n<p>&nbsp;<\/p>\n<p><span style=\"font-weight: 400;\">Cette activit\u00e9 d\u00e9butera \u00e0 partir de votre prise en charge \u00e0 votre h\u00e9bergement dans l&#039;une de ces zones\u00a0:<\/span><\/p>\n<ul>\n<li style=\"font-weight: 400;\" aria-level=\"1\"><span style=\"font-weight: 400;\">Saman\u00e1<\/span><\/li>\n<li style=\"font-weight: 400;\" aria-level=\"1\"><span style=\"font-weight: 400;\">Miches<\/span><\/li>\n<li style=\"font-weight: 400;\" aria-level=\"1\"><span style=\"font-weight: 400;\">La Romana\u00a0<\/span><\/li>\n<li style=\"font-weight: 400;\" aria-level=\"1\"><span style=\"font-weight: 400;\">Bayahibe\u00a0<\/span><\/li>\n<li style=\"font-weight: 400;\" aria-level=\"1\"><span style=\"font-weight: 400;\">Sabana de la Mar<\/span><\/li>\n<\/ul>\n<h4><b>Calendrier<\/b><b>\u00a0<\/b><\/h4>\n<p>&nbsp;<\/p>\n<p><b>Bayahibe, Catamaran Ride and Hotel Pick Up\u00a0<\/b><\/p>\n<p>&nbsp;<\/p>\n<p><span style=\"font-weight: 400;\">Hotel pick up: 7:00 am<\/span><\/p>\n<p>&nbsp;<\/p>\n<p><span style=\"font-weight: 400;\">This is going to be an early morning to pick you up from your hotel and drive you to Sabana de la Mar before heading to Bayahibe, here we might be meeting more people who are doing the same trip., when we get to Sabana de la Mar our local expert will go over the itinerary for the rest of the day. A second ride will be taking us to Bayahibe where finally we are taking the catamaran, the ride from Sabana de la Mar to Bayahibe is two hours.<\/span><\/p>\n<p><span style=\"font-weight: 400;\">Once we get to Bayahibe we\u2019ll board our Catamaran and head to Saona Island during this ride you will be surrounded by crystal water blue color unique to the magic from the Caribbean sea. At the island is where you\u2019ll be having some fresh local lunch, snorkeling and some time for a siesta.\u00a0<\/span><\/p>\n<p>&nbsp;<\/p>\n<p><span style=\"font-weight: 400;\">After a break we are going aboard a Catamaran and heading to the Natural Pools jump one last time in the water before heading back to Bayahibe. This activity will take you from the northeast to the southeast of the country, getting to explore two different regions of the country.<\/span><\/p>\n<p>&nbsp;<\/p>\n<p><span style=\"font-weight: 400;\">When you finish the Catamaran we take you back to your original place, which means our staff stay with you until the end of the day.\u00a0<\/span><\/p>\n<p>&nbsp;<\/p>\n<p><span style=\"font-weight: 400;\">Les jours d&#039;itin\u00e9raire et les activit\u00e9s sont sujets \u00e0 changement sans pr\u00e9avis en raison de circonstances ou d&#039;\u00e9v\u00e9nements impr\u00e9vus. Voir les conditions g\u00e9n\u00e9rales compl\u00e8tes pour plus d&#039;informations.<\/span><\/p>\n<h4><b><i>Prise en charge \u00e0 l&#039;h\u00f4tel <\/i><\/b><\/h4>\n<p><span style=\"font-weight: 400;\">Hotel pick-up is offered for this tour in Miches areas.\u00a0<\/span><\/p>\n<p>&nbsp;<\/p>\n<p><b>Note:<\/b><span style=\"font-weight: 400;\"> si vous r\u00e9servez dans les 24 heures suivant l&#039;heure de d\u00e9part de la visite \/ excursion, nous pouvons organiser la prise en charge \u00e0 l&#039;h\u00f4tel moyennant des frais suppl\u00e9mentaires. Une fois votre achat termin\u00e9, nous vous enverrons les coordonn\u00e9es compl\u00e8tes (num\u00e9ro de t\u00e9l\u00e9phone, adresse e-mail, etc.) de notre guide local pour organiser la prise en charge.<\/span><\/p>\n<h4><b><i>Confirmation d&#039;informations suppl\u00e9mentaires <\/i><\/b><\/h4>\n<ol>\n<li>Les billets sont le re\u00e7u apr\u00e8s avoir pay\u00e9 ce tour. Vous pouvez afficher le paiement sur votre t\u00e9l\u00e9phone.<\/li>\n<li style=\"font-weight: 400;\"><span style=\"font-weight: 400;\">Le point de rencontre sera re\u00e7u apr\u00e8s le processus de r\u00e9servation.<\/span><\/li>\n<li style=\"font-weight: 400;\"><span style=\"font-weight: 400;\">Les enfants doivent \u00eatre accompagn\u00e9s par un adulte.<\/span><\/li>\n<li style=\"font-weight: 400;\"><span style=\"font-weight: 400;\">Accessible aux fauteuils roulants <\/span><\/li>\n<li style=\"font-weight: 400;\"><span style=\"font-weight: 400;\">Les b\u00e9b\u00e9s doivent s&#039;asseoir sur les genoux <\/span><\/li>\n<li style=\"font-weight: 400;\"><span style=\"font-weight: 400;\">La plupart des voyageurs peuvent participer<\/span><\/li>\n<\/ol>\n<h4><b><i>Politique d&#039;annulation<\/i><\/b><\/h4>\n<p>Pour un remboursement complet, veuillez lire nos Politiques d&#039;annulation\u00a0<a href=\"https:\/\/tourwhales.com\/fr\/online-booking\/\" target=\"_blank\" rel=\"noopener\" data-saferedirecturl=\"https:\/\/www.google.com\/url?q=https:\/\/tourwhales.com\/online-booking\/&amp;source=gmail&amp;ust=1672529771100000&amp;usg=AOvVaw2NIGJBZ0qjB5RhPUl5Obc7\">Cliquez ici<\/a>. Les fonds seront perdus si la r\u00e9servation est annul\u00e9e le jour m\u00eame du voyage.<\/p>\n\n\t\t<\/div>\n\t<\/div>\n<\/div><\/div><\/div><\/div><div class=\"vc_row wpb_row vc_row-fluid\" ><div class=\"wpb_column vc_column_container vc_col-sm-12\"><div class=\"vc_column-inner\"><div class=\"wpb_wrapper\"><div class=\"vc_btn3-container vc_btn3-inline\" ><a class=\"vc_general vc_btn3 vc_btn3-size-md vc_btn3-shape-rounded vc_btn3-style-modern vc_btn3-color-green\" href=\"https:\/\/bookingadventures.tours\/booking.php?slug=_Saona_Island_Tour_From_Miches\" title=\"\">RESERVE MAINTENANT<\/a><\/div><\/div><\/div><\/div><\/div><div class=\"vc_row wpb_row vc_row-fluid\" ><div class=\"wpb_column vc_column_container vc_col-sm-12\"><div class=\"vc_column-inner\"><div class=\"wpb_wrapper\"><div class=\"vc_empty_space\"   style=\"height: 32px\"><span class=\"vc_empty_space_inner\"><\/span><\/div>\n\t<div class=\"wpb_video_widget wpb_content_element vc_clearfix   vc_video-aspect-ratio-169 vc_video-el-width-100 vc_video-align-left\" >\n\t\t<div class=\"wpb_wrapper\">\n\t\t\t<h2 class=\"wpb_heading wpb_video_heading\">Vid\u00e9o sur les visites et excursions de l&#039;\u00eele de Saona\u00a0:<\/h2>\n\t\t\t<div class=\"wpb_video_wrapper\"><iframe loading=\"lazy\" title=\"\u00cele de Saola Journ\u00e9e compl\u00e8te par Booking Adventures, Voyage R\u00e9publique Dominicaine\" width=\"1100\" height=\"619\" src=\"https:\/\/www.youtube.com\/embed\/sas91N4zMHo?feature=oembed\" frameborder=\"0\" allow=\"accelerometer; autoplay; encrypted-media; gyroscope; picture-in-picture\" allowfullscreen><\/iframe><\/div>\n\t\t<\/div>\n\t<\/div>\n<div class=\"vc_empty_space\"   style=\"height: 32px\"><span class=\"vc_empty_space_inner\"><\/span><\/div><\/div><\/div><\/div><\/div><div class=\"vc_row wpb_row vc_row-fluid\" ><\/div><div class=\"wpb_column vc_column_container vc_col-sm-12\"><div class=\"vc_column-inner\"><div class=\"wpb_wrapper\"><\/div><\/div><\/div><div class=\"vc_empty_space\"   style=\"height: 32px\"><span class=\"vc_empty_space_inner\"><\/span><\/div><div class=\"vc_empty_space\"   style=\"height: 32px\"><span class=\"vc_empty_space_inner\"><\/span><\/div>\n<\/section>","protected":false},"excerpt":{"rendered":"<p>A day pass to Saona Island from Miches to Bayahibe Port. Lunch and natural pools included. This activity has been collected in Miches. In case of need, transfer from anywhere in the Dominican Republic. Just contact us and let&#8217;s have the best experience on Saona Island.<\/p>\n<p><strong>S\u00e9lectionnez la date de la visite\u00a0:<\/strong><\/p>","protected":false},"featured_media":8690,"template":"","meta":[],"product_cat":[948,258],"product_tag":[400,244,242,395,272,222,241,243,315,398,397,314],"class_list":["post-16734","product","type-product","status-publish","has-post-thumbnail","hentry","product_cat-1-punta-cana","product_cat-saona-island-tour-excursion","product_tag-all-inclusive-trip-to-saona-island-by-speedboat-catamaran","product_tag-bayahibe","product_tag-catamaran","product_tag-how-to-get-to-saona-island","product_tag-isla-saona","product_tag-punta-cana","product_tag-saona","product_tag-saona-island","product_tag-saona-island-excursion","product_tag-saona-island-hotels","product_tag-saona-island-snorkeling","product_tag-saona-island-tour"],"_links":{"self":[{"href":"https:\/\/tourwhales.com\/fr\/wp-json\/wp\/v2\/product\/16734","targetHints":{"allow":["GET"]}}],"collection":[{"href":"https:\/\/tourwhales.com\/fr\/wp-json\/wp\/v2\/product"}],"about":[{"href":"https:\/\/tourwhales.com\/fr\/wp-json\/wp\/v2\/types\/product"}],"wp:featuredmedia":[{"embeddable":true,"href":"https:\/\/tourwhales.com\/fr\/wp-json\/wp\/v2\/media\/8690"}],"wp:attachment":[{"href":"https:\/\/tourwhales.com\/fr\/wp-json\/wp\/v2\/media?parent=16734"}],"wp:term":[{"taxonomy":"product_cat","embeddable":true,"href":"https:\/\/tourwhales.com\/fr\/wp-json\/wp\/v2\/product_cat?post=16734"},{"taxonomy":"product_tag","embeddable":true,"href":"https:\/\/tourwhales.com\/fr\/wp-json\/wp\/v2\/product_tag?post=16734"}],"curies":[{"name":"wp","href":"https:\/\/api.w.org\/{rel}","templated":true}]}}