
{"id":16647,"date":"2023-11-06T09:02:24","date_gmt":"2023-11-06T09:02:24","guid":{"rendered":"https:\/\/tourwhales.com\/?post_type=product&#038;p=16647"},"modified":"2024-10-17T23:39:10","modified_gmt":"2024-10-17T23:39:10","slug":"los-haitises-cueva-el-naranjo-y-laguna-cristal-from-sabana-de-la-mar","status":"publish","type":"product","link":"https:\/\/tourwhales.com\/fr\/Tours-Excursions\/haitises\/los-haitises-cueva-el-naranjo-y-laguna-cristal-from-sabana-de-la-mar\/","title":{"rendered":"Los Haitises : Cueva el Naranjo et Laguna Cristal de Sabana de la mar"},"content":{"rendered":"<section class=\"wpb-content-wrapper\"><div class=\"vc_row wpb_row vc_row-fluid\" ><div class=\"wpb_column vc_column_container vc_col-sm-12\"><div class=\"vc_column-inner\"><div class=\"wpb_wrapper\">\n\t<div class=\"wpb_text_column wpb_content_element\" >\n\t\t<div class=\"wpb_wrapper\">\n\t\t\t<h2><span style=\"font-weight: 400;\">Los Haitises\u00a0: Cueva el Naranjo et Laguna Cristal<\/span><\/h2>\n<p>Sabana de la mer<\/p>\n<p>&nbsp;<\/p>\n<p><b>Aper\u00e7u<\/b><span style=\"font-weight: 400;\">\u00a0<\/span><\/p>\n<p>&nbsp;<\/p>\n<p><span style=\"font-weight: 400;\">Le parc national Los Haitises est un tr\u00e9sor naturel de la R\u00e9publique Dominicaine o\u00f9 se trouvent 25% d&#039;eau douce \u00e0 Hispaniola. Au cours de cette exp\u00e9rience, nous parcourons certains des endroits les plus importants de ce parc \u00e9tonnant. Obtenez votre billet pour explorer la grotte Ojo de Cielo, Laguna Cristal, la rivi\u00e8re Barracote et la baie de Samana.\u00a0<\/span><\/p>\n<p>&nbsp;<\/p>\n<p><span style=\"font-weight: 400;\">Du point de vue hydrographique<\/span><span style=\"font-weight: 400;\">, Los Haitises et ses zones d&#039;influence comprennent deux r\u00e9gions : le bassin inf\u00e9rieur de la rivi\u00e8re Yuna et la zone de Miches et Sabana de la Mar. La Yuna s&#039;\u00e9coule par deux embouchures : celle de la Yuna elle-m\u00eame et celle de la Barracote. En outre, dans la zone se trouvent les rivi\u00e8res Payabo, Los Cocos et Naranjo, ainsi que les canaux Cabirma, Estero, Prieto et d&#039;autres.<\/span><\/p>\n<p>&nbsp;<\/p>\n<p><span style=\"font-weight: 400;\">\u00c0 propos du paysage de Los Haitises,<\/span><span style=\"font-weight: 400;\"> en plus des grottes, se trouvent Ca\u00f1o Hondo, Punta Arena, Ca\u00f1o Salado, Bah\u00eda de San Lorenzo et Cayo de los P\u00e1jaros, qui sont des \u00e9l\u00e9ments paysagers tr\u00e8s impressionnants. Cette derni\u00e8re, situ\u00e9e entre Boca del Infierno et El Naranjo Arriba, se reconna\u00eet facilement \u00e0 la pr\u00e9sence quasi permanente de perce-oreilles et de p\u00e9licans.<\/span><\/p>\n<p>&nbsp;<\/p>\n<p><span style=\"font-weight: 400;\">\u00c0 propos de la ville de Sanchez,<\/span><span style=\"font-weight: 400;\"> C&#039;\u00e9tait auparavant une petite ville appel\u00e9e Las Ca\u00f1itas, mais en 1888 elle a \u00e9t\u00e9 \u00e9lev\u00e9e au rang de municipalit\u00e9 du nom de l&#039;un des fondateurs de la R\u00e9publique Dominicaine, Francisco del Rosario S\u00e1nchez. Elle a grandi en importance et en population apr\u00e8s la cr\u00e9ation du chemin de fer en 1865. Cette ligne s&#039;\u00e9tendait jusqu&#039;\u00e0 la r\u00e9gion centrale du Cibao, faisant de cette petite communaut\u00e9 carib\u00e9enne le port le plus important du pays de la fin du XIXe si\u00e8cle jusqu&#039;au d\u00e9but du le si\u00e8cle prochain. .<\/span><\/p>\n<p>&nbsp;<\/p>\n<p><span style=\"font-weight: 400;\">\u00c0 propos de Laguna Cristal,<\/span><span style=\"font-weight: 400;\"> Laguna Cristal est une belle source d&#039;eau douce aux portes du parc national Los Haitises, au nord de la province de Monte Plata, qui poss\u00e8de une beaut\u00e9 unique en raison de ses attraits naturels et de la paix qu&#039;elle nous procure. La lagune est aliment\u00e9e par les eaux souterraines provenant du parc voisin. De la lagune \u00e9merge sur quelques centaines de m\u00e8tres une petite rivi\u00e8re navigable qui alimente la rivi\u00e8re Barracote, qui se jette ensuite dans la baie de San Lorenzo. Il ferait environ 200 m\u00e8tres de profondeur et 70 m\u00e8tres de diam\u00e8tre.\u00a0<\/span><\/p>\n<p>&nbsp;<\/p>\n<p><span style=\"font-weight: 400;\">Grotte du Naranjo<\/span><span style=\"font-weight: 400;\">, La rivi\u00e8re El Naranjo, navigable malgr\u00e9 sa longueur de 120 m\u00e8tres, prend sa source dans une caverne et peut \u00eatre consid\u00e9r\u00e9e comme un joyau de la nature dans le parc national Los Haitises. C&#039;est une attraction \u00e0 conna\u00eetre, qui permet d&#039;appr\u00e9cier la rivi\u00e8re la plus courte de la r\u00e9gion. \u00eele, En bateau, vous pouvez atteindre le fond de la grotte d&#039;o\u00f9 vient l&#039;eau. La grotte est un r\u00e9servoir pour les chauves-souris et les martinets et ses eaux abritent des esp\u00e8ces de poissons indig\u00e8nes qui, dans d&#039;autres rivi\u00e8res et ruisseaux, appartiennent au pass\u00e9, comme les guabinas, les dajaos, les carpias, les crevettes et les crabes.<\/span><\/p>\n<p>&nbsp;<\/p>\n<p><b>Inclusions<\/b><\/p>\n<p><span style=\"font-weight: 400;\">Toutes les taxes, frais et frais de traitement<\/span><\/p>\n<p><span style=\"font-weight: 400;\">Taxes locales<\/span><\/p>\n<p><span style=\"font-weight: 400;\">Officiels Guides touristiques \u00e9cologistes anglais\/espagnol<\/span><\/p>\n<p><span style=\"font-weight: 400;\">Transport local (prise en charge \u00e0 l&#039;h\u00f4tel)<\/span><\/p>\n<p><span style=\"font-weight: 400;\">Bateau rapide<\/span><\/p>\n<p><span style=\"font-weight: 400;\">D\u00e9jeuner local<\/span><\/p>\n<p><span style=\"font-weight: 400;\">Lagune Cristal\u00a0\u00a0<\/span><\/p>\n<p><span style=\"font-weight: 400;\">Grotte du Naranjo\u00a0<\/span><\/p>\n<p>&nbsp;<\/p>\n<p><b>Exclusions<\/b><\/p>\n<p>&nbsp;<\/p>\n<p><span style=\"font-weight: 400;\">Pourboires<\/span><\/p>\n<p><span style=\"font-weight: 400;\">Boisson<\/span><\/p>\n<p><span style=\"font-weight: 400;\">\u00a0<\/span><\/p>\n<p>&nbsp;<\/p>\n<p><b>D\u00e9part &amp; Retour<\/b><\/p>\n<p><span style=\"font-weight: 400;\">La visite, organis\u00e9e par \u00ab Booking Adventures \u00bb, commence au point de rendez-vous fix\u00e9 avec le guide touristique. Le voyageur obtiendra un point de rendez-vous apr\u00e8s le processus de r\u00e9servation. Les visites commencent et se terminent dans nos points de rendez-vous.<\/span><\/p>\n<p>&nbsp;<\/p>\n<p><b>\u00c0 quoi s&#039;attendre?<\/b><\/p>\n<p><span style=\"font-weight: 400;\">Obtenez votre billet pour Searching For The Los Haitises : Los Haitises : Cueva el Naranjo y Laguna Cristal, cette exp\u00e9rience vous donnera l&#039;occasion de voir la majeure partie de la biodiversit\u00e9 de l&#039;\u00eele.\u00a0<\/span><\/p>\n<p>&nbsp;<\/p>\n<p><span style=\"font-weight: 400;\">Cette activit\u00e9 d\u00e9butera \u00e0 partir de votre prise en charge \u00e0 votre h\u00e9bergement dans l&#039;une de ces zones\u00a0:<\/span><\/p>\n<ul>\n<li style=\"font-weight: 400;\" aria-level=\"1\"><span style=\"font-weight: 400;\">Las Terrenas\u00a0<\/span><\/li>\n<li style=\"font-weight: 400;\" aria-level=\"1\"><span style=\"font-weight: 400;\">S\u00e1nchez\u00a0<\/span><\/li>\n<li style=\"font-weight: 400;\" aria-level=\"1\"><span style=\"font-weight: 400;\">Las Galeras<\/span><\/li>\n<li style=\"font-weight: 400;\" aria-level=\"1\"><span style=\"font-weight: 400;\">Santa B\u00e1rbara de Saman\u00e1\u00a0<\/span><\/li>\n<\/ul>\n<h3><b>Calendrier<\/b><b>\u00a0<\/b><\/h3>\n<p><b>Sanchez Samana, baignade \u00e0 la Laguna Cristal et \u00e0 la rivi\u00e8re et grottes El Naranjo\u00a0<\/b><\/p>\n<p>&nbsp;<\/p>\n<p><span style=\"font-weight: 400;\">Prise en charge \u00e0 l&#039;h\u00f4tel\u00a0: commence \u00e0 7h00 (selon l&#039;endroit o\u00f9 vous vous trouvez). Il existe diff\u00e9rentes options de timing sur le formulaire de r\u00e9servation. La visite dure 8 heures.\u00a0<\/span><\/p>\n<p>&nbsp;<\/p>\n<p><span style=\"font-weight: 400;\">Ce sera t\u00f4t le matin pour venir vous chercher \u00e0 votre h\u00f4tel et vous conduire \u00e0 notre point de rendez-vous \u00e0 Sanchez Samana, o\u00f9 vous rencontrerez votre guide local avant de revoir l&#039;itin\u00e9raire pour le reste de la journ\u00e9e.\u00a0<\/span><\/p>\n<p>&nbsp;<\/p>\n<p><span style=\"font-weight: 400;\">Lorsque vous serez pr\u00eats, nous monterons \u00e0 bord de notre hors-bord pour nous diriger vers El Naranjo, qui est le premier arr\u00eat de la journ\u00e9e, o\u00f9 nous entrerons dans la grotte en bateau et nagerons dans l&#039;eau douce de la rivi\u00e8re la plus courte de l&#039;\u00eele.\u00a0<\/span><\/p>\n<p>&nbsp;<\/p>\n<p><span style=\"font-weight: 400;\">Votre deuxi\u00e8me promenade en bateau traversera la rivi\u00e8re Barracote pour rejoindre Laguna Cristal. Nous devrons naviguer sur l&#039;un des plus grands fleuves du nord-est du pays. \u00c0 Cristal Area, nous ferons une pause pour d\u00e9jeuner avant de nous jeter \u00e0 l&#039;eau.<\/span><\/p>\n<p>&nbsp;<\/p>\n<p><span style=\"font-weight: 400;\">Apr\u00e8s avoir go\u00fbt\u00e9 un d\u00e9jeuner local, nous ferons une sieste au bord de Cristal Lagoon puis irons nager avant de retourner \u00e0 Sanchez Samana.\u00a0<\/span><\/p>\n<p>&nbsp;<\/p>\n<p><span style=\"font-weight: 400;\">D\u00e9pose \u00e0 l&#039;h\u00f4tel\u00a0: 16h00 ou plus tard selon l&#039;heure \u00e0 laquelle vous avez commenc\u00e9 le voyage. La visite dure au total 8 heures.\u00a0<\/span><\/p>\n<p>&nbsp;<\/p>\n<p><span style=\"font-weight: 400;\">Les jours d&#039;itin\u00e9raire et les activit\u00e9s sont sujets \u00e0 changement sans pr\u00e9avis en raison de circonstances ou d&#039;\u00e9v\u00e9nements impr\u00e9vus. Voir les conditions g\u00e9n\u00e9rales compl\u00e8tes pour plus d&#039;informations.<\/span><\/p>\n\n\t\t<\/div>\n\t<\/div>\n<\/div><\/div><\/div><\/div>\n<\/section>","protected":false},"excerpt":{"rendered":"<p>Visite de la rivi\u00e8re El Naranjo avec la grotte et Cristal Lagun dans le parc national Los Haitises avec un guide expert local. Le d\u00e9jeuner et le transport sont inclus \u00e0 Sabana de la mar.<\/p>","protected":false},"featured_media":16644,"template":"","meta":[],"product_cat":[1096],"product_tag":[1097],"class_list":["post-16647","product","type-product","status-publish","has-post-thumbnail","hentry","product_cat-haitises","product_tag-haitises"],"_links":{"self":[{"href":"https:\/\/tourwhales.com\/fr\/wp-json\/wp\/v2\/product\/16647","targetHints":{"allow":["GET"]}}],"collection":[{"href":"https:\/\/tourwhales.com\/fr\/wp-json\/wp\/v2\/product"}],"about":[{"href":"https:\/\/tourwhales.com\/fr\/wp-json\/wp\/v2\/types\/product"}],"wp:featuredmedia":[{"embeddable":true,"href":"https:\/\/tourwhales.com\/fr\/wp-json\/wp\/v2\/media\/16644"}],"wp:attachment":[{"href":"https:\/\/tourwhales.com\/fr\/wp-json\/wp\/v2\/media?parent=16647"}],"wp:term":[{"taxonomy":"product_cat","embeddable":true,"href":"https:\/\/tourwhales.com\/fr\/wp-json\/wp\/v2\/product_cat?post=16647"},{"taxonomy":"product_tag","embeddable":true,"href":"https:\/\/tourwhales.com\/fr\/wp-json\/wp\/v2\/product_tag?post=16647"}],"curies":[{"name":"wp","href":"https:\/\/api.w.org\/{rel}","templated":true}]}}