
{"id":12996,"date":"2021-09-16T15:48:58","date_gmt":"2021-09-16T15:48:58","guid":{"rendered":"https:\/\/tourwhales.com\/?post_type=product&#038;p=12996"},"modified":"2024-10-17T23:39:15","modified_gmt":"2024-10-17T23:39:15","slug":"los-haitises-mountain-bike-private-boat-trip-copy","status":"publish","type":"product","link":"https:\/\/tourwhales.com\/fr\/Tours-Excursions\/tours-excursions-los-haitises-national-park\/los-haitises-mountain-bike-private-boat-trip-copy\/","title":{"rendered":"V\u00e9lo de montagne Los Haitises + excursion en bateau priv\u00e9"},"content":{"rendered":"<section class=\"wpb-content-wrapper\"><div class=\"vc_row wpb_row vc_row-fluid\" ><div class=\"wpb_column vc_column_container vc_col-sm-12\"><div class=\"vc_column-inner\"><div class=\"wpb_wrapper\"><div class=\"vc_btn3-container vc_btn3-inline\" ><a class=\"vc_general vc_btn3 vc_btn3-size-md vc_btn3-shape-rounded vc_btn3-style-modern vc_btn3-color-green\" href=\"https:\/\/bookingadventures.tours\/booking.php?tour_id=a7eaf8f70968fc40037fc986faa80770\" title=\"\">RESERVE MAINTENANT<\/a><\/div><div class=\"vc_empty_space\"   style=\"height: 32px\"><span class=\"vc_empty_space_inner\"><\/span><\/div>\n\t<div class=\"wpb_text_column wpb_content_element\" >\n\t\t<div class=\"wpb_wrapper\">\n\t\t\t<div class=\"vc_row wpb_row vc_row-fluid\">\n<div class=\"wpb_column vc_column_container vc_col-sm-12\">\n<div class=\"vc_column-inner\">\n<div class=\"wpb_wrapper\">\n<div class=\"mkdf-section-title-holder\">\n<div class=\"mkdf-st-inner\">\n<h5 class=\"mkdf-st-subtitle\">V\u00e9lo, mangroves, excursion en bateau, grottes et plus encore.<\/h5>\n<h3 class=\"mkdf-st-title\">V\u00e9lo de montagne Los Haitises + excursion en bateau priv\u00e9<\/h3>\n<\/div>\n<\/div>\n<\/div>\n<\/div>\n<\/div>\n<\/div>\n<div class=\"vc_row wpb_row vc_row-fluid\">\n<div class=\"wpb_column vc_column_container vc_col-sm-12\">\n<div class=\"vc_column-inner\">\n<div class=\"wpb_wrapper\">\n<div class=\"vc_empty_space\"><\/div>\n<\/div>\n<\/div>\n<\/div>\n<\/div>\n<div class=\"vc_row wpb_row vc_row-fluid\">\n<div class=\"wpb_column vc_column_container vc_col-sm-12\">\n<div class=\"vc_column-inner\">\n<div class=\"wpb_wrapper\">\n<div class=\"wpb_text_column wpb_content_element\">\n<div class=\"wpb_wrapper\">\n<h5><strong>Aper\u00e7u<\/strong><\/h5>\n<p>Voyagez avec un expert local et vivez l&#039;exp\u00e9rience unique du v\u00e9lo \u00e0 partir de Sabana de la Mar, cette visite vous emm\u00e8nera voir le magnifique paysage de la campagne de la R\u00e9publique dominicaine. En faisant du v\u00e9lo, vous pourrez dire bonjour\u00a0! les agriculteurs chevauchant leurs chevaux ou leur moto jusqu&#039;\u00e0 leur propri\u00e9t\u00e9 et pendant la visite, vous pourrez \u00e9merger dans l&#039;aventure et la culture locale de Sabana de la Mar. Quelques faits sur Los Haitises : est l&#039;une des plus grandes formations calcaires du monde, une lieu de conservation des esp\u00e8ces end\u00e9miques, Emplacement avec la majorit\u00e9 de la biodiversit\u00e9 de l&#039;\u00eele et il y a l&#039;une des plus grandes for\u00eats de mangroves de Quisqueya.<\/p>\n<p>&nbsp;<\/p>\n<p><strong>Inclusions et exclusions<\/strong><\/p>\n<p>&nbsp;<\/p>\n<p><strong>Inclusions<\/strong><\/p>\n<p>Cyclisme<\/p>\n<p>Tour en bateau<\/p>\n<p>Collations<\/p>\n<p>1 bouteille d&#039;eau<\/p>\n<p>Trousse de premiers secours<\/p>\n<p>Toutes les taxes, frais et frais de traitement<\/p>\n<p>Taxes locales<\/p>\n<p>Officiels Guides touristiques \u00e9cologistes anglais\/espagnol<\/p>\n<p>&nbsp;<\/p>\n<p><strong>Exclusions<\/strong><\/p>\n<p>Pourboires<\/p>\n<p>Transfert<\/p>\n<p>Boisson<\/p>\n<p>&nbsp;<\/p>\n<p>&nbsp;<\/p>\n<p>D\u00e9part &amp; Retour<\/p>\n<p>&nbsp;<\/p>\n<p>La visite, organis\u00e9e par &quot;Booking Adventures&quot; commence au point de rendez-vous fix\u00e9 avec le guide touristique. Le voyageur obtiendra un point de rendez-vous apr\u00e8s le processus de r\u00e9servation. Les visites commencent et se terminent \u00e0 nos points de rendez-vous.<\/p>\n<p>&nbsp;<\/p>\n<p>\u00c0 quoi s&#039;attendre?<\/p>\n<p>Obtenez votre billet pour faire du v\u00e9lo et du bateau depuis Sabana de la Mar<\/p>\n<p>&nbsp;<\/p>\n<p>Cette excursion commence \u00e0 partir du point de rendez-vous que vous devez confirmer aupr\u00e8s de nos agents de voyage ou de votre guide touristique avant de vous rendre \u00e0 n&#039;importe quel endroit. Une fois que vous aurez rencontr\u00e9 votre guide, vous aurez un d\u00e9briefing de la visite et de tout ce qui concerne votre journ\u00e9e.<\/p>\n<p>&nbsp;<\/p>\n<p>Lorsque tout le monde sera pr\u00eat, nous nous dirigerons vers le port du parc national Los Haitises o\u00f9 vous commencerez \u00e0 naviguer sur la rivi\u00e8re Cano Hondo qui se termine dans la baie de San Lorenzo, c&#039;est une petite baie de seulement 10 km2 et pendant deux heures, vous \u00e9mergerez vous-m\u00eame dans les diff\u00e9rents \u00e9cosyst\u00e8mes de Los Haitises.<\/p>\n<p>&nbsp;<\/p>\n<p>Au cours de cette partie de votre voyage, vous naviguerez dans la for\u00eat de mangroves qui est la deuxi\u00e8me plus grande de l&#039;\u00eele avec plus de 90 km2 et lorsque vous arriverez \u00e0 la baie de San Lorenzo, vous verrez la p\u00e9ninsule et la baie de Samana.<\/p>\n<p>&nbsp;<\/p>\n<p>Pendant que vous y \u00eates, il y a la possibilit\u00e9 de voir des dauphins, des oiseaux comme le h\u00e9ron bleu, le h\u00e9ron cendr\u00e9, les corbeaux, le p\u00e9lican brun, la sterne royale, la magnifique fr\u00e9gate et les vues uniques du parc national Los Haitises. Apr\u00e8s 4 heures et demi d&#039;activit\u00e9s dans le parc national Los Haitises et Sabana de la Mar, cette excursion se termine au m\u00eame endroit qu&#039;elle a commenc\u00e9.<\/p>\n<p>&nbsp;<\/p>\n<p>Remarque\u00a0: Ces visites sont effectu\u00e9es avec des guides touristiques \u00e9cologistes officiels. Veuillez r\u00e9server avec le temps car dans le parc il n&#039;y a pas trop de sp\u00e9cialistes.<\/p>\n<p>&nbsp;<\/p>\n<p>&nbsp;<\/p>\n<p>Que devez-vous apporter?<\/p>\n<ul>\n<li aria-level=\"1\">Appareil photo<\/li>\n<li aria-level=\"1\">Bourgeons r\u00e9pulsifs<\/li>\n<li aria-level=\"1\">cr\u00eame solaire<\/li>\n<li aria-level=\"1\">Chapeau<\/li>\n<li aria-level=\"1\">Pantalon confortable<\/li>\n<li aria-level=\"1\">Chaussures de course<\/li>\n<li aria-level=\"1\">Sandales pour le kayak<\/li>\n<li aria-level=\"1\">Maillot de bain<\/li>\n<li aria-level=\"1\">Les serviettes<\/li>\n<\/ul>\n<p>&nbsp;<\/p>\n<h4><b><i>Prise en charge \u00e0 l&#039;h\u00f4tel<\/i><\/b><\/h4>\n<p>La prise en charge \u00e0 l&#039;h\u00f4tel n&#039;est pas propos\u00e9e pour cette excursion.<\/p>\n<p>&nbsp;<\/p>\n<p><b>Note:<\/b>\u00a0si vous r\u00e9servez dans les 24 heures suivant l&#039;heure de d\u00e9part de la visite \/ excursion, nous pouvons organiser la prise en charge \u00e0 l&#039;h\u00f4tel moyennant des frais suppl\u00e9mentaires. Une fois votre achat termin\u00e9, nous vous enverrons les coordonn\u00e9es compl\u00e8tes (num\u00e9ro de t\u00e9l\u00e9phone, adresse e-mail, etc.) de notre guide local pour organiser la prise en charge.<\/p>\n<h4><b><i>Confirmation d&#039;informations suppl\u00e9mentaires<\/i><\/b><\/h4>\n<ol>\n<li>Les billets sont le re\u00e7u apr\u00e8s avoir pay\u00e9 pour ce tour. Vous pouvez afficher le paiement sur votre t\u00e9l\u00e9phone.<\/li>\n<li>Le point de rencontre sera re\u00e7u apr\u00e8s le processus de r\u00e9servation.<\/li>\n<li>Les enfants doivent \u00eatre accompagn\u00e9s par un adulte.<\/li>\n<li>Non accessible aux fauteuils roulants<\/li>\n<li>Les b\u00e9b\u00e9s doivent s&#039;asseoir sur les genoux<\/li>\n<li>Non recommand\u00e9 pour les voyageurs ayant des probl\u00e8mes de dos<\/li>\n<li>D\u00e9conseill\u00e9 aux voyageuses enceintes<\/li>\n<li>Pas de probl\u00e8mes cardiaques ou d&#039;autres conditions m\u00e9dicales graves<\/li>\n<li>La plupart des voyageurs peuvent participer<\/li>\n<\/ol>\n<h4><b><i>Politique d&#039;annulation<\/i><\/b><\/h4>\n<p>Pour un remboursement complet, annulez au moins 24 heures avant la date de d\u00e9but de l&#039;exp\u00e9rience.<\/p>\n<\/div>\n<\/div>\n<\/div>\n<\/div>\n<\/div>\n<\/div>\n<div class=\"vc_row wpb_row vc_row-fluid\">\n<div class=\"wpb_column vc_column_container vc_col-sm-12\">\n<div class=\"vc_column-inner\">\n<div class=\"wpb_wrapper\">\n<div class=\"vc_empty_space\"><\/div>\n<div class=\"wpb_text_column wpb_content_element\">\n<div class=\"wpb_wrapper\">\n<h4>Nous contacter?<\/h4>\n<h5>Aventures de r\u00e9servation<\/h5>\n<p><em><strong>des locaux<\/strong>\u00a0et\u00a0<strong>Nationaux<\/strong>\u00a0Guides touristiques et services aux invit\u00e9s<\/em><\/p>\n<p><span class=\"text-turquoise\">R\u00e9servations:<\/span>\u00a0Visites et excursions \u00e0 Dom. repr\u00e9sentant<\/p>\n<p>\ud83d\udcde Tel \/ Whatsapp\u00a0\u00a0<a href=\"tel:+18494995063\">+18494995063<\/a>.<\/p>\n<p>\ud83d\udce9\u00a0<a href=\"mailto:info@bookingadventures.com.do\">info@bookingadventures.com.do<\/a><\/p>\n<p><strong>Nous sommes des visites priv\u00e9es \u00e0 configuration flexible par Whatsapp\u00a0:\u00a0<a href=\"tel:+18097206035\">+18097206035.<\/a><\/strong><\/p>\n<\/div>\n<\/div>\n<\/div>\n<\/div>\n<\/div>\n<\/div>\n\n\t\t<\/div>\n\t<\/div>\n<\/div><\/div><\/div><\/div><div class=\"wpb_column vc_column_container vc_col-sm-12\"><div class=\"vc_column-inner\"><div class=\"wpb_wrapper\"><\/div><\/div><\/div><div class=\"wpb_column vc_column_container vc_col-sm-12\"><div class=\"vc_column-inner\"><div class=\"wpb_wrapper\"><\/div><\/div><\/div>\n<\/section>","protected":false},"excerpt":{"rendered":"<div class=\"woocommerce-product-details__short-description\">\n<p>Voyagez avec un expert local et vivez l&#039;exp\u00e9rience unique du v\u00e9lo au d\u00e9part de Sabana de la Mar. Cette visite vous fera d\u00e9couvrir le magnifique paysage de la campagne de la R\u00e9publique dominicaine. En faisant du v\u00e9lo, vous pourrez dire bonjour ! les agriculteurs montent \u00e0 cheval ou en moto jusqu&#039;\u00e0 leur propri\u00e9t\u00e9 et pendant la visite, vous pourrez vous plonger dans l&#039;aventure et la culture locale de Sabana de la Mar. Exp\u00e9rience unique en VTT !<\/p>\n<p>&nbsp;<\/p>\n<p><strong>Veuillez s\u00e9lectionner la date du Tour\u00a0:<\/strong><\/p>\n<\/div>","protected":false},"featured_media":12428,"template":"","meta":[],"product_cat":[946,928,838,930,870,254,255],"product_tag":[176,211,192,171,209,426,327,175,199,200],"class_list":["post-12996","product","type-product","status-publish","has-post-thumbnail","hentry","product_cat-1-sabana-de-la-mar","product_cat-boat-trip-los-haitises","product_cat-mangroves-projects","product_cat-mountain-bike-los-haitises","product_cat-private-boat-trip-los-haitises","product_cat-tours-excursions-los-haitises-national-park","product_cat-tours-excursions-samana-bay-dominican-republic","product_tag-cano-hondo","product_tag-cano-hondo-hotel","product_tag-day-tour-cano-hondo","product_tag-los-haitises","product_tag-los-haitises-national-park","product_tag-los-haitises-tours","product_tag-private-tours-samana","product_tag-sabana-de-la-mar","product_tag-samana-bay","product_tag-samana-excursions"],"_links":{"self":[{"href":"https:\/\/tourwhales.com\/fr\/wp-json\/wp\/v2\/product\/12996","targetHints":{"allow":["GET"]}}],"collection":[{"href":"https:\/\/tourwhales.com\/fr\/wp-json\/wp\/v2\/product"}],"about":[{"href":"https:\/\/tourwhales.com\/fr\/wp-json\/wp\/v2\/types\/product"}],"wp:featuredmedia":[{"embeddable":true,"href":"https:\/\/tourwhales.com\/fr\/wp-json\/wp\/v2\/media\/12428"}],"wp:attachment":[{"href":"https:\/\/tourwhales.com\/fr\/wp-json\/wp\/v2\/media?parent=12996"}],"wp:term":[{"taxonomy":"product_cat","embeddable":true,"href":"https:\/\/tourwhales.com\/fr\/wp-json\/wp\/v2\/product_cat?post=12996"},{"taxonomy":"product_tag","embeddable":true,"href":"https:\/\/tourwhales.com\/fr\/wp-json\/wp\/v2\/product_tag?post=12996"}],"curies":[{"name":"wp","href":"https:\/\/api.w.org\/{rel}","templated":true}]}}