
{"id":12887,"date":"2021-08-31T17:12:07","date_gmt":"2021-08-31T17:12:07","guid":{"rendered":"https:\/\/tourwhales.com\/?post_type=product&#038;p=12887"},"modified":"2024-10-17T23:39:15","modified_gmt":"2024-10-17T23:39:15","slug":"los-haitises-tour-from-las-terrenas-bacardi-island-cayo-levantado","status":"publish","type":"product","link":"https:\/\/tourwhales.com\/fr\/Tours-Excursions\/tours-excursions-los-haitises-national-park\/los-haitises-tour-from-las-terrenas-bacardi-island-cayo-levantado\/","title":{"rendered":"Visite de Los Haitises au d\u00e9part de Las Terrenas et de l&#039;\u00eele Bacardi (Cayo Levantado)"},"content":{"rendered":"<section class=\"wpb-content-wrapper\"><div class=\"vc_row wpb_row vc_row-fluid\" ><div class=\"wpb_column vc_column_container vc_col-sm-12\"><div class=\"vc_column-inner\"><div class=\"wpb_wrapper\"><div class=\"mkdf-section-title-holder\" style=\"text-align: left\">\n\t<div class=\"mkdf-st-inner\">\n\t\t\t\t\t<h5 class=\"mkdf-st-subtitle\" >\n\t\t\t\tVisite de Las Terrenas\t\t\t<\/h5>\n\t\t\t\t\t\t\t<h3 class=\"mkdf-st-title\" >\n\t\t\t\tVisite de Los Haitises au d\u00e9part de Las Terrenas et de l&#039;\u00eele Bacardi (Cayo Levantado)\t\t\t<\/h3>\n\t\t\t\t\t<\/div>\n<\/div><\/div><\/div><\/div><\/div><div class=\"vc_row wpb_row vc_row-fluid\" ><div class=\"wpb_column vc_column_container vc_col-sm-12\"><div class=\"vc_column-inner\"><div class=\"wpb_wrapper\"><div class=\"vc_btn3-container vc_btn3-inline\" ><button class=\"vc_general vc_btn3 vc_btn3-size-md vc_btn3-shape-rounded vc_btn3-style-modern vc_btn3-color-green\">RESERVE MAINTENANT<\/button><\/div>\n\t<div class=\"wpb_text_column wpb_content_element\" >\n\t\t<div class=\"wpb_wrapper\">\n\t\t\t<h4><\/h4>\n<h2>Visite de Los Haitises au d\u00e9part de Las Terrenas et de l&#039;\u00eele Bacardi (Cayo Levantado)<\/h2>\n<h4><b><i>Aper\u00e7u <\/i><\/b><\/h4>\n<p>Parc national Los Haitises \u00e0 partir de Las Terrenas et conduisant au port de Saman\u00e1. Apr\u00e8s la visite du parc national Los Haitises, nous partons d\u00e9jeuner sur l&#039;\u00eele Bacardi. Venez avec nous et visitez le plus beau parc national de la R\u00e9publique dominicaine, visitez les mangroves, les grottes et la baie de San Lorenzo et traversez la magnifique baie de Saman\u00e1. Puis retour dans la r\u00e9gion de Saman\u00e1 pour visiter l&#039;\u00eele de Bacardi, d\u00e9jeuner \u00e0 la plage et nager dans l&#039;une des plus jolies plages de la baie de Saman\u00e1.<\/p>\n<p>Apr\u00e8s cette exp\u00e9rience, vous retournerez au port de Saman\u00e1 et prendrez votre transfert vers Las Terrenas.<\/p>\n<ul>\n<li style=\"font-weight: 400;\">Frais inclus<\/li>\n<li>Transfert inclus<\/li>\n<li>D\u00e9jeuner \u00e0 l&#039;\u00eele Bacardi inclus<\/li>\n<li style=\"font-weight: 400;\"><span style=\"font-weight: 400;\">Le guide fournit des instructions et une supervision<\/span><\/li>\n<\/ul>\n<p>&nbsp;<\/p>\n<h4><b>Inclusions et exclusions<\/b><\/h4>\n<p><b>Inclusions<\/b><\/p>\n<ol>\n<li style=\"font-weight: 400;\">Visite Los Haitises + Grottes et Pictogrammes<\/li>\n<li>D\u00e9jeuner \u00e0 Cayo Levantado (\u00eele Bacardi) si vous aimez une visite similaire\u00a0: Los Haitises + Ca\u00f1o Hondo<\/li>\n<li style=\"font-weight: 400;\"><span style=\"font-weight: 400;\">Toutes les taxes, frais et frais de traitement<\/span><\/li>\n<li style=\"font-weight: 400;\"><span style=\"font-weight: 400;\">Taxes locales<\/span><\/li>\n<li style=\"font-weight: 400;\"><span style=\"font-weight: 400;\">Breuvages<\/span><\/li>\n<li style=\"font-weight: 400;\"><span style=\"font-weight: 400;\">L&#039;ensemble des Activit\u00e9s<\/span><\/li>\n<li>Transport depuis Las Terrenas<\/li>\n<li style=\"font-weight: 400;\"><span style=\"font-weight: 400;\">Guide local<\/span><\/li>\n<\/ol>\n<p><b> Exclusions<\/b><\/p>\n<ol>\n<li style=\"font-weight: 400;\"><span style=\"font-weight: 400;\">Pourboires<\/span><\/li>\n<li style=\"font-weight: 400;\"><span style=\"font-weight: 400;\">Boissons alcoolis\u00e9es<\/span><\/li>\n<\/ol>\n<p>&nbsp;<\/p>\n<h4><em><strong>D\u00e9part &amp; Retour<\/strong><\/em><\/h4>\n<p><span style=\"font-weight: 400;\">Le voyageur obtiendra un point de rendez-vous apr\u00e8s le processus de r\u00e9servation. Les visites commencent et se terminent \u00e0 nos points de rendez-vous.<\/span><\/p>\n<p>&nbsp;<\/p>\n<h2>Visite de Los Haitises au d\u00e9part de Las Terrenas et de l&#039;\u00eele Bacardi (Cayo Levantado)<\/h2>\n<p>&nbsp;<\/p>\n<h4><b><i>\u00c0 quoi s&#039;attendre?<\/i><\/b><\/h4>\n<p><b><i>V<\/i><\/b>visiter<strong> Parc National Los Haitises depuis Las Terrenas<\/strong> avec un merveilleux d\u00e9jeuner \u00e0<strong> L&#039;\u00eele de Cayo Levantado<\/strong> et Baignade \u00e0 la plage. D\u00e9part <strong>depuis le port de Saman\u00e1<\/strong> \u00e0 bord d&#039;un bateau ou d&#039;un catamaran avec un guide local, nous passons la baie de Saman\u00e1 jusqu&#039;au c\u00f4t\u00e9 de Sabana de la Mar pour visiter l&#039;un des plus beaux parcs nationaux de la R\u00e9publique dominicaine. <em><strong>Le Parc National des Ha\u00eftises<\/strong><\/em>.<\/p>\n<p>La visite, organis\u00e9e par &quot;Booking Adventures&quot; commence au point de rendez-vous fix\u00e9 avec le guide touristique. Venez avec Booking Adventures et commencez \u00e0 visiter des mangroves remplies d&#039;oiseaux, des collines de v\u00e9g\u00e9tation luxuriante et des grottes de <em><strong>Parc National Los Haitises<\/strong><\/em>. Visiter l&#039;\u00eele avec des oiseaux autour. Pendant la saison de nidification, on peut m\u00eame voir les poussins Pelecanos sur les nids. D\u00e9couvrez les \u00eeles Rocheuses et visitez les grottes avec des pictogrammes et des p\u00e9trographies des peuples autochtones.<\/p>\n<p>\u00c0 travers les mangroves et la terre dans la baie ouverte de San Lorenzo, d&#039;o\u00f9 vous pourrez photographier le paysage forestier accident\u00e9. Regardez l&#039;eau pour rep\u00e9rer <em><strong>Lamantins<\/strong><\/em>, crustac\u00e9s et <em><strong>dauphins.<\/strong><\/em><\/p>\n<h2><strong>Grottes \u00e0 Parc national Los Haitises<\/strong><\/h2>\n<div class=\"body-description secondary\">\n<p>Le nom du parc national vient de ses habitants d&#039;origine, les Indiens Taino. Dans leur langue, &quot;Ha\u00eftises&quot; se traduit par des hauts plateaux ou des collines, une r\u00e9f\u00e9rence aux formations g\u00e9ologiques escarp\u00e9es du littoral avec des calcaires. Aventurez-vous plus profond\u00e9ment dans le parc pour explorer des grottes telles que le <em><strong>Cueva de la Arena<\/strong><\/em> et <strong><em>Cueva de la Linea.<\/em><\/strong><\/p>\n<p>Les grottes de la r\u00e9serve ont \u00e9t\u00e9 utilis\u00e9es comme abri par les Indiens Taino et, plus tard, par des pirates cach\u00e9s. Cherchez des dessins d&#039;Indiens qui d\u00e9corent certains des murs. Apr\u00e8s avoir visit\u00e9 le parc national Los Haitises, nous retournerons au port de Saman\u00e1 en passant par la baie de Saman\u00e1 pendant 30 minutes et en visitant l&#039;\u00eele de Bacardi. Nous aurons un d\u00e9jeuner typique sur l&#039;\u00eele. Si vous \u00eates v\u00e9g\u00e9talien, pas de soucis, nous avons aussi de la nourriture pour vous !<\/p>\n<p>Apr\u00e8s avoir nag\u00e9 un apr\u00e8s-midi complet et se d\u00e9tendre sur la plage, notre guide fixera l&#039;heure de retourner au port de Saman\u00e1, votre transfert vous ram\u00e8nera \u00e0 votre place \u00e0 Las Terrenas.<\/p>\n<\/div>\n<p>Au cas o\u00f9 vous aimeriez ce voyage plus long ou plus court, nous avons ces options :<\/p>\n<ol>\n<li>Juste Los Haitises depuis le port de Saman\u00e1.<\/li>\n<li>Los Haitises + Ca\u00f1o Hondo depuis le port de Saman\u00e1.<\/li>\n<\/ol>\n<p>&nbsp;<\/p>\n<h4><em><strong>Que devez-vous apporter?<\/strong><\/em><\/h4>\n<ul>\n<li style=\"font-weight: 400;\"><span style=\"font-weight: 400;\">Appareil photo<\/span><\/li>\n<li style=\"font-weight: 400;\"><span style=\"font-weight: 400;\">Bourgeons r\u00e9pulsifs<\/span><\/li>\n<li style=\"font-weight: 400;\"><span style=\"font-weight: 400;\">Cr\u00eame solaire<\/span><\/li>\n<li style=\"font-weight: 400;\"><span style=\"font-weight: 400;\">Chapeau<\/span><\/li>\n<li style=\"font-weight: 400;\"><span style=\"font-weight: 400;\">Pantalon confortable<\/span><\/li>\n<li style=\"font-weight: 400;\"><span style=\"font-weight: 400;\">Chaussures de randonn\u00e9e pour la for\u00eat<\/span><\/li>\n<li style=\"font-weight: 400;\"><span style=\"font-weight: 400;\">Sandales aux zones de printemps.<\/span><\/li>\n<li style=\"font-weight: 400;\"><span style=\"font-weight: 400;\">Maillot de bain<\/span><\/li>\n<\/ul>\n<p>&nbsp;<\/p>\n<h4><b><i>Prise en charge \u00e0 l&#039;h\u00f4tel <\/i><\/b><\/h4>\n<p><span style=\"font-weight: 400;\">La prise en charge \u00e0 l&#039;h\u00f4tel est offerte pour cette visite \u00e0 Las Terrenas ou dans la communaut\u00e9 d&#039;El Limon.\u00a0<\/span><\/p>\n<p>&nbsp;<\/p>\n<p><b>Note:<\/b><span style=\"font-weight: 400;\"> Si vous r\u00e9servez dans les 24 heures suivant l&#039;heure de d\u00e9part de la visite\/excursion, nous pouvons organiser la prise en charge \u00e0 l&#039;h\u00f4tel. Une fois votre achat termin\u00e9, nous vous enverrons les coordonn\u00e9es compl\u00e8tes (num\u00e9ro de t\u00e9l\u00e9phone, adresse e-mail, etc.) de notre guide local pour organiser la prise en charge.<\/span><\/p>\n<h4><b><i>Confirmation d&#039;informations suppl\u00e9mentaires <\/i><\/b><\/h4>\n<ol>\n<li>Les billets sont le re\u00e7u apr\u00e8s avoir pay\u00e9 pour ce tour. Vous pouvez afficher le paiement sur votre t\u00e9l\u00e9phone.<\/li>\n<li style=\"font-weight: 400;\"><span style=\"font-weight: 400;\">Le point de rencontre sera re\u00e7u apr\u00e8s le processus de r\u00e9servation.<\/span><\/li>\n<li style=\"font-weight: 400;\"><span style=\"font-weight: 400;\">Les enfants doivent \u00eatre accompagn\u00e9s par un adulte.<\/span><\/li>\n<li style=\"font-weight: 400;\"><span style=\"font-weight: 400;\"> Non accessible aux fauteuils roulants <\/span><\/li>\n<li style=\"font-weight: 400;\"><span style=\"font-weight: 400;\">Les b\u00e9b\u00e9s doivent s&#039;asseoir sur les genoux <\/span><\/li>\n<li style=\"font-weight: 400;\"><span style=\"font-weight: 400;\">Non recommand\u00e9 pour les voyageurs ayant des probl\u00e8mes de dos<\/span><\/li>\n<li style=\"font-weight: 400;\"><span style=\"font-weight: 400;\">D\u00e9conseill\u00e9 aux voyageuses enceintes <\/span><\/li>\n<li style=\"font-weight: 400;\"><span style=\"font-weight: 400;\"> Pas de probl\u00e8mes cardiaques ou d&#039;autres conditions m\u00e9dicales graves <\/span><\/li>\n<li style=\"font-weight: 400;\"><span style=\"font-weight: 400;\">La plupart des voyageurs peuvent participer<\/span><\/li>\n<\/ol>\n<h4><b><i>Politique d&#039;annulation<\/i><\/b><\/h4>\n<p>Pour un remboursement complet, veuillez lire nos Politiques d&#039;annulation\u00a0<a href=\"https:\/\/tourwhales.com\/fr\/online-booking\/\" target=\"_blank\" rel=\"noopener\" data-saferedirecturl=\"https:\/\/www.google.com\/url?q=https:\/\/tourwhales.com\/online-booking\/&amp;source=gmail&amp;ust=1672449202351000&amp;usg=AOvVaw1yAeVAPktmaVCqDujgUn90\">Cliquez ici<\/a>. Les fonds seront perdus si la r\u00e9servation est annul\u00e9e le jour m\u00eame du voyage.<\/p>\n\n\t\t<\/div>\n\t<\/div>\n<div class=\"vc_btn3-container vc_btn3-inline\" ><button class=\"vc_general vc_btn3 vc_btn3-size-md vc_btn3-shape-rounded vc_btn3-style-modern vc_btn3-color-green\">RESERVE MAINTENANT<\/button><\/div>\n\t<div class=\"wpb_video_widget wpb_content_element vc_clearfix   vc_video-aspect-ratio-169 vc_video-el-width-100 vc_video-align-left\" >\n\t\t<div class=\"wpb_wrapper\">\n\t\t\t<h2 class=\"wpb_heading wpb_video_heading\">Parc National Los Haitises<\/h2>\n\t\t\t<div class=\"wpb_video_wrapper\"><iframe loading=\"lazy\" title=\"Visites et excursions du parc national Los Haitises\" width=\"1100\" height=\"619\" src=\"https:\/\/www.youtube.com\/embed\/vMI4Ou81cd4?feature=oembed\" frameborder=\"0\" allow=\"accelerometer; autoplay; encrypted-media; gyroscope; picture-in-picture\" allowfullscreen><\/iframe><\/div>\n\t\t<\/div>\n\t<\/div>\n<\/div><\/div><\/div><\/div><div class=\"vc_row wpb_row vc_row-fluid\" ><div class=\"wpb_column vc_column_container vc_col-sm-12\"><div class=\"vc_column-inner\"><div class=\"wpb_wrapper\"><div class=\"vc_empty_space\"   style=\"height: 32px\"><span class=\"vc_empty_space_inner\"><\/span><\/div>\n\t<div class=\"wpb_text_column wpb_content_element\" >\n\t\t<div class=\"wpb_wrapper\">\n\t\t\t<h4>Nous contacter?<\/h4>\n<h5>Aventures de r\u00e9servation<\/h5>\n<p><em><strong>des locaux<\/strong>\u00a0et\u00a0<strong>Nationaux<\/strong>\u00a0Guides touristiques et services aux invit\u00e9s<\/em><\/p>\n<p><span class=\"text-turquoise\">R\u00e9servations:<\/span>\u00a0Visites et excursions \u00e0 Dom. repr\u00e9sentant<\/p>\n<p><img decoding=\"async\" class=\"emoji\" draggable=\"false\" src=\"https:\/\/s.w.org\/images\/core\/emoji\/11.2.0\/svg\/1f4de.svg\" alt=\"\ud83d\udcde\" \/>\u00a0T\u00e9l \/ Whatsapp\u00a0\u00a0<a href=\"tel:+18494995063\">+18494995063<\/a>.<\/p>\n<p><img decoding=\"async\" class=\"emoji\" draggable=\"false\" src=\"https:\/\/s.w.org\/images\/core\/emoji\/11.2.0\/svg\/1f4e9.svg\" alt=\"\ud83d\udce9\" \/>\u00a0<a href=\"mailto:info@bookingadventures.com.do\">info@bookingadventures.com.do<\/a><\/p>\n<p><strong>Nous sommes des visites priv\u00e9es \u00e0 configuration flexible par Whatsapp\u00a0:\u00a0<a href=\"tel:+18097206035\">+18097206035.<\/a><\/strong><\/p>\n\n\t\t<\/div>\n\t<\/div>\n<div class=\"vc_empty_space\"   style=\"height: 32px\"><span class=\"vc_empty_space_inner\"><\/span><\/div><\/div><\/div><\/div><\/div><div class=\"vc_row wpb_row vc_row-fluid\" ><div class=\"wpb_column vc_column_container vc_col-sm-12\"><div class=\"vc_column-inner\"><div class=\"wpb_wrapper\"><div class=\"mkdf-section-title-holder\" style=\"text-align: left\">\n\t<div class=\"mkdf-st-inner\">\n\t\t\t\t\t<h5 class=\"mkdf-st-subtitle\" >\n\t\t\t\tDepuis le port de Samana\t\t\t<\/h5>\n\t\t\t\t\t\t\t<h3 class=\"mkdf-st-title\" >\n\t\t\t\tVisite de Los Haitises et de Cayo Levantado Samana\t\t\t<\/h3>\n\t\t\t\t\t<\/div>\n<\/div><div class=\"vc_empty_space\"   style=\"height: 32px\"><span class=\"vc_empty_space_inner\"><\/span><\/div><\/div><\/div><\/div><\/div><div class=\"vc_row wpb_row vc_row-fluid\" ><div class=\"wpb_column vc_column_container vc_col-sm-12\"><div class=\"vc_column-inner\"><div class=\"wpb_wrapper\"><div class=\"woocommerce columns-4\"><ul class=\"products columns-4\">\n<li class=\"product type-product post-8219 status-publish first instock product_cat-1-samana product_cat-boat-trip-los-haitises product_cat-caves product_cat-hiking product_cat-kayaking product_cat-local-tour-guides product_cat-lunch product_cat-mangroves product_cat-natural-pools-los-haitises product_cat-swimming-natural-springs product_cat-tours-and-excursions product_cat-tours-excursions-los-haitises-national-park product_cat-tours-excursions-samana-bay-dominican-republic product_tag-cano-hondo product_tag-cano-hondo-hotel product_tag-cano-hondo-tours product_tag-day-tour-cano-hondo product_tag-los-haitises product_tag-los-haitises-national-park product_tag-mangroves-los-haitises product_tag-samana-bay product_tag-samana-excursions product_tag-samana-tours has-post-thumbnail sale sold-individually shipping-taxable product-type-external\">\n\t<div class=\"mkdf-pl-inner\"><div class=\"mkdf-pl-image\"><div class=\"mkdf-pl-text\"><div class=\"mkdf-pl-text-outer\"><div class=\"mkdf-pl-text-inner\"><a href=\"https:\/\/bookingadventures.tours\/booking.php?tour_id=115599b2f3856c5f8f20eead7f885855\" data-quantity=\"1\" class=\"button wp-element-button product_type_external\" data-product_id=\"8219\" data-product_sku=\"\" aria-label=\"RESERVE MAINTENANT\" rel=\"nofollow\">RESERVE MAINTENANT<\/a><\/div><\/div><\/div><\/div><a href=\"https:\/\/tourwhales.com\/fr\/Tours-Excursions\/lunch\/los-haitises-national-park-lunch-at-cano-hondo-from-samana-port\/\" class=\"woocommerce-LoopProduct-link woocommerce-loop-product__link\"><\/a><\/div><div class=\"mkdf-pl-text-wrapper\"><div class=\"mkdf-pl-rating-holder\"><\/div><h4 class=\"mkdf-product-list-title\"><a href=\"https:\/\/tourwhales.com\/fr\/Tours-Excursions\/lunch\/los-haitises-national-park-lunch-at-cano-hondo-from-samana-port\/\">Parc national Los Haitises + D\u00e9jeuner \u00e0 Ca\u00f1o Hondo depuis le port de Saman\u00e1.<\/a><\/h4>\n\t<span class=\"price\"><del aria-hidden=\"true\"><span class=\"woocommerce-Price-amount amount\"><bdi><span class=\"woocommerce-Price-currencySymbol\">&#36;<\/span>150.00<\/bdi><\/span><\/del> <ins><span class=\"woocommerce-Price-amount amount\"><bdi><span class=\"woocommerce-Price-currencySymbol\">&#36;<\/span>97.50<\/bdi><\/span><\/ins><\/span>\n<\/div><\/li><li class=\"product type-product post-8854 status-publish instock product_cat-1-samana product_cat-boat-trip-los-haitises product_cat-local-tour-guides product_cat-lunch product_cat-tours-excursions-samana-bay-dominican-republic product_cat-trails-or-paths product_tag-beach-time product_tag-el-rincon-beach product_tag-playa-el-rincon product_tag-samana product_tag-samana-bay product_tag-samana-excursions product_tag-samana-tours has-post-thumbnail sale sold-individually shipping-taxable product-type-external\">\n\t<div class=\"mkdf-pl-inner\"><div class=\"mkdf-pl-image\"><div class=\"mkdf-pl-text\"><div class=\"mkdf-pl-text-outer\"><div class=\"mkdf-pl-text-inner\"><a href=\"https:\/\/bookingadventures.tours\/booking.php?tour_id=18edd15a2a473d6c5e4a936ce7d4440e\" data-quantity=\"1\" class=\"button wp-element-button product_type_external\" data-product_id=\"8854\" data-product_sku=\"\" aria-label=\"RESERVE MAINTENANT\" rel=\"nofollow\">RESERVE MAINTENANT<\/a><\/div><\/div><\/div><\/div><a href=\"https:\/\/tourwhales.com\/fr\/Tours-Excursions\/lunch\/los-haitises-national-park-playa-el-rincon-beach\/\" class=\"woocommerce-LoopProduct-link woocommerce-loop-product__link\"><\/a><\/div><div class=\"mkdf-pl-text-wrapper\"><div class=\"mkdf-pl-rating-holder\"><\/div><h4 class=\"mkdf-product-list-title\"><a href=\"https:\/\/tourwhales.com\/fr\/Tours-Excursions\/lunch\/los-haitises-national-park-playa-el-rincon-beach\/\">Parc national Los Haitises + plage Playa el Rinc\u00f3n<\/a><\/h4>\n\t<span class=\"price\"><del aria-hidden=\"true\"><span class=\"woocommerce-Price-amount amount\"><bdi><span class=\"woocommerce-Price-currencySymbol\">&#36;<\/span>99.99<\/bdi><\/span><\/del> <ins><span class=\"woocommerce-Price-amount amount\"><bdi><span class=\"woocommerce-Price-currencySymbol\">&#36;<\/span>89.99<\/bdi><\/span><\/ins><\/span>\n<\/div><\/li><li class=\"product type-product post-8852 status-publish instock product_cat-1-samana product_cat-boat-trip-los-haitises product_cat-caves product_cat-fees-entrace product_cat-local-tour-guides product_cat-mangroves product_tag-los-haitises product_tag-los-haitises-national-park product_tag-samana product_tag-samana-bay product_tag-samana-excursions product_tag-samana-tours has-post-thumbnail sale sold-individually shipping-taxable product-type-external\">\n\t<div class=\"mkdf-pl-inner\"><div class=\"mkdf-pl-image\"><div class=\"mkdf-pl-text\"><div class=\"mkdf-pl-text-outer\"><div class=\"mkdf-pl-text-inner\"><a href=\"https:\/\/bookingadventures.tours\/booking.php?tour_id=74f49ad02323a4407f5c10b98f9dd188\" data-quantity=\"1\" class=\"button wp-element-button product_type_external\" data-product_id=\"8852\" data-product_sku=\"\" aria-label=\"RESERVE MAINTENANT\" rel=\"nofollow\">RESERVE MAINTENANT<\/a><\/div><\/div><\/div><\/div><a href=\"https:\/\/tourwhales.com\/fr\/Tours-Excursions\/fees-entrace\/los-haitises-national-park-tour-from-samana-port\/\" class=\"woocommerce-LoopProduct-link woocommerce-loop-product__link\"><\/a><\/div><div class=\"mkdf-pl-text-wrapper\"><div class=\"mkdf-pl-rating-holder\"><\/div><h4 class=\"mkdf-product-list-title\"><a href=\"https:\/\/tourwhales.com\/fr\/Tours-Excursions\/fees-entrace\/los-haitises-national-park-tour-from-samana-port\/\">Visite du parc national Los Haitises depuis le port de Saman\u00e1<\/a><\/h4>\n\t<span class=\"price\"><del aria-hidden=\"true\"><span class=\"woocommerce-Price-amount amount\"><bdi><span class=\"woocommerce-Price-currencySymbol\">&#36;<\/span>95.00<\/bdi><\/span><\/del> <ins><span class=\"woocommerce-Price-amount amount\"><bdi><span class=\"woocommerce-Price-currencySymbol\">&#36;<\/span>85.00<\/bdi><\/span><\/ins><\/span>\n<\/div><\/li><li class=\"product type-product post-9228 status-publish last instock product_cat-1-samana product_cat-tours-excursions-samana-bay-dominican-republic product_cat-whale-watching-private-tours product_cat-whale-watching-samana product_tag-bacardi-island product_tag-cayo-levantado-day-pass product_tag-private-tours-samana product_tag-samana-tours product_tag-samana-whale product_tag-samana-whale-watching product_tag-samana-whale-watching-excursions product_tag-whale-samana product_tag-whale-watching product_tag-whale-watching-2020 product_tag-whale-watching-dominican-republic has-post-thumbnail sale shipping-taxable product-type-external\">\n\t<div class=\"mkdf-pl-inner\"><div class=\"mkdf-pl-image\"><div class=\"mkdf-pl-text\"><div class=\"mkdf-pl-text-outer\"><div class=\"mkdf-pl-text-inner\"><a href=\"https:\/\/bookingadventures.tours\/booking.php?tour_id=ca38c1361b978f1cbced1eaddcec5b99\" data-quantity=\"1\" class=\"button wp-element-button product_type_external\" data-product_id=\"9228\" data-product_sku=\"\" aria-label=\"RESERVE MAINTENANT\" rel=\"nofollow\">RESERVE MAINTENANT<\/a><\/div><\/div><\/div><\/div><a href=\"https:\/\/tourwhales.com\/fr\/Tours-Excursions\/tours-excursions-samana-bay-dominican-republic\/cayo-levantado-whale-watching-from-samana-port-private-boat-tour\/\" class=\"woocommerce-LoopProduct-link woocommerce-loop-product__link\"><\/a><\/div><div class=\"mkdf-pl-text-wrapper\"><div class=\"mkdf-pl-rating-holder\"><\/div><h4 class=\"mkdf-product-list-title\"><a href=\"https:\/\/tourwhales.com\/fr\/Tours-Excursions\/tours-excursions-samana-bay-dominican-republic\/cayo-levantado-whale-watching-from-samana-port-private-boat-tour\/\">Visite priv\u00e9e d&#039;observation des baleines \u00e0 Saman\u00e1 + Cayo Levantado (\u00eele Bacardi) depuis le port de Saman\u00e1<\/a><\/h4>\n\t<span class=\"price\"><del aria-hidden=\"true\"><span class=\"woocommerce-Price-amount amount\"><bdi><span class=\"woocommerce-Price-currencySymbol\">&#36;<\/span>99.00<\/bdi><\/span><\/del> <ins><span class=\"woocommerce-Price-amount amount\"><bdi><span class=\"woocommerce-Price-currencySymbol\">&#36;<\/span>90.00<\/bdi><\/span><\/ins><\/span>\n<\/div><\/li><\/ul>\n<\/div><\/div><\/div><\/div><\/div><div class=\"vc_row wpb_row vc_row-fluid\" ><div class=\"wpb_column vc_column_container vc_col-sm-12\"><div class=\"vc_column-inner\"><div class=\"wpb_wrapper\"><div class=\"vc_btn3-container vc_btn3-inline\" ><button class=\"vc_general vc_btn3 vc_btn3-size-md vc_btn3-shape-rounded vc_btn3-style-modern vc_btn3-color-green\">RESERVE MAINTENANT<\/button><\/div><\/div><\/div><\/div><\/div>\n<\/section>","protected":false},"excerpt":{"rendered":"<p>Excursions \u00e0 Los Haitises et Cayo Levantado, voyage \u00e9cologique au parc national Los Haitises avec un guide touristique local. Visite des cayes du parc national Los Haitises, des mangroves, de la v\u00e9g\u00e9tation, de l&#039;observation des oiseaux, des grottes, des pictogrammes et des zones historiques de Sabana de la Mar dans le parc national Los Haitises. Apr\u00e8s Los Haitises nous avons d\u00e9jeun\u00e9 sur la plage de l&#039;\u00eele Bacardi. R\u00e9servez maintenant Visite du parc national Los Haitises depuis Puerto Samana + l&#039;\u00eele Bacardi (Cayo Levantado) avec nous.<\/p>\n<p><strong>S\u00e9lectionnez la date du Tour\u00a0:<\/strong><\/p>","protected":false},"featured_media":12507,"template":"","meta":[],"product_cat":[655,928,254,255],"product_tag":[184,579,236,172,268,223,311,174,615,612,945,171,901,613,580,581,647,209,440,611,441,578,574,610,614,944,608,175,186,200,667,187,616],"class_list":["post-12887","product","type-product","status-publish","has-post-thumbnail","hentry","product_cat-1-samana","product_cat-boat-trip-los-haitises","product_cat-tours-excursions-los-haitises-national-park","product_cat-tours-excursions-samana-bay-dominican-republic","product_tag-bacardi-island","product_tag-bacardi-island-tours","product_tag-birdwatching","product_tag-boat-tour","product_tag-caves-los-haitises","product_tag-cayo-levantado","product_tag-cayo-levantado-tour","product_tag-eco-tours","product_tag-excursiones-a-los-haitises-y-cayo-levantado","product_tag-haitises-park-and-cayo-levantado-island","product_tag-las-terrenas-tour","product_tag-los-haitises","product_tag-los-haitises-and-cayo-levantado","product_tag-los-haitises-excursiones","product_tag-los-haitises-excursions","product_tag-los-haitises-mapa","product_tag-los-haitises-mas-cayo-levantado","product_tag-los-haitises-national-park","product_tag-los-haitises-national-park-map","product_tag-los-haitises-national-park-mas-cayo-levantado","product_tag-los-haitises-national-park-tour-from-las-terrenas","product_tag-los-haitises-national-park-tour-from-samana-port-bacardi-island-cayo-levantado","product_tag-los-haitises-national-park-tour-from-santo-domingo","product_tag-los-haitises-park-tour-cayo-levantado-island","product_tag-los-haitises-samana","product_tag-los-haitises-tour-from-las-terrenas-bacardi-island-cayo-levantado","product_tag-los-haitises-y-cayo-levantado","product_tag-sabana-de-la-mar","product_tag-samana","product_tag-samana-excursions","product_tag-samana-tour","product_tag-samana-tours","product_tag-tour-los-haitises-national-park-cayo-levantado"],"_links":{"self":[{"href":"https:\/\/tourwhales.com\/fr\/wp-json\/wp\/v2\/product\/12887","targetHints":{"allow":["GET"]}}],"collection":[{"href":"https:\/\/tourwhales.com\/fr\/wp-json\/wp\/v2\/product"}],"about":[{"href":"https:\/\/tourwhales.com\/fr\/wp-json\/wp\/v2\/types\/product"}],"wp:featuredmedia":[{"embeddable":true,"href":"https:\/\/tourwhales.com\/fr\/wp-json\/wp\/v2\/media\/12507"}],"wp:attachment":[{"href":"https:\/\/tourwhales.com\/fr\/wp-json\/wp\/v2\/media?parent=12887"}],"wp:term":[{"taxonomy":"product_cat","embeddable":true,"href":"https:\/\/tourwhales.com\/fr\/wp-json\/wp\/v2\/product_cat?post=12887"},{"taxonomy":"product_tag","embeddable":true,"href":"https:\/\/tourwhales.com\/fr\/wp-json\/wp\/v2\/product_tag?post=12887"}],"curies":[{"name":"wp","href":"https:\/\/api.w.org\/{rel}","templated":true}]}}