
{"id":12454,"date":"2021-03-28T05:56:11","date_gmt":"2021-03-28T05:56:11","guid":{"rendered":"https:\/\/tourwhales.com\/?post_type=product&#038;p=12454"},"modified":"2024-10-17T23:39:17","modified_gmt":"2024-10-17T23:39:17","slug":"altos-de-cano-hondo-mountain-bike-tour","status":"publish","type":"product","link":"https:\/\/tourwhales.com\/fr\/Tours-Excursions\/altos-de-cano-hondo\/altos-de-cano-hondo-mountain-bike-tour\/","title":{"rendered":"Altos de Ca\u00f1o Hondo + Tour en VTT"},"content":{"rendered":"<section class=\"wpb-content-wrapper\"><div class=\"vc_row wpb_row vc_row-fluid\" ><div class=\"wpb_column vc_column_container vc_col-sm-12\"><div class=\"vc_column-inner\"><div class=\"wpb_wrapper\"><div class=\"vc_empty_space\"   style=\"height: 32px\"><span class=\"vc_empty_space_inner\"><\/span><\/div><\/div><\/div><\/div><\/div><div class=\"vc_row wpb_row vc_row-fluid\" ><div class=\"wpb_column vc_column_container vc_col-sm-12\"><div class=\"vc_column-inner\"><div class=\"wpb_wrapper\"><div class=\"vc_btn3-container vc_btn3-inline\" ><button class=\"vc_general vc_btn3 vc_btn3-size-md vc_btn3-shape-rounded vc_btn3-style-modern vc_btn3-color-green\">RESERVE MAINTENANT<\/button><\/div>\n\t<div class=\"wpb_text_column wpb_content_element\" >\n\t\t<div class=\"wpb_wrapper\">\n\t\t\t<h2 class=\"serp-title capitalize\">Visite d&#039;Altos de Cano Hondo et VTT<\/h2>\n<h4><b><i>Aper\u00e7u<\/i><\/b><\/h4>\n<p><span style=\"font-weight: 400;\">Voyagez avec un expert local et vivez l&#039;exp\u00e9rience unique du v\u00e9lo \u00e0 partir de Sabana de la Mar, cette visite vous emm\u00e8nera voir le magnifique paysage de la campagne de la R\u00e9publique dominicaine. En faisant du v\u00e9lo, vous pourrez dire bonjour\u00a0! aux agriculteurs chevauchant leurs chevaux ou leur moto jusqu&#039;\u00e0 leur propri\u00e9t\u00e9 et pendant la visite, vous pourrez \u00e9merger dans l&#039;aventure et la culture locale de Sabana de la Mar. Cette ville a \u00e9t\u00e9 fond\u00e9e officiellement en 1756 par environ onze (11) familles qui sont venues des \u00eeles Canaries en Espagne. Les principales activit\u00e9s \u00e9conomiques de Sabana de la Mar sont l&#039;agriculture, l&#039;\u00e9cotourisme et la p\u00eache.\u00a0<\/span><\/p>\n<p>&nbsp;<\/p>\n<p><span style=\"font-weight: 400;\">Inclusions et exclusions<\/span><\/p>\n<p>&nbsp;<\/p>\n<p><span style=\"font-weight: 400;\">Inclusions<\/span><\/p>\n<p>&nbsp;<\/p>\n<p><span style=\"font-weight: 400;\">Cyclisme<\/span><\/p>\n<p>D\u00e9jeuner avec les habitants<\/p>\n<p><span style=\"font-weight: 400;\">Altos de Ca\u00f1o Hondo et piscines naturelles<\/span><\/p>\n<p><span style=\"font-weight: 400;\">Toutes les taxes, frais et frais de traitement<\/span><\/p>\n<p><span style=\"font-weight: 400;\">Taxes locales<\/span><\/p>\n<p><span style=\"font-weight: 400;\">Officiels Guides touristiques \u00e9cologistes anglais\/espagnol<\/span><\/p>\n<p>&nbsp;<\/p>\n<p><span style=\"font-weight: 400;\">Exclusions<\/span><\/p>\n<p>&nbsp;<\/p>\n<p><span style=\"font-weight: 400;\">Pourboires<\/span><\/p>\n<p><span style=\"font-weight: 400;\">Transfert<\/span><\/p>\n<p><span style=\"font-weight: 400;\">Boisson<\/span><\/p>\n<p>&nbsp;<\/p>\n<p><span style=\"font-weight: 400;\">D\u00e9part &amp; Retour<\/span><\/p>\n<p>&nbsp;<\/p>\n<p><span style=\"font-weight: 400;\">La visite, organis\u00e9e par &quot;Booking Adventures&quot; commence au point de rendez-vous fix\u00e9 avec le guide touristique. Le voyageur obtiendra un point de rendez-vous apr\u00e8s le processus de r\u00e9servation. Les visites commencent et se terminent \u00e0 nos points de rendez-vous.<\/span><\/p>\n<p>&nbsp;<\/p>\n<p><span style=\"font-weight: 400;\">\u00c0 quoi s&#039;attendre?<\/span><\/p>\n<p><span style=\"font-weight: 400;\">Obtenez votre billet pour le v\u00e9lo et Altos de Cano Hondo et les piscines naturelles de Sabana de la Mar<\/span><\/p>\n<p>&nbsp;<\/p>\n<p><span style=\"font-weight: 400;\">Cette excursion commence \u00e0 partir du point de rendez-vous que vous devez confirmer aupr\u00e8s de nos agents de voyage ou de votre guide touristique avant de vous rendre \u00e0 n&#039;importe quel endroit. Une fois que vous aurez rencontr\u00e9 votre guide, vous aurez un d\u00e9briefing de la visite et de tout ce qui concerne votre journ\u00e9e.<\/span><\/p>\n<p><span style=\"font-weight: 400;\">Lorsque tout le monde sera pr\u00eat, nous nous dirigerons vers Altos de Cano Hondo et les piscines naturelles o\u00f9 vous commencerez une visite \u00e0 pied pour superviser l&#039;une des 10 meilleures destinations d&#039;\u00e9cotourisme au monde par le magazine Forbes. Au cours de cette aventure, vous d\u00e9couvrirez l&#039;architecture unique. de cet \u00e9colodge.\u00a0<\/span><\/p>\n<p><span style=\"font-weight: 400;\">Cano Hondo est un nom donn\u00e9 par les agriculteurs locaux de la r\u00e9gion et ce nom vient du type de g\u00e9ographie de l&#039;endroit, cet endroit est en dessous du niveau de la mer et il y a de petites sources comme Jivales et Cano Hondo qui viennent de la rivi\u00e8re souterraine directement de Montagne Los Haitises.\u00a0<\/span><\/p>\n<p><span style=\"font-weight: 400;\">Au cours de cette partie de votre voyage, vous visiterez Altos de Cano Hondo qui se trouve \u00e0 c\u00f4t\u00e9 du parc national Los Haitises, l&#039;un des plus grands parcs nationaux du pays avec plus de 1600 km2 et l&#039;une des plus grandes formations calcaires du monde.\u00a0<\/span><\/p>\n<p>&nbsp;<\/p>\n<p><span style=\"font-weight: 400;\">Apr\u00e8s votre visite \u00e0 pied d&#039;Altos de Cano Hondo, pr\u00e9parez-vous \u00e0 sauter dans les piscines naturelles avant le d\u00e9jeuner et apr\u00e8s le d\u00e9jeuner, vous retournerez \u00e0 Sabana de la Mar. Apr\u00e8s 4 heures et demie d&#039;activit\u00e9s \u00e0 Cano Hondo, nous commen\u00e7ons \u00e0 monter notre montagne retour \u00e0 v\u00e9lo \u00e0 Sabana de la Mar, cette excursion se termine au m\u00eame endroit qu&#039;elle a commenc\u00e9.<\/span><\/p>\n<p>&nbsp;<\/p>\n<p><span style=\"font-weight: 400;\">Remarque\u00a0: Ces visites sont effectu\u00e9es avec des guides touristiques \u00e9cologistes officiels. Veuillez r\u00e9server avec le temps car dans le parc il n&#039;y a pas trop de sp\u00e9cialistes.<\/span><\/p>\n<p>&nbsp;<\/p>\n<p>&nbsp;<\/p>\n<p><span style=\"font-weight: 400;\">Que devez-vous apporter?<\/span><\/p>\n<ul>\n<li style=\"font-weight: 400;\" aria-level=\"1\"><span style=\"font-weight: 400;\">Appareil photo<\/span><\/li>\n<li style=\"font-weight: 400;\" aria-level=\"1\"><span style=\"font-weight: 400;\">Bourgeons r\u00e9pulsifs<\/span><\/li>\n<li style=\"font-weight: 400;\" aria-level=\"1\"><span style=\"font-weight: 400;\">cr\u00eame solaire<\/span><\/li>\n<li style=\"font-weight: 400;\" aria-level=\"1\"><span style=\"font-weight: 400;\">Pantalon confortable<\/span><\/li>\n<li style=\"font-weight: 400;\" aria-level=\"1\"><span style=\"font-weight: 400;\">Chaussures de course\u00a0<\/span><\/li>\n<\/ul>\n<p>&nbsp;<\/p>\n<h4><b><i>Prise en charge \u00e0 l&#039;h\u00f4tel <\/i><\/b><\/h4>\n<p><span style=\"font-weight: 400;\">La prise en charge \u00e0 l&#039;h\u00f4tel n&#039;est pas propos\u00e9e pour cette excursion. <\/span><\/p>\n<p><b>Note:<\/b><span style=\"font-weight: 400;\"> si vous r\u00e9servez dans les 24 heures suivant l&#039;heure de d\u00e9part de la visite \/ excursion, nous pouvons organiser la prise en charge \u00e0 l&#039;h\u00f4tel moyennant des frais suppl\u00e9mentaires. Une fois votre achat termin\u00e9, nous vous enverrons les coordonn\u00e9es compl\u00e8tes (num\u00e9ro de t\u00e9l\u00e9phone, adresse e-mail, etc.) de notre guide local pour organiser la prise en charge.<\/span><\/p>\n<h4><b><i>Confirmation d&#039;informations suppl\u00e9mentaires <\/i><\/b><\/h4>\n<ol>\n<li>Les billets sont le re\u00e7u apr\u00e8s avoir pay\u00e9 pour ce tour. Vous pouvez afficher le paiement sur votre t\u00e9l\u00e9phone.<\/li>\n<li style=\"font-weight: 400;\"><span style=\"font-weight: 400;\">Le point de rencontre sera re\u00e7u apr\u00e8s le processus de r\u00e9servation.<\/span><\/li>\n<li style=\"font-weight: 400;\"><span style=\"font-weight: 400;\">Les enfants doivent \u00eatre accompagn\u00e9s par un adulte.<\/span><\/li>\n<li style=\"font-weight: 400;\"><span style=\"font-weight: 400;\"> Non accessible aux fauteuils roulants <\/span><\/li>\n<li style=\"font-weight: 400;\"><span style=\"font-weight: 400;\">Les b\u00e9b\u00e9s doivent s&#039;asseoir sur les genoux <\/span><\/li>\n<li style=\"font-weight: 400;\"><span style=\"font-weight: 400;\">Non recommand\u00e9 pour les voyageurs ayant des probl\u00e8mes de dos<\/span><\/li>\n<li style=\"font-weight: 400;\"><span style=\"font-weight: 400;\">D\u00e9conseill\u00e9 aux voyageuses enceintes <\/span><\/li>\n<li style=\"font-weight: 400;\"><span style=\"font-weight: 400;\"> Pas de probl\u00e8mes cardiaques ou d&#039;autres conditions m\u00e9dicales graves <\/span><\/li>\n<li style=\"font-weight: 400;\"><span style=\"font-weight: 400;\">La plupart des voyageurs peuvent participer<\/span><\/li>\n<\/ol>\n<h4><b><i>Politique d&#039;annulation<\/i><\/b><\/h4>\n<p>Pour un remboursement complet, veuillez lire nos Politiques d&#039;annulation\u00a0<a href=\"https:\/\/tourwhales.com\/fr\/online-booking\/\" target=\"_blank\" rel=\"noopener\" data-saferedirecturl=\"https:\/\/www.google.com\/url?q=https:\/\/tourwhales.com\/online-booking\/&amp;source=gmail&amp;ust=1672449202351000&amp;usg=AOvVaw1yAeVAPktmaVCqDujgUn90\">Cliquez ici<\/a>. Les fonds seront perdus si la r\u00e9servation est annul\u00e9e le jour m\u00eame du voyage.<\/p>\n\n\t\t<\/div>\n\t<\/div>\n<\/div><\/div><\/div><\/div><div class=\"vc_row wpb_row vc_row-fluid\" ><div class=\"wpb_column vc_column_container vc_col-sm-12\"><div class=\"vc_column-inner\"><div class=\"wpb_wrapper\"><div class=\"vc_empty_space\"   style=\"height: 32px\"><span class=\"vc_empty_space_inner\"><\/span><\/div>\n\t<div class=\"wpb_text_column wpb_content_element\" >\n\t\t<div class=\"wpb_wrapper\">\n\t\t\t<h4>Nous contacter?<\/h4>\n<h5>Aventures de r\u00e9servation<\/h5>\n<p><em><strong>des locaux<\/strong>\u00a0et\u00a0<strong>Nationaux<\/strong>\u00a0Guides touristiques et services aux invit\u00e9s<\/em><\/p>\n<p><span class=\"text-turquoise\">R\u00e9servations:<\/span>\u00a0Visites et excursions \u00e0 Dom. repr\u00e9sentant<\/p>\n<p><img decoding=\"async\" class=\"emoji\" draggable=\"false\" src=\"https:\/\/s.w.org\/images\/core\/emoji\/11.2.0\/svg\/1f4de.svg\" alt=\"\ud83d\udcde\" \/>\u00a0T\u00e9l \/ Whatsapp\u00a0\u00a0<a href=\"tel:+18494995063\">+18494995063<\/a>.<\/p>\n<p><img decoding=\"async\" class=\"emoji\" draggable=\"false\" src=\"https:\/\/s.w.org\/images\/core\/emoji\/11.2.0\/svg\/1f4e9.svg\" alt=\"\ud83d\udce9\" \/>\u00a0<a href=\"mailto:info@bookingadventures.com.do\">info@bookingadventures.com.do<\/a><\/p>\n<p><strong>Nous sommes des visites priv\u00e9es \u00e0 configuration flexible par Whatsapp\u00a0:\u00a0<a href=\"tel:+18097206035\">+18097206035.<\/a><\/strong><\/p>\n\n\t\t<\/div>\n\t<\/div>\n<div class=\"vc_empty_space\"   style=\"height: 32px\"><span class=\"vc_empty_space_inner\"><\/span><\/div><\/div><\/div><\/div><\/div><div class=\"vc_row wpb_row vc_row-fluid\" ><div class=\"wpb_column vc_column_container vc_col-sm-12\"><div class=\"vc_column-inner\"><div class=\"wpb_wrapper\"><div class=\"vc_btn3-container vc_btn3-inline\" ><button class=\"vc_general vc_btn3 vc_btn3-size-md vc_btn3-shape-rounded vc_btn3-style-modern vc_btn3-color-green\">RESERVE MAINTENANT<\/button><\/div><\/div><\/div><\/div><\/div>\n<\/section>","protected":false},"excerpt":{"rendered":"<p><span style=\"font-weight: 400;\">Cano Hondo est un nom donn\u00e9 par les agriculteurs locaux de la r\u00e9gion et ce nom vient du type de g\u00e9ographie de l&#039;endroit, cet endroit est en dessous du niveau de la mer et il y a de petites sources comme Jivales et Cano Hondo qui viennent de la rivi\u00e8re souterraine directement de Montagne Los Haitises.\u00a0<\/span><\/p>\n<p>Au cours de cette partie de votre voyage, vous visiterez Altos de Cano Hondo, qui est situ\u00e9 \u00e0 c\u00f4t\u00e9 du parc national Los Haitises, l&#039;un des plus grands parcs nationaux du pays avec plus de 1600 km2 et l&#039;une des plus grandes formations calcaires du monde.<\/p>\n<p>Apr\u00e8s votre visite \u00e0 pied d&#039;Altos de Cano Hondo, pr\u00e9parez-vous \u00e0 sauter dans les piscines naturelles avant le d\u00e9jeuner et apr\u00e8s le d\u00e9jeuner, vous retournerez \u00e0 Sabana de la Mar. Apr\u00e8s 4 heures et demie d&#039;activit\u00e9s \u00e0 Cano Hondo, nous retournerons \u00e0 <span style=\"font-weight: 400;\"><span style=\"vertical-align: inherit;\"><span style=\"vertical-align: inherit;\">Sabane. de la Mar.<\/span><\/span><\/span><\/p>\n<p>&nbsp;<\/p>\n<p><em><strong>S\u00e9lectionnez la date du Tour\u00a0:<\/strong><\/em><\/p>","protected":false},"featured_media":13214,"template":"","meta":[],"product_cat":[946,878,930,933],"product_tag":[879,176,211,868,869,192,319,208,206,207,171,877,209,426,837,327,175,199,200],"class_list":["post-12454","product","type-product","status-publish","has-post-thumbnail","hentry","product_cat-1-sabana-de-la-mar","product_cat-altos-de-cano-hondo","product_cat-mountain-bike-los-haitises","product_cat-natural-pools-los-haitises","product_tag-altos-de-cano-hondo","product_tag-cano-hondo","product_tag-cano-hondo-hotel","product_tag-canoes","product_tag-canoes-dominican-republic","product_tag-day-tour-cano-hondo","product_tag-kayak-dominican-republic","product_tag-kayaking-dominican-republic","product_tag-kayaking-los-haitises","product_tag-kayaks","product_tag-los-haitises","product_tag-los-haitises-mountain-bike","product_tag-los-haitises-national-park","product_tag-los-haitises-tours","product_tag-mangroves-reforestation-in-los-haitises-with-locals","product_tag-private-tours-samana","product_tag-sabana-de-la-mar","product_tag-samana-bay","product_tag-samana-excursions"],"_links":{"self":[{"href":"https:\/\/tourwhales.com\/fr\/wp-json\/wp\/v2\/product\/12454","targetHints":{"allow":["GET"]}}],"collection":[{"href":"https:\/\/tourwhales.com\/fr\/wp-json\/wp\/v2\/product"}],"about":[{"href":"https:\/\/tourwhales.com\/fr\/wp-json\/wp\/v2\/types\/product"}],"wp:featuredmedia":[{"embeddable":true,"href":"https:\/\/tourwhales.com\/fr\/wp-json\/wp\/v2\/media\/13214"}],"wp:attachment":[{"href":"https:\/\/tourwhales.com\/fr\/wp-json\/wp\/v2\/media?parent=12454"}],"wp:term":[{"taxonomy":"product_cat","embeddable":true,"href":"https:\/\/tourwhales.com\/fr\/wp-json\/wp\/v2\/product_cat?post=12454"},{"taxonomy":"product_tag","embeddable":true,"href":"https:\/\/tourwhales.com\/fr\/wp-json\/wp\/v2\/product_tag?post=12454"}],"curies":[{"name":"wp","href":"https:\/\/api.w.org\/{rel}","templated":true}]}}