
{"id":12453,"date":"2021-03-27T19:17:04","date_gmt":"2021-03-27T19:17:04","guid":{"rendered":"https:\/\/tourwhales.com\/?post_type=product&#038;p=12453"},"modified":"2024-10-17T23:39:17","modified_gmt":"2024-10-17T23:39:17","slug":"los-haitises-tainos-canoe-mountain-bike-tour","status":"publish","type":"product","link":"https:\/\/tourwhales.com\/fr\/Tours-Excursions\/tours-excursions-los-haitises-national-park\/los-haitises-tainos-canoe-mountain-bike-tour\/","title":{"rendered":"VTT + Taino&#039;s Canoe Los Haitises"},"content":{"rendered":"<section class=\"wpb-content-wrapper\"><div class=\"vc_row wpb_row vc_row-fluid\" ><div class=\"wpb_column vc_column_container vc_col-sm-12\"><div class=\"vc_column-inner\"><div class=\"wpb_wrapper\"><div class=\"vc_btn3-container vc_btn3-inline\" ><button class=\"vc_general vc_btn3 vc_btn3-size-md vc_btn3-shape-rounded vc_btn3-style-modern vc_btn3-color-green\">RESERVE MAINTENANT<\/button><\/div>\n\t<div class=\"wpb_text_column wpb_content_element\" >\n\t\t<div class=\"wpb_wrapper\">\n\t\t\t<p><span style=\"vertical-align: inherit;\"><span style=\"vertical-align: inherit;\"><\/p>\n\n\t\t<\/div>\n\t<\/div>\n\n\t<div class=\"wpb_text_column wpb_content_element\" >\n\t\t<div class=\"wpb_wrapper\">\n\t\t\t<p><\/span><\/span><\/p>\n<h2>VTT + Taino&#039;s Canoe Los Haitises<\/h2>\n<p>&nbsp;<\/p>\n<p>Voyagez avec un expert local et vivez l&#039;exp\u00e9rience unique du v\u00e9lo \u00e0 partir de Sabana de la Mar, cette visite vous fera d\u00e9couvrir le magnifique paysage de la campagne de la R\u00e9publique dominicaine. En faisant du v\u00e9lo, vous pourrez dire bonjour\u00a0! aux agriculteurs \u00e0 cheval ou \u00e0 moto jusqu&#039;\u00e0 leur propri\u00e9t\u00e9 et pendant la visite, vous pourrez \u00e9merger dans l&#039;aventure et la culture locale de Sabana de la Mar. Quelques faits sur Los Haitises : est l&#039;une des plus grandes formations calcaires au monde, un lieu de conservation des esp\u00e8ces end\u00e9miques, Emplacement avec la majorit\u00e9 de la biodiversit\u00e9 de l&#039;\u00eele, il y a l&#039;une des plus grandes for\u00eats de mangroves de Quisqueya et la grotte avec le plus de pictogrammes des Cara\u00efbes.<\/p>\n<p>Curieux de conna\u00eetre la vie quotidienne des Ta\u00ednos ? Avec l&#039;activit\u00e9 Taino Adventure, vous serez transport\u00e9 dans le temps pour d\u00e9couvrir le monde des peuples autochtones de la R\u00e9publique dominicaine.<\/p>\n<p>Le cano\u00eb \u00e9tait sans doute la partie la plus importante de la vie des Ta\u00ednos. Avec lui, ils p\u00eachaient, voyageaient vers des \u00eeles plus petites, communiquaient avec d&#039;autres tribus et rendaient visite \u00e0 des chamans pour des rituels, des gu\u00e9risons et des proph\u00e9ties. Chez Booking Adventures, nous voulons vous immerger dans le monde des Ta\u00ednos.<\/p>\n<p>&nbsp;<\/p>\n<h4><a id=\"inclusions-exclusions\" class=\"aal_anchor\" href=\"https:\/\/bookingadventures.com.do\/dominicantour\/mountain-bikes-tainos-canoe-los-haitises\/#inclusions-exclusions\" aria-hidden=\"true\"><\/a><b>Inclusions et exclusions<\/b><\/h4>\n<p><b>Inclusions<\/b><\/p>\n<ol>\n<li>Balade en cano\u00ebs<\/li>\n<li>v\u00e9lo de montagne<\/li>\n<li>T-shirt gratuit avec le pictogramme de Taino<\/li>\n<li>Go\u00fbt pain Casabe<\/li>\n<li>Visites des grottes<\/li>\n<li>Toutes les taxes, frais et frais de traitement<\/li>\n<li>Taxes locales<\/li>\n<li>Guide local<\/li>\n<\/ol>\n<p><b>Exclusions<\/b><\/p>\n<ol>\n<li>Pourboires<\/li>\n<li>Transfert<\/li>\n<li>Le d\u00e9jeuner n&#039;est pas inclus<\/li>\n<li>Boissons alcoolis\u00e9es<\/li>\n<\/ol>\n<p>&nbsp;<\/p>\n<h4><a id=\"departure-return\" class=\"aal_anchor\" href=\"https:\/\/bookingadventures.com.do\/dominicantour\/mountain-bikes-tainos-canoe-los-haitises\/#departure-return\" aria-hidden=\"true\"><\/a><em><strong>D\u00e9part &amp; Retour<\/strong><\/em><\/h4>\n<p>Le voyageur obtiendra un point de rendez-vous apr\u00e8s le processus de r\u00e9servation. Les visites commencent et se terminent \u00e0 nos points de rendez-vous.<\/p>\n<h4><a id=\"what-to-expect\" class=\"aal_anchor\" href=\"https:\/\/bookingadventures.com.do\/dominicantour\/mountain-bikes-tainos-canoe-los-haitises\/#what-to-expect\" aria-hidden=\"true\"><\/a><b><i>\u00c0 quoi s&#039;attendre?<\/i><\/b><\/h4>\n<p>Dans cette activit\u00e9, vous partirez dans les cano\u00ebs fabriqu\u00e9s \u00e0 la main, tout comme le faisaient les Ta\u00ednos. Vous entendrez de nombreux sons qui ont marqu\u00e9 leur lien avec la nature\u00a0: l&#039;appel des grues, le plongeon des crabes dans l&#039;eau et le doux clapotis des vagues contre les formations rocheuses naturelles. Les arches des racines de la mangrove vous rappelleront les cath\u00e9drales, et en effet, les Ta\u00ednos (bien qu&#039;ils n&#039;aient pas d&#039;\u00e9glises) \u00e9taient profond\u00e9ment spirituels. Une fois que vous serez parti avec notre guide, vous appr\u00e9cierez la riche vari\u00e9t\u00e9 d&#039;oiseaux, de reptiles et de poissons des mangroves. \u00c9bloui par le scintillement des vagues qui clignotent dans la lumi\u00e8re du matin, les montagnes de Saman\u00e1 au loin et le vert \u00e9meraude des palmiers qui se balancent.<\/p>\n<p>Ensuite, vous pourrez visiter certaines des grottes qui \u00e9taient particuli\u00e8rement importantes pour les Ta\u00ednos. Ils ont voyag\u00e9 de grotte en grotte pour rendre visite aux sages, se mettre \u00e0 l&#039;abri des ouragans et servir de points de rencontre avec d&#039;autres tribus. Une fois dans les grottes, vous pourrez appr\u00e9cier le silence et l&#039;aura sacr\u00e9e de l&#039;espace. Vous verrez certaines des gravures rupestres, appel\u00e9es p\u00e9troglyphes, qui repr\u00e9sentent leurs divinit\u00e9s et leurs esprits. Enfin, vous pourrez d\u00e9guster certains des m\u00eames fruits tropicaux que Ta\u00ednos a cueillis avant de retourner au point de rendez-vous.<\/p>\n<p>Au cours de cette visite, nos guides experts d\u00e9criront les nombreuses utilisations du cano\u00eb, comment les Ta\u00ednos vivaient avant l&#039;\u00e9poque de Christophe Colomb et comment la for\u00eat de mangrove est essentielle \u00e0 la sant\u00e9 de l&#039;environnement.<\/p>\n<p>&nbsp;<\/p>\n<h4><a id=\"what-you-should-bring\" class=\"aal_anchor\" href=\"https:\/\/bookingadventures.com.do\/dominicantour\/mountain-bikes-tainos-canoe-los-haitises\/#what-you-should-bring\" aria-hidden=\"true\"><\/a><em><strong>Que devez-vous apporter?<\/strong><\/em><\/h4>\n<ul>\n<li>Appareil photo<\/li>\n<li>Bourgeons r\u00e9pulsifs<\/li>\n<li>cr\u00eame solaire<\/li>\n<li>Chapeau<\/li>\n<li>Pantalon confortable<\/li>\n<li>Sandales ou chaussures pour les zones boueuses.<\/li>\n<li>Maillot de bain<\/li>\n<\/ul>\n<p>&nbsp;<\/p>\n<h4><a id=\"hotel-pickup\" class=\"aal_anchor\" href=\"https:\/\/bookingadventures.com.do\/dominicantour\/mountain-bikes-tainos-canoe-los-haitises\/#hotel-pickup\" aria-hidden=\"true\"><\/a><b><i>Prise en charge \u00e0 l&#039;h\u00f4tel<\/i><\/b><\/h4>\n<p>La prise en charge \u00e0 l&#039;h\u00f4tel n&#039;est pas propos\u00e9e pour cette excursion.<\/p>\n<p><b>Note:<\/b>\u00a0si vous r\u00e9servez dans les 24 heures suivant l&#039;heure de d\u00e9part de la visite \/ excursion, nous pouvons organiser la prise en charge \u00e0 l&#039;h\u00f4tel moyennant des frais suppl\u00e9mentaires. Une fois votre achat termin\u00e9, nous vous enverrons les coordonn\u00e9es compl\u00e8tes (num\u00e9ro de t\u00e9l\u00e9phone, adresse e-mail, etc.) de notre guide local pour organiser la prise en charge.<\/p>\n<h4><a id=\"additional-info-confirmation\" class=\"aal_anchor\" href=\"https:\/\/bookingadventures.com.do\/dominicantour\/mountain-bikes-tainos-canoe-los-haitises\/#additional-info-confirmation\" aria-hidden=\"true\"><\/a><b><i>Confirmation d&#039;informations suppl\u00e9mentaires<\/i><\/b><\/h4>\n<ol>\n<li>Les billets sont le re\u00e7u apr\u00e8s avoir pay\u00e9 pour ce tour. Vous pouvez afficher le paiement sur votre t\u00e9l\u00e9phone.<\/li>\n<li>Le point de rencontre sera re\u00e7u apr\u00e8s le processus de r\u00e9servation.<\/li>\n<li>Les enfants doivent \u00eatre accompagn\u00e9s par un adulte.<\/li>\n<li>Non accessible aux fauteuils roulants<\/li>\n<li>Les b\u00e9b\u00e9s doivent s&#039;asseoir sur les genoux<\/li>\n<li>Non recommand\u00e9 pour les voyageurs ayant des probl\u00e8mes de dos<\/li>\n<li>D\u00e9conseill\u00e9 aux voyageuses enceintes<\/li>\n<li>Pas de probl\u00e8mes cardiaques ou d&#039;autres conditions m\u00e9dicales graves<\/li>\n<li>La plupart des voyageurs peuvent participer<\/li>\n<\/ol>\n\n\t\t<\/div>\n\t<\/div>\n<\/div><\/div><\/div><\/div><div class=\"wpb_column vc_column_container vc_col-sm-12\"><div class=\"vc_column-inner\"><div class=\"wpb_wrapper\"><\/div><\/div><\/div><div class=\"wpb_column vc_column_container vc_col-sm-12\"><div class=\"vc_column-inner\"><div class=\"wpb_wrapper\"><\/div><\/div><\/div><div class=\"wpb_column vc_column_container vc_col-sm-12\"><div class=\"vc_column-inner\"><div class=\"wpb_wrapper\"><\/div><\/div><\/div><div class=\"wpb_column vc_column_container vc_col-sm-12\"><div class=\"vc_column-inner\"><div class=\"wpb_wrapper\"><\/div><\/div><\/div><div class=\"wpb_column vc_column_container vc_col-sm-12\"><div class=\"vc_column-inner\"><div class=\"wpb_wrapper\"><\/div><\/div><\/div>\n<\/section>","protected":false},"excerpt":{"rendered":"<p><span style=\"font-weight: 400;\"><span style=\"vertical-align: inherit;\"><span style=\"vertical-align: inherit;\">Dans cette activit\u00e9, vous partirez \u00e0 bord de cano\u00ebs fabriqu\u00e9s \u00e0 la main, tout comme le faisaient les Tainos. Vous entendrez de nombreux sons qui ont marqu\u00e9 leur lien avec la nature\u00a0: l&#039;appel des grues, le plongeon des crabes dans l&#039;eau et le doux clapotis des vagues contre les formations rocheuses naturelles. Les arches des racines de la mangrove vous rappelleront les cath\u00e9drales et, en fait, les Tainos (m\u00eame s&#039;ils n&#039;avaient pas d&#039;\u00e9glises) \u00e9taient profond\u00e9ment spirituels. <\/span><\/span><\/span><\/p>\n<p><span style=\"font-weight: 400;\"><span style=\"vertical-align: inherit;\"><span style=\"vertical-align: inherit;\"> Une fois parti avec notre guide, vous appr\u00e9cierez la riche vari\u00e9t\u00e9 d&#039;oiseaux, de reptiles et de poissons dans les mangroves. \u00c9bloui par l&#039;\u00e9clat des vagues vacillant dans la lumi\u00e8re du matin, les montagnes de Samana au loin et le vert \u00e9meraude des palmiers qui se balancent.\u00a0<\/span><\/span><\/span><\/p>\n<p><strong>S\u00e9lectionnez la date du Tour\u00a0:<\/strong><\/p>","protected":false},"featured_media":12221,"template":"","meta":[],"product_cat":[946,867,838,930,926,254,255],"product_tag":[176,211,868,869,192,319,208,206,207,171,877,209,426,837,327,175,199,200],"class_list":["post-12453","product","type-product","status-publish","has-post-thumbnail","hentry","product_cat-1-sabana-de-la-mar","product_cat-los-haitises","product_cat-mangroves-projects","product_cat-mountain-bike-los-haitises","product_cat-tainos-canoes","product_cat-tours-excursions-los-haitises-national-park","product_cat-tours-excursions-samana-bay-dominican-republic","product_tag-cano-hondo","product_tag-cano-hondo-hotel","product_tag-canoes","product_tag-canoes-dominican-republic","product_tag-day-tour-cano-hondo","product_tag-kayak-dominican-republic","product_tag-kayaking-dominican-republic","product_tag-kayaking-los-haitises","product_tag-kayaks","product_tag-los-haitises","product_tag-los-haitises-mountain-bike","product_tag-los-haitises-national-park","product_tag-los-haitises-tours","product_tag-mangroves-reforestation-in-los-haitises-with-locals","product_tag-private-tours-samana","product_tag-sabana-de-la-mar","product_tag-samana-bay","product_tag-samana-excursions"],"_links":{"self":[{"href":"https:\/\/tourwhales.com\/fr\/wp-json\/wp\/v2\/product\/12453","targetHints":{"allow":["GET"]}}],"collection":[{"href":"https:\/\/tourwhales.com\/fr\/wp-json\/wp\/v2\/product"}],"about":[{"href":"https:\/\/tourwhales.com\/fr\/wp-json\/wp\/v2\/types\/product"}],"wp:featuredmedia":[{"embeddable":true,"href":"https:\/\/tourwhales.com\/fr\/wp-json\/wp\/v2\/media\/12221"}],"wp:attachment":[{"href":"https:\/\/tourwhales.com\/fr\/wp-json\/wp\/v2\/media?parent=12453"}],"wp:term":[{"taxonomy":"product_cat","embeddable":true,"href":"https:\/\/tourwhales.com\/fr\/wp-json\/wp\/v2\/product_cat?post=12453"},{"taxonomy":"product_tag","embeddable":true,"href":"https:\/\/tourwhales.com\/fr\/wp-json\/wp\/v2\/product_tag?post=12453"}],"curies":[{"name":"wp","href":"https:\/\/api.w.org\/{rel}","templated":true}]}}