
{"id":12436,"date":"2021-03-24T09:58:12","date_gmt":"2021-03-24T09:58:12","guid":{"rendered":"https:\/\/tourwhales.com\/?post_type=product&#038;p=12436"},"modified":"2024-10-17T23:39:17","modified_gmt":"2024-10-17T23:39:17","slug":"saona-island-rentals-rent-a-private-boat","status":"publish","type":"product","link":"https:\/\/tourwhales.com\/fr\/Tours-Excursions\/rent-private-boat-saona-island\/saona-island-rentals-rent-a-private-boat\/","title":{"rendered":"Saona Island Rentals \u2013 Louer un bateau priv\u00e9"},"content":{"rendered":"<section class=\"wpb-content-wrapper\"><div class=\"vc_row wpb_row vc_row-fluid\" > <div class=\"wpb_column vc_column_container vc_col-sm-12\"><div class=\"vc_column-inner\"><div class=\"wpb_wrapper\"> \n\t<div class=\"wpb_text_column wpb_content_element\" >\n\t\t<div class=\"wpb_wrapper\">\n\t\t\t\n\t\t<\/div>\n\t<\/div>\n <\/div><\/div><\/div> <\/div> <div class=\"wpb_column vc_column_container vc_col-sm-12\"><div class=\"vc_column-inner\"><div class=\"wpb_wrapper\"> <div class=\"vc_btn3-container vc_btn3-inline\" ><button class=\"vc_general vc_btn3 vc_btn3-size-md vc_btn3-shape-rounded vc_btn3-style-modern vc_btn3-color-green\">RESERVE MAINTENANT<\/button><\/div> <\/div><\/div><\/div> <div class=\"vc_tta-container\" data-vc-action=\"collapse\"><div class=\"vc_general vc_tta vc_tta-tabs vc_tta-color-grey vc_tta-style-classic vc_tta-shape-rounded vc_tta-spacing-1 vc_tta-tabs-position-top vc_tta-controls-align-left\"><div class=\"vc_tta-tabs-container\"><ul class=\"vc_tta-tabs-list\"><\/ul><\/div><div class=\"vc_tta-panels-container\"><div class=\"vc_tta-panels\"> <\/div><\/div><\/div><\/div> <div class=\"vc_tta-panel vc_active\" id=\"1616582286467-74629ea8-fd69\" data-vc-content=\".vc_tta-panel-body\"><div class=\"vc_tta-panel-heading\"><h4 class=\"vc_tta-panel-title\"><a href=\"#1616582286467-74629ea8-fd69\" data-vc-accordion data-vc-container=\".vc_tta-container\"><span class=\"vc_tta-title-text\">Description<\/span><\/a><\/h4><\/div><div class=\"vc_tta-panel-body\"> \n\t<div class=\"wpb_text_column wpb_content_element\" >\n\t\t<div class=\"wpb_wrapper\">\n\t\t\t<div class=\"custom-left\">\n<div class=\"row\">\n<div class=\"col-md-12 cust-clas\">\n<div class=\"product-header alignleft\">\n<p>ILE DE SAONA \u2013 BATEAU \u2013 LOCATION<\/p>\n<p>JOURN\u00c9E COMPL\u00c8TE DE CHARTER PRIV\u00c9 VERS L'\u00ceLE DE SAONA<\/p>\n<p>DUR\u00c9E FLEXIBLE \u2013 DU LUNDI AU DIMANCHE<\/p>\n<\/div>\n<\/div>\n<\/div>\n<\/div>\n<div class=\"custom-left para-p\">\n<div class=\"info_content_label\">\n<p>&nbsp;<\/p>\n<p>&nbsp;<\/p>\n<p>&nbsp;<\/p>\n<p>&nbsp;<\/p>\n<p>Louez ce fabuleux bateau \u00e0 la journ\u00e9e pour un maximum de 16 personnes afin de visiter l'\u00eele de Saona.<\/p>\n<p><strong>INCLUDE<\/strong><\/p>\n<ul>\n<li>\u00c9quipage (capitaine et capitaine adjoint)<\/li>\n<li>Carburant<\/li>\n<li>Glaci\u00e8re avec de la glace<\/li>\n<\/ul>\n<p>De la nourriture est disponible moyennant un suppl\u00e9ment :<\/p>\n<p><strong>D\u00e9tails du d\u00e9jeuner buffet traditionnel, $15 USD p\/p :<\/strong><\/p>\n<p>-Salade verte, salade russe<\/p>\n<p>-Chevalier<\/p>\n<p>-Maro de Guandule (riz \u00e0 la dominicaine) avec noix de coco<\/p>\n<p>-P\u00e2tes \u00e0 la sauce tomate-Casseroles de manioc<\/p>\n<p>-Poisson et poulet grill\u00e9s (dorado) + sauce au lait de coco facultative<\/p>\n<p>-Fruits frais - 1 boisson non alcoolis\u00e9e (soda ou eau)<br \/>\n-Caf\u00e9t\u00e9ria<\/p>\n<p><strong>Service suppl\u00e9mentaire de homard + fondant \u00e0 la noix de coco $19 USD (suppl\u00e9mentaire).<\/strong><\/p>\n<\/div>\n<p><strong><label>Non inclus:<\/label><\/strong> Les boissons et la nourriture ne sont PAS incluses et peuvent \u00eatre organis\u00e9es moyennant des frais suppl\u00e9mentaires.<\/p>\n<p>&nbsp;<\/p>\n<\/div>\n<p>If you need more information or have any questions, do not hesitate to contact us by Whatsapp: +18494995063 or live chat. We offer the best price online!<\/p>\n<p>&nbsp;<\/p>\n<h4><b><i>Politique d&#039;annulation<\/i><\/b><\/h4>\n<p>Pour un remboursement complet, veuillez lire nos conditions d'annulation. <a href=\"https:\/\/tourwhales.com\/fr\/online-booking\/\" target=\"_blank\" rel=\"noopener\" data-saferedirecturl=\"https:\/\/www.google.com\/url?q=https:\/\/tourwhales.com\/online-booking\/&amp;source=gmail&amp;ust=1672449202351000&amp;usg=AOvVaw1yAeVAPktmaVCqDujgUn90\">Cliquez ici<\/a>. Les fonds seront perdus si la r\u00e9servation est annul\u00e9e le jour m\u00eame du voyage. <\/p>\n\n\t\t<\/div>\n\t<\/div>\n <\/div><\/div> <div class=\"vc_tta-panel\" id=\"1616580432722-00be9baf-46e3\" data-vc-content=\".vc_tta-panel-body\"><div class=\"vc_tta-panel-heading\"><h4 class=\"vc_tta-panel-title\"><a href=\"#1616580432722-00be9baf-46e3\" data-vc-accordion data-vc-container=\".vc_tta-container\"><span class=\"vc_tta-title-text\">Des prix<\/span><\/a><\/h4><\/div><div class=\"vc_tta-panel-body\"> <\/div><\/div> <div class=\"mkdf-section-title-holder\" style=\"text-align: center\">\n\t<div class=\"mkdf-st-inner\">\n\t\t\t\t\t\t\t<h3 class=\"mkdf-st-title\" >\n\t\t\t\tDES PRIX\t\t\t<\/h3>\n\t\t\t\t\t<\/div>\n<\/div> <div class=\"vc_empty_space\"   style=\"height: 32px\"><span class=\"vc_empty_space_inner\"><\/span><\/div> <div class=\"vc_row wpb_row vc_row-fluid\" > <div class=\"wpb_column vc_column_container vc_col-sm-12\"><div class=\"vc_column-inner\"><div class=\"wpb_wrapper\"> <div class=\"vc_btn3-container vc_btn3-inline\" ><button class=\"vc_general vc_btn3 vc_btn3-size-md vc_btn3-shape-rounded vc_btn3-style-modern vc_btn3-color-green\">RESERVE MAINTENANT<\/button><\/div> <\/div><\/div><\/div> <\/div>\n<\/section>","protected":false},"excerpt":{"rendered":"<p>Location de bateaux sur l&#039;\u00eele de Saona \u2013 Louez un bateau priv\u00e9, un yacht, un voilier, un catamaran et explorez l&#039;\u00eele de Saona. Saona Top Boat Tours &amp; Catamaran Excursions depuis le port de Bayahibe en R\u00e9publique Dominicaine\u2026 Au d\u00e9but c&#039;\u00e9tait une soci\u00e9t\u00e9 de location de bateaux pour le tourisme local.<\/p>\n<p><strong>R\u00e9servez votre bateau priv\u00e9 :\u00a0<\/strong><\/p>","protected":false},"featured_media":11544,"template":"","meta":[],"product_cat":[871],"product_tag":[874,875,872,876,873],"class_list":["post-12436","product","type-product","status-publish","has-post-thumbnail","hentry","product_cat-rent-private-boat-saona-island","product_tag-saona-island-boat-rent","product_tag-saona-island-boat-rentals","product_tag-saona-island-boat-renting","product_tag-saona-island-private-boat","product_tag-saona-island-rentals"],"_links":{"self":[{"href":"https:\/\/tourwhales.com\/fr\/wp-json\/wp\/v2\/product\/12436","targetHints":{"allow":["GET"]}}],"collection":[{"href":"https:\/\/tourwhales.com\/fr\/wp-json\/wp\/v2\/product"}],"about":[{"href":"https:\/\/tourwhales.com\/fr\/wp-json\/wp\/v2\/types\/product"}],"wp:featuredmedia":[{"embeddable":true,"href":"https:\/\/tourwhales.com\/fr\/wp-json\/wp\/v2\/media\/11544"}],"wp:attachment":[{"href":"https:\/\/tourwhales.com\/fr\/wp-json\/wp\/v2\/media?parent=12436"}],"wp:term":[{"taxonomy":"product_cat","embeddable":true,"href":"https:\/\/tourwhales.com\/fr\/wp-json\/wp\/v2\/product_cat?post=12436"},{"taxonomy":"product_tag","embeddable":true,"href":"https:\/\/tourwhales.com\/fr\/wp-json\/wp\/v2\/product_tag?post=12436"}],"curies":[{"name":"wp","href":"https:\/\/api.w.org\/{rel}","templated":true}]}}