
{"id":12091,"date":"2021-02-05T16:38:28","date_gmt":"2021-02-05T16:38:28","guid":{"rendered":"https:\/\/tourwhales.com\/?post_type=product&#038;p=12091"},"modified":"2024-10-17T23:39:18","modified_gmt":"2024-10-17T23:39:18","slug":"27-waterfalls-buggies-tour-puerto-plata","status":"publish","type":"product","link":"https:\/\/tourwhales.com\/fr\/Tours-Excursions\/fees-entrace\/27-waterfalls-buggies-tour-puerto-plata\/","title":{"rendered":"27 cascades Buggies (Randonn\u00e9e et Baignade)"},"content":{"rendered":"<section class=\"wpb-content-wrapper\"><div class=\"vc_row wpb_row vc_row-fluid\" ><div class=\"wpb_column vc_column_container vc_col-sm-12\"><div class=\"vc_column-inner\"><div class=\"wpb_wrapper\"><div class=\"mkdf-section-title-holder\" style=\"text-align: left\">\n\t<div class=\"mkdf-st-inner\">\n\t\t\t\t\t<h5 class=\"mkdf-st-subtitle\" >\n\t\t\t\tD\u00e9jeuner inclus\t\t\t<\/h5>\n\t\t\t\t\t\t\t<h3 class=\"mkdf-st-title\" >\n\t\t\t\t27 Cascades Buggies Tour Puerto Plata\t\t\t<\/h3>\n\t\t\t\t\t<\/div>\n<\/div><div class=\"vc_message_box vc_message_box-standard vc_message_box-rounded vc_color-info\" ><div class=\"vc_message_box-icon\"><i class=\"fas fa-info-circle\"><\/i><\/div><p>R\u00e9servez juste les billets d&#039;entr\u00e9e ou avec transport : <a href=\"https:\/\/tourwhales.com\/fr\/?s=27+waterfalls&amp;post_type=product&amp;dgwt_wcas=1\">Cliquez ici.<\/a><\/p>\n<\/div><div class=\"vc_empty_space\"   style=\"height: 32px\"><span class=\"vc_empty_space_inner\"><\/span><\/div><\/div><\/div><\/div><\/div><div class=\"vc_row wpb_row vc_row-fluid\" ><div class=\"wpb_column vc_column_container vc_col-sm-12\"><div class=\"vc_column-inner\"><div class=\"wpb_wrapper\"><div class=\"vc_btn3-container vc_btn3-inline\" ><button class=\"vc_general vc_btn3 vc_btn3-size-md vc_btn3-shape-rounded vc_btn3-style-modern vc_btn3-color-green\">RESERVE MAINTENANT<\/button><\/div>\n\t<div class=\"wpb_text_column wpb_content_element\" >\n\t\t<div class=\"wpb_wrapper\">\n\t\t\t<h2 class=\"ui_header h1 attractions-product-info-ProductTitle__title--1qM0o\">27 Cascades Buggies Tour Puerto Plata<\/h2>\n<p><b><i>Aper\u00e7u <\/i><\/b><\/p>\n<p>Obtenez vos billets pour les buggies \u00e0 Puerto Plata avec le prix le plus bas des cascades de Damajagua. Les zones de Damajagua avec les meilleurs <strong data-key=\"puerto plata waterfall excursion\">excursion \u00e0 la cascade de puerto plata.\u00a0<\/strong><\/p>\n<p>Il n&#039;y a pas de moyen plus excitant d&#039;explorer la campagne dominicaine sauvage que l&#039;un de ces buggys lors d&#039;une visite organis\u00e9e par les habitants. Empruntez des sentiers hors route avec 27 zones foresti\u00e8res de cascades en toile de fond et nagez dans une rivi\u00e8re ou \u00e0 la plage lors de cette aventure matinale d&#039;une demi-journ\u00e9e.<\/p>\n<p>Apr\u00e8s des instructions expertes, il est temps de parcourir les sentiers et de s&#039;aventurer dans la campagne. Vous passerez devant des palmeraies, des terres agricoles rustiques et des villages, tout en d\u00e9valant les sentiers poussi\u00e9reux de la jungle, loin des sentiers battus.<\/p>\n<p>Il y aura quelques arr\u00eats au stand o\u00f9 vous pourrez prendre une noix de coco fra\u00eeche pour la route, si vous avez soif. De plus, d&#039;une mani\u00e8re ou d&#039;une autre, vous vous salirez, alors apportez votre maillot de bain et rafra\u00eechissez-vous \u00e0 la plage ou \u00e0 la rivi\u00e8re naturelle - une belle fa\u00e7on de vous d\u00e9poussi\u00e9rer. Vous pourrez \u00e9galement terminer une journ\u00e9e passionnante avec une bi\u00e8re glac\u00e9e ou un cocktail gratuit \u00e0 la base. Contactez-nous pour notre <strong>cascades de damajagua et combo buggy tout-terrain<\/strong> .<\/p>\n<ul>\n<li style=\"font-weight: 400;\">Frais inclus<\/li>\n<li>D\u00e9jeuner<\/li>\n<li>Collations<\/li>\n<li style=\"font-weight: 400;\">Guide touristique local en anglais<\/li>\n<\/ul>\n<p>&nbsp;<\/p>\n<h4><b>Inclusions et exclusions<\/b><\/h4>\n<p>&nbsp;<\/p>\n<p><b>Inclusions<\/b><\/p>\n<ol>\n<li>D\u00e9jeuner<\/li>\n<li style=\"font-weight: 400;\"><span style=\"font-weight: 400;\">Toutes les taxes, frais et frais de traitement<\/span><\/li>\n<li style=\"font-weight: 400;\"><span style=\"font-weight: 400;\">Taxes locales<\/span><\/li>\n<li style=\"font-weight: 400;\"><span style=\"font-weight: 400;\">Breuvages<\/span><\/li>\n<li>Collations<\/li>\n<li style=\"font-weight: 400;\"><span style=\"font-weight: 400;\">L&#039;ensemble des Activit\u00e9s<\/span><\/li>\n<li style=\"font-weight: 400;\"><span style=\"font-weight: 400;\">Guide local<\/span><\/li>\n<\/ol>\n<p><b> Exclusions<\/b><\/p>\n<ol>\n<li style=\"font-weight: 400;\"><span style=\"font-weight: 400;\">Pourboires<\/span><\/li>\n<li>transport (D\u00e9fini en nous contactant)<\/li>\n<li style=\"font-weight: 400;\"><span style=\"font-weight: 400;\">Boissons alcoolis\u00e9es<\/span><\/li>\n<\/ol>\n<p>&nbsp;<\/p>\n<p><em><strong>D\u00e9part &amp; Retour<\/strong><\/em><\/p>\n<p><span style=\"font-weight: 400;\">Le voyageur obtiendra un point de rendez-vous apr\u00e8s le processus de r\u00e9servation. Les visites commencent et se terminent \u00e0 vos points de rendez-vous.<\/span><\/p>\n<h4><\/h4>\n<h3 class=\"ui_header h1 attractions-product-info-ProductTitle__title--1qM0o\">27 cascades de damajagua puerto plata tours excursions<\/h3>\n<p><b><i>\u00c0 quoi s&#039;attendre?<\/i><\/b><\/p>\n<div class=\"apd_content_block\" data-tab=\"TABS_OVERVIEW\"><\/div>\n<div data-tab=\"TABS_WHAT_TO_EXPECT\">\n<div class=\"ui_card attractions-card-CollapsibleProductDetailsCard__cardContainer--3r2wk attractions-card-CollapsibleProductDetailsCard__cleanslateOverrideDT--2AJh0\">\n<div class=\"attractions-card-CollapsibleCard__content--2Ws8q\">\n<div class=\"attractions-card-CollapsibleCard__contentWrap--374jk attractions-card-CollapsibleCard__titleUnderline--1uHze\">\n<div class=\"attractions-card-CollapsibleProductDetailsCard__cardContent--23ext\">\n<div class=\"common-text-ReadMore__readMore--3Iu8c common-text-ReadMore__variantFadeOut--1tInd\">\n<div class=\"common-text-ReadMore__content--2X4LR\">\n<div class=\"ui_columns is-desktop\">\n<div class=\"ui_column\">\n<p>Buggy de Damajagua<\/p>\n<p>D\u00e9marrons nos moteurs et commen\u00e7ons un itin\u00e9raire passionnant \u00e0 travers des sentiers boueux, des for\u00eats tropicales et des rivi\u00e8res. Il s&#039;agit d&#039;un tour d&#039;une heure et demie entre 10 et 15 kilom\u00e8tres de long.<\/p>\n<p>Le premier arr\u00eat sera dans la rivi\u00e8re Bajabonico dans la communaut\u00e9 de Bellaco. Sur la route, vous pourrez cueillir quelques fruits et m\u00eame manger de la patty locale.<\/p>\n<p>Nous continuerons la route en buggy vers les communaut\u00e9s de Bajabonico Arriba, o\u00f9 nous pourrons essayer le\u00a0 <strong>temp\u00e9rature de l&#039;eau des cascades de damajagua.<\/strong> Palmar Grande et Los Felix. Une fois que nous conduisons dans ces communaut\u00e9s, nous devons ralentir notre vitesse \u00e0 cause des enfants, des animaux et des habitants qui m\u00e8nent une vie normale.<br \/>\nNous descendrons des v\u00e9hicules et aurons la chance de nager dans l&#039;eau douce de la rivi\u00e8re !<br \/>\nAu retour, nous emprunterons une route ext\u00e9rieure pouvant traverser jusqu&#039;\u00e0 12 fois la rivi\u00e8re une \u00e0 une.<br \/>\nEnfin, nous reviendrons au point de rendez-vous et vous pourrez retourner chez vous et parler \u00e0 vos amis de cette visite inoubliable.<\/p>\n<\/div>\n<\/div>\n<\/div>\n<\/div>\n<\/div>\n<\/div>\n<\/div>\n<\/div>\n<\/div>\n<p><em><strong>Que devez-vous apporter?<\/strong><\/em><\/p>\n<ul>\n<li style=\"font-weight: 400;\"><span style=\"font-weight: 400;\">Appareil photo<\/span><\/li>\n<li style=\"font-weight: 400;\"><span style=\"font-weight: 400;\">Bourgeons r\u00e9pulsifs<\/span><\/li>\n<li style=\"font-weight: 400;\"><span style=\"font-weight: 400;\">Cr\u00eame solaire<\/span><\/li>\n<li style=\"font-weight: 400;\"><span style=\"font-weight: 400;\">Chapeau<\/span><\/li>\n<li style=\"font-weight: 400;\"><span style=\"font-weight: 400;\">Pantalon confortable<\/span><\/li>\n<li style=\"font-weight: 400;\"><span style=\"font-weight: 400;\">Chaussures de randonn\u00e9e pour la for\u00eat<\/span><\/li>\n<li style=\"font-weight: 400;\"><span style=\"font-weight: 400;\">Sandales aux zones de printemps.<\/span><\/li>\n<li style=\"font-weight: 400;\"><span style=\"font-weight: 400;\">Maillot de bain<\/span><\/li>\n<\/ul>\n<p>&nbsp;<\/p>\n<h3><b><i>Prise en charge \u00e0 l&#039;h\u00f4tel\u00a0:\u00a0<\/i><\/b><\/h3>\n<p><span style=\"font-weight: 400;\"><strong>La prise en charge \u00e0 l&#039;h\u00f4tel n&#039;est pas<\/strong> offert pour cette tourn\u00e9e. Nous mettons en place le Pick up en nous contactant par Whatsapp. Nous avons des offres au cas o\u00f9 vous venez de <strong>crique d&#039;ambre 27 cascades.\u00a0<\/strong><\/span><\/p>\n<p>&nbsp;<\/p>\n<p><b>Note:<\/b><span style=\"font-weight: 400;\"> Si vous r\u00e9servez dans les 24 heures suivant l&#039;heure de d\u00e9part de la visite \/ excursion, nous pouvons organiser la prise en charge \u00e0 l&#039;h\u00f4tel moyennant des frais suppl\u00e9mentaires. Une fois votre achat termin\u00e9, nous vous enverrons les coordonn\u00e9es compl\u00e8tes (num\u00e9ro de t\u00e9l\u00e9phone, adresse e-mail, etc.) de notre guide local pour organiser la prise en charge.<\/span><\/p>\n<p><b><i>Confirmation d&#039;informations suppl\u00e9mentaires <\/i><\/b><\/p>\n<ol>\n<li>Les billets sont le re\u00e7u apr\u00e8s avoir pay\u00e9 pour ce tour. Vous pouvez afficher le paiement sur votre t\u00e9l\u00e9phone.<\/li>\n<li style=\"font-weight: 400;\"><span style=\"font-weight: 400;\">Le point de rencontre sera re\u00e7u apr\u00e8s le processus de r\u00e9servation.<\/span><\/li>\n<li style=\"font-weight: 400;\"><span style=\"font-weight: 400;\">Les enfants doivent \u00eatre accompagn\u00e9s par un adulte.<\/span><\/li>\n<li style=\"font-weight: 400;\"><span style=\"font-weight: 400;\"> Non accessible aux fauteuils roulants <\/span><\/li>\n<li style=\"font-weight: 400;\"><span style=\"font-weight: 400;\">Les b\u00e9b\u00e9s doivent s&#039;asseoir sur les genoux <\/span><\/li>\n<li style=\"font-weight: 400;\"><span style=\"font-weight: 400;\">Non recommand\u00e9 pour les voyageurs ayant des probl\u00e8mes de dos<\/span><\/li>\n<li style=\"font-weight: 400;\"><span style=\"font-weight: 400;\">D\u00e9conseill\u00e9 aux voyageuses enceintes <\/span><\/li>\n<li style=\"font-weight: 400;\"><span style=\"font-weight: 400;\"> Pas de probl\u00e8mes cardiaques ou d&#039;autres conditions m\u00e9dicales graves <\/span><\/li>\n<li style=\"font-weight: 400;\"><span style=\"font-weight: 400;\">La plupart des voyageurs peuvent participer<\/span><\/li>\n<\/ol>\n<h4><b><i>Politique d&#039;annulation<\/i><\/b><\/h4>\n<p>Pour un remboursement complet, veuillez lire nos Politiques d&#039;annulation\u00a0<a href=\"https:\/\/tourwhales.com\/fr\/online-booking\/\" target=\"_blank\" rel=\"noopener\" data-saferedirecturl=\"https:\/\/www.google.com\/url?q=https:\/\/tourwhales.com\/online-booking\/&amp;source=gmail&amp;ust=1672449202351000&amp;usg=AOvVaw1yAeVAPktmaVCqDujgUn90\">Cliquez ici<\/a>. Les fonds seront perdus si la r\u00e9servation est annul\u00e9e le jour m\u00eame du voyage.<\/p>\n<p>&nbsp;<\/p>\n<p><em><strong>Les gens recherchent aussi:\u00a0<\/strong><\/em><\/p>\n<p>aper\u00e7u inclusions exclusions d\u00e9part<\/p>\n<p>inclusions exclusions d\u00e9part retour<\/p>\n<p>chutes d&#039;eau de damajagua d\u00e9c\u00e8s<\/p>\n<p>27 chutes d&#039;eau r\u00e9publique dominicaine mort<\/p>\n<p>prix des cascades de damajagua<\/p>\n<p>&nbsp;<\/p>\n\n\t\t<\/div>\n\t<\/div>\n<\/div><\/div><\/div><\/div><div class=\"vc_row wpb_row vc_row-fluid\" ><div class=\"wpb_column vc_column_container vc_col-sm-12\"><div class=\"vc_column-inner\"><div class=\"wpb_wrapper\"><div class=\"vc_btn3-container vc_btn3-inline\" ><button class=\"vc_general vc_btn3 vc_btn3-size-md vc_btn3-shape-rounded vc_btn3-style-modern vc_btn3-color-green\">RESERVE MAINTENANT<\/button><\/div>\n\t<div class=\"wpb_video_widget wpb_content_element vc_clearfix   vc_video-aspect-ratio-169 vc_video-el-width-100 vc_video-align-left\" >\n\t\t<div class=\"wpb_wrapper\">\n\t\t\t<h2 class=\"wpb_heading wpb_video_heading\">27 Cascades de Damajagua Tour de Puerto Plata:<\/h2>\n\t\t\t<div class=\"wpb_video_wrapper\"><iframe loading=\"lazy\" title=\"27 Cascades de Damajagua par Booking Adventures &amp; Travel R\u00e9publique Dominicaine\" width=\"1100\" height=\"619\" src=\"https:\/\/www.youtube.com\/embed\/AVNh_we_RQE?start=17&feature=oembed\" frameborder=\"0\" allow=\"accelerometer; autoplay; encrypted-media; gyroscope; picture-in-picture\" allowfullscreen><\/iframe><\/div>\n\t\t<\/div>\n\t<\/div>\n<\/div><\/div><\/div><\/div><div class=\"vc_row wpb_row vc_row-fluid\" ><\/div><div class=\"wpb_column vc_column_container vc_col-sm-12\"><div class=\"vc_column-inner\"><div class=\"wpb_wrapper\"><\/div><\/div><\/div><div class=\"vc_empty_space\"   style=\"height: 32px\"><span class=\"vc_empty_space_inner\"><\/span><\/div><div class=\"vc_empty_space\"   style=\"height: 32px\"><span class=\"vc_empty_space_inner\"><\/span><\/div><div class=\"vc_row wpb_row vc_row-fluid\" ><div class=\"wpb_column vc_column_container vc_col-sm-12\"><div class=\"vc_column-inner\"><div class=\"wpb_wrapper\"><div class=\"vc_btn3-container vc_btn3-inline\" ><button class=\"vc_general vc_btn3 vc_btn3-size-md vc_btn3-shape-rounded vc_btn3-style-modern vc_btn3-color-green\">RESERVE MAINTENANT<\/button><\/div><\/div><\/div><\/div><\/div>\n<\/section>","protected":false},"excerpt":{"rendered":"<p>Cette excursion depuis les 27 cascades de Damajagua \u00e0 Puerto Plata, d\u00e9jeuner et visite des 27 cascades, randonn\u00e9e et saut jusqu&#039;\u00e0 la rivi\u00e8re.<\/p>\n<p>Voyage \u00e9cologique aux 27 cascades de Puerto Plata. Achetez vos billets pour une excursion d&#039;une demi-journ\u00e9e ici \u00e0 la cascade 27 de Damajagua. Les billets d&#039;entr\u00e9e avec d\u00e9jeuner et excursion incluent le saut et la natation dans les plus belles cascades de la R\u00e9publique dominicaine. Randonn\u00e9e et baignade avec \u00e9quipement de s\u00e9curit\u00e9 pour vivre la meilleure exp\u00e9rience !<\/p>\n<p><strong><span style=\"vertical-align: inherit;\"><span style=\"vertical-align: inherit;\"><span style=\"vertical-align: inherit;\"><span style=\"vertical-align: inherit;\">Seleccione la fecha para el Tour:\u00a0<\/span><\/span><\/span><\/span><\/strong><\/p>","protected":false},"featured_media":12093,"template":"","meta":[],"product_cat":[947,864,283,159,253,252],"product_tag":[405,865,403,402,285,407],"class_list":["post-12091","product","type-product","status-publish","has-post-thumbnail","hentry","product_cat-1-puerto-plata","product_cat-buggies-puerto-plata","product_cat-damajagua","product_cat-fees-entrace","product_cat-tours-and-excursions","product_cat-waterfalls","product_tag-amber-cove-excursions","product_tag-buggies-puerto-plata","product_tag-damajagua-national-park","product_tag-how-to-get-to-27-waterfalls-from-puerto-plata","product_tag-puerto-plata","product_tag-things-to-do-in-amber-cove"],"_links":{"self":[{"href":"https:\/\/tourwhales.com\/fr\/wp-json\/wp\/v2\/product\/12091","targetHints":{"allow":["GET"]}}],"collection":[{"href":"https:\/\/tourwhales.com\/fr\/wp-json\/wp\/v2\/product"}],"about":[{"href":"https:\/\/tourwhales.com\/fr\/wp-json\/wp\/v2\/types\/product"}],"wp:featuredmedia":[{"embeddable":true,"href":"https:\/\/tourwhales.com\/fr\/wp-json\/wp\/v2\/media\/12093"}],"wp:attachment":[{"href":"https:\/\/tourwhales.com\/fr\/wp-json\/wp\/v2\/media?parent=12091"}],"wp:term":[{"taxonomy":"product_cat","embeddable":true,"href":"https:\/\/tourwhales.com\/fr\/wp-json\/wp\/v2\/product_cat?post=12091"},{"taxonomy":"product_tag","embeddable":true,"href":"https:\/\/tourwhales.com\/fr\/wp-json\/wp\/v2\/product_tag?post=12091"}],"curies":[{"name":"wp","href":"https:\/\/api.w.org\/{rel}","templated":true}]}}