
{"id":11778,"date":"2020-12-13T08:28:52","date_gmt":"2020-12-13T08:28:52","guid":{"rendered":"https:\/\/tourwhales.com\/?post_type=product&#038;p=11778"},"modified":"2024-10-17T23:39:18","modified_gmt":"2024-10-17T23:39:18","slug":"hiking-trails-in-barahona-dominican-republic-cachote-mountains-tropical-fruits-swim","status":"publish","type":"product","link":"https:\/\/tourwhales.com\/fr\/Tours-Excursions\/lunch\/hiking-trails-in-barahona-dominican-republic-cachote-mountains-tropical-fruits-swim\/","title":{"rendered":"Sentiers de randonn\u00e9e \u00e0 Barahona (R\u00e9publique dominicaine). Montagnes Cachote, Fruits Tropicaux &amp; Baignade"},"content":{"rendered":"<section class=\"wpb-content-wrapper\"><div class=\"vc_row wpb_row vc_row-fluid\" ><div class=\"wpb_column vc_column_container vc_col-sm-12\"><div class=\"vc_column-inner\"><div class=\"wpb_wrapper\">\n\t<div class=\"wpb_text_column wpb_content_element\" >\n\t\t<div class=\"wpb_wrapper\">\n\t\t\t<p><span style=\"vertical-align: inherit;\"><span style=\"vertical-align: inherit;\"><\/p>\n\n\t\t<\/div>\n\t<\/div>\n<div class=\"vc_btn3-container vc_btn3-inline\" ><button class=\"vc_general vc_btn3 vc_btn3-size-md vc_btn3-shape-rounded vc_btn3-style-modern vc_btn3-color-green\">RESERVE MAINTENANT<\/button><\/div>\n\t<div class=\"wpb_text_column wpb_content_element\" >\n\t\t<div class=\"wpb_wrapper\">\n\t\t\t<p><\/span><\/span><\/p>\n<div class=\"vc_row wpb_row vc_row-fluid\">\n<div class=\"wpb_column vc_column_container vc_col-sm-12\">\n<div class=\"vc_column-inner\">\n<div class=\"wpb_wrapper\">\n<div class=\"mkdf-section-title-holder\">\n<div class=\"mkdf-st-inner\">\n<h5 class=\"mkdf-st-subtitle\">Montagnes Cachote, fruits tropicaux et baignade<\/h5>\n<h3 class=\"mkdf-st-title\">Sentiers de randonn\u00e9e \u00e0 Barahona (R\u00e9publique Dominicaine).<\/h3>\n<\/div>\n<\/div>\n<\/div>\n<\/div>\n<\/div>\n<\/div>\n<div class=\"vc_row wpb_row vc_row-fluid\">\n<div class=\"wpb_column vc_column_container vc_col-sm-12\">\n<div class=\"vc_column-inner\">\n<div class=\"wpb_wrapper\">\n<div class=\"wpb_text_column wpb_content_element\">\n<div class=\"wpb_wrapper\">\n<h4><b><i>Aper\u00e7u<\/i><\/b><\/h4>\n<p>Profitez d&#039;une journ\u00e9e de randonn\u00e9e dans les montagnes de Cachote, Barahona. \u00c0 partir de la communaut\u00e9 Paraiso. Conna\u00eetre les zones de plantation de caf\u00e9. Nager dans des sources naturelles et sur l&#039;une des plus belles plages de la R\u00e9publique dominicaine avec des photos panoramiques.<\/p>\n<h4><b>Inclusions et exclusions<\/b><\/h4>\n<p>&nbsp;<\/p>\n<p><b>Inclusions<\/b><\/p>\n<ol>\n<li>Guide local avec exp\u00e9rience en s\u00e9curit\u00e9 dans la r\u00e9gion.<\/li>\n<li>Transport priv\u00e9 pour petits groupes<\/li>\n<li>Toutes les taxes, frais et frais de traitement<\/li>\n<li>Prise en charge \/ Transport depuis votre h\u00f4tel (zone Barahona \/ Para\u00edso \/ Los Patos)<\/li>\n<li>Guide local parlant anglais ou fran\u00e7ais<\/li>\n<li>D\u00e9jeuner typique (type sandwichs) et une bouteille d&#039;eau<\/li>\n<li>Taxes locales<\/li>\n<li>Randonn\u00e9e<\/li>\n<li>Piscines Naturelles<\/li>\n<\/ol>\n<p><b>Exclusions<\/b><\/p>\n<ol>\n<li>Pourboires<\/li>\n<li>Toutes les boissons<\/li>\n<li>Tous les services non sp\u00e9cifiquement mentionn\u00e9s<\/li>\n<li>D\u00e9penses personnelles et pourboires<\/li>\n<\/ol>\n<h4><em><strong>D\u00e9part &amp; Retour<\/strong><\/em><\/h4>\n<p>Le voyageur obtiendra un point de rendez-vous apr\u00e8s le processus de r\u00e9servation. Les visites commencent et se terminent \u00e0 vos points de rendez-vous.<\/p>\n<p>Difficult\u00e9\u00a0: moyenne-difficile<br \/>\nDur\u00e9e de la marche : 5-6 heures<br \/>\nAltitude : 800 m\u00e8tres<br \/>\nD\u00e9part de l&#039;h\u00f4tel : 08h00<br \/>\nRetour \u00e0 l&#039;h\u00f4tel : 17h00<\/p>\n<h2 class=\"styles__heading___mD4_3\" data-radium=\"true\">Sentiers de randonn\u00e9e \u00e0 Barahona (R\u00e9publique dominicaine). Montagnes Cachote, Fruits Tropicaux &amp; Baignade<\/h2>\n<h4><em>\u00c0 quoi s&#039;attendre?<\/em><\/h4>\n<p>Nous commencerons cette promenade dans la ville d&#039;Ojeda, c\u00e9l\u00e8bre pour sa grande production de fruits et l\u00e9gumes typiques des Cara\u00efbes. En chemin, nous pouvons d\u00e9guster des avocats, des oranges, des pamplemousses, des citrons, des goyaves, des mangues, des papayes, des sapotes et du corossol\u00a0!<\/p>\n<p>Apr\u00e8s 1h30 de mont\u00e9e, nous atteindrons un point de vue impressionnant sur la ville de Para\u00edso, le Riosito, et les hautes montagnes de Cachote.<\/p>\n<p>Nous continuerons \u00e0 grimper dans un climat plus froid et plus humide jusqu&#039;\u00e0 ce que nous atteignions la ville de Barrio Nuevo o\u00f9 nous d\u00e9jeunerons.<\/p>\n<p>Dans l&#039;apr\u00e8s-midi, nous traverserons une magnifique ferme de caf\u00e9 au sommet de la montagne \u00e0 800 m\u00e8tres d&#039;altitude. Ensuite, nous descendrons pendant 1 heure jusqu&#039;\u00e0 atteindre les gorges du Riosito o\u00f9 nous pourrons nous baigner dans une belle piscine naturelle entour\u00e9e par la for\u00eat tropicale.<\/p>\n<p>Continuez \u00e0 marcher dans la vall\u00e9e de Riosito pour terminer la journ\u00e9e en vous baignant \u00e0 la plage de Paraiso.<\/p>\n<h4><em><strong>Que devez-vous apporter?<\/strong><\/em><\/h4>\n<ul>\n<li>Appareil photo<\/li>\n<li>Bourgeons r\u00e9pulsifs<\/li>\n<li>Cr\u00eame solaire<\/li>\n<li>Toilette<\/li>\n<li>Chapeau<\/li>\n<li>Pantalon confortable<\/li>\n<li>Chaussures de randonn\u00e9e pour la for\u00eat<\/li>\n<li>Sandales aux zones de printemps.<\/li>\n<li>Maillot de bain<\/li>\n<\/ul>\n<p>&nbsp;<\/p>\n<h4><b><i>H\u00f4tel de prise en charge<\/i><\/b><\/h4>\n<p>La prise en charge \u00e0 l&#039;h\u00f4tel est offerte pour cette visite. Prise en charge\/transport depuis votre h\u00f4tel (zone de Barahona\/Paraiso\/Los Patos).<\/p>\n<p><b>Note:<\/b>\u00a0Si vous r\u00e9servez dans les 24 heures pr\u00e9c\u00e9dant l&#039;heure de d\u00e9part de la visite\/de l&#039;excursion, nous pouvons organiser une prise en charge \u00e0 l&#039;h\u00f4tel. Nous r\u00e9cup\u00e9rons simplement dans les zones de Barahona. Une fois votre achat termin\u00e9, nous vous enverrons les coordonn\u00e9es compl\u00e8tes (num\u00e9ro de t\u00e9l\u00e9phone, adresse e-mail, etc.) de notre guide touristique local afin d&#039;organiser les modalit\u00e9s de prise en charge.<\/p>\n<h4><b><i>Confirmation d&#039;informations suppl\u00e9mentaires<\/i><\/b><\/h4>\n<ol>\n<li>Les billets sont le re\u00e7u apr\u00e8s avoir pay\u00e9 ce tour. Vous pouvez afficher le paiement sur votre t\u00e9l\u00e9phone.<\/li>\n<li>Le point de rendez-vous sera re\u00e7u apr\u00e8s le processus de r\u00e9servation.<\/li>\n<li>Les enfants doivent \u00eatre accompagn\u00e9s par un adulte.<\/li>\n<li>Non accessible aux fauteuils roulants<\/li>\n<li>Les b\u00e9b\u00e9s doivent s&#039;asseoir sur les genoux<\/li>\n<li>Non recommand\u00e9 pour les voyageurs ayant des probl\u00e8mes de dos<\/li>\n<li>D\u00e9conseill\u00e9 aux voyageuses enceintes<\/li>\n<li>Pas de probl\u00e8mes cardiaques ou d&#039;autres conditions m\u00e9dicales graves<\/li>\n<li>La plupart des voyageurs peuvent participer<\/li>\n<\/ol>\n<h4><b><i>Politique d&#039;annulation<\/i><\/b><\/h4>\n<p>Pour un remboursement complet, annulez au moins 72 heures avant la date de d\u00e9but de l&#039;exp\u00e9rience. Les fonds seront perdus si la r\u00e9servation est annul\u00e9e le jour m\u00eame du voyage.<\/p>\n<\/div>\n<\/div>\n<\/div>\n<\/div>\n<\/div>\n<\/div>\n\n\t\t<\/div>\n\t<\/div>\n<\/div><\/div><\/div><\/div><div class=\"wpb_column vc_column_container vc_col-sm-12\"><div class=\"vc_column-inner\"><div class=\"wpb_wrapper\"><\/div><\/div><\/div><div class=\"wpb_column vc_column_container vc_col-sm-12\"><div class=\"vc_column-inner\"><div class=\"wpb_wrapper\"><\/div><\/div><\/div>\n<\/section>","protected":false},"excerpt":{"rendered":"<p>Achetez un billet journalier pour Bahia las Aguilas depuis Barahona. Travers\u00e9e du parc national Jaragua et direction Cabo Rojo, o\u00f9 un bateau vous attend. Apr\u00e8s 15 minutes de trajet en bateau, vous arriverez \u00e0 la belle et isol\u00e9e Bah\u00eda de las \u00c1guilas, consid\u00e9r\u00e9e comme la plus belle plage du pays. Le d\u00e9jeuner sera servi \u00e0 la plage et vous aurez la possibilit\u00e9 d&#039;aller nager ou simplement de vous d\u00e9tendre sur la plage. Profitez du sable blanc immacul\u00e9 de cette plage de 8 km de long.<\/p>\n<p>&nbsp;<\/p>\n<p><strong>S\u00e9lectionnez le jour de ce voyage :<\/strong><\/p>","protected":false},"featured_media":11651,"template":"","meta":[],"product_cat":[847,160],"product_tag":[850,566,849,848],"class_list":["post-11778","product","type-product","status-publish","has-post-thumbnail","hentry","product_cat-barahona","product_cat-lunch","product_tag-barahona-hiking","product_tag-barahona-tours","product_tag-cachote-tour","product_tag-paraiso-tour"],"_links":{"self":[{"href":"https:\/\/tourwhales.com\/fr\/wp-json\/wp\/v2\/product\/11778","targetHints":{"allow":["GET"]}}],"collection":[{"href":"https:\/\/tourwhales.com\/fr\/wp-json\/wp\/v2\/product"}],"about":[{"href":"https:\/\/tourwhales.com\/fr\/wp-json\/wp\/v2\/types\/product"}],"wp:featuredmedia":[{"embeddable":true,"href":"https:\/\/tourwhales.com\/fr\/wp-json\/wp\/v2\/media\/11651"}],"wp:attachment":[{"href":"https:\/\/tourwhales.com\/fr\/wp-json\/wp\/v2\/media?parent=11778"}],"wp:term":[{"taxonomy":"product_cat","embeddable":true,"href":"https:\/\/tourwhales.com\/fr\/wp-json\/wp\/v2\/product_cat?post=11778"},{"taxonomy":"product_tag","embeddable":true,"href":"https:\/\/tourwhales.com\/fr\/wp-json\/wp\/v2\/product_tag?post=11778"}],"curies":[{"name":"wp","href":"https:\/\/api.w.org\/{rel}","templated":true}]}}