
{"id":11750,"date":"2020-12-03T12:24:44","date_gmt":"2020-12-03T12:24:44","guid":{"rendered":"https:\/\/tourwhales.com\/?post_type=product&#038;p=11750"},"modified":"2024-10-17T23:39:18","modified_gmt":"2024-10-17T23:39:18","slug":"bahia-de-las-aguilas-beach-day-trip-by-boat-day-pass-pedernales","status":"publish","type":"product","link":"https:\/\/tourwhales.com\/fr\/Tours-Excursions\/lunch\/bahia-de-las-aguilas-beach-day-trip-by-boat-day-pass-pedernales\/","title":{"rendered":"Bah\u00eda de las Aguilas: excursion d&#039;une journ\u00e9e \u00e0 la plage en bateau - Pass journalier - Pedernales"},"content":{"rendered":"<section class=\"wpb-content-wrapper\"><div class=\"vc_row wpb_row vc_row-fluid\" ><div class=\"wpb_column vc_column_container vc_col-sm-12\"><div class=\"vc_column-inner\"><div class=\"wpb_wrapper\"><div class=\"vc_btn3-container vc_btn3-inline\" ><button class=\"vc_general vc_btn3 vc_btn3-size-md vc_btn3-shape-rounded vc_btn3-style-modern vc_btn3-color-green\">RESERVE MAINTENANT<\/button><\/div><div class=\"mkdf-section-title-holder\" style=\"text-align: left\">\n\t<div class=\"mkdf-st-inner\">\n\t\t\t\t\t<h5 class=\"mkdf-st-subtitle\" >\n\t\t\t\tPass journalier - Plong\u00e9e en apn\u00e9e et d\u00e9jeuner\t\t\t<\/h5>\n\t\t\t\t\t\t\t<h3 class=\"mkdf-st-title\" >\n\t\t\t\tBah\u00eda de las Aguilas : excursion d&#039;une journ\u00e9e \u00e0 la plage en bateau\t\t\t<\/h3>\n\t\t\t\t\t<\/div>\n<\/div><\/div><\/div><\/div><\/div><div class=\"vc_row wpb_row vc_row-fluid\" ><div class=\"wpb_column vc_column_container vc_col-sm-12\"><div class=\"vc_column-inner\"><div class=\"wpb_wrapper\">\n\t<div class=\"wpb_text_column wpb_content_element\" >\n\t\t<div class=\"wpb_wrapper\">\n\t\t\t<h4><b><i>Aper\u00e7u<\/i><\/b><\/h4>\n<p>Profitez d&#039;une journ\u00e9e \u00e0 la plage et laissez couler votre esprit, loin des zones touristiques et de tout le stress. Venez d\u00e9couvrir le parc national de Jaragua et Bahia de las \u00c1guilas. Roulez le long d&#039;une belle route avec une vue imprenable sur le petit port et le village de p\u00eacheurs de Cabo Rojo. \u00c0 Las Cuevas, vous montez \u00e0 bord d&#039;un bateau qui vous emm\u00e8ne en 15 minutes de trajet vers l&#039;une des plus belles plages naturelles du monde. Le sable de Bah\u00eda de las Aguilas est vierge et la baie s&#039;\u00e9tend sur 8 km. D\u00e9couvrez un paysage c\u00f4tier exceptionnel avec une eau cristalline qui brille dans des tons allant du turquoise au bleu opale se fondant \u00e0 l&#039;horizon. Le d\u00e9jeuner est servi \u00e0 la plage, allez nager ou faire de la plong\u00e9e avec tuba et explorez ce paradis naturel intact.<\/p>\n<p>&nbsp;<\/p>\n<ul>\n<li>Guide local avec exp\u00e9rience en s\u00e9curit\u00e9 dans la r\u00e9gion.<\/li>\n<li>Transport priv\u00e9<\/li>\n<li>Frais inclus<\/li>\n<li>D\u00e9jeuner<\/li>\n<li>Guide touristique local en espagnol, anglais ou fran\u00e7ais.<\/li>\n<li>Randonn\u00e9e<\/li>\n<li>Plong\u00e9e en apn\u00e9e<\/li>\n<\/ul>\n<h4><b>Inclusions et exclusions<\/b><\/h4>\n<p>&nbsp;<\/p>\n<p><b>Inclusions<\/b><\/p>\n<ol>\n<li>Guide local avec exp\u00e9rience en mati\u00e8re de s\u00e9curit\u00e9 dans la r\u00e9gion.<\/li>\n<li>Transport priv\u00e9 pour petits groupes<\/li>\n<li>Toutes les taxes, frais et frais de traitement<\/li>\n<li>Taxes locales<\/li>\n<li>D\u00e9jeuner<\/li>\n<li>Randonn\u00e9e<\/li>\n<li>Piscines Naturelles<\/li>\n<li>Plong\u00e9e en apn\u00e9e<\/li>\n<li>L&#039;ensemble des Activit\u00e9s<\/li>\n<\/ol>\n<p><b>Exclusions<\/b><\/p>\n<ol>\n<li>Pourboires<\/li>\n<li>Toutes les boissons<\/li>\n<\/ol>\n<h4><em><strong>D\u00e9part &amp; Retour<\/strong><\/em><\/h4>\n<p>Le voyageur obtiendra un point de rendez-vous apr\u00e8s le processus de r\u00e9servation. Les visites commencent et se terminent \u00e0 vos points de rendez-vous.<\/p>\n<h2 class=\"styles__heading___mD4_3\" data-radium=\"true\">Bah\u00eda de las Aguilas : excursion d&#039;une journ\u00e9e \u00e0 la plage en bateau - Pass journalier - Plong\u00e9e en apn\u00e9e et d\u00e9jeuner<\/h2>\n<h4><em>\u00c0 quoi s&#039;attendre?<\/em><\/h4>\n<p>Playa de las Aguilas a \u00e9t\u00e9 nomm\u00e9e d&#039;apr\u00e8s l&#039;aigle indig\u00e8ne. La visite se fait en transport priv\u00e9 depuis Bahia de las Aguilas o\u00f9 elle vous permet de d\u00e9couvrir les merveilles naturelles de cette plage aphrodisiaque d&#039;une mani\u00e8re tr\u00e8s diff\u00e9rente et durable. Passez la journ\u00e9e \u00e0 faire une excursion nature dans la partie sud du pays o\u00f9 vous d\u00e9couvrirez la Bahia de las Aguila, l&#039;une des plus belles plages de la R\u00e9publique dominicaine, o\u00f9 nous arriverons en hors-bord \u00e0 cette plage paradisiaque, une zone enti\u00e8rement prot\u00e9g\u00e9 par la l\u00e9gislation environnementale. Passez un moment de d\u00e9tente \u00e0 Bahia de las Aguilas, une r\u00e9serve naturelle inhabit\u00e9e et un parc national, et profitez d&#039;un d\u00e9jeuner de style barbecue dans les grottes.<\/p>\n<p>La mer calme et le vent l\u00e9ger vous \u00e9viteront de trop souffrir du soleil et de la chaleur. Devenez explorateur d&#039;un jour et d\u00e9couvrez un paradis \u00e9cologique, naturel et totalement pr\u00e9serv\u00e9. Vous pouvez observer plus de 130 esp\u00e8ces d&#039;oiseaux, dont 76 vivent en permanence dans la baie, 10 sont end\u00e9miques et 47 sont des migrateurs.<\/p>\n<p>08h30 \u2013 D\u00e9part du point de rendez-vous<br \/>\n08h45 \u2013 D\u00e9part en bateau du village La Cueva vers la Bahia de las Aguilas<br \/>\n12h30 \u2013 D\u00e9jeuner typique sur la plage<br \/>\n03.00 \u2013 Retour \u00e0 La Cueva<br \/>\n05h30 \u2013 Arriv\u00e9e au point de rendez-vous<\/p>\n<h4><em><strong>Que devez-vous apporter?<\/strong><\/em><\/h4>\n<ul>\n<li>Appareil photo<\/li>\n<li>Bourgeons r\u00e9pulsifs<\/li>\n<li>Cr\u00eame solaire<\/li>\n<li>L&#039;eau<\/li>\n<li>Chapeau<\/li>\n<li>Pantalon confortable<\/li>\n<li>Chaussures de randonn\u00e9e pour la for\u00eat<\/li>\n<li>Sandales aux zones de printemps.<\/li>\n<li>Maillot de bain<\/li>\n<\/ul>\n<p>&nbsp;<\/p>\n<h4><b><i>Prise en charge \u00e0 l&#039;h\u00f4tel<\/i><\/b><\/h4>\n<p>La prise en charge \u00e0 l&#039;h\u00f4tel est offerte pour cette visite avec un co\u00fbt suppl\u00e9mentaire.<\/p>\n<p><b>Note:<\/b> Si vous r\u00e9servez dans les 24 heures suivant l&#039;heure de d\u00e9part de la visite\/excursion, nous pouvons organiser la prise en charge \u00e0 l&#039;h\u00f4tel. Nous venons de ramasser dans la r\u00e9gion de Pedernales. Une fois votre achat termin\u00e9, nous vous enverrons les coordonn\u00e9es compl\u00e8tes (num\u00e9ro de t\u00e9l\u00e9phone, adresse e-mail, etc.) de notre guide local pour organiser la prise en charge.<\/p>\n<h4><b><i>Confirmation d&#039;informations suppl\u00e9mentaires<\/i><\/b><\/h4>\n<ol>\n<li>Les billets sont le re\u00e7u apr\u00e8s avoir pay\u00e9 pour ce tour. Vous pouvez afficher le paiement sur votre t\u00e9l\u00e9phone.<\/li>\n<li>Le point de rencontre sera re\u00e7u apr\u00e8s le processus de r\u00e9servation.<\/li>\n<li>Les enfants doivent \u00eatre accompagn\u00e9s par un adulte.<\/li>\n<li>Non accessible aux fauteuils roulants<\/li>\n<li>Les b\u00e9b\u00e9s doivent s&#039;asseoir sur les genoux<\/li>\n<li>Non recommand\u00e9 pour les voyageurs ayant des probl\u00e8mes de dos<\/li>\n<li>D\u00e9conseill\u00e9 aux voyageuses enceintes<\/li>\n<li>Pas de probl\u00e8mes cardiaques ou d&#039;autres conditions m\u00e9dicales graves<\/li>\n<li>La plupart des voyageurs peuvent participer<\/li>\n<\/ol>\n<h4><b><i>Politique d&#039;annulation<\/i><\/b><\/h4>\n<p>Pour un remboursement complet, veuillez lire nos Politiques d&#039;annulation\u00a0<a href=\"https:\/\/tourwhales.com\/fr\/online-booking\/\" target=\"_blank\" rel=\"noopener\" data-saferedirecturl=\"https:\/\/www.google.com\/url?q=https:\/\/tourwhales.com\/online-booking\/&amp;source=gmail&amp;ust=1672449202351000&amp;usg=AOvVaw1yAeVAPktmaVCqDujgUn90\">Cliquez ici<\/a>. Les fonds seront perdus si la r\u00e9servation est annul\u00e9e le jour m\u00eame du voyage.<\/p>\n\n\t\t<\/div>\n\t<\/div>\n<\/div><\/div><\/div><\/div><div class=\"vc_row wpb_row vc_row-fluid\" ><div class=\"wpb_column vc_column_container vc_col-sm-12\"><div class=\"vc_column-inner\"><div class=\"wpb_wrapper\"><div class=\"vc_btn3-container vc_btn3-inline\" ><button class=\"vc_general vc_btn3 vc_btn3-size-md vc_btn3-shape-rounded vc_btn3-style-modern vc_btn3-color-green\">RESERVE MAINTENANT<\/button><\/div><\/div><\/div><\/div><\/div>\n<\/section>","protected":false},"excerpt":{"rendered":"<p><span style=\"vertical-align: inherit;\"><span style=\"vertical-align: inherit;\">Achetez un billet journalier pour Bahia las Aguilas depuis les zones de Pedernales. Profitez d&#039;une journ\u00e9e \u00e0 la plage et laissez libre cours \u00e0 votre esprit, loin des zones touristiques et de tout stress. Venez d\u00e9couvrir le parc national Jaragua et Bah\u00eda de las \u00c1guilas. Suivez une belle route offrant une vue imprenable sur le petit port et le village de p\u00eacheurs de Cabo Rojo. \u00c0 Las Cuevas, vous monterez \u00e0 bord d&#039;un bateau qui vous emm\u00e8nera pour une balade de 15 minutes jusqu&#039;\u00e0 l&#039;une des plus belles plages naturelles du monde. Les sables de la Baie des Aigles sont pr\u00e9serv\u00e9s et la baie s&#039;\u00e9tend sur 8 km.<\/span><\/span><\/p>\n<p>D\u00e9couvrez un paysage c\u00f4tier exceptionnel avec des eaux cristallines qui scintillent dans des tons allant du turquoise au bleu opale fondant \u00e0 l&#039;horizon. Le d\u00e9jeuner est servi sur la plage, nagez ou faites de la plong\u00e9e avec tuba et explorez ce paradis naturel pr\u00e9serv\u00e9.<\/p>\n<p><em><strong>S\u00e9lectionnez le jour de ce voyage :<\/strong><\/em><\/p>","protected":false},"featured_media":9739,"template":"","meta":[],"product_cat":[549,160],"product_tag":[557,554,555,563,560,556,564,559,553,567,566,561,565,558,562],"class_list":["post-11750","product","type-product","status-publish","has-post-thumbnail","hentry","product_cat-bahia-de-las-aguilas-dominican-republic","product_cat-lunch","product_tag-bahia-de-las-aguilas","product_tag-bahia-de-las-aguilas-pedernales","product_tag-bahia-de-las-aguilas-beach-tour","product_tag-bahia-de-las-aguilas-hoteles","product_tag-bahia-de-las-aguilas-map","product_tag-bahia-de-las-aguilas-private-tour","product_tag-bahia-de-las-aguilas-republica-dominicana-hotel","product_tag-bahia-de-las-aguilas-tour-from-punta-cana","product_tag-bahia-de-las-aguilas-beach-day-trip-by-boat","product_tag-bahia-las-aguilas-tours","product_tag-barahona-tours","product_tag-closest-airport-to-bahia-de-las-aguilas","product_tag-hotel-barahona","product_tag-playa-bahia-de-las-aguilas-dominican-republic","product_tag-tours-a-bahia-de-las-aguilas-desde-santo-domingo"],"_links":{"self":[{"href":"https:\/\/tourwhales.com\/fr\/wp-json\/wp\/v2\/product\/11750","targetHints":{"allow":["GET"]}}],"collection":[{"href":"https:\/\/tourwhales.com\/fr\/wp-json\/wp\/v2\/product"}],"about":[{"href":"https:\/\/tourwhales.com\/fr\/wp-json\/wp\/v2\/types\/product"}],"wp:featuredmedia":[{"embeddable":true,"href":"https:\/\/tourwhales.com\/fr\/wp-json\/wp\/v2\/media\/9739"}],"wp:attachment":[{"href":"https:\/\/tourwhales.com\/fr\/wp-json\/wp\/v2\/media?parent=11750"}],"wp:term":[{"taxonomy":"product_cat","embeddable":true,"href":"https:\/\/tourwhales.com\/fr\/wp-json\/wp\/v2\/product_cat?post=11750"},{"taxonomy":"product_tag","embeddable":true,"href":"https:\/\/tourwhales.com\/fr\/wp-json\/wp\/v2\/product_tag?post=11750"}],"curies":[{"name":"wp","href":"https:\/\/api.w.org\/{rel}","templated":true}]}}