
{"id":11676,"date":"2020-11-12T13:34:41","date_gmt":"2020-11-12T13:34:41","guid":{"rendered":"https:\/\/tourwhales.com\/?post_type=product&#038;p=11676"},"modified":"2024-10-17T23:39:19","modified_gmt":"2024-10-17T23:39:19","slug":"snorkel-cayo-levantado-and-farola-island-snorkeling","status":"publish","type":"product","link":"https:\/\/tourwhales.com\/fr\/Tours-Excursions\/tours-excursions-samana-bay-dominican-republic\/snorkel-cayo-levantado-and-farola-island-snorkeling\/","title":{"rendered":"Snorkel Cayo Levantado et plong\u00e9e en apn\u00e9e sur l&#039;\u00eele de Farola"},"content":{"rendered":"<section class=\"wpb-content-wrapper\"><div class=\"vc_row wpb_row vc_row-fluid\" ><div class=\"wpb_column vc_column_container vc_col-sm-12\"><div class=\"vc_column-inner\"><div class=\"wpb_wrapper\"><div class=\"vc_empty_space\"   style=\"height: 32px\"><span class=\"vc_empty_space_inner\"><\/span><\/div><div class=\"mkdf-section-title-holder\" style=\"text-align: left\">\n\t<div class=\"mkdf-st-inner\">\n\t\t\t\t\t<h5 class=\"mkdf-st-subtitle\" >\n\t\t\t\tVisite priv\u00e9e du port de Saman\u00e1\t\t\t<\/h5>\n\t\t\t\t\t\t\t<h3 class=\"mkdf-st-title\" >\n\t\t\t\tSnorkel Cayo Levantado et plong\u00e9e en apn\u00e9e sur l&#039;\u00eele de Farola\t\t\t<\/h3>\n\t\t\t\t\t<\/div>\n<\/div><div class=\"vc_empty_space\"   style=\"height: 32px\"><span class=\"vc_empty_space_inner\"><\/span><\/div><\/div><\/div><\/div><\/div><div class=\"vc_row wpb_row vc_row-fluid\" ><div class=\"wpb_column vc_column_container vc_col-sm-12\"><div class=\"vc_column-inner\"><div class=\"wpb_wrapper\"><div class=\"vc_btn3-container vc_btn3-inline\" ><button class=\"vc_general vc_btn3 vc_btn3-size-md vc_btn3-shape-rounded vc_btn3-style-modern vc_btn3-color-green\">RESERVE MAINTENANT<\/button><\/div>\n\t<div class=\"wpb_text_column wpb_content_element\" >\n\t\t<div class=\"wpb_wrapper\">\n\t\t\t<div class=\"vc_row wpb_row vc_row-fluid\">\n<div class=\"wpb_column vc_column_container vc_col-sm-12\">\n<div class=\"vc_column-inner\">\n<div class=\"wpb_wrapper\">\n<div class=\"wpb_text_column wpb_content_element\">\n<div class=\"wpb_wrapper\">\n<div class=\"vc_row wpb_row vc_row-fluid\">\n<div class=\"wpb_column vc_column_container vc_col-sm-12\">\n<div class=\"vc_column-inner\">\n<div class=\"wpb_wrapper\">\n<div class=\"wpb_text_column wpb_content_element\">\n<div class=\"wpb_wrapper\">\n<h4><b><i>Aper\u00e7u<\/i><\/b><\/h4>\n<p>Nous visiterons l&#039;\u00eele de Cayo Levantado et Farola, des petites \u00eeles sp\u00e9ciales de la baie de Samana qui abritent une vie marine extraordinaire - notamment des tortues, des baleines \u00e0 bosse, des homards et des dauphins\u00a0!<\/p>\n<p><strong>Note:<\/strong> Cette visite est priv\u00e9e. (Juste vous et votre famille ou vos amis et votre guide touristique).<\/p>\n<p>&nbsp;<\/p>\n<h4><b>Inclusions et exclusions<\/b><\/h4>\n<p>&nbsp;<\/p>\n<p><b>Inclusions<\/b><\/p>\n<p>&nbsp;<\/p>\n<ol>\n<li>Guide touristique<\/li>\n<li>Voyage en bateau<\/li>\n<li>Gilet de sauvetage<\/li>\n<li>Kit de plong\u00e9e en apn\u00e9e<\/li>\n<li>Toutes les taxes, frais et frais de traitement<\/li>\n<li>Taxes locales<\/li>\n<li>Boissons (Bouteille d&#039;eau par personne)<\/li>\n<\/ol>\n<p><b>Exclusions<\/b><\/p>\n<ol>\n<li>Pourboires<\/li>\n<li>D\u00e9jeuner (co\u00fbt suppl\u00e9mentaire 15 USD) par personne.<\/li>\n<li>D\u00e9jeuner avec homards (co\u00fbt suppl\u00e9mentaire 25 USD) par personne.<\/li>\n<li>Voiture de transfert<\/li>\n<li>Boissons alcoolis\u00e9es<\/li>\n<\/ol>\n<p>&nbsp;<\/p>\n<h4><em><strong>D\u00e9part &amp; Retour<\/strong><\/em><\/h4>\n<p>Ce voyage commence \u00e0 8h03 et se termine vers 12h15. Mais comme il s&#039;agira d&#039;un voyage priv\u00e9, vous pouvez d\u00e9finir l&#039;heure de d\u00e9part et d&#039;arriv\u00e9e.<\/p>\n<p>Le voyageur obtiendra un point de rendez-vous apr\u00e8s le processus de r\u00e9servation. Les visites commencent et se terminent dans nos points de rendez-vous.<\/p>\n<p>&nbsp;<\/p>\n<h4><b><i>\u00c0 quoi s&#039;attendre?<\/i><\/b><\/h4>\n<p>Excursion de plong\u00e9e en apn\u00e9e avec un guide expert pour profiter de la faune marine depuis la surface, avec palmes et masque\u00a0; Nous d\u00e9couvrirons l&#039;\u00eele paradisiaque de Cayo Levantado, plongeant en apn\u00e9e \u00e0 deux endroits diff\u00e9rents pendant le voyage et profitant de cette plage fascinante qui n&#039;a pas acc\u00e8s aux v\u00e9hicules (dur\u00e9e 4 heures).<\/p>\n<p>Nous partirons du point de rendez-vous du port principal de Samana \u00e0 8h30 du matin, apr\u00e8s 25 minutes de navigation, nous arriverons au premier point de plong\u00e9e appel\u00e9 Cayo Farola, nous ferons de la plong\u00e9e avec tuba 45 minutes et continuerons jusqu&#039;\u00e0 la plage de Cayo Levantado, o\u00f9 nous pourrons nager . , faites un peu plus de plong\u00e9e en apn\u00e9e ou profitez simplement de cette magnifique plage.<\/p>\n<p>Nous d\u00e9gusterons un sandwich, du rhum, une boisson non alcoolis\u00e9e et de l&#039;eau et \u00e0 midi, nous retournerons au port de Samana ou resterons \u00e0 Cayo levantado. Apr\u00e8s cela, nous reviendrons au point de d\u00e9part. Autres choses \u00e0 noter toutes les excursions se font en bateau.<\/p>\n<p><strong>Calendrier:<\/strong><\/p>\n<p>8h30 \u2013 12h15<\/p>\n<p>&nbsp;<\/p>\n<h4><em><strong>Que devez-vous apporter?<\/strong><\/em><\/h4>\n<ul>\n<li>Appareil photo<\/li>\n<li>Serviette<\/li>\n<li>protection solaire<\/li>\n<li>Chapeau<\/li>\n<li>Pantalon et chaussures confortables<\/li>\n<li>Sandales \u00e0 la plage<\/li>\n<li>Maillot de bain<\/li>\n<li>De l&#039;argent pour des souvenirs<\/li>\n<\/ul>\n<p>&nbsp;<\/p>\n<h4><b><i>Prise en charge \u00e0 l&#039;h\u00f4tel<\/i><\/b><\/h4>\n<p>La prise en charge \u00e0 l&#039;h\u00f4tel n&#039;est pas propos\u00e9e pour cette excursion.<\/p>\n<p>&nbsp;<\/p>\n<p><b>Note:<\/b>\u00a0si vous r\u00e9servez dans les 24 heures suivant l&#039;heure de d\u00e9part de la visite \/ excursion, nous pouvons organiser la prise en charge \u00e0 l&#039;h\u00f4tel moyennant des frais suppl\u00e9mentaires. Une fois votre achat termin\u00e9, nous vous enverrons les coordonn\u00e9es compl\u00e8tes (num\u00e9ro de t\u00e9l\u00e9phone, adresse e-mail, etc.) de notre guide local pour organiser la prise en charge.<\/p>\n<h4><b><i>Confirmation d&#039;informations suppl\u00e9mentaires<\/i><\/b><\/h4>\n<ol>\n<li>Les billets sont le re\u00e7u apr\u00e8s avoir pay\u00e9 ce tour. Vous pouvez afficher le paiement sur votre t\u00e9l\u00e9phone.<\/li>\n<li>Le point de rencontre sera re\u00e7u apr\u00e8s le processus de r\u00e9servation.<\/li>\n<li>Les enfants doivent \u00eatre accompagn\u00e9s par un adulte.<\/li>\n<li>Accessible aux fauteuils roulants<\/li>\n<li>Les b\u00e9b\u00e9s doivent s&#039;asseoir sur les genoux<\/li>\n<li>La plupart des voyageurs peuvent participer<\/li>\n<\/ol>\n<h4><b><i>Politique d&#039;annulation<\/i><\/b><\/h4>\n<p>Pour un remboursement complet, veuillez lire nos Politiques d&#039;annulation\u00a0<a href=\"https:\/\/tourwhales.com\/fr\/online-booking\/\" target=\"_blank\" rel=\"noopener\" data-saferedirecturl=\"https:\/\/www.google.com\/url?q=https:\/\/tourwhales.com\/online-booking\/&amp;source=gmail&amp;ust=1672449202351000&amp;usg=AOvVaw1yAeVAPktmaVCqDujgUn90\">Cliquez ici<\/a>. Les fonds seront perdus si la r\u00e9servation est annul\u00e9e le jour m\u00eame du voyage.<\/p>\n<\/div>\n<\/div>\n<\/div>\n<\/div>\n<\/div>\n<\/div>\n<\/div>\n<\/div>\n<\/div>\n<\/div>\n<\/div>\n<\/div>\n<div class=\"vc_row wpb_row vc_row-fluid\">\n<div class=\"wpb_column vc_column_container vc_col-sm-12\">\n<div class=\"vc_column-inner\">\n<div class=\"wpb_wrapper\">\n<div class=\"wpb_text_column wpb_content_element\">\n<div class=\"wpb_wrapper\">\n<h4>Nous contacter?<\/h4>\n<h5><b><i>Aventures de r\u00e9servation<\/i><\/b><\/h5>\n<p><em><strong>des locaux<\/strong>\u00a0et\u00a0<strong>Nationaux<\/strong>\u00a0Guides touristiques et services aux invit\u00e9s<\/em><\/p>\n<p><span class=\"text-turquoise\">R\u00e9servations:<\/span>\u00a0Visites et excursions \u00e0 Dom. repr\u00e9sentant<\/p>\n<p><img decoding=\"async\" class=\"emoji\" draggable=\"false\" src=\"https:\/\/s.w.org\/images\/core\/emoji\/11.2.0\/svg\/1f4de.svg\" alt=\"\ud83d\udcde\" \/>\u00a0T\u00e9l \/ Whatsapp\u00a0\u00a0<a href=\"tel:+18494995063\">+18494995063<\/a>.<\/p>\n<p><img decoding=\"async\" class=\"emoji\" draggable=\"false\" src=\"https:\/\/s.w.org\/images\/core\/emoji\/11.2.0\/svg\/1f4e9.svg\" alt=\"\ud83d\udce9\" \/>\u00a0<a href=\"mailto:info@bookingadventures.com.do\">info@bookingadventures.com.do<\/a><\/p>\n<p><strong>Nous sommes des visites priv\u00e9es \u00e0 configuration flexible par Whatsapp\u00a0:\u00a0<a href=\"tel:+18097206035\">+18097206035.<\/a><\/strong><\/p>\n<\/div>\n<\/div>\n<\/div>\n<\/div>\n<\/div>\n<\/div>\n\n\t\t<\/div>\n\t<\/div>\n<\/div><\/div><\/div><\/div><div class=\"vc_row wpb_row vc_row-fluid\" ><div class=\"wpb_column vc_column_container vc_col-sm-12\"><div class=\"vc_column-inner\"><div class=\"wpb_wrapper\"><div class=\"vc_btn3-container vc_btn3-inline\" ><button class=\"vc_general vc_btn3 vc_btn3-size-md vc_btn3-shape-rounded vc_btn3-style-modern vc_btn3-color-green\">RESERVE MAINTENANT<\/button><\/div><\/div><\/div><\/div><\/div>\n<\/section>","protected":false},"excerpt":{"rendered":"<p>Nous visiterons l&#039;\u00eele de Cayo Levantado et Cayo Farola, ce sont des petites \u00eeles sp\u00e9ciales de la baie de Samana qui abritent une vie marine extraordinaire, notamment des tortues, des baleines \u00e0 bosse, des homards et des dauphins !<\/p>\n<p>Remarque\u00a0: Cette visite est priv\u00e9e\u00a0!<\/p>\n<p>S\u00e9lectionnez la date de la visite :<\/p>","protected":false},"featured_media":11683,"template":"","meta":[],"product_cat":[655,255],"product_tag":[184,328,327,187,342,433,276],"class_list":["post-11676","product","type-product","status-publish","has-post-thumbnail","hentry","product_cat-1-samana","product_cat-tours-excursions-samana-bay-dominican-republic","product_tag-bacardi-island","product_tag-cayo-levantado-day-pass","product_tag-private-tours-samana","product_tag-samana-tours","product_tag-samana-whale-watching","product_tag-snorkeling","product_tag-whale-samana"],"_links":{"self":[{"href":"https:\/\/tourwhales.com\/fr\/wp-json\/wp\/v2\/product\/11676","targetHints":{"allow":["GET"]}}],"collection":[{"href":"https:\/\/tourwhales.com\/fr\/wp-json\/wp\/v2\/product"}],"about":[{"href":"https:\/\/tourwhales.com\/fr\/wp-json\/wp\/v2\/types\/product"}],"wp:featuredmedia":[{"embeddable":true,"href":"https:\/\/tourwhales.com\/fr\/wp-json\/wp\/v2\/media\/11683"}],"wp:attachment":[{"href":"https:\/\/tourwhales.com\/fr\/wp-json\/wp\/v2\/media?parent=11676"}],"wp:term":[{"taxonomy":"product_cat","embeddable":true,"href":"https:\/\/tourwhales.com\/fr\/wp-json\/wp\/v2\/product_cat?post=11676"},{"taxonomy":"product_tag","embeddable":true,"href":"https:\/\/tourwhales.com\/fr\/wp-json\/wp\/v2\/product_tag?post=11676"}],"curies":[{"name":"wp","href":"https:\/\/api.w.org\/{rel}","templated":true}]}}