
{"id":12876,"date":"2021-08-30T16:26:35","date_gmt":"2021-08-30T16:26:35","guid":{"rendered":"https:\/\/tourwhales.com\/?page_id=12876"},"modified":"2021-10-15T07:16:06","modified_gmt":"2021-10-15T07:16:06","slug":"overnight-in-los-haitises-national-park","status":"publish","type":"page","link":"https:\/\/tourwhales.com\/fr\/overnight-in-los-haitises-national-park\/","title":{"rendered":"Overnight in Los Haitises National Park"},"content":{"rendered":"<section class=\"wpb-content-wrapper\"><div data-vc-full-width=\"true\" data-vc-full-width-init=\"false\" data-vc-stretch-content=\"true\" class=\"vc_row wpb_row vc_row-fluid vc_row-no-padding\" ><div class=\"wpb_column vc_column_container vc_col-sm-12\"><div class=\"vc_column-inner\"><div class=\"wpb_wrapper\"><div class=\"vc_empty_space\"   style=\"height: 32px\"><span class=\"vc_empty_space_inner\"><\/span><\/div><div class=\"vc_message_box vc_message_box-outline vc_message_box-rounded vc_color-vista_blue\" ><div class=\"vc_message_box-icon\"><i class=\"fas fa-info-circle\"><\/i><\/div><div class=\"vc_message_box vc_message_box-standard vc_message_box-rounded vc_color-info\">\n<h5>Please note: Upon Covid-19, all travelers are required to make a\u00a0<em>reservation prior<\/em>\u00a0to\u00a0<em>visiting the National park.<\/em><\/h5>\n<h5><a id=\"it-is-obligatory-to-visit-the-national-park-with-a-certificated-guide\" class=\"aal_anchor\" href=\"https:\/\/www.parquenacionalloshaitises.com\/#it-is-obligatory-to-visit-the-national-park-with-a-certificated-guide\" aria-hidden=\"true\"><\/a>It is obligatory to visit the National park with a Certificated Guide.<\/h5>\n<h5><a id=\"for-more-information-contact-us-email-infohaitises-com-whatsapp-18097206035\" class=\"aal_anchor\" href=\"https:\/\/www.parquenacionalloshaitises.com\/#for-more-information-contact-us-email-infohaitises-com-whatsapp-18097206035\" aria-hidden=\"true\"><\/a>Contact a local guide <a href=\"https:\/\/tourwhales.com\/wp-content\/uploads\/2021\/08\/WhatsApp-icon-PNG.png\"><img loading=\"lazy\" decoding=\"async\" class=\"alignnone wp-image-12848\" src=\"https:\/\/tourwhales.com\/wp-content\/uploads\/2021\/08\/WhatsApp-icon-PNG-300x300.png\" alt=\"\" width=\"24\" height=\"24\" srcset=\"https:\/\/tourwhales.com\/wp-content\/uploads\/2021\/08\/WhatsApp-icon-PNG-300x300.png 300w, https:\/\/tourwhales.com\/wp-content\/uploads\/2021\/08\/WhatsApp-icon-PNG-1024x1024.png 1024w, https:\/\/tourwhales.com\/wp-content\/uploads\/2021\/08\/WhatsApp-icon-PNG-150x150.png 150w, https:\/\/tourwhales.com\/wp-content\/uploads\/2021\/08\/WhatsApp-icon-PNG-768x768.png 768w, https:\/\/tourwhales.com\/wp-content\/uploads\/2021\/08\/WhatsApp-icon-PNG-1536x1536.png 1536w, https:\/\/tourwhales.com\/wp-content\/uploads\/2021\/08\/WhatsApp-icon-PNG-85x85.png 85w, https:\/\/tourwhales.com\/wp-content\/uploads\/2021\/08\/WhatsApp-icon-PNG-550x550.png 550w, https:\/\/tourwhales.com\/wp-content\/uploads\/2021\/08\/WhatsApp-icon-PNG-1100x1100.png 1100w, https:\/\/tourwhales.com\/wp-content\/uploads\/2021\/08\/WhatsApp-icon-PNG-100x100.png 100w, https:\/\/tourwhales.com\/wp-content\/uploads\/2021\/08\/WhatsApp-icon-PNG-64x64.png 64w, https:\/\/tourwhales.com\/wp-content\/uploads\/2021\/08\/WhatsApp-icon-PNG.png 1850w\" sizes=\"auto, (max-width: 24px) 100vw, 24px\" \/><\/a> <a href=\"callto:+18097206035\">+18097206035<\/a><\/h5>\n<\/div>\n<\/div><div class=\"vc_empty_space\"   style=\"height: 32px\"><span class=\"vc_empty_space_inner\"><\/span><\/div><\/div><\/div><\/div><\/div><div class=\"vc_row-full-width vc_clearfix\"><\/div><div class=\"vc_row wpb_row vc_row-fluid\" ><div class=\"wpb_column vc_column_container vc_col-sm-12\"><div class=\"vc_column-inner\"><div class=\"wpb_wrapper\"><div class=\"woocommerce columns-4 \"><ul class=\"products columns-4\">\n<li class=\"product type-product post-13202 status-publish first instock product_cat-hotel-cano-hondo product_cat-room-offers product_tag-altos-cano-hondo product_tag-altos-de-cano-hondo product_tag-cano-hondo product_tag-cano-hondo-day-pass product_tag-cano-hondo-hotel product_tag-hotel-cano-hondo product_tag-hotel-sabana-de-la-mar product_tag-paraiso-cano-hondo has-post-thumbnail shipping-taxable product-type-external\">\n\t<div class=\"mkdf-pl-inner\"><div class=\"mkdf-pl-image\"><div class=\"mkdf-pl-text\"><div class=\"mkdf-pl-text-outer\"><div class=\"mkdf-pl-text-inner\"><a href=\"https:\/\/www.canohondohotel.com\/cano-hondo-room-reservation\/\" data-quantity=\"1\" class=\"button wp-element-button product_type_external\" data-product_id=\"13202\" data-product_sku=\"\" aria-label=\"Send Request\" rel=\"nofollow\">Send Request<\/a><\/div><\/div><\/div><\/div><a href=\"https:\/\/tourwhales.com\/fr\/Tours-Excursions\/hotel-cano-hondo\/cano-hondo-hotel-room-free-breakfast-for-1-guest\/\" class=\"woocommerce-LoopProduct-link woocommerce-loop-product__link\"><\/a><\/div><div class=\"mkdf-pl-text-wrapper\"><h4 class=\"mkdf-product-list-title\"><a href=\"https:\/\/tourwhales.com\/fr\/Tours-Excursions\/hotel-cano-hondo\/cano-hondo-hotel-room-free-breakfast-for-1-guest\/\">Ca\u00f1o Hondo Hotel Room &#038; Free Breakfast for 1 Guest<\/a><\/h4>\n\t<span class=\"price\"><span class=\"woocommerce-Price-amount amount\"><bdi><span class=\"woocommerce-Price-currencySymbol\">&#36;<\/span>77.00<\/bdi><\/span><\/span>\n<\/div><\/li><li class=\"product type-product post-13201 status-publish instock product_cat-hotel-cano-hondo product_cat-room-offers product_tag-altos-cano-hondo product_tag-altos-de-cano-hondo product_tag-cano-hondo product_tag-cano-hondo-day-pass product_tag-cano-hondo-hotel product_tag-hotel-cano-hondo product_tag-hotel-sabana-de-la-mar product_tag-paraiso-cano-hondo has-post-thumbnail shipping-taxable product-type-external\">\n\t<div class=\"mkdf-pl-inner\"><div class=\"mkdf-pl-image\"><div class=\"mkdf-pl-text\"><div class=\"mkdf-pl-text-outer\"><div class=\"mkdf-pl-text-inner\"><a href=\"https:\/\/bookingadventures.tours\/hotel_booking.php?room_id=f28f673df329e1c5bdc8e72340c8ef4b\" data-quantity=\"1\" class=\"button wp-element-button product_type_external\" data-product_id=\"13201\" data-product_sku=\"\" aria-label=\"BOOK NOW\" rel=\"nofollow\">BOOK NOW<\/a><\/div><\/div><\/div><\/div><a href=\"https:\/\/tourwhales.com\/fr\/Tours-Excursions\/hotel-cano-hondo\/cano-hondo-hotel-room-free-breakfast-for-2-guests\/\" class=\"woocommerce-LoopProduct-link woocommerce-loop-product__link\"><\/a><\/div><div class=\"mkdf-pl-text-wrapper\"><h4 class=\"mkdf-product-list-title\"><a href=\"https:\/\/tourwhales.com\/fr\/Tours-Excursions\/hotel-cano-hondo\/cano-hondo-hotel-room-free-breakfast-for-2-guests\/\">Ca\u00f1o Hondo Hotel Room &#038; Free Breakfast for 2 Guests<\/a><\/h4>\n\t<span class=\"price\"><span class=\"woocommerce-Price-amount amount\"><bdi><span class=\"woocommerce-Price-currencySymbol\">&#36;<\/span>117.00<\/bdi><\/span><\/span>\n<\/div><\/li><li class=\"product type-product post-13204 status-publish instock product_cat-hotel-cano-hondo product_cat-room-offers product_tag-altos-cano-hondo product_tag-altos-de-cano-hondo product_tag-cano-hondo product_tag-cano-hondo-day-pass product_tag-cano-hondo-hotel product_tag-hotel-cano-hondo product_tag-hotel-sabana-de-la-mar product_tag-paraiso-cano-hondo has-post-thumbnail shipping-taxable product-type-external\">\n\t<div class=\"mkdf-pl-inner\"><div class=\"mkdf-pl-image\"><div class=\"mkdf-pl-text\"><div class=\"mkdf-pl-text-outer\"><div class=\"mkdf-pl-text-inner\"><a href=\"https:\/\/bookingadventures.tours\/hotel_booking.php?room_id=767cdcacfcd2dd51c9165221ff47bbbf\" data-quantity=\"1\" class=\"button wp-element-button product_type_external\" data-product_id=\"13204\" data-product_sku=\"\" aria-label=\"BOOK NOW\" rel=\"nofollow\">BOOK NOW<\/a><\/div><\/div><\/div><\/div><a href=\"https:\/\/tourwhales.com\/fr\/Tours-Excursions\/hotel-cano-hondo\/cano-hondo-hotel-room-free-breakfast-for-3-guests\/\" class=\"woocommerce-LoopProduct-link woocommerce-loop-product__link\"><\/a><\/div><div class=\"mkdf-pl-text-wrapper\"><h4 class=\"mkdf-product-list-title\"><a href=\"https:\/\/tourwhales.com\/fr\/Tours-Excursions\/hotel-cano-hondo\/cano-hondo-hotel-room-free-breakfast-for-3-guests\/\">Ca\u00f1o Hondo Hotel Room &#038; Free Breakfast for 3 Guests<\/a><\/h4>\n\t<span class=\"price\"><span class=\"woocommerce-Price-amount amount\"><bdi><span class=\"woocommerce-Price-currencySymbol\">&#36;<\/span>145.00<\/bdi><\/span><\/span>\n<\/div><\/li><li class=\"product type-product post-13203 status-publish last instock product_cat-hotel-cano-hondo product_cat-room-offers product_tag-altos-cano-hondo product_tag-altos-de-cano-hondo product_tag-cano-hondo product_tag-cano-hondo-day-pass product_tag-cano-hondo-hotel product_tag-hotel-cano-hondo product_tag-hotel-sabana-de-la-mar product_tag-paraiso-cano-hondo has-post-thumbnail shipping-taxable product-type-external\">\n\t<div class=\"mkdf-pl-inner\"><div class=\"mkdf-pl-image\"><div class=\"mkdf-pl-text\"><div class=\"mkdf-pl-text-outer\"><div class=\"mkdf-pl-text-inner\"><a href=\"https:\/\/bookingadventures.tours\/hotel_booking.php?room_id=317767134e61e428a2ff368e2b195483\" data-quantity=\"1\" class=\"button wp-element-button product_type_external\" data-product_id=\"13203\" data-product_sku=\"\" aria-label=\"BOOK NOW\" rel=\"nofollow\">BOOK NOW<\/a><\/div><\/div><\/div><\/div><a href=\"https:\/\/tourwhales.com\/fr\/Tours-Excursions\/hotel-cano-hondo\/cano-hondo-hotel-room-free-breakfast-for-4-guests\/\" class=\"woocommerce-LoopProduct-link woocommerce-loop-product__link\"><\/a><\/div><div class=\"mkdf-pl-text-wrapper\"><h4 class=\"mkdf-product-list-title\"><a href=\"https:\/\/tourwhales.com\/fr\/Tours-Excursions\/hotel-cano-hondo\/cano-hondo-hotel-room-free-breakfast-for-4-guests\/\">Ca\u00f1o Hondo Hotel Room &#038; Free Breakfast for 4 Guests<\/a><\/h4>\n\t<span class=\"price\"><span class=\"woocommerce-Price-amount amount\"><bdi><span class=\"woocommerce-Price-currencySymbol\">&#36;<\/span>153.00<\/bdi><\/span><\/span>\n<\/div><\/li><li class=\"product type-product post-13205 status-publish first instock product_cat-hotel-cano-hondo product_cat-room-hotel-cano-hondo product_cat-room-offers product_tag-altos-cano-hondo product_tag-altos-de-cano-hondo product_tag-cano-hondo product_tag-cano-hondo-day-pass product_tag-cano-hondo-hotel product_tag-hotel-cano-hondo product_tag-hotel-sabana-de-la-mar product_tag-paraiso-cano-hondo has-post-thumbnail shipping-taxable product-type-external\">\n\t<div class=\"mkdf-pl-inner\"><div class=\"mkdf-pl-image\"><div class=\"mkdf-pl-text\"><div class=\"mkdf-pl-text-outer\"><div class=\"mkdf-pl-text-inner\"><a href=\"https:\/\/bookingadventures.tours\/booking.php?tour_id=7e4bc8f201b2b8e181b8bbeacafe5b2b\" data-quantity=\"1\" class=\"button wp-element-button product_type_external\" data-product_id=\"13205\" data-product_sku=\"\" aria-label=\"BOOK NOW\" rel=\"nofollow\">BOOK NOW<\/a><\/div><\/div><\/div><\/div><a href=\"https:\/\/tourwhales.com\/fr\/Tours-Excursions\/hotel-cano-hondo\/cano-hondo-hotel-room-free-breakfast-for-5-guests\/\" class=\"woocommerce-LoopProduct-link woocommerce-loop-product__link\"><\/a><\/div><div class=\"mkdf-pl-text-wrapper\"><h4 class=\"mkdf-product-list-title\"><a href=\"https:\/\/tourwhales.com\/fr\/Tours-Excursions\/hotel-cano-hondo\/cano-hondo-hotel-room-free-breakfast-for-5-guests\/\">Ca\u00f1o Hondo Hotel Room &#038; Free Breakfast for 5 Guests<\/a><\/h4>\n\t<span class=\"price\"><span class=\"woocommerce-Price-amount amount\"><bdi><span class=\"woocommerce-Price-currencySymbol\">&#36;<\/span>210.00<\/bdi><\/span><\/span>\n<\/div><\/li><\/ul>\n<\/div><div class=\"woocommerce columns-4 \"><ul class=\"products columns-4\">\n<li class=\"product type-product post-11589 status-publish first instock product_cat-1-sabana-de-la-mar product_cat-day-trips product_cat-hiking-los-haitises product_cat-kayaking-los-haitises product_cat-overnight-los-haitises product_tag-cano-hondo-sabana-de-la-mar product_tag-caves-los-haitises product_tag-eco-tours product_tag-excursion product_tag-hike-kayak product_tag-hike-kayak-los-haitises-national-park product_tag-hiking-los-haitises product_tag-hiking-sabana-de-la-mar product_tag-hiking-samana product_tag-kayak-tour product_tag-kayaking product_tag-kayaking-los-haitises product_tag-los-haitises-national-park product_tag-los-haitises-national-park-entrance-fee product_tag-los-haitises-national-park-tour-from-las-terrenas product_tag-los-haitises-national-park-tour-from-santo-domingo product_tag-los-haitises-national-park-weather product_tag-los-haitises-sabana-de-la-mar product_tag-sabana-de-la-mar product_tag-sabana-de-la-mar-tour product_tag-samana-excursions product_tag-samana-tours product_tag-secrets-of-los-haitises has-post-thumbnail sale sold-individually shipping-taxable product-type-external\">\n\t<div class=\"mkdf-pl-inner\"><div class=\"mkdf-pl-image\"><div class=\"mkdf-pl-text\"><div class=\"mkdf-pl-text-outer\"><div class=\"mkdf-pl-text-inner\"><a href=\"https:\/\/bookingadventures.tours\/booking.php?tour_id=7d51c901332affeec66cbebebfdbc9f7\" data-quantity=\"1\" class=\"button wp-element-button product_type_external\" data-product_id=\"11589\" data-product_sku=\"\" aria-label=\"BOOK NOW\" rel=\"nofollow\">BOOK NOW<\/a><\/div><\/div><\/div><\/div><a href=\"https:\/\/tourwhales.com\/fr\/Tours-Excursions\/day-trips\/los-haitises-complete-adventure-hotel-hiking-swimming-kayaking\/\" class=\"woocommerce-LoopProduct-link woocommerce-loop-product__link\"><\/a><\/div><div class=\"mkdf-pl-text-wrapper\"><h4 class=\"mkdf-product-list-title\"><a href=\"https:\/\/tourwhales.com\/fr\/Tours-Excursions\/day-trips\/los-haitises-complete-adventure-hotel-hiking-swimming-kayaking\/\">Hotel + Hiking +Swimming + Kayaking 2 Days trip Los Haitises<\/a><\/h4>\n\t<span class=\"price\"><del aria-hidden=\"true\"><span class=\"woocommerce-Price-amount amount\"><bdi><span class=\"woocommerce-Price-currencySymbol\">&#36;<\/span>185.00<\/bdi><\/span><\/del> <ins><span class=\"woocommerce-Price-amount amount\"><bdi><span class=\"woocommerce-Price-currencySymbol\">&#36;<\/span>175.00<\/bdi><\/span><\/ins><\/span>\n<\/div><\/li><\/ul>\n<\/div><div class=\"vc_empty_space\"   style=\"height: 64px\"><span class=\"vc_empty_space_inner\"><\/span><\/div><\/div><\/div><\/div><\/div><div data-vc-full-width=\"true\" data-vc-full-width-init=\"false\" data-vc-stretch-content=\"true\" class=\"vc_row wpb_row vc_row-fluid vc_row-no-padding\" ><div class=\"wpb_column vc_column_container vc_col-sm-12\"><div class=\"vc_column-inner\"><div class=\"wpb_wrapper\">\n\t<div  class=\"wpb_single_image wpb_content_element vc_align_center\">\n\t\t\n\t\t<figure class=\"wpb_wrapper vc_figure\">\n\t\t\t<div class=\"vc_single_image-wrapper   vc_box_border_grey\"><img loading=\"lazy\" decoding=\"async\" width=\"96\" height=\"96\" src=\"https:\/\/tourwhales.com\/wp-content\/uploads\/2021\/08\/traveler-s-choice-2021-1-150x150.jpg\" class=\"vc_single_image-img attachment-thumbnail\" alt=\"\" title=\"traveler-s-choice-2021 (1)\" srcset=\"https:\/\/tourwhales.com\/wp-content\/uploads\/2021\/08\/traveler-s-choice-2021-1-150x150.jpg 150w, https:\/\/tourwhales.com\/wp-content\/uploads\/2021\/08\/traveler-s-choice-2021-1-300x300.jpg 300w, https:\/\/tourwhales.com\/wp-content\/uploads\/2021\/08\/traveler-s-choice-2021-1-85x85.jpg 85w, https:\/\/tourwhales.com\/wp-content\/uploads\/2021\/08\/traveler-s-choice-2021-1-100x100.jpg 100w, https:\/\/tourwhales.com\/wp-content\/uploads\/2021\/08\/traveler-s-choice-2021-1-64x64.jpg 64w, https:\/\/tourwhales.com\/wp-content\/uploads\/2021\/08\/traveler-s-choice-2021-1.jpg 450w\" sizes=\"auto, (max-width: 96px) 100vw, 96px\" \/><\/div>\n\t\t<\/figure>\n\t<\/div>\n<div class=\"mkdf-section-title-holder  \" style=\"text-align: center\">\n\t<div class=\"mkdf-st-inner\">\n\t\t\t\t\t<h5 class=\"mkdf-st-subtitle\" >\n\t\t\t\tTripAdvisor Feedback\t\t\t<\/h5>\n\t\t\t\t\t\t\t<h3 class=\"mkdf-st-title\" >\n\t\t\t\tCheck what people say about us!\t\t\t<\/h3>\n\t\t\t\t\t<\/div>\n<\/div><\/div><\/div><\/div><\/div><div class=\"vc_row-full-width vc_clearfix\"><\/div><div class=\"vc_row wpb_row vc_row-fluid\" ><div class=\"wpb_column vc_column_container vc_col-sm-12\"><div class=\"vc_column-inner\"><div class=\"wpb_wrapper\"><div class=\"vc_empty_space\"   style=\"height: 32px\"><span class=\"vc_empty_space_inner\"><\/span><\/div>\n\t<div class=\"wpb_text_column wpb_content_element \" >\n\t\t<div class=\"wpb_wrapper\">\n\t\t\t<p>[wptripadvisor_usetemplate tid=&#8221;1&#8243;]<\/p>\n\n\t\t<\/div>\n\t<\/div>\n<div class=\"vc_empty_space\"   style=\"height: 32px\"><span class=\"vc_empty_space_inner\"><\/span><\/div><\/div><\/div><\/div><\/div>\n<\/section>","protected":false},"excerpt":{"rendered":"Please note: Upon Covid-19, all travelers are required to make a\u00a0reservation prior\u00a0to\u00a0visiting the National park. It is obligatory to visit the National park with a Certificated Guide. Contact a local guide +18097206035 Send RequestCa\u00f1o Hondo Hotel Room &#038; Free Breakfast for 1 Guest &#36;77.00 BOOK NOWCa\u00f1o Hondo Hotel Room &#038; Free Breakfast for 2 Guests &#36;117.00 BOOK NOWCa\u00f1o Hondo Hotel Room &#038; Free Breakfast for 3 Guests &#36;145.00 BOOK NOWCa\u00f1o Hondo Hotel Room &#038; Free Breakfast for 4 Guests &#36;153.00 [...]","protected":false},"author":8,"featured_media":12810,"parent":0,"menu_order":0,"comment_status":"closed","ping_status":"closed","template":"","meta":{"footnotes":""},"class_list":["post-12876","page","type-page","status-publish","has-post-thumbnail","hentry"],"_links":{"self":[{"href":"https:\/\/tourwhales.com\/fr\/wp-json\/wp\/v2\/pages\/12876","targetHints":{"allow":["GET"]}}],"collection":[{"href":"https:\/\/tourwhales.com\/fr\/wp-json\/wp\/v2\/pages"}],"about":[{"href":"https:\/\/tourwhales.com\/fr\/wp-json\/wp\/v2\/types\/page"}],"author":[{"embeddable":true,"href":"https:\/\/tourwhales.com\/fr\/wp-json\/wp\/v2\/users\/8"}],"replies":[{"embeddable":true,"href":"https:\/\/tourwhales.com\/fr\/wp-json\/wp\/v2\/comments?post=12876"}],"version-history":[{"count":0,"href":"https:\/\/tourwhales.com\/fr\/wp-json\/wp\/v2\/pages\/12876\/revisions"}],"wp:featuredmedia":[{"embeddable":true,"href":"https:\/\/tourwhales.com\/fr\/wp-json\/wp\/v2\/media\/12810"}],"wp:attachment":[{"href":"https:\/\/tourwhales.com\/fr\/wp-json\/wp\/v2\/media?parent=12876"}],"curies":[{"name":"wp","href":"https:\/\/api.w.org\/{rel}","templated":true}]}}