
{"id":9731,"date":"2019-11-07T08:01:34","date_gmt":"2019-11-07T08:01:34","guid":{"rendered":"https:\/\/tourwhales.com\/?post_type=product&#038;p=9731"},"modified":"2024-10-18T20:29:16","modified_gmt":"2024-10-18T20:29:16","slug":"bahia-de-las-aguilas-beach-day-trip-by-boat-day-pass-snorkeling-lunch","status":"publish","type":"product","link":"https:\/\/tourwhales.com\/es\/Tours-Excursions\/lunch\/bahia-de-las-aguilas-beach-day-trip-by-boat-day-pass-snorkeling-lunch\/","title":{"rendered":"Bah\u00eda de las \u00c1guilas: Beach Day Trip by Boat \u2013 Day Pass \u2013 Snorkeling &amp; Lunch"},"content":{"rendered":"<section class=\"wpb-content-wrapper\"><div class=\"vc_row wpb_row vc_row-fluid\" ><div class=\"wpb_column vc_column_container vc_col-sm-12\"><div class=\"vc_column-inner\"><div class=\"wpb_wrapper\"><div class=\"vc_btn3-container vc_btn3-inline\" ><button class=\"vc_general vc_btn3 vc_btn3-size-md vc_btn3-shape-rounded vc_btn3-style-modern vc_btn3-color-green\">RESERVAR AHORA<\/button><\/div>\n\t<div class=\"wpb_text_column wpb_content_element\" >\n\t\t<div class=\"wpb_wrapper\">\n\t\t\t<div class=\"vc_row wpb_row vc_row-fluid\">\n<div class=\"wpb_column vc_column_container vc_col-sm-12\">\n<div class=\"vc_column-inner\">\n<div class=\"wpb_wrapper\">\n<div class=\"mkdf-section-title-holder\">\n<div class=\"mkdf-st-inner\">\n<h5 class=\"mkdf-st-subtitle\">Pase de un d\u00eda \u2013 Snorkel y almuerzo<\/h5>\n<h3 class=\"mkdf-st-title\">Bah\u00eda de las \u00c1guilas: Excursi\u00f3n de un d\u00eda a la playa en barco<\/h3>\n<\/div>\n<\/div>\n<\/div>\n<\/div>\n<\/div>\n<\/div>\n<div class=\"vc_row wpb_row vc_row-fluid\">\n<div class=\"wpb_column vc_column_container vc_col-sm-12\">\n<div class=\"vc_column-inner\">\n<div class=\"wpb_wrapper\">\n<div class=\"wpb_text_column wpb_content_element\">\n<div class=\"wpb_wrapper\">\n<h4><b><i>Descripci\u00f3n general<\/i><\/b><\/h4>\n<p>Disfruta de un d\u00eda de playa y deja fluir el \u00e1nimo, lejos de las zonas tur\u00edsticas y de todo el estr\u00e9s. Ven y descubre el parque Nacional Jaragua y la Bah\u00eda de las \u00c1guilas. Conduzca por una hermosa carretera con impresionantes vistas del peque\u00f1o puerto y pueblo pesquero de Cabo Rojo. En Las Cuevas abordas un barco que te lleva en un viaje de 15 minutos a una de las playas naturales m\u00e1s hermosas del mundo. Las arenas de la Bah\u00eda de las \u00c1guilas son pr\u00edstinas y la bah\u00eda cubre 8 km. Experimente un paisaje costero excepcional con aguas cristalinas que brillan en tonos que van desde el turquesa hasta el azul \u00f3palo que se funden en el horizonte. El almuerzo se sirve en la playa, nade o haga snorkel y explore este para\u00edso natural virgen.<\/p>\n<p>&nbsp;<\/p>\n<ul>\n<li>Gu\u00eda Local con experiencia en Seguridad en la zona.<\/li>\n<li>Transporte privado<\/li>\n<li>Tarifas incluidas<\/li>\n<li>Almuerzo<\/li>\n<li>Gu\u00eda tur\u00edstico local en espa\u00f1ol, ingl\u00e9s o franc\u00e9s.<\/li>\n<li>Senderismo<\/li>\n<li>Bucear<\/li>\n<\/ul>\n<h4><b>Inclusiones y Exclusiones<\/b><\/h4>\n<p>&nbsp;<\/p>\n<p><b>Inclusiones<\/b><\/p>\n<ol>\n<li>Gu\u00eda Local con experiencia en Seguridad en la zona.<\/li>\n<li>Transporte privado para grupos peque\u00f1os.<\/li>\n<li>Todos los impuestos, tasas y gastos de tramitaci\u00f3n<\/li>\n<li>Impuestos locales<\/li>\n<li>Almuerzo<\/li>\n<li>Senderismo<\/li>\n<li>Piscinas Naturales<\/li>\n<li>Bucear<\/li>\n<li>Todas las actividades<\/li>\n<\/ol>\n<p><b>Exclusiones<\/b><\/p>\n<ol>\n<li>Propinas<\/li>\n<li>Todas las bebidas<\/li>\n<\/ol>\n<h4><em><strong>Salida y Regreso<\/strong><\/em><\/h4>\n<p>El viajero obtendr\u00e1 un punto de encuentro despu\u00e9s del Proceso de Reserva. Los tours comienzan y terminan en sus puntos de encuentro.<\/p>\n<h2 class=\"styles__heading___mD4_3\" data-radium=\"true\">Bah\u00eda de las \u00c1guilas: Excursi\u00f3n de un d\u00eda a la playa en barco -Pase de un d\u00eda \u2013 Snorkel y almuerzo<\/h2>\n<h4><em>\u00bfQue esperar?<\/em><\/h4>\n<p>Playa de las \u00c1guilas lleva el nombre del \u00e1guila ind\u00edgena. Es conocida como la playa m\u00e1s hermosa de todo el pa\u00eds. El clima del parque es muy \u00e1rido y la vegetaci\u00f3n se compone principalmente de cactus y otras plantas del desierto. El camino de tierra roja que recorre la bah\u00eda es comparable a un paisaje de sabana africana.<br \/>\nDescubre este para\u00edso para pescadores y amantes de las playas de arena blanca y aguas cristalinas. Pero primero, viaje al pueblo La Cueva, donde los pescadores locales viven dentro de las cuevas.<\/p>\n<p>\u00bfHay algo que falta en este momento perfecto de la imagen?<\/p>\n<p>El mar en calma y el viento ligero evitar\u00e1n que sufras demasiado con el sol y el calor. Convi\u00e9rtete en un explorador por un d\u00eda y descubre un para\u00edso ecol\u00f3gico, natural y totalmente virgen. Se pueden observar m\u00e1s de 130 especies de aves, 76 de las cuales viven permanentemente en la bah\u00eda, 10 son end\u00e9micas y 47 son migratorias.<\/p>\n<p>08.00 \u2013 Salida desde su hotel<br \/>\n09.30 \u2013 Breve parada en la Laguna de Oviedo para disfrutar de la vista desde el mirador<br \/>\n11.00 \u2013 Salida en bote desde el pueblo La Cueva hacia la Bah\u00eda de las \u00c1guilas<br \/>\n12.30 \u2013 Almuerzo t\u00edpico en la playa<br \/>\n03.00 \u2013 Regreso a La Cueva<br \/>\n06.00 \u2013 Llegada a su hotel<\/p>\n<h4><em><strong>\u00bfQu\u00e9 debes traer?<\/strong><\/em><\/h4>\n<ul>\n<li>C\u00e1mara<\/li>\n<li>Cogollos repelentes<\/li>\n<li>crema solar<\/li>\n<li>Inodoro<\/li>\n<li>Sombrero<\/li>\n<li>Pantalones c\u00f3modos<\/li>\n<li>Zapatos de senderismo para el bosque<\/li>\n<li>Sandalias para las zonas Primavera.<\/li>\n<li>Vestido nadador<\/li>\n<\/ul>\n<p>&nbsp;<\/p>\n<h4><b><i>Recogida en el hotel<\/i><\/b><\/h4>\n<p>Se ofrece recogida en el hotel para este tour. Recogida\/Transporte desde su hotel (\u00e1rea de Barahona\/Para\u00edso\/Los Patos).<\/p>\n<p><b>Nota:<\/b>\u00a0Si realiza la reserva dentro de las 24 horas anteriores a la hora de salida del tour\/excursi\u00f3n, podemos organizar la recogida en el hotel. Acabamos de recoger en el \u00e1rea de Saman\u00e1. Una vez completada su compra, le enviaremos la informaci\u00f3n de contacto completa (n\u00famero de tel\u00e9fono, direcci\u00f3n de correo electr\u00f3nico, etc.) de nuestro gu\u00eda tur\u00edstico local para organizar los arreglos de recogida.<\/p>\n<h4><b><i>Confirmaci\u00f3n de informaci\u00f3n adicional<\/i><\/b><\/h4>\n<ol>\n<li>Los boletos son el Recibo despu\u00e9s de pagar este Tour. Puede mostrar el pago en su tel\u00e9fono.<\/li>\n<li>El Punto de Encuentro se recibir\u00e1 Luego del Proceso de Reserva.<\/li>\n<li>Los ni\u00f1os deben estar acompa\u00f1ados por un adulto.<\/li>\n<li>No accesible para sillas de ruedas<\/li>\n<li>Los beb\u00e9s deben sentarse en el regazo<\/li>\n<li>No recomendado para viajeros con problemas de espalda.<\/li>\n<li>No recomendado para viajeros embarazadas.<\/li>\n<li>Sin problemas card\u00edacos u otras condiciones m\u00e9dicas graves.<\/li>\n<li>La mayor\u00eda de los viajeros pueden participar<\/li>\n<\/ol>\n<h4><b><i>Pol\u00edtica de cancelaci\u00f3n<\/i><\/b><\/h4>\n<p>Para obtener un reembolso completo, cancele al menos 24 horas antes de la fecha de inicio de la experiencia. Se perder\u00e1n los fondos si la reserva se cancela el mismo d\u00eda del viaje.<\/p>\n<\/div>\n<\/div>\n<\/div>\n<\/div>\n<\/div>\n<\/div>\n\n\t\t<\/div>\n\t<\/div>\n<\/div><\/div><\/div><\/div><div class=\"wpb_column vc_column_container vc_col-sm-12\"><div class=\"vc_column-inner\"><div class=\"wpb_wrapper\"><\/div><\/div><\/div>\n<\/section>","protected":false},"excerpt":{"rendered":"<p>Compra un billete de un d\u00eda a Bah\u00eda las \u00c1guilas desde Barahona. Conduciendo por el Parque Nacional Jaragua y dirigi\u00e9ndonos a Cabo Rojo, donde nos espera una embarcaci\u00f3n. Despu\u00e9s de un paseo en bote de 15 minutos, llegar\u00e1s a la hermosa y apartada Bah\u00eda de \u00c1guilas, considerada la playa m\u00e1s hermosa del pa\u00eds. El almuerzo se servir\u00e1 en la playa y tendr\u00e1 la oportunidad de nadar o simplemente relajarse en la playa. Disfrute de la pr\u00edstina arena blanca de esta playa de 8 km de largo.<\/p>\n<p><strong>Seleccione el d\u00eda para este viaje:\u00a0<\/strong><\/p>","protected":false},"featured_media":9747,"template":"","meta":[],"product_cat":[549,160],"product_tag":[557,554,555,563,560,556,564,559,553,567,566,561,565,558,562],"class_list":["post-9731","product","type-product","status-publish","has-post-thumbnail","hentry","product_cat-bahia-de-las-aguilas-dominican-republic","product_cat-lunch","product_tag-bahia-de-las-aguilas","product_tag-bahia-de-las-aguilas-pedernales","product_tag-bahia-de-las-aguilas-beach-tour","product_tag-bahia-de-las-aguilas-hoteles","product_tag-bahia-de-las-aguilas-map","product_tag-bahia-de-las-aguilas-private-tour","product_tag-bahia-de-las-aguilas-republica-dominicana-hotel","product_tag-bahia-de-las-aguilas-tour-from-punta-cana","product_tag-bahia-de-las-aguilas-beach-day-trip-by-boat","product_tag-bahia-las-aguilas-tours","product_tag-barahona-tours","product_tag-closest-airport-to-bahia-de-las-aguilas","product_tag-hotel-barahona","product_tag-playa-bahia-de-las-aguilas-dominican-republic","product_tag-tours-a-bahia-de-las-aguilas-desde-santo-domingo"],"_links":{"self":[{"href":"https:\/\/tourwhales.com\/es\/wp-json\/wp\/v2\/product\/9731","targetHints":{"allow":["GET"]}}],"collection":[{"href":"https:\/\/tourwhales.com\/es\/wp-json\/wp\/v2\/product"}],"about":[{"href":"https:\/\/tourwhales.com\/es\/wp-json\/wp\/v2\/types\/product"}],"wp:featuredmedia":[{"embeddable":true,"href":"https:\/\/tourwhales.com\/es\/wp-json\/wp\/v2\/media\/9747"}],"wp:attachment":[{"href":"https:\/\/tourwhales.com\/es\/wp-json\/wp\/v2\/media?parent=9731"}],"wp:term":[{"taxonomy":"product_cat","embeddable":true,"href":"https:\/\/tourwhales.com\/es\/wp-json\/wp\/v2\/product_cat?post=9731"},{"taxonomy":"product_tag","embeddable":true,"href":"https:\/\/tourwhales.com\/es\/wp-json\/wp\/v2\/product_tag?post=9731"}],"curies":[{"name":"wp","href":"https:\/\/api.w.org\/{rel}","templated":true}]}}