
{"id":9717,"date":"2019-11-01T19:22:33","date_gmt":"2019-11-01T19:22:33","guid":{"rendered":"https:\/\/tourwhales.com\/?post_type=product&#038;p=9717"},"modified":"2024-10-18T20:29:17","modified_gmt":"2024-10-18T20:29:17","slug":"whale-watching-in-punta-cana-to-samana-bay-cayo-levantado-bacardi-island-from-hotels","status":"publish","type":"product","link":"https:\/\/tourwhales.com\/es\/Tours-Excursions\/tours-excursions-samana-bay-dominican-republic\/whale-watching-in-punta-cana-to-samana-bay-cayo-levantado-bacardi-island-from-hotels\/","title":{"rendered":"Avistamiento de Ballenas en Punta Cana \/ Cap Cana hasta Bah\u00eda de Saman\u00e1 + Cayo Levantado (Isla Bacard\u00ed) desde Hoteles."},"content":{"rendered":"<section class=\"wpb-content-wrapper\"><div class=\"vc_row wpb_row vc_row-fluid\" ><div class=\"wpb_column vc_column_container vc_col-sm-12\"><div class=\"vc_column-inner\"><div class=\"wpb_wrapper\">\n\t<div class=\"wpb_text_column wpb_content_element\" >\n\t\t<div class=\"wpb_wrapper\">\n\t\t\t<h1>Whale Watching in Punta Cana\/Cap Cana to Samana Bay<\/h1>\n\n\t\t<\/div>\n\t<\/div>\n<\/div><\/div><\/div><\/div><div class=\"vc_row wpb_row vc_row-fluid\" ><div class=\"wpb_column vc_column_container vc_col-sm-12\"><div class=\"vc_column-inner\"><div class=\"wpb_wrapper\">\n\t<div class=\"wpb_text_column wpb_content_element\" >\n\t\t<div class=\"wpb_wrapper\">\n\t\t\t<div class=\"vc_row wpb_row vc_row-fluid\">\n<div class=\"wpb_column vc_column_container vc_col-sm-12\">\n<div class=\"vc_column-inner\">\n<div class=\"wpb_wrapper\">\n<div class=\"wpb_text_column wpb_content_element\">\n<div class=\"wpb_wrapper\">\n<div class=\"vc_row wpb_row vc_row-fluid\">\n<div class=\"wpb_column vc_column_container vc_col-sm-12\">\n<div class=\"vc_column-inner\">\n<div class=\"wpb_wrapper\">\n<div class=\"wpb_text_column wpb_content_element\">\n<div class=\"wpb_wrapper\">\n<h4><b><i>Descripci\u00f3n general<img decoding=\"async\" class=\"emoji\" draggable=\"false\" src=\"https:\/\/s.w.org\/images\/core\/emoji\/12.0.0-1\/svg\/1f433.svg\" alt=\"\ud83d\udc33\" \/><\/i><\/b><\/h4>\n<p>Whale Punta Cana, avistamiento de ballenas en la Bah\u00eda de Saman\u00e1 y visita a Cayo Levantado durante esta excursi\u00f3n de d\u00eda completo desde los hoteles de Punta Cana. Viaje a la bah\u00eda de Saman\u00e1 a bordo de un c\u00f3modo autocar con aire acondicionado, luego transfiera a un catamar\u00e1n en bote en Miches. Navegue en aguas abiertas para buscar grupos de ballenas jorobadas que visitan el \u00e1rea para reproducirse y tener sus cr\u00edas. Aprende sobre el comportamiento y la biolog\u00eda de estos mam\u00edferos marinos con tu gu\u00eda naturalista experto. Contin\u00fae hasta Cayo Levantado, o Isla Bacard\u00ed, para almorzar en la playa y darse un chapuz\u00f3n en las aguas azules antes de regresar a Punta Cana.<\/p>\n<p>&nbsp;<\/p>\n<p><strong>Nota: <\/strong>Este tour puede incluir o no la parada en\u00a0<strong>Cascada Lim\u00f3n<\/strong>. Para reservar el mismo viaje con las cascadas, por favor. <a href=\"https:\/\/tourwhales.com\/es\/Tours-Excursions\/fees-entrace\/samana-whale-watching-cayo-levantado-bacardi-island-limon-waterfalls-from-punta-cana-hotels\/\">HAGA CLIC AQU\u00cd.<\/a><\/p>\n<p>&nbsp;<\/p>\n<ul>\n<li>Viaje de avistamiento de ballenas<\/li>\n<li>Entradas al Observatorio<\/li>\n<li>Incluye Almuerzo Buffet en la playa<\/li>\n<li>Traslado en barco<\/li>\n<li>Transfer desde Hoteles Punta Cana<\/li>\n<li>El Capit\u00e1n proporciona instrucci\u00f3n y Supervisi\u00f3n.<\/li>\n<li>Gu\u00eda tur\u00edstico<\/li>\n<\/ul>\n<p>&nbsp;<\/p>\n<h4><b>Inclusiones y Exclusiones<\/b><\/h4>\n<p>&nbsp;<\/p>\n<p><b>Inclusiones<\/b><\/p>\n<p>&nbsp;<\/p>\n<ol>\n<li>Almuerzo buffet en la playa<\/li>\n<li>Gu\u00eda tur\u00edstico<\/li>\n<li>Paseo en Catamar\u00e1n o Barco<\/li>\n<li>Todos los impuestos, tasas y gastos de tramitaci\u00f3n<\/li>\n<li>Impuestos locales<\/li>\n<li>Bebidas<\/li>\n<\/ol>\n<p><b>Exclusiones<\/b><\/p>\n<ol>\n<li>Propinas<\/li>\n<\/ol>\n<p>&nbsp;<\/p>\n<h4><em><strong>Salida y Regreso<\/strong><\/em><\/h4>\n<p>Se ofrece recogida en el hotel para este tour. En Notas, solo escriba el nombre del hotel para que lo recoja. Recogemos en todos los Hoteles de Punta Cana.<\/p>\n<p>&nbsp;<\/p>\n<h3>Avistamiento de Ballenas en Punta Cana\/Cap Cana hasta Bah\u00eda de Saman\u00e1 + Cayo Levantado (Isla Bacard\u00ed) desde Hoteles.<\/h3>\n<h4><b><i>\u00bfQue esperar?<\/i><\/b><\/h4>\n<p>Ac\u00e9rquese a los gentiles gigantes del mar de la Rep\u00fablica Dominicana durante esta excursi\u00f3n de avistamiento de ballenas jorobadas de 12 horas en la Bah\u00eda de S\u00e1mana. Pasa un d\u00eda inolvidable observando las miles de ballenas que acuden a la isla cada a\u00f1o para aparearse, alimentarse y jugar en sus c\u00e1lidas aguas tropicales. Mientras observa estas hermosas criaturas, disfrutar\u00e1 de informaci\u00f3n \u00fanica de su gu\u00eda experto en avistamiento de ballenas. Termine el d\u00eda con un almuerzo incluido y tiempo en la playa en la hermosa isla de Cayo Levantado. El transporte de ida y vuelta al hotel tambi\u00e9n est\u00e1 incluido.<\/p>\n<p>Desde las 9:00 am hasta las 12:00 del mediod\u00eda observatorio de avistamiento de ballenas y despu\u00e9s de este viaje de ballenas visitaremos la isla Bacard\u00ed \/ Cayo Levantado. En Isla Bacard\u00ed, se brindar\u00e1 Almuerzo Buffet al Estilo T\u00edpico Dominicano (Arroz, Frijoles, Pescado, Ensaladas\u2026). Cuando termine el almuerzo, puede nadar hasta las 4:30 p.m. El tour finalizar\u00e1 a las 5:00 pm en el mismo puerto desde donde se iniciar\u00e1 a bordo de nuestro Catamar\u00e1n y luego en autob\u00fas de regreso a los Hoteles de Punta Cana.<\/p>\n<p>Este tour puede incluir o no la parada en\u00a0<strong>Cascada Lim\u00f3n<\/strong>. Para reservar el mismo viaje con las cascadas, por favor. <a href=\"https:\/\/tourwhales.com\/es\/Tours-Excursions\/fees-entrace\/samana-whale-watching-cayo-levantado-bacardi-island-limon-waterfalls-from-punta-cana-hotels\/\">HAGA CLIC AQU\u00cd.<\/a><\/p>\n<p><strong>Calendario:<\/strong><\/p>\n<p>6:00 \u2013 7:00 Recojo de los clientes de los diferentes hoteles<br \/>\n07:00 Salida hacia Las Ca\u00f1itas en Sabana de la mar<br \/>\n08:15 Llegada al muelle privado<br \/>\n08:15 \u2013 8:40 Hora del desayuno (s\u00e1ndwiches, muffins, t\u00e9, caf\u00e9, jugos)<br \/>\n8:45 Embarque para iniciar nuestro viaje al santuario de las ballenas jorobadas en Saman\u00e1<br \/>\n11:00 B\u00fasqueda de ballenas por un per\u00edodo de 45 minutos: este es el horario que siguen las reglas del gobierno.<br \/>\n11:45 Dir\u00edgete a Cayo Levantado en la Bah\u00eda de Saman\u00e1<br \/>\n12:30 Llegada a Cayo Levantado<br \/>\n13:00 Hora del almuerzo (almuerzo buffet, t\u00edpico dominicano)*<br \/>\n13:45 \u2013 15:30 Tiempo libre en Cayo Levantado<br \/>\n15:00 \u2013 15:45 A bordo de nuevo direcci\u00f3n de regreso a Miches<br \/>\n17:00 Arribo a Miches y salida hacia los hoteles en Punta Cana<br \/>\n19:30 \u2013 20:00 Llegada a hoteles en Punta Cana<\/p>\n<p><strong>*Men\u00fa de Almuerzo (t\u00edpico dominicano)<br \/>\n<\/strong>Arroces, pollo a la plancha o pescado a la plancha, ensalada, verduras, fruta fresca.<\/p>\n<p><strong>*Los clientes que elijan agregar la parada en la cascada El Lim\u00f3n despu\u00e9s del avistamiento de ballenas se trasladar\u00e1n a la cascada y tendr\u00e1n menos tiempo para pasar en Cayo Levantado.<\/strong><\/p>\n<p>Este tour puede incluir o no la parada en\u00a0<strong>Cascada Lim\u00f3n<\/strong>. Para reservar el mismo viaje con las cascadas, por favor. <a href=\"https:\/\/tourwhales.com\/es\/Tours-Excursions\/fees-entrace\/samana-whale-watching-cayo-levantado-bacardi-island-limon-waterfalls-from-punta-cana-hotels\/\">HAGA CLIC AQU\u00cd.<\/a><\/p>\n<p>&nbsp;<\/p>\n<h4><em><strong>\u00bfQu\u00e9 debes traer?<\/strong><\/em><\/h4>\n<ul>\n<li>C\u00e1mara<\/li>\n<li>Cogollos repelentes<\/li>\n<li>crema solar<\/li>\n<li>Sombrero<\/li>\n<li>Pantalones c\u00f3modos<\/li>\n<li>Sandalias a la playa<\/li>\n<li>Vestido nadador<\/li>\n<li>Efectivo para souvenirs<\/li>\n<\/ul>\n<p>&nbsp;<\/p>\n<h4><b><i>Recogida en el hotel<\/i><\/b><\/h4>\n<p>Se ofrece recogida en el hotel para este tour. En Notas, solo escriba el nombre del hotel para que lo recoja. Recogemos en todos los Hoteles de Punta Cana.<\/p>\n<p>&nbsp;<\/p>\n<p><b>Nota:<\/b> Si realiza la reserva dentro de las 24 horas anteriores a la hora de salida del tour\/excursi\u00f3n, podemos organizar la recogida en el hotel. Una vez que se complete su compra, le enviaremos la informaci\u00f3n de contacto completa (n\u00famero de tel\u00e9fono, direcci\u00f3n de correo electr\u00f3nico, etc.) para que nuestro gu\u00eda tur\u00edstico local organice los arreglos de recogida.<\/p>\n<h4><b><i>Confirmaci\u00f3n de informaci\u00f3n adicional<\/i><\/b><\/h4>\n<ol>\n<li>Los boletos son el Recibo despu\u00e9s de pagar este Tour. Puede mostrar el pago en su tel\u00e9fono.<\/li>\n<li>El Punto de Encuentro se recibir\u00e1 Despu\u00e9s del Proceso de Reserva.<\/li>\n<li>Los ni\u00f1os deben estar acompa\u00f1ados por un adulto.<\/li>\n<li>silla de ruedas accesible<\/li>\n<li>Los beb\u00e9s deben sentarse en el regazo<\/li>\n<li>La mayor\u00eda de los viajeros pueden participar<\/li>\n<\/ol>\n<h5><b><i>Pol\u00edtica de cancelaci\u00f3n<\/i><\/b><\/h5>\n<p>Para obtener un reembolso completo, lea nuestras Pol\u00edticas de cancelaci\u00f3n\u00a0<a href=\"https:\/\/tourwhales.com\/es\/online-booking\/\" target=\"_blank\" rel=\"noopener\" data-saferedirecturl=\"https:\/\/www.google.com\/url?q=https:\/\/tourwhales.com\/online-booking\/&amp;source=gmail&amp;ust=1672532492004000&amp;usg=AOvVaw3ylqI1cdbIPTimEqEWneyd\">haga clic aqu\u00ed<\/a>. Los fondos se perder\u00e1n si la reserva se cancela el mismo d\u00eda del viaje.<\/p>\n<\/div>\n<\/div>\n<\/div>\n<\/div>\n<\/div>\n<\/div>\n<\/div>\n<\/div>\n<\/div>\n<\/div>\n<\/div>\n<\/div>\n<div class=\"vc_row wpb_row vc_row-fluid\">\n<div class=\"wpb_column vc_column_container vc_col-sm-12\">\n<div class=\"vc_column-inner\">\n<div class=\"wpb_wrapper\">\n<div class=\"vc_empty_space\"><\/div>\n<div class=\"wpb_text_column wpb_content_element\">\n<div class=\"wpb_wrapper\">\n<h4>\u00bfCont\u00e1ctenos?<\/h4>\n<h5><b><i>TOUR BALLENAS SAMANA<\/i><\/b><\/h5>\n<p><em><strong>Locales<\/strong>\u00a0y\u00a0<strong>Nacionales<\/strong>\u00a0Gu\u00edas tur\u00edsticos y servicios para hu\u00e9spedes<\/em><\/p>\n<p><span class=\"text-turquoise\">Reservas:<\/span>\u00a0Tours y Excursiones en Dom. Reps.<\/p>\n<p><img decoding=\"async\" class=\"emoji\" draggable=\"false\" src=\"https:\/\/s.w.org\/images\/core\/emoji\/11.2.0\/svg\/1f4de.svg\" alt=\"\ud83d\udcde\" \/>\u00a0Tel\u00e9fono \/ Whatsapp\u00a0\u00a0<a href=\"tel:+18494995063\">+18494995063<\/a>.<\/p>\n<p><img decoding=\"async\" class=\"emoji\" draggable=\"false\" src=\"https:\/\/s.w.org\/images\/core\/emoji\/11.2.0\/svg\/1f4e9.svg\" alt=\"\ud83d\udce9\" \/>\u00a0<a href=\"mailto:info@bookingadventures.com.do\">info@bookingadventures.com.do<\/a><\/p>\n<p><strong>Somos Tours Privados de Ambiente Flexible por Whatsapp:\u00a0<a href=\"tel:+18097206035\">+18097206035.<\/a><\/strong><\/p>\n<\/div>\n<\/div>\n<\/div>\n<\/div>\n<\/div>\n<\/div>\n\n\t\t<\/div>\n\t<\/div>\n<\/div><\/div><\/div><\/div>\n<\/section>","protected":false},"excerpt":{"rendered":"<p>Desde los hoteles de Punta Cana, disfrutaremos de los hermosos paisajes de la Cordillera Oriental mientras nos dirigimos hacia el norte de Punta Cana antes de llegar al peque\u00f1o pueblo de pescadores de Miches, en la costa sur de la Bah\u00eda de Saman\u00e1. All\u00ed disfrutar\u00e1 de un desayuno r\u00e1pido antes de abordar el barco a Saman\u00e1. Nos adentraremos en la bah\u00eda para observar ballenas. Primero llegaremos a Cayo Levantado, tambi\u00e9n conocida como Isla Bacard\u00ed debido a su gran parecido con las playas que Bacard\u00ed Rum alguna vez us\u00f3 para sus famosos comerciales. Cayo Levantado es nada menos que un oasis tropical: una peque\u00f1a isla en medio del oc\u00e9ano con aguas turquesas y arenas blancas.<\/p>\n<p>Este tour puede incluir o no la parada en\u00a0<strong>Cascada Lim\u00f3n<\/strong>. Para reservar el mismo viaje con las cascadas por favor <a href=\"https:\/\/tourwhales.com\/es\/Tours-Excursions\/fees-entrace\/samana-whale-watching-cayo-levantado-bacardi-island-limon-waterfalls-from-punta-cana-hotels\/\">HAGA CLIC AQU\u00cd.<\/a><\/p>\n<p>&nbsp;<\/p>\n<p>&nbsp;<\/p>\n<p><em><strong>Seleccione la fecha para la excursi\u00f3n:<\/strong><\/em><\/p>","protected":false},"featured_media":12053,"template":"","meta":[],"product_cat":[948,972,968,294,255,664],"product_tag":[631,184,328,480,296,428,327,222,527,313,199,526,458,342,524,276,529,528,274,525],"class_list":["post-9717","product","type-product","status-publish","has-post-thumbnail","hentry","product_cat-1-punta-cana","product_cat-punta-cana-group-tours","product_cat-punta-cana-whale-watching","product_cat-tours-excursions-punta-cana-dominican-republic","product_cat-tours-excursions-samana-bay-dominican-republic","product_cat-whale-watching-punta-cana","product_tag-631","product_tag-bacardi-island","product_tag-cayo-levantado-day-pass","product_tag-cheap-punta-cana-excursions","product_tag-day-trip-punta-cana","product_tag-half-day-whale-watching-miches","product_tag-private-tours-samana","product_tag-punta-cana","product_tag-punta-cana-activities","product_tag-punta-cana-tours","product_tag-samana-bay","product_tag-samana-day-trip","product_tag-samana-day-trip-from-punta-cana","product_tag-samana-whale-watching","product_tag-whale-punta-cana","product_tag-whale-samana","product_tag-whale-watching-2020","product_tag-whale-watching-2020-in-punta-cana-to-samana-bay-cayo-levantado-bacardi-island-from-hotels","product_tag-whale-watching-dominican-republic","product_tag-whale-watching-punta-cana"],"_links":{"self":[{"href":"https:\/\/tourwhales.com\/es\/wp-json\/wp\/v2\/product\/9717","targetHints":{"allow":["GET"]}}],"collection":[{"href":"https:\/\/tourwhales.com\/es\/wp-json\/wp\/v2\/product"}],"about":[{"href":"https:\/\/tourwhales.com\/es\/wp-json\/wp\/v2\/types\/product"}],"wp:featuredmedia":[{"embeddable":true,"href":"https:\/\/tourwhales.com\/es\/wp-json\/wp\/v2\/media\/12053"}],"wp:attachment":[{"href":"https:\/\/tourwhales.com\/es\/wp-json\/wp\/v2\/media?parent=9717"}],"wp:term":[{"taxonomy":"product_cat","embeddable":true,"href":"https:\/\/tourwhales.com\/es\/wp-json\/wp\/v2\/product_cat?post=9717"},{"taxonomy":"product_tag","embeddable":true,"href":"https:\/\/tourwhales.com\/es\/wp-json\/wp\/v2\/product_tag?post=9717"}],"curies":[{"name":"wp","href":"https:\/\/api.w.org\/{rel}","templated":true}]}}