
{"id":9653,"date":"2019-10-15T08:33:05","date_gmt":"2019-10-15T08:33:05","guid":{"rendered":"https:\/\/tourwhales.com\/?post_type=product&#038;p=9653"},"modified":"2024-10-18T20:29:17","modified_gmt":"2024-10-18T20:29:17","slug":"catalina-island-altos-de-chavon-from-punta-cana-snorkeling-with-catamaran-party","status":"publish","type":"product","link":"https:\/\/tourwhales.com\/es\/Tours-Excursions\/lunch\/catalina-island-altos-de-chavon-from-punta-cana-snorkeling-with-catamaran-party\/","title":{"rendered":"Isla Catalina y Altos de Chav\u00f3n desde Punta Cana (Snorkel con fiesta en catamar\u00e1n)"},"content":{"rendered":"<section class=\"wpb-content-wrapper\"><div class=\"vc_row wpb_row vc_row-fluid\" ><div class=\"wpb_column vc_column_container vc_col-sm-12\"><div class=\"vc_column-inner\"><div class=\"wpb_wrapper\"><div class=\"mkdf-section-title-holder\" style=\"text-align: left\">\n\t<div class=\"mkdf-st-inner\">\n\t\t\t\t\t<h5 class=\"mkdf-st-subtitle\" >\n\t\t\t\tExperiencia de medio d\u00eda\t\t\t<\/h5>\n\t\t\t\t\t\t\t<h3 class=\"mkdf-st-title\" >\n\t\t\t\tIsla Catalina y Snorkel con Fiesta en Catamar\u00e1n desde Punta Cana\t\t\t<\/h3>\n\t\t\t\t\t<\/div>\n<\/div><div class=\"vc_btn3-container vc_btn3-inline\" ><button class=\"vc_general vc_btn3 vc_btn3-size-md vc_btn3-shape-rounded vc_btn3-style-modern vc_btn3-color-green\">RESERVAR AHORA<\/button><\/div><\/div><\/div><\/div><\/div><div class=\"vc_row wpb_row vc_row-fluid\" ><div class=\"wpb_column vc_column_container vc_col-sm-12\"><div class=\"vc_column-inner\"><div class=\"wpb_wrapper\">\n\t<div class=\"wpb_text_column wpb_content_element\" >\n\t\t<div class=\"wpb_wrapper\">\n\t\t\t<div class=\"vc_row wpb_row vc_row-fluid\">\n<div class=\"wpb_column vc_column_container vc_col-sm-12\">\n<div class=\"vc_column-inner\">\n<div class=\"wpb_wrapper\">\n<div class=\"wpb_text_column wpb_content_element\">\n<div class=\"wpb_wrapper\">\n<div class=\"vc_row wpb_row vc_row-fluid\">\n<div class=\"wpb_column vc_column_container vc_col-sm-12\">\n<div class=\"vc_column-inner\">\n<div class=\"wpb_wrapper\">\n<div class=\"wpb_text_column wpb_content_element\">\n<div class=\"wpb_wrapper\">\n<h4><b><i>Descripci\u00f3n general<\/i><\/b><\/h4>\n<p>Disfrutamos de un paseo en catamar\u00e1n por aguas cristalinas hasta la Isla Catalina, la zona m\u00e1s conocida para hacer snorkel en Rep\u00fablica Dominicana.<\/p>\n<p>Su d\u00eda comienza con una recogida en el vest\u00edbulo principal de su hotel o en el punto de encuentro especificado. Luego seguiremos a Isla Catalina para disfrutar de un ba\u00f1o refrescante, y algunas bebidas, mientras quien quiera puede realizar 2 tipos de Snorkel con un instructor y despu\u00e9s comeremos un delicioso almuerzo buffet en la playa y tomaremos unas clases de Salsa. y Bachata, mientras tambi\u00e9n preparamos unos deliciosos tragos. Una vez cansado de estar holgazaneando en la playa, tome un equipo de snorkel y admire el mundo submarino de Catalina.<\/p>\n<p>El oc\u00e9ano, tan incre\u00edblemente claro, y la arena blanca de la playa esper\u00e1ndote. Rel\u00e1jate en una tumbona o haz snorkel todo incluido para ti. Disfrutar\u00e1s donde ver\u00e1s la tradici\u00f3n de nuestra m\u00fasica y baile.<\/p>\n<p>\u00a1Despu\u00e9s de esto nos vamos a Altos de Chav\u00f3n Ganado y R\u00edo!<\/p>\n<p><strong>Nota:<\/strong> Este tour no es Privado. Si desea establecer un recorrido privado, \u00a1cont\u00e1ctenos!<\/p>\n<ul>\n<li>\n<div class=\"py-1 inclusions-exclusions-item d-flex\" lang=\"en-x-mtfrom-en\">\n<div class=\"d-inline-block inclusions-exclusions-text\">Transporte privado<\/div>\n<\/div>\n<\/li>\n<li>Piscina natural para observar estrellas de mar<\/li>\n<li>Bucear<\/li>\n<li>Almuerzo<\/li>\n<li>Traslado en barco catamar\u00e1n<\/li>\n<li>El Capit\u00e1n proporciona instrucci\u00f3n y Supervisi\u00f3n.<\/li>\n<li>Gu\u00eda tur\u00edstico<\/li>\n<\/ul>\n<p>&nbsp;<\/p>\n<h4><b>Inclusiones y Exclusiones<\/b><\/h4>\n<p><b>Inclusiones<\/b><\/p>\n<ol>\n<li>Gu\u00eda tur\u00edstico<\/li>\n<li>bucear<\/li>\n<li>Almuerzo<\/li>\n<li>Recogida en Hoteles<\/li>\n<li>Paseo en Catamar\u00e1n o Barco<\/li>\n<li>Todos los impuestos, tasas y gastos de tramitaci\u00f3n<\/li>\n<li>Impuestos locales<\/li>\n<li>Bebidas<\/li>\n<\/ol>\n<p><b>Exclusiones<\/b><\/p>\n<ol>\n<li>Propinas<\/li>\n<li>Fotos<\/li>\n<\/ol>\n<h4><em><strong>Salida y Regreso<\/strong><\/em><\/h4>\n<p>El viajero obtendr\u00e1 un punto de encuentro despu\u00e9s del Proceso de Reserva. Los tours comienzan y terminan en nuestros puntos de encuentro.<\/p>\n<h3>Isla Catalina y Snorkeling con Fiesta en Catamar\u00e1n desde Punta Cana \u2013 Experiencia de medio d\u00eda.<\/h3>\n<h4><b><i>\u00bfQue esperar?<\/i><\/b><\/h4>\n<p>Durante la excursi\u00f3n a la isla Catalina desde Punta Cana, los hu\u00e9spedes tendr\u00e1n la oportunidad de hacer esn\u00f3rquel en los vibrantes arrecifes de coral de Catalina, nadando entre animados bancos de peces y disfrutando de la impresionante fauna submarina del Caribe.<\/p>\n<p>Comenzaremos la excursi\u00f3n de snorkel saliendo por la ma\u00f1ana hacia La Romana. Durante el viaje, pasaremos por los campos de ca\u00f1a de az\u00facar mientras su gu\u00eda brinda informaci\u00f3n interesante sobre la historia del \u00e1rea, la cultura general y las t\u00e9cnicas de elaboraci\u00f3n del ron del pa\u00eds. Al llegar a La Romana, abordaremos nuestro Catamar\u00e1n y partiremos hacia Catalina. Nuestra primera parada en la isla ser\u00e1 \u201cThe Wall\u201d, una majestuosa pared de coral que se extiende desde la isla hasta el Mar Caribe.<\/p>\n<p>Despu\u00e9s de hacer snorkel, continuar\u00e1s el camino hacia la hermosa playa de Catalina, un lugar exclusivo. A su llegada, los hu\u00e9spedes tendr\u00e1n acceso a 2 kil\u00f3metros de playas de arena blanca y aguas cristalinas, un chiringuito con bebidas y un delicioso almuerzo buffet dominicano con barbacoa. Embarcaremos en el catamar\u00e1n alrededor de las 15:30 para regresar a Punta Cana despu\u00e9s de un incre\u00edble d\u00eda de snorkel y relajaci\u00f3n en la Isla Catalina. IslaDurante la excursi\u00f3n a la isla Catalina desde Punta Cana, los hu\u00e9spedes tendr\u00e1n la oportunidad de hacer esn\u00f3rquel en los vibrantes arrecifes de coral de Catalina, nadando entre animados bancos de peces y disfrutando de la impresionante fauna submarina del Caribe.<\/p>\n<p>Comenzaremos la excursi\u00f3n de snorkel saliendo por la ma\u00f1ana hacia La Romana. Durante el viaje, pasaremos por los campos de ca\u00f1a de az\u00facar mientras su gu\u00eda brinda informaci\u00f3n interesante sobre la historia del \u00e1rea, la cultura general y las t\u00e9cnicas de elaboraci\u00f3n del ron del pa\u00eds. Al llegar a La Romana, abordaremos nuestro Catamar\u00e1n y partiremos hacia Catalina.<\/p>\n<p>Nuestra primera parada en la isla ser\u00e1 \u201cThe Wall\u201d, una majestuosa pared de coral que se extiende desde la isla hasta el Mar Caribe. Despu\u00e9s de hacer snorkel, continuar\u00e1s el camino hacia la hermosa playa de Catalina, un lugar exclusivo. A su llegada, los hu\u00e9spedes tendr\u00e1n acceso a 2 kil\u00f3metros de playas de arena blanca y aguas cristalinas, un chiringuito con bebidas y un delicioso almuerzo buffet dominicano con barbacoa. Embarcaremos en el catamar\u00e1n alrededor de las 15:30 para regresar a Punta Cana despu\u00e9s de un incre\u00edble d\u00eda de snorkel y relajaci\u00f3n en la Isla Catalina.<\/p>\n<div class=\"a-text--first-content _for-copy-large l-hide-for-large\">\n<p>Deja el<strong>\u00a0Para\u00edso caribe\u00f1o de Isla Catalina te cautivar\u00e1\u00a0<\/strong>y explorar el pintoresco\u00a0<strong>Altos de Chav\u00f3n<\/strong>\u00a0en esta imperdible excursi\u00f3n de un d\u00eda desde La Romana.<\/p>\n<\/div>\n<div id=\"o-slider--activity-detail__container\" class=\"o-slider js-module-slider is-photos\"><\/div>\n<div id=\"l-768-calendar-anchor\"><\/div>\n<div id=\"new-fading-text\" class=\"new-fading-text _loaded u-no-before show-hidden-elements\">\n<div class=\"o-activity-description\">\n<h2>Escapada de un d\u00eda a Isla Catalina y Altos de Chav\u00f3n<\/h2>\n<p>Tras pasar a recogerte por tu hotel a primera hora de la ma\u00f1ana, emprender\u00e1s tu aventura haciendo tu primera parada en\u00a0<strong>Altos de Chav\u00f3n<\/strong>. Tendr\u00e1s 40 minutos para explorar esto.<strong>\u00a0hermosa recreaci\u00f3n de un pueblo de estilo mediterr\u00e1neo<\/strong>\u00a0y admirar las vistas del r\u00edo Chav\u00f3n que corre a su lado. \u00a1Verdaderamente encantador!<\/p>\n<p class=\"new-fading-text__hidden-element\">Continuando con su recorrido, lo llevar\u00e1n a un muelle en el\u00a0<strong>R\u00edo Salado\u00a0<\/strong>donde su\u00a0<strong>catamar\u00e1n\u00a0<\/strong>te estar\u00e1 esperando para zarpar rumbo a Isla Catalina. Durante tu crucero, que durar\u00e1 unos 40 minutos, disfrutar\u00e1s de una bebida a bordo mientras te maravillas con el\u00a0<strong>azul penetrante del resplandeciente mar Caribe<\/strong>.<\/p>\n<p class=\"new-fading-text__hidden-element\">Al acercarse a su destino, se dirigir\u00e1 directamente al arrecife de coral conocido como La Pared, o The Wall, donde tendr\u00e1 la oportunidad de\u00a0<strong>refr\u00e9scate con un refrescante chapuz\u00f3n en el mar y practica esn\u00f3rquel entre la incre\u00edble vida marina<\/strong>. Pase 40 minutos explorando bajo el agua, antes de regresar al catamar\u00e1n y echar el ancla en el muelle de la isla Catalina.<\/p>\n<p class=\"new-fading-text__hidden-element\">Con los pies en tierra firme, te llevar\u00e1n a un peque\u00f1o restaurante con impresionantes vistas al mar, donde te deleitar\u00e1n con una\u00a0<strong>delicioso almuerzo buffet<\/strong>. Con energ\u00edas renovadas, dispondr\u00e1s de tres horas de tiempo libre para aprovechar al m\u00e1ximo el\u00a0<strong>playas paradisiacas de arena blanca<\/strong>. Tanto si prefieres relajarte y tomar el sol como probar una actividad divertida como el paddle surf, disfrutar\u00e1s de una tarde inolvidable.<\/p>\n<p class=\"new-fading-text__hidden-element\">Al final del d\u00eda, regresar\u00e1s al catamar\u00e1n para navegar de regreso a La Romana, donde te dejar\u00e1n en tu hotel.<\/p>\n<\/div>\n<\/div>\n<p>&nbsp;<\/p>\n<p><strong>Calendario:<\/strong><\/p>\n<p>7:00 a. m. \u2013 4:30 p. m.<\/p>\n<p>&nbsp;<\/p>\n<\/div>\n<p>El tiempo puede cambiar dependiendo de la hora de salida de los hoteles.<\/p>\n<div class=\"wpb_wrapper\">\n<p>&nbsp;<\/p>\n<h4><em><strong>\u00bfQu\u00e9 debes traer?<\/strong><\/em><\/h4>\n<ul>\n<li>C\u00e1mara<\/li>\n<li>Cogollos repelentes<\/li>\n<li>crema solar<\/li>\n<li>Sombrero<\/li>\n<li>Pantalones c\u00f3modos<\/li>\n<li>Vestido nadador<\/li>\n<li>Efectivo para souvenirs<\/li>\n<\/ul>\n<p>&nbsp;<\/p>\n<h4><b><i>Recogida en el hotel<\/i><\/b><\/h4>\n<p>Se ofrece recogida en el hotel para este tour. Podemos configurarlo a trav\u00e9s de Whatsapp. Desde los Hoteles La Romana, Punta Cana, B\u00e1varo y Bayahibe.<\/p>\n<p>&nbsp;<\/p>\n<p><b>Nota:<\/b> Si realiza la reserva dentro de las 24 horas anteriores a la hora de salida del tour\/excursi\u00f3n, podemos organizar la recogida en el hotel. Una vez que se complete su compra, le enviaremos la informaci\u00f3n de contacto completa (n\u00famero de tel\u00e9fono, direcci\u00f3n de correo electr\u00f3nico, etc.) para que nuestro gu\u00eda tur\u00edstico local organice los arreglos de recogida.<\/p>\n<h4><b><i>Confirmaci\u00f3n de informaci\u00f3n adicional<\/i><\/b><\/h4>\n<ol>\n<li>Los boletos son el Recibo despu\u00e9s de pagar este Tour. Puede mostrar el pago en su tel\u00e9fono.<\/li>\n<li>El Punto de Encuentro se recibir\u00e1 Despu\u00e9s del Proceso de Reserva.<\/li>\n<li>Los ni\u00f1os deben estar acompa\u00f1ados por un adulto.<\/li>\n<li>silla de ruedas accesible<\/li>\n<li>Los beb\u00e9s deben sentarse en el regazo<\/li>\n<li>La mayor\u00eda de los viajeros pueden participar<\/li>\n<\/ol>\n<h4><b><i>Pol\u00edtica de cancelaci\u00f3n<\/i><\/b><\/h4>\n<p>Para obtener un reembolso completo, lea nuestras Pol\u00edticas de cancelaci\u00f3n\u00a0<a href=\"https:\/\/tourwhales.com\/es\/online-booking\/\" target=\"_blank\" rel=\"noopener\" data-saferedirecturl=\"https:\/\/www.google.com\/url?q=https:\/\/tourwhales.com\/online-booking\/&amp;source=gmail&amp;ust=1672532492004000&amp;usg=AOvVaw3ylqI1cdbIPTimEqEWneyd\">haga clic aqu\u00ed<\/a>. Los fondos se perder\u00e1n si la reserva se cancela el mismo d\u00eda del viaje.<\/p>\n<\/div>\n<\/div>\n<\/div>\n<\/div>\n<\/div>\n<\/div>\n<\/div>\n<\/div>\n<\/div>\n<\/div>\n<\/div>\n<\/div>\n<div class=\"vc_row wpb_row vc_row-fluid\">\n<div class=\"wpb_column vc_column_container vc_col-sm-12\">\n<div class=\"vc_column-inner\">\n<div class=\"wpb_wrapper\">\n<div class=\"vc_empty_space\"><\/div>\n<div class=\"wpb_text_column wpb_content_element\">\n<div class=\"wpb_wrapper\">\n<h4>\u00bfCont\u00e1ctenos?<\/h4>\n<h5><b><i>Reservando Aventuras<\/i><\/b><\/h5>\n<p><em><strong>Locales<\/strong>\u00a0y\u00a0<strong>Nacionales<\/strong>\u00a0Gu\u00edas tur\u00edsticos y servicios para hu\u00e9spedes<\/em><\/p>\n<p><span class=\"text-turquoise\">Reservas:<\/span>\u00a0Tours y Excursiones en Dom. Reps.<\/p>\n<p><img decoding=\"async\" class=\"emoji\" src=\"https:\/\/s.w.org\/images\/core\/emoji\/11.2.0\/svg\/1f4de.svg\" alt=\"\ud83d\udcde\" \/>\u00a0Tel\u00e9fono \/ Whatsapp\u00a0\u00a0<a href=\"tel:+18494995063\">+18494995063<\/a>.<\/p>\n<p><img decoding=\"async\" class=\"emoji\" src=\"https:\/\/s.w.org\/images\/core\/emoji\/11.2.0\/svg\/1f4e9.svg\" alt=\"\ud83d\udce9\" \/>\u00a0<a href=\"mailto:info@bookingadventures.com.do\">info@bookingadventures.com.do<\/a><\/p>\n<p><strong>Somos Tours Privados de Ambiente Flexible por Whatsapp:\u00a0<a href=\"tel:+18097206035\">+18097206035.<\/a><\/strong><\/p>\n<\/div>\n<\/div>\n<\/div>\n<\/div>\n<\/div>\n<\/div>\n\n\t\t<\/div>\n\t<\/div>\n<div class=\"vc_btn3-container vc_btn3-inline\" ><button class=\"vc_general vc_btn3 vc_btn3-size-md vc_btn3-shape-rounded vc_btn3-style-modern vc_btn3-color-green\">RESERVAR AHORA<\/button><\/div><\/div><\/div><\/div><\/div><div class=\"vc_row wpb_row vc_row-fluid\" ><div class=\"wpb_column vc_column_container vc_col-sm-12\"><div class=\"vc_column-inner\"><div class=\"wpb_wrapper\"><\/div><\/div><\/div><\/div>\n<\/section>","protected":false},"excerpt":{"rendered":"<p>La peque\u00f1a isla Catalina (Isla Catalina), a solo 1,5 millas (2,4 kil\u00f3metros) de la parte continental de la Rep\u00fablica Dominicana, es una id\u00edlica mota de arena en las aguas turquesas del Caribe. Conocida por sus arrecifes de coral bien poblados, Catalina es un respiro pac\u00edfico para aquellos que buscan escapar del bullicio de Punta Cana y La Romana.<\/p>\n<p>Reserve una excursi\u00f3n de un d\u00eda con nosotros. \u00a1Isla Catalina en Catamar\u00e1n de Fiesta con Snorkel!<\/p>\n<p>&nbsp;<\/p>\n<p>Seleccione la fecha para la excursi\u00f3n:<\/p>","protected":false},"featured_media":9658,"template":"","meta":[],"product_cat":[948,483,160,972,967,349,253,255],"product_tag":[973,974,975,485,976,480,296,471,484],"class_list":["post-9653","product","type-product","status-publish","has-post-thumbnail","hentry","product_cat-1-punta-cana","product_cat-catalina-island-catamaran-and-snorkeling","product_cat-lunch","product_cat-punta-cana-group-tours","product_cat-punta-cana-catalina-island","product_cat-tours-and-excursion-punta-cana","product_cat-tours-and-excursions","product_cat-tours-excursions-samana-bay-dominican-republic","product_tag-catalina-island","product_tag-catalina-island-dominican-republic-snorkeling","product_tag-catalina-island-packages","product_tag-catalina-island-snorkeling-dominican-republic","product_tag-catalina-island-tour","product_tag-cheap-punta-cana-excursions","product_tag-day-trip-punta-cana","product_tag-punta-cana-catamaran-party-with-snorkeling-and-parasailing","product_tag-talina-island-snorkeling"],"_links":{"self":[{"href":"https:\/\/tourwhales.com\/es\/wp-json\/wp\/v2\/product\/9653","targetHints":{"allow":["GET"]}}],"collection":[{"href":"https:\/\/tourwhales.com\/es\/wp-json\/wp\/v2\/product"}],"about":[{"href":"https:\/\/tourwhales.com\/es\/wp-json\/wp\/v2\/types\/product"}],"wp:featuredmedia":[{"embeddable":true,"href":"https:\/\/tourwhales.com\/es\/wp-json\/wp\/v2\/media\/9658"}],"wp:attachment":[{"href":"https:\/\/tourwhales.com\/es\/wp-json\/wp\/v2\/media?parent=9653"}],"wp:term":[{"taxonomy":"product_cat","embeddable":true,"href":"https:\/\/tourwhales.com\/es\/wp-json\/wp\/v2\/product_cat?post=9653"},{"taxonomy":"product_tag","embeddable":true,"href":"https:\/\/tourwhales.com\/es\/wp-json\/wp\/v2\/product_tag?post=9653"}],"curies":[{"name":"wp","href":"https:\/\/api.w.org\/{rel}","templated":true}]}}