
{"id":8855,"date":"2019-04-11T11:28:37","date_gmt":"2019-04-11T11:28:37","guid":{"rendered":"https:\/\/tourwhales.com\/?post_type=product&#038;p=8855"},"modified":"2024-10-18T20:29:20","modified_gmt":"2024-10-18T20:29:20","slug":"kayaking-in-los-haitises-with-tour-guide-from-cano-hondo-4-hours","status":"publish","type":"product","link":"https:\/\/tourwhales.com\/es\/Tours-Excursions\/kayaking\/kayaking-in-los-haitises-with-tour-guide-from-cano-hondo-4-hours\/","title":{"rendered":"Kayak 4 Horas Los Haitises"},"content":{"rendered":"<section class=\"wpb-content-wrapper\"><div class=\"vc_row wpb_row vc_row-fluid\" ><div class=\"wpb_column vc_column_container vc_col-sm-12\"><div class=\"vc_column-inner\"><div class=\"wpb_wrapper\"><div class=\"vc_empty_space\"   style=\"height: 32px\"><span class=\"vc_empty_space_inner\"><\/span><\/div><\/div><\/div><\/div><\/div><div class=\"vc_row wpb_row vc_row-fluid\" ><div class=\"wpb_column vc_column_container vc_col-sm-12\"><div class=\"vc_column-inner\"><div class=\"wpb_wrapper\"><div class=\"mkdf-section-title-holder\" style=\"text-align: left\">\n\t<div class=\"mkdf-st-inner\">\n\t\t\t\t\t<h5 class=\"mkdf-st-subtitle\" >\n\t\t\t\tManglares, Cuevas y m\u00e1s.\t\t\t<\/h5>\n\t\t\t\t\t\t\t<h3 class=\"mkdf-st-title\" >\n\t\t\t\tKayak en Los Haitises con gu\u00eda tur\u00edstico desde Ca\u00f1o Hondo 4 Horas\t\t\t<\/h3>\n\t\t\t\t\t<\/div>\n<\/div><\/div><\/div><\/div><\/div><div class=\"vc_row wpb_row vc_row-fluid\" ><div class=\"wpb_column vc_column_container vc_col-sm-12\"><div class=\"vc_column-inner\"><div class=\"wpb_wrapper\"><div class=\"vc_empty_space\"   style=\"height: 32px\"><span class=\"vc_empty_space_inner\"><\/span><\/div><\/div><\/div><\/div><\/div><div class=\"vc_row wpb_row vc_row-fluid\" ><div class=\"wpb_column vc_column_container vc_col-sm-12\"><div class=\"vc_column-inner\"><div class=\"wpb_wrapper\"><div class=\"vc_btn3-container vc_btn3-inline\" ><a class=\"vc_general vc_btn3 vc_btn3-size-md vc_btn3-shape-rounded vc_btn3-style-modern vc_btn3-color-green\" href=\"https:\/\/bookingadventures.tours\/booking.php?tour_id=a9cb493d865c3629426ab07d6bacff97\" title=\"\">RESERVAR AHORA<\/a><\/div>\n\t<div class=\"wpb_text_column wpb_content_element\" >\n\t\t<div class=\"wpb_wrapper\">\n\t\t\t<h4><b><i>Descripci\u00f3n general <\/i><\/b><\/h4>\n<p>Kayak Manglares en el Parque Nacional Los Haitises con gu\u00eda local 4 Horas. Visitando Manglares, Cuevas, Pictograf\u00edas en el R\u00edo Ca\u00f1o Hondo m\u00e1s una Vista General de la Bah\u00eda de San Lorenzo en el Parque Nacional Los Haitises, \u00e1rea de Sabana de la Mar Ca\u00f1o Hondo. En caso de viaje corto: <a href=\"https:\/\/tourwhales.com\/es\/Tours-Excursions\/caves\/kayaking-in-los-haitises-with-tour-guide-from-cano-hondo-2\/\"><em><strong>Kayak Los Haitises 2 Horas<\/strong><\/em><\/a><\/p>\n<ul>\n<li style=\"font-weight: 400;\"><span style=\"font-weight: 400;\">La gu\u00eda proporciona instrucci\u00f3n y supervisi\u00f3n.<\/span><\/li>\n<li>Disponibles Kayaks y Remos Doble para dos personas y Simple para una sola persona.<\/li>\n<\/ul>\n<p>&nbsp;<\/p>\n<h4><b>Inclusiones y Exclusiones<\/b><\/h4>\n<p>&nbsp;<\/p>\n<p><b>Inclusiones<\/b><\/p>\n<p>&nbsp;<\/p>\n<ol>\n<li style=\"font-weight: 400;\">viaje en kayak<\/li>\n<li>Visitas a cuevas<\/li>\n<li style=\"font-weight: 400;\"><span style=\"font-weight: 400;\">Todos los impuestos, tasas y gastos de tramitaci\u00f3n<\/span><\/li>\n<li style=\"font-weight: 400;\"><span style=\"font-weight: 400;\">Impuestos locales<\/span><\/li>\n<li style=\"font-weight: 400;\"><span style=\"font-weight: 400;\">Gu\u00eda local<\/span><\/li>\n<\/ol>\n<p><b> Exclusiones<\/b><\/p>\n<ol>\n<li style=\"font-weight: 400;\"><span style=\"font-weight: 400;\">Propinas<\/span><\/li>\n<li style=\"font-weight: 400;\"><span style=\"font-weight: 400;\">Transferir<\/span><\/li>\n<li>El almuerzo no est\u00e1 incluido.<\/li>\n<li style=\"font-weight: 400;\"><span style=\"font-weight: 400;\">Bebidas alcoh\u00f3licas<\/span><\/li>\n<\/ol>\n<p>&nbsp;<\/p>\n<h4><em><strong>Salida y Regreso<\/strong><\/em><\/h4>\n<p><span style=\"font-weight: 400;\">El viajero obtendr\u00e1 un punto de encuentro despu\u00e9s del Proceso de Reserva. Los tours comienzan y terminan en nuestros puntos de encuentro.<\/span><\/p>\n<p>&nbsp;<\/p>\n<h4><b><i>\u00bfQue esperar?<\/i><\/b><\/h4>\n<p>&nbsp;<\/p>\n<p><em><strong>Consigue tus entradas<\/strong><\/em> para visitar 4 horas en kayak el bosque del r\u00edo Ca\u00f1o Hondo (manglares), islas rocosas, observaci\u00f3n de aves y cuevas con el gu\u00eda tur\u00edstico local.<\/p>\n<p>Cuando tengamos todo el equipo necesario para su seguridad (chalecos salvavidas, etc) iniciaremos la acci\u00f3n de Kayak desde el puerto fluvial de Ca\u00f1o Hondo.<\/p>\n<p><span style=\"font-weight: 400;\">El tour, organizado por \u201cBooking Adventures\u201d comienza en el punto de encuentro fijado con el Gu\u00eda Tur\u00edstico. <\/span>Tomando kayaks y atravesando manglares, pasando por antiguas cuevas de piratas y adentr\u00e1ndonos en bosques protegidos en esta pintoresca reserva a partir de la zona de Hoteles de Ca\u00f1o Hondo o de Sabana de la Mar,<\/p>\n<div class=\"body-description secondary\">\n<p>Ven con Booking Adventures y comienza a revisar algunos manglares llenos de aves, colinas ondulantes de vegetaci\u00f3n exuberante y cuevas de <em><strong>Parque Nacional Los Haitises<\/strong><\/em>. Tomando una Excursi\u00f3n en Kayaks desde el r\u00edo Ca\u00f1o Hondo, Sabana de la Mar. A trav\u00e9s de los manglares y tierra en la bah\u00eda abierta de San Lorenzo, desde donde se puede fotografiar el paisaje agreste del bosque. Mirar al agua para detectar <em><strong>manat\u00edes<\/strong><\/em>, crust\u00e1ceos y <em><strong>delfines<\/strong><\/em><\/p>\n<p>El nombre del parque nacional proviene de sus habitantes originales, los indios ta\u00ednos. En su idioma, \u201cHaitises\u201d se traduce como tierras altas o colinas, una referencia a las escarpadas formaciones geol\u00f3gicas de la costa con calizas. Ad\u00e9ntrate m\u00e1s en el parque para explorar cuevas como la <em><strong>cueva de la arena<\/strong><\/em> y <strong><em>Cueva de la Linea.<\/em><\/strong> Las cuevas de la reserva fueron utilizadas como refugio por los indios ta\u00ednos y, m\u00e1s tarde, como escondite de piratas. Busque dibujos de indios que decoran algunas de las paredes.<\/p>\n<p>En caso de que te guste este viaje corto tenemos una segunda opci\u00f3n: <a href=\"https:\/\/tourwhales.com\/es\/Tours-Excursions\/caves\/kayaking-in-los-haitises-with-tour-guide-from-cano-hondo-2\/\">Kayak en Los Haitises 2 Horas\u00a0<\/a><\/p>\n<p>El Tour termina en el punto de partida en el Parque Nacional Los Haitises. Recomendamos este viaje a las 6:00 am por si te gustara ver <em><strong>manat\u00edes<\/strong><\/em>, crust\u00e1ceos y <em><strong>delfines<\/strong><\/em><\/p>\n<\/div>\n<p><em><strong>6:00 AM<\/strong><\/em> Es temprano por lo que a\u00fan no hay botes en el Parque Nacional Los Haitises.<\/p>\n<h4><em><strong>\u00bfQu\u00e9 debes traer?<\/strong><\/em><\/h4>\n<ul>\n<li style=\"font-weight: 400;\"><span style=\"font-weight: 400;\">C\u00e1mara<\/span><\/li>\n<li style=\"font-weight: 400;\"><span style=\"font-weight: 400;\">Cogollos repelentes<\/span><\/li>\n<li style=\"font-weight: 400;\"><span style=\"font-weight: 400;\">crema solar<\/span><\/li>\n<li style=\"font-weight: 400;\"><span style=\"font-weight: 400;\">Sombrero<\/span><\/li>\n<li style=\"font-weight: 400;\"><span style=\"font-weight: 400;\">Pantalones c\u00f3modos<\/span><\/li>\n<li style=\"font-weight: 400;\"><span style=\"font-weight: 400;\">Sandalias\u00a0<\/span><\/li>\n<li style=\"font-weight: 400;\"><span style=\"font-weight: 400;\">Vestido nadador<\/span><\/li>\n<\/ul>\n<p>&nbsp;<\/p>\n<h4><b><i>Recogida en el hotel <\/i><\/b><\/h4>\n<p><span style=\"font-weight: 400;\">No se ofrece recogida en el hotel para este tour. <\/span><\/p>\n<p>&nbsp;<\/p>\n<p><b>Nota:<\/b><span style=\"font-weight: 400;\"> Si realiza la reserva dentro de las 24 horas anteriores a la hora de salida del tour\/excursi\u00f3n, podemos organizar la recogida en el hotel con cargos adicionales. Una vez que se complete su compra, le enviaremos la informaci\u00f3n de contacto completa (n\u00famero de tel\u00e9fono, direcci\u00f3n de correo electr\u00f3nico, etc.) para que nuestro gu\u00eda tur\u00edstico local organice los arreglos de recogida.<\/span><\/p>\n<h4><b><i>Confirmaci\u00f3n de informaci\u00f3n adicional <\/i><\/b><\/h4>\n<ol>\n<li>Los boletos son el Recibo despu\u00e9s de pagar este Tour. Puede mostrar el pago en su tel\u00e9fono.<\/li>\n<li style=\"font-weight: 400;\"><span style=\"font-weight: 400;\">El Punto de Encuentro se recibir\u00e1 Despu\u00e9s del Proceso de Reserva.<\/span><\/li>\n<li style=\"font-weight: 400;\"><span style=\"font-weight: 400;\">Los ni\u00f1os deben estar acompa\u00f1ados por un adulto.<\/span><\/li>\n<li style=\"font-weight: 400;\"><span style=\"font-weight: 400;\"> No accesible para sillas de ruedas <\/span><\/li>\n<li style=\"font-weight: 400;\"><span style=\"font-weight: 400;\">Los beb\u00e9s deben sentarse en el regazo <\/span><\/li>\n<li style=\"font-weight: 400;\"><span style=\"font-weight: 400;\">No recomendado para viajeros con problemas de espalda.<\/span><\/li>\n<li style=\"font-weight: 400;\"><span style=\"font-weight: 400;\">No recomendado para viajeros embarazadas. <\/span><\/li>\n<li style=\"font-weight: 400;\"><span style=\"font-weight: 400;\"> Sin problemas card\u00edacos u otras condiciones m\u00e9dicas graves. <\/span><\/li>\n<li style=\"font-weight: 400;\"><span style=\"font-weight: 400;\">La mayor\u00eda de los viajeros pueden participar<\/span><\/li>\n<\/ol>\n<h4><b><i>Pol\u00edtica de cancelaci\u00f3n<\/i><\/b><\/h4>\n<p>Para obtener un reembolso completo, lea nuestras Pol\u00edticas de cancelaci\u00f3n\u00a0<a href=\"https:\/\/tourwhales.com\/es\/online-booking\/\" target=\"_blank\" rel=\"noopener\" data-saferedirecturl=\"https:\/\/www.google.com\/url?q=https:\/\/tourwhales.com\/online-booking\/&amp;source=gmail&amp;ust=1672532492004000&amp;usg=AOvVaw3ylqI1cdbIPTimEqEWneyd\">haga clic aqu\u00ed<\/a>. Los fondos se perder\u00e1n si la reserva se cancela el mismo d\u00eda del viaje.<\/p>\n\n\t\t<\/div>\n\t<\/div>\n<\/div><\/div><\/div><\/div><div class=\"vc_row wpb_row vc_row-fluid\" ><div class=\"wpb_column vc_column_container vc_col-sm-12\"><div class=\"vc_column-inner\"><div class=\"wpb_wrapper\">\n\t<div class=\"wpb_video_widget wpb_content_element vc_clearfix   vc_video-aspect-ratio-169 vc_video-el-width-100 vc_video-align-left\" >\n\t\t<div class=\"wpb_wrapper\">\n\t\t\t<h2 class=\"wpb_heading wpb_video_heading\">Tour Kayaks Los Haitises<\/h2>\n\t\t\t<div class=\"wpb_video_wrapper\"><iframe loading=\"lazy\" title=\"Excursi\u00f3n en kayak y espeleolog\u00eda en el Parque Nacional de Los Haitises, Rep\u00fablica Dominicana\" width=\"1100\" height=\"619\" src=\"https:\/\/www.youtube.com\/embed\/ucU1uwB57wQ?feature=oembed\" frameborder=\"0\" allow=\"accelerometer; autoplay; clipboard-write; encrypted-media; gyroscope; picture-in-picture; web-share\" allowfullscreen><\/iframe><\/div>\n\t\t<\/div>\n\t<\/div>\n<div class=\"vc_btn3-container vc_btn3-inline\" ><a class=\"vc_general vc_btn3 vc_btn3-size-md vc_btn3-shape-rounded vc_btn3-style-modern vc_btn3-color-green\" href=\"https:\/\/bookingadventures.tours\/booking.php?tour_id=a9cb493d865c3629426ab07d6bacff97\" title=\"\">RESERVAR AHORA<\/a><\/div><div class=\"vc_empty_space\"   style=\"height: 32px\"><span class=\"vc_empty_space_inner\"><\/span><\/div>\n\t<div class=\"wpb_text_column wpb_content_element\" >\n\t\t<div class=\"wpb_wrapper\">\n\t\t\t<h4>\u00bfCont\u00e1ctenos?<\/h4>\n<h5>Reservando Aventuras<\/h5>\n<p><em><strong>Locales<\/strong>\u00a0y\u00a0<strong>Nacionales<\/strong>\u00a0Gu\u00edas tur\u00edsticos y servicios para hu\u00e9spedes<\/em><\/p>\n<p><span class=\"text-turquoise\">Reservas:<\/span>\u00a0Tours y Excursiones en Dom. Reps.<\/p>\n<p><img decoding=\"async\" class=\"emoji\" draggable=\"false\" src=\"https:\/\/s.w.org\/images\/core\/emoji\/11.2.0\/svg\/1f4de.svg\" alt=\"\ud83d\udcde\" \/>\u00a0Tel\u00e9fono \/ Whatsapp\u00a0\u00a0<a href=\"tel:+18494995063\">+18494995063<\/a>.<\/p>\n<p><img decoding=\"async\" class=\"emoji\" draggable=\"false\" src=\"https:\/\/s.w.org\/images\/core\/emoji\/11.2.0\/svg\/1f4e9.svg\" alt=\"\ud83d\udce9\" \/>\u00a0<a href=\"mailto:info@bookingadventures.com.do\">info@bookingadventures.com.do<\/a><\/p>\n<p><strong><span style=\"vertical-align: inherit;\"><span style=\"vertical-align: inherit;\">Somos tours privados de configuraci\u00f3n flexible por Whatsapp:\u00a0<\/span><\/span><a href=\"tel:+18097206035\">+18097206035.<\/a><\/strong><\/p>\n\n\t\t<\/div>\n\t<\/div>\n<div class=\"vc_empty_space\"   style=\"height: 32px\"><span class=\"vc_empty_space_inner\"><\/span><\/div><\/div><\/div><\/div><\/div><div class=\"vc_row wpb_row vc_row-fluid\" ><div class=\"wpb_column vc_column_container vc_col-sm-12\"><div class=\"vc_column-inner\"><div class=\"wpb_wrapper\"><\/div><\/div><\/div><\/div>\n<\/section>","protected":false},"excerpt":{"rendered":"<p><span style=\"vertical-align: inherit;\"><span style=\"vertical-align: inherit;\">Excursi\u00f3n al Parque Nacional Los Haitises partiendo de Sabana de la Mar en la zona de Ca\u00f1o Hondo, Visita de manglares, Cuevas, Pictogramas y Formaciones Rocosas.<\/span><\/span><\/p>\n<p><span style=\"vertical-align: inherit;\"><span style=\"vertical-align: inherit;\">Este recorrido se puede configurar con el <\/span><\/span><a href=\"https:\/\/tourwhales.com\/es\/Tours-Excursions\/hiking\/hike-kayak-los-haitises-national-park\/\"><span style=\"vertical-align: inherit;\"><span style=\"vertical-align: inherit;\">acortar<\/span><\/span><\/a><span style=\"vertical-align: inherit;\"><span style=\"vertical-align: inherit;\"> Senderismo <\/span><a href=\"https:\/\/tourwhales.com\/es\/Tours-Excursions\/hiking\/hike-kayak-los-haitises-national-park\/\"><span style=\"vertical-align: inherit;\">aqu\u00ed. <\/span><\/a><span style=\"vertical-align: inherit;\">Conozca la historia real de la historia del Parque Nacional Los Haitises con los lugare\u00f1os.<\/span><\/span><\/p>\n<p>&nbsp;<\/p>\n<p><strong><span style=\"vertical-align: inherit;\"><span style=\"vertical-align: inherit;\">Seleccione la fecha para el Tour:<\/span><\/span><\/strong><\/p>","protected":false},"featured_media":12719,"template":"","meta":[],"product_cat":[946,218,934,254,255],"product_tag":[176,211,192,319,208,206,207,171,209,426,327,175,199,200],"class_list":["post-8855","product","type-product","status-publish","has-post-thumbnail","hentry","product_cat-1-sabana-de-la-mar","product_cat-kayaking","product_cat-kayaking-los-haitises","product_cat-tours-excursions-los-haitises-national-park","product_cat-tours-excursions-samana-bay-dominican-republic","product_tag-cano-hondo","product_tag-cano-hondo-hotel","product_tag-day-tour-cano-hondo","product_tag-kayak-dominican-republic","product_tag-kayaking-dominican-republic","product_tag-kayaking-los-haitises","product_tag-kayaks","product_tag-los-haitises","product_tag-los-haitises-national-park","product_tag-los-haitises-tours","product_tag-private-tours-samana","product_tag-sabana-de-la-mar","product_tag-samana-bay","product_tag-samana-excursions"],"_links":{"self":[{"href":"https:\/\/tourwhales.com\/es\/wp-json\/wp\/v2\/product\/8855","targetHints":{"allow":["GET"]}}],"collection":[{"href":"https:\/\/tourwhales.com\/es\/wp-json\/wp\/v2\/product"}],"about":[{"href":"https:\/\/tourwhales.com\/es\/wp-json\/wp\/v2\/types\/product"}],"wp:featuredmedia":[{"embeddable":true,"href":"https:\/\/tourwhales.com\/es\/wp-json\/wp\/v2\/media\/12719"}],"wp:attachment":[{"href":"https:\/\/tourwhales.com\/es\/wp-json\/wp\/v2\/media?parent=8855"}],"wp:term":[{"taxonomy":"product_cat","embeddable":true,"href":"https:\/\/tourwhales.com\/es\/wp-json\/wp\/v2\/product_cat?post=8855"},{"taxonomy":"product_tag","embeddable":true,"href":"https:\/\/tourwhales.com\/es\/wp-json\/wp\/v2\/product_tag?post=8855"}],"curies":[{"name":"wp","href":"https:\/\/api.w.org\/{rel}","templated":true}]}}