
{"id":8219,"date":"2019-03-16T18:39:56","date_gmt":"2019-03-16T18:39:56","guid":{"rendered":"https:\/\/tourwhales.com\/?post_type=product&#038;p=8219"},"modified":"2024-10-18T20:29:21","modified_gmt":"2024-10-18T20:29:21","slug":"los-haitises-national-park-lunch-at-cano-hondo-from-samana-port","status":"publish","type":"product","link":"https:\/\/tourwhales.com\/es\/Tours-Excursions\/lunch\/los-haitises-national-park-lunch-at-cano-hondo-from-samana-port\/","title":{"rendered":"Parque Nacional Los Haitises + Almuerzo en Ca\u00f1o Hondo desde Puerto Saman\u00e1."},"content":{"rendered":"<section class=\"wpb-content-wrapper\"><div class=\"vc_row wpb_row vc_row-fluid\" ><div class=\"wpb_column vc_column_container vc_col-sm-12\"><div class=\"vc_column-inner\"><div class=\"wpb_wrapper\"><div class=\"mkdf-section-title-holder\" style=\"text-align: left\">\n\t<div class=\"mkdf-st-inner\">\n\t\t\t\t\t<h5 class=\"mkdf-st-subtitle\" >\n\t\t\t\tAlmuerzo y nataci\u00f3n en Natural Springs\t\t\t<\/h5>\n\t\t\t\t\t\t\t<h3 class=\"mkdf-st-title\" >\n\t\t\t\tParque Nacional Los Haitises + Almuerzo en Ca\u00f1o Hondo desde Puerto Saman\u00e1.\t\t\t<\/h3>\n\t\t\t\t\t<\/div>\n<\/div><div class=\"vc_btn3-container vc_btn3-inline\" ><a class=\"vc_general vc_btn3 vc_btn3-size-md vc_btn3-shape-rounded vc_btn3-style-modern vc_btn3-color-green\" href=\"https:\/\/bookingadventures.tours\/booking.php?tour_id=6ed21424a849c63fc6398949d1f80266\" title=\"\">RESERVAR AHORA<\/a><\/div><\/div><\/div><\/div><\/div><div class=\"vc_row wpb_row vc_row-fluid\" ><div class=\"wpb_column vc_column_container vc_col-sm-12\"><div class=\"vc_column-inner\"><div class=\"wpb_wrapper\">\n\t<div class=\"wpb_text_column wpb_content_element\" >\n\t\t<div class=\"wpb_wrapper\">\n\t\t\t<h4><b><i>Descripci\u00f3n general <\/i><\/b><\/h4>\n<p><strong>Parque Nacional Los Haitises<\/strong> a partir del puerto de Saman\u00e1 m\u00e1s un almuerzo maravilloso y nadar en manantiales naturales en <strong>ca\u00f1o <\/strong>Hondo Ecolodge. Ven con nosotros y visita el parque nacional m\u00e1s hermoso de la Rep\u00fablica Dominicana, visitando manglares, cuevas y la bah\u00eda de San Lorenzo, adem\u00e1s de cruzar la hermosa bah\u00eda de Saman\u00e1. Despu\u00e9s de almorzar en Ca\u00f1o Hondo, se le permite nadar en el manantial natural unas horas y luego regresar al puerto de Saman\u00e1.<\/p>\n<p>Despu\u00e9s de esta experiencia, regresar\u00e1 al puerto de Saman\u00e1.<\/p>\n<ul>\n<li style=\"font-weight: 400;\">Tarifas incluidas<\/li>\n<li style=\"font-weight: 400;\"><span style=\"font-weight: 400;\">La gu\u00eda proporciona instrucci\u00f3n y supervisi\u00f3n.<\/span><\/li>\n<\/ul>\n<p>&nbsp;<\/p>\n<h4><b>Inclusiones y Exclusiones<\/b><\/h4>\n<p>&nbsp;<\/p>\n<p><b>Inclusiones<\/b><\/p>\n<ol>\n<li style=\"font-weight: 400;\">Tour Los Haitises + Cuevas y Pictograf\u00edas<\/li>\n<li>Almuerzo en Ca\u00f1o Hondo<\/li>\n<li>Nadar en los manantiales naturales<\/li>\n<li style=\"font-weight: 400;\"><span style=\"font-weight: 400;\">Todos los impuestos, tasas y gastos de tramitaci\u00f3n<\/span><\/li>\n<li style=\"font-weight: 400;\"><span style=\"font-weight: 400;\">Impuestos locales<\/span><\/li>\n<li style=\"font-weight: 400;\"><span style=\"font-weight: 400;\">Bebidas<\/span><\/li>\n<li style=\"font-weight: 400;\"><span style=\"font-weight: 400;\">Todas las actividades<\/span><\/li>\n<li style=\"font-weight: 400;\"><span style=\"font-weight: 400;\">Gu\u00eda local<\/span><\/li>\n<\/ol>\n<p><b> Exclusiones<\/b><\/p>\n<ol>\n<li style=\"font-weight: 400;\"><span style=\"font-weight: 400;\">Propinas<\/span><\/li>\n<li style=\"font-weight: 400;\"><span style=\"font-weight: 400;\">Transferir<\/span><\/li>\n<li style=\"font-weight: 400;\"><span style=\"font-weight: 400;\">Bebidas alcoh\u00f3licas<\/span><\/li>\n<\/ol>\n<p>&nbsp;<\/p>\n<h4><em><strong>Salida y Regreso<\/strong><\/em><\/h4>\n<p><span style=\"font-weight: 400;\">El viajero obtendr\u00e1 un punto de encuentro despu\u00e9s del Proceso de Reserva. Los tours comienzan y terminan en nuestros puntos de encuentro.<\/span><\/p>\n<p>&nbsp;<\/p>\n<h4><b><i>\u00bfQue esperar?<\/i><\/b><\/h4>\n<p>&nbsp;<\/p>\n<p><em><strong>Consigue tus entradas<\/strong><\/em> por visitar el Parque Nacional Los Haitises con un maravilloso almuerzo en Ca\u00f1o Hondo y nadar en los manantiales naturales.<\/p>\n<p>Partiendo del puerto de Saman\u00e1 a bordo de un bote o catamar\u00e1n con un gu\u00eda tur\u00edstico local, pasamos por la bah\u00eda de Saman\u00e1 hasta el lado de Sabana de la Mar para visitar uno de los parques nacionales m\u00e1s hermosos de la Rep\u00fablica Dominicana. <em><strong>Parque Nacional de los Haitises<\/strong><\/em>.<\/p>\n<p>Visitando la isla con p\u00e1jaros alrededor. En \u00e9poca de anidaci\u00f3n, incluso podemos ver a los polluelos de Pelicans en los nidos. Adentr\u00e1ndonos m\u00e1s en la Isla rocosa y visitando las Grutas con pictograf\u00edas y petrograf\u00edas de los ind\u00edgenas.<\/p>\n<p>El tour, organizado por \u201cBooking Adventures\u201d comienza en el punto de encuentro fijado con el Gu\u00eda Tur\u00edstico. Ven con Booking Adventures y comienza a revisar algunos manglares llenos de aves, colinas ondulantes de vegetaci\u00f3n exuberante y cuevas de <em><strong>Parque Nacional Los Haitises<\/strong><\/em>.<\/p>\n<div class=\"body-description secondary\">\n<p>El nombre del parque nacional proviene de sus habitantes originales, los indios ta\u00ednos. En su idioma, \u201cHaitises\u201d se traduce como tierras altas o colinas, una referencia a las escarpadas formaciones geol\u00f3gicas de la costa con calizas. Avent\u00farese en las profundidades del parque para explorar cuevas como la <em><strong>cueva de la arena<\/strong><\/em> y <strong><em>Cueva de la Linea.<\/em><\/strong><\/p>\n<p>Las cuevas de la reserva fueron utilizadas como refugio por los indios ta\u00ednos y, m\u00e1s tarde, como escondite de piratas. Busque dibujos de indios que decoran algunas de las paredes.<\/p>\n<p>Despu\u00e9s de visitar el Parque Nacional Los Haitises nos dirigiremos a Ca\u00f1o Hondo. En Ca\u00f1o Hondo conociendo la historia de este ecolodge y Almuerzo con la comida t\u00edpica de la Comunidad de Sabana de la mar.<\/p>\n<p>El almuerzo ser\u00e1 delicioso pero a\u00fan no hemos terminado. Despu\u00e9s de la hora del almuerzo, nadaremos en el manantial natural del r\u00edo Jibales, un r\u00edo perenne hasta el r\u00edo Ca\u00f1o Hondo. Permaneciendo en Ca\u00f1o Hondo hasta las 4:00 pm y regresando al puerto de Saman\u00e1, pasaremos nuevamente por los manglares y aterrizaremos en la bah\u00eda abierta de San Lorenzo, desde donde se puede fotografiar el paisaje agreste del bosque. Mirar al agua para detectar <em><strong>manat\u00edes<\/strong><\/em>, crust\u00e1ceos y <em><strong>delfines<\/strong><\/em><\/p>\n<p>Hasta la hora que establecer\u00e1 con el gu\u00eda tur\u00edstico para despu\u00e9s de esto ir al puerto de Ca\u00f1o Hondo y tomar un bote de regreso al puerto de Saman\u00e1 pasando la bah\u00eda de Saman\u00e1 30 min.<\/p>\n<\/div>\n<p>En caso de que te guste este viaje por m\u00e1s tiempo, tenemos estas opciones:<\/p>\n<ol>\n<li><a href=\"https:\/\/tourwhales.com\/es\/tour\/los-haitises-national-park-tour-from-samana-port\/\">Los Haitises + Cayo Levantado desde el Puerto de Saman\u00e1.<\/a><\/li>\n<\/ol>\n<p>&nbsp;<\/p>\n<h4><em><strong>\u00bfQu\u00e9 debes traer?<\/strong><\/em><\/h4>\n<ul>\n<li style=\"font-weight: 400;\"><span style=\"font-weight: 400;\">C\u00e1mara<\/span><\/li>\n<li style=\"font-weight: 400;\"><span style=\"font-weight: 400;\">Cogollos repelentes<\/span><\/li>\n<li style=\"font-weight: 400;\"><span style=\"font-weight: 400;\">crema solar<\/span><\/li>\n<li style=\"font-weight: 400;\"><span style=\"font-weight: 400;\">Sombrero<\/span><\/li>\n<li style=\"font-weight: 400;\"><span style=\"font-weight: 400;\">Pantalones c\u00f3modos<\/span><\/li>\n<li style=\"font-weight: 400;\"><span style=\"font-weight: 400;\">Zapatos de senderismo para el bosque<\/span><\/li>\n<li style=\"font-weight: 400;\"><span style=\"font-weight: 400;\">Sandalias para las zonas Primavera.<\/span><\/li>\n<li style=\"font-weight: 400;\"><span style=\"font-weight: 400;\">Vestido nadador<\/span><\/li>\n<\/ul>\n<p>&nbsp;<\/p>\n<h4><b><i>Recogida en el hotel <\/i><\/b><\/h4>\n<p><span style=\"font-weight: 400;\">No se ofrece recogida en el hotel para este tour. <\/span><\/p>\n<p>&nbsp;<\/p>\n<p><b>Nota:<\/b><span style=\"font-weight: 400;\"> Si realiza la reserva dentro de las 24 horas anteriores a la hora de salida del tour\/excursi\u00f3n, podemos organizar la recogida en el hotel con cargos adicionales. Una vez que se complete su compra, le enviaremos la informaci\u00f3n de contacto completa (n\u00famero de tel\u00e9fono, direcci\u00f3n de correo electr\u00f3nico, etc.) para que nuestro gu\u00eda tur\u00edstico local organice los arreglos de recogida.<\/span><\/p>\n<h4><b><i>Confirmaci\u00f3n de informaci\u00f3n adicional <\/i><\/b><\/h4>\n<ol>\n<li>Los boletos son el Recibo despu\u00e9s de pagar este Tour. Puede mostrar el pago en su tel\u00e9fono.<\/li>\n<li style=\"font-weight: 400;\"><span style=\"font-weight: 400;\">El Punto de Encuentro se recibir\u00e1 Despu\u00e9s del Proceso de Reserva.<\/span><\/li>\n<li style=\"font-weight: 400;\"><span style=\"font-weight: 400;\">Los ni\u00f1os deben estar acompa\u00f1ados por un adulto.<\/span><\/li>\n<li style=\"font-weight: 400;\"><span style=\"font-weight: 400;\"> No accesible para sillas de ruedas <\/span><\/li>\n<li style=\"font-weight: 400;\"><span style=\"font-weight: 400;\">Los beb\u00e9s deben sentarse en el regazo <\/span><\/li>\n<li style=\"font-weight: 400;\"><span style=\"font-weight: 400;\">No recomendado para viajeros con problemas de espalda.<\/span><\/li>\n<li style=\"font-weight: 400;\"><span style=\"font-weight: 400;\">No recomendado para viajeros embarazadas. <\/span><\/li>\n<li style=\"font-weight: 400;\"><span style=\"font-weight: 400;\"> Sin problemas card\u00edacos u otras condiciones m\u00e9dicas graves. <\/span><\/li>\n<li style=\"font-weight: 400;\"><span style=\"font-weight: 400;\">La mayor\u00eda de los viajeros pueden participar<\/span><\/li>\n<\/ol>\n<h4><b><i>Pol\u00edtica de cancelaci\u00f3n<\/i><\/b><\/h4>\n<p>Para obtener un reembolso completo, lea nuestras Pol\u00edticas de cancelaci\u00f3n\u00a0<a href=\"https:\/\/tourwhales.com\/es\/online-booking\/\" target=\"_blank\" rel=\"noopener\" data-saferedirecturl=\"https:\/\/www.google.com\/url?q=https:\/\/tourwhales.com\/online-booking\/&amp;source=gmail&amp;ust=1672449202351000&amp;usg=AOvVaw1yAeVAPktmaVCqDujgUn90\">haga clic aqu\u00ed<\/a>. Los fondos se perder\u00e1n si la reserva se cancela el mismo d\u00eda del viaje.<\/p>\n\n\t\t<\/div>\n\t<\/div>\n<div class=\"vc_btn3-container vc_btn3-inline\" ><a class=\"vc_general vc_btn3 vc_btn3-size-md vc_btn3-shape-rounded vc_btn3-style-modern vc_btn3-color-green\" href=\"https:\/\/bookingadventures.tours\/booking.php?tour_id=6ed21424a849c63fc6398949d1f80266\" title=\"\">RESERVAR AHORA<\/a><\/div><\/div><\/div><\/div><\/div><div class=\"vc_row wpb_row vc_row-fluid\" ><div class=\"wpb_column vc_column_container vc_col-sm-12\"><div class=\"vc_column-inner\"><div class=\"wpb_wrapper\"><div class=\"vc_empty_space\"   style=\"height: 32px\"><span class=\"vc_empty_space_inner\"><\/span><\/div>\n\t<div class=\"wpb_video_widget wpb_content_element vc_clearfix   vc_video-aspect-ratio-169 vc_video-el-width-100 vc_video-align-left\" >\n\t\t<div class=\"wpb_wrapper\">\n\t\t\t\n\t\t\t<div class=\"wpb_video_wrapper\"><iframe loading=\"lazy\" title=\"Parque Nacional Los Haitises, Tours y Excursiones Desde Saman\u00e1 o Sabana de la Mar. Reserve Aqu\u00ed:\" src=\"https:\/\/player.vimeo.com\/video\/346508015?dnt=1&amp;app_id=122963\" width=\"1100\" height=\"619\" frameborder=\"0\" allow=\"autoplay; fullscreen\" allowfullscreen><\/iframe><\/div>\n\t\t<\/div>\n\t<\/div>\n<\/div><\/div><\/div><\/div><div class=\"vc_row wpb_row vc_row-fluid\" ><div class=\"wpb_column vc_column_container vc_col-sm-12\"><div class=\"vc_column-inner\"><div class=\"wpb_wrapper\"><div class=\"vc_empty_space\"   style=\"height: 32px\"><span class=\"vc_empty_space_inner\"><\/span><\/div>\n\t<div class=\"wpb_text_column wpb_content_element\" >\n\t\t<div class=\"wpb_wrapper\">\n\t\t\t<h4>\u00bfCont\u00e1ctenos?<\/h4>\n<h5><em><strong>Reservando Aventuras<\/strong><\/em><\/h5>\n<p><em><strong>Locales<\/strong> y <strong>Nacionales<\/strong> Gu\u00edas tur\u00edsticos y servicios para hu\u00e9spedes<\/em><\/p>\n<p><span class=\"text-turquoise\">Reservas:<\/span> Tours y Excursiones en Dom. Reps.<\/p>\n<p><img decoding=\"async\" class=\"emoji\" draggable=\"false\" src=\"https:\/\/s.w.org\/images\/core\/emoji\/11.2.0\/svg\/1f4de.svg\" alt=\"\ud83d\udcde\" \/> Tel\u00e9fono \/ Whatsapp\u00a0 <a href=\"tel:+18494995063\">+18494995063<\/a>.<\/p>\n<p><img decoding=\"async\" class=\"emoji\" draggable=\"false\" src=\"https:\/\/s.w.org\/images\/core\/emoji\/11.2.0\/svg\/1f4e9.svg\" alt=\"\ud83d\udce9\" \/> <a href=\"mailto:info@bookingadventures.com.do\">info@bookingadventures.com.do<\/a><\/p>\n<p><strong>Somos Tours Privados de Ambiente Flexible por Whatsapp: <a href=\"tel:+18097206035\">+18097206035.<\/a><\/strong><\/p>\n\n\t\t<\/div>\n\t<\/div>\n<div class=\"vc_empty_space\"   style=\"height: 32px\"><span class=\"vc_empty_space_inner\"><\/span><\/div><\/div><\/div><\/div><\/div><div class=\"vc_row wpb_row vc_row-fluid\" ><div class=\"wpb_column vc_column_container vc_col-sm-12\"><div class=\"vc_column-inner\"><div class=\"wpb_wrapper\"><div class=\"vc_btn3-container vc_btn3-inline\" ><a class=\"vc_general vc_btn3 vc_btn3-size-md vc_btn3-shape-rounded vc_btn3-style-modern vc_btn3-color-green\" href=\"https:\/\/bookingadventures.tours\/booking.php?tour_id=6ed21424a849c63fc6398949d1f80266\" title=\"\">RESERVAR AHORA<\/a><\/div><\/div><\/div><\/div><\/div>\n<\/section>","protected":false},"excerpt":{"rendered":"<p><strong>Seleccione la fecha para el Tour\u00a0<\/strong><\/p>","protected":false},"featured_media":6577,"template":"","meta":[],"product_cat":[655,928,168,178,218,170,160,169,933,191,253,254,255],"product_tag":[176,211,210,192,171,209,212,199,200,187],"class_list":["post-8219","product","type-product","status-publish","has-post-thumbnail","hentry","product_cat-1-samana","product_cat-boat-trip-los-haitises","product_cat-caves","product_cat-hiking","product_cat-kayaking","product_cat-local-tour-guides","product_cat-lunch","product_cat-mangroves","product_cat-natural-pools-los-haitises","product_cat-swimming-natural-springs","product_cat-tours-and-excursions","product_cat-tours-excursions-los-haitises-national-park","product_cat-tours-excursions-samana-bay-dominican-republic","product_tag-cano-hondo","product_tag-cano-hondo-hotel","product_tag-cano-hondo-tours","product_tag-day-tour-cano-hondo","product_tag-los-haitises","product_tag-los-haitises-national-park","product_tag-mangroves-los-haitises","product_tag-samana-bay","product_tag-samana-excursions","product_tag-samana-tours"],"_links":{"self":[{"href":"https:\/\/tourwhales.com\/es\/wp-json\/wp\/v2\/product\/8219","targetHints":{"allow":["GET"]}}],"collection":[{"href":"https:\/\/tourwhales.com\/es\/wp-json\/wp\/v2\/product"}],"about":[{"href":"https:\/\/tourwhales.com\/es\/wp-json\/wp\/v2\/types\/product"}],"wp:featuredmedia":[{"embeddable":true,"href":"https:\/\/tourwhales.com\/es\/wp-json\/wp\/v2\/media\/6577"}],"wp:attachment":[{"href":"https:\/\/tourwhales.com\/es\/wp-json\/wp\/v2\/media?parent=8219"}],"wp:term":[{"taxonomy":"product_cat","embeddable":true,"href":"https:\/\/tourwhales.com\/es\/wp-json\/wp\/v2\/product_cat?post=8219"},{"taxonomy":"product_tag","embeddable":true,"href":"https:\/\/tourwhales.com\/es\/wp-json\/wp\/v2\/product_tag?post=8219"}],"curies":[{"name":"wp","href":"https:\/\/api.w.org\/{rel}","templated":true}]}}