
{"id":23692,"date":"2024-11-17T17:11:25","date_gmt":"2024-11-17T17:11:25","guid":{"rendered":"https:\/\/tourwhales.com\/?post_type=product&#038;p=23692"},"modified":"2024-11-17T17:11:27","modified_gmt":"2024-11-17T17:11:27","slug":"jarabacoa-baiguate-waterfall-atv-tour-with-entry-ticket","status":"publish","type":"product","link":"https:\/\/tourwhales.com\/es\/Tours-Excursions\/dominican-republic\/jarabacoa-baiguate-waterfall-atv-tour-with-entry-ticket\/","title":{"rendered":"Jarabacoa: Baiguate Waterfall ATV Tour with Entry Ticket"},"content":{"rendered":"<p>Cuando hablamos de buggies, hablamos de un veh\u00edculo todo terreno que ofrece seguridad y facilidad de manejo, a la vez que permite al usuario un mayor contacto con el terreno y la naturaleza que le rodea durante la conducci\u00f3n. Siente la brisa, el sol, la lluvia, ve el paisaje a tu lado en un dispositivo c\u00f3modo y seguro dise\u00f1ado para disfrutar de la pista forestal y todoterreno.<\/p>\n<p>Cuando todos est\u00e9n listos, comenzaremos nuestro viaje a algunas \u00e1reas rurales del pueblo de Jarabacoa, mientras conduce su buggy por los caminos llenos de baches y el aire de monta\u00f1a del campo del centro norte del pa\u00eds le mostrar\u00e1 la belleza y la naturaleza a trav\u00e9s de esta aventura.<\/p>\n<p>Algunos de los lugares que visitar\u00e1 durante este viaje son La Confluencia, donde se encuentran los r\u00edos Jimenoa y Yaque Del Norte, Cieneguita y Monte Arriba.<\/p>\n<p>Despu\u00e9s de cabalgar durante unos 30 kil\u00f3metros, nos dirigiremos a la Cascada Baiguate para realizar una caminata de 10 minutos y nadar en piscinas naturales.<\/p>\n<p>During this part of your trip, you will be able to go swimming for about 1 hour and take a break to try out some fresh fruits harvested from Jarabacoa farmer\u2019s land every day. Baiguate has an 82 feet high fall and is the perfect place to relax a bit before going back to town.<\/p>\n<div class=\"toggle-content__content toggle-content__content--expanded toggle-content__content--packable\" data-v-59485d64=\"\">\n<div data-test-id=\"activity-full-description-text\" data-v-5835c99c=\"\">During this part of your trip, you will be able to go swimming for about 1 hour and take a break to try out some fresh fruits harvested from Jarabacoa farmer\u2019s land every day. Baiguate has an 82 feet high fall and is the perfect place to relax a bit before going back to town.<\/div>\n<\/div>\n<div class=\"toggle-content__label-placeholder\" data-v-59485d64=\"\"><\/div>","protected":false},"excerpt":{"rendered":"<div data-track=\"overview\" data-v-83a2b402=\"\">\n<section id=\"activity-overview\" class=\"activity-overview\" data-component=\"overview\" data-v-83a2b402=\"\" data-v-f3236c42=\"\">\n<p class=\"activity-overview__content\" data-test-id=\"activity-overview-content\" data-v-f3236c42=\"\">Explore the mountains of Jarabacoa on an ATV tour and go swimming with an entry ticket for Baiguate Waterfall. Splash in the water and enjoy freshly harvested fruits afterward.<\/p>\n<\/section>\n<\/div>\n<div data-track=\"key-details\" data-v-83a2b402=\"\"><\/div>","protected":false},"featured_media":23693,"template":"","meta":[],"product_cat":[1134],"product_tag":[173,1135],"class_list":["post-23692","product","type-product","status-publish","has-post-thumbnail","hentry","product_cat-dominican-republic","product_tag-excursion","product_tag-tour"],"_links":{"self":[{"href":"https:\/\/tourwhales.com\/es\/wp-json\/wp\/v2\/product\/23692","targetHints":{"allow":["GET"]}}],"collection":[{"href":"https:\/\/tourwhales.com\/es\/wp-json\/wp\/v2\/product"}],"about":[{"href":"https:\/\/tourwhales.com\/es\/wp-json\/wp\/v2\/types\/product"}],"wp:featuredmedia":[{"embeddable":true,"href":"https:\/\/tourwhales.com\/es\/wp-json\/wp\/v2\/media\/23693"}],"wp:attachment":[{"href":"https:\/\/tourwhales.com\/es\/wp-json\/wp\/v2\/media?parent=23692"}],"wp:term":[{"taxonomy":"product_cat","embeddable":true,"href":"https:\/\/tourwhales.com\/es\/wp-json\/wp\/v2\/product_cat?post=23692"},{"taxonomy":"product_tag","embeddable":true,"href":"https:\/\/tourwhales.com\/es\/wp-json\/wp\/v2\/product_tag?post=23692"}],"curies":[{"name":"wp","href":"https:\/\/api.w.org\/{rel}","templated":true}]}}