
{"id":22853,"date":"2024-11-17T15:08:24","date_gmt":"2024-11-17T15:08:24","guid":{"rendered":"https:\/\/tourwhales.com\/?post_type=product&#038;p=22853"},"modified":"2024-11-17T15:08:29","modified_gmt":"2024-11-17T15:08:29","slug":"from-samana-baiguate-waterfall-and-jarabacoa-buggy-tour","status":"publish","type":"product","link":"https:\/\/tourwhales.com\/es\/Tours-Excursions\/dominican-republic\/from-samana-baiguate-waterfall-and-jarabacoa-buggy-tour\/","title":{"rendered":"From Saman\u00e1: Baiguate Waterfall and Jarabacoa Buggy Tour"},"content":{"rendered":"<p>\u00danase a nosotros y viaje con un experto local de Jarabacoa y obtenga la experiencia \u00fanica de visitar los mejores lugares de la capital del ecoturismo comenzando desde Jarabacoa, este recorrido lo llevar\u00e1 a ver el hermoso paisaje del rancho de monta\u00f1a m\u00e1s grande de Rep\u00fablica Dominicana. Mientras conduce por los diferentes lugares, sentir\u00e1 el aire de la monta\u00f1a y disfrutar\u00e1 de la belleza del campo.<\/p>\n<p>We can get to the different locations for this tour. Buy your ticket online now and let\u2019s have fun learning about Jarabacoa and Dominican Republic culture as you travel around to the best locations of the town.<\/p>\n<p>Jarabacoa is the city of the eternal spring break because of the weather and the second most important municipality from la Vega province. According to history, Jarabacoa means \u201cplace of much water\u201d, On September 27, 1858, Jarabacoa began its life as a municipality, a category obtained after a career that came from the beginning of the 19th century. Travel with us and get to know more about the mountains, nature, culture, and people of the northern region of the Dominican Republic.<\/p>","protected":false},"excerpt":{"rendered":"<div data-track=\"overview\" data-v-83a2b402=\"\">\n<section id=\"activity-overview\" class=\"activity-overview\" data-component=\"overview\" data-v-83a2b402=\"\" data-v-f3236c42=\"\">\n<p class=\"activity-overview__content\" data-test-id=\"activity-overview-content\" data-v-f3236c42=\"\">Drive from Samana to Jarabacoa and swim at Baiguate Waterfall, then speed around on a buggy tour. Try some local food and admire the landscape of the biggest mountain range in the country.<\/p>\n<\/section>\n<\/div>\n<div data-track=\"key-details\" data-v-83a2b402=\"\"><\/div>","protected":false},"featured_media":22854,"template":"","meta":[],"product_cat":[1134],"product_tag":[173,1135],"class_list":["post-22853","product","type-product","status-publish","has-post-thumbnail","hentry","product_cat-dominican-republic","product_tag-excursion","product_tag-tour"],"_links":{"self":[{"href":"https:\/\/tourwhales.com\/es\/wp-json\/wp\/v2\/product\/22853","targetHints":{"allow":["GET"]}}],"collection":[{"href":"https:\/\/tourwhales.com\/es\/wp-json\/wp\/v2\/product"}],"about":[{"href":"https:\/\/tourwhales.com\/es\/wp-json\/wp\/v2\/types\/product"}],"wp:featuredmedia":[{"embeddable":true,"href":"https:\/\/tourwhales.com\/es\/wp-json\/wp\/v2\/media\/22854"}],"wp:attachment":[{"href":"https:\/\/tourwhales.com\/es\/wp-json\/wp\/v2\/media?parent=22853"}],"wp:term":[{"taxonomy":"product_cat","embeddable":true,"href":"https:\/\/tourwhales.com\/es\/wp-json\/wp\/v2\/product_cat?post=22853"},{"taxonomy":"product_tag","embeddable":true,"href":"https:\/\/tourwhales.com\/es\/wp-json\/wp\/v2\/product_tag?post=22853"}],"curies":[{"name":"wp","href":"https:\/\/api.w.org\/{rel}","templated":true}]}}