
{"id":18400,"date":"2024-08-13T09:08:12","date_gmt":"2024-08-13T09:08:12","guid":{"rendered":"https:\/\/tourwhales.com\/?post_type=product&#038;p=18400"},"modified":"2024-10-17T23:39:09","modified_gmt":"2024-10-17T23:39:09","slug":"5-adventures-from-samana-los-haitises-montana-redonda-el-limon-waterfall-cayo-levantado-altos-de-cano-hondo","status":"publish","type":"product","link":"https:\/\/tourwhales.com\/es\/Tours-Excursions\/hiking\/5-adventures-from-samana-los-haitises-montana-redonda-el-limon-waterfall-cayo-levantado-altos-de-cano-hondo\/","title":{"rendered":"5 Adventures from Samana &#8211; Los Haitises, Montana Redonda, El Limon Waterfall, Cayo Levantado, Altos de Cano Hondo"},"content":{"rendered":"<section class=\"wpb-content-wrapper\"><div class=\"vc_row wpb_row vc_row-fluid\" ><div class=\"wpb_column vc_column_container vc_col-sm-12\"><div class=\"vc_column-inner\"><div class=\"wpb_wrapper\"><div class=\"vc_btn3-container vc_btn3-inline\" ><a class=\"vc_general vc_btn3 vc_btn3-size-md vc_btn3-shape-rounded vc_btn3-style-modern vc_btn3-color-green\" href=\"https:\/\/bookingadventures.tours\/booking.php?tour_id=5e23e6777c99f3e8cc360d181c266535\" title=\"\">RESERVAR AHORA<\/a><\/div><div class=\"vc_empty_space\"   style=\"height: 32px\"><span class=\"vc_empty_space_inner\"><\/span><\/div><\/div><\/div><\/div><\/div><div class=\"wpb_column vc_column_container vc_col-sm-12\"><div class=\"vc_column-inner\"><div class=\"wpb_wrapper\"><\/div><\/div><\/div><div class=\"wpb_column vc_column_container vc_col-sm-12\"><div class=\"vc_column-inner\"><div class=\"wpb_wrapper\"><\/div><\/div><\/div><div class=\"vc_row wpb_row vc_row-fluid\" ><div class=\"wpb_column vc_column_container vc_col-sm-12\"><div class=\"vc_column-inner\"><div class=\"wpb_wrapper\"><div class=\"vc_empty_space\"   style=\"height: 32px\"><span class=\"vc_empty_space_inner\"><\/span><\/div><\/div><\/div><\/div><\/div><div class=\"vc_row wpb_row vc_row-fluid\" ><div class=\"wpb_column vc_column_container vc_col-sm-12\"><div class=\"vc_column-inner\"><div class=\"wpb_wrapper\">\n\t<div class=\"wpb_text_column wpb_content_element\" >\n\t\t<div class=\"wpb_wrapper\">\n\t\t\t<p><span style=\"font-weight: 400;\">Five Adventures In One From Samana<\/span><\/p>\n<p>&nbsp;<\/p>\n<p><span style=\"font-weight: 400;\">Los Haitises, Montana Redonda, El Limon Waterfall, Cayo Levantado, Altos de Cano Hondo<\/span><\/p>\n<p>&nbsp;<\/p>\n<p><b>Descripci\u00f3n general<\/b><b>\u00a0<\/b><\/p>\n<p>&nbsp;<\/p>\n<p><span style=\"font-weight: 400;\">Embark on an unforgettable journey from the bustling hub of the Dominican Republic to five magnificent attractions on the stunning Caribbean island. Your adventure will lead you to the picturesque Cayo Levantado Island, the breathtaking El Limon Waterfall, the panoramic Montana Redonda, the enchanting Los Haitises National Park, and the serene Altos de Cano Hondo.<\/span><\/p>\n<p>&nbsp;<\/p>\n<p><span style=\"font-weight: 400;\">Start your adventure on the Samana Peninsula with a scenic 50-minute bus ride to the meeting point, where you&#8217;ll embark on an unforgettable journey to El Limon Waterfall. Here, you can choose between a thrilling hike or a leisurely horseback ride. After working up an appetite, savor a delicious local lunch before continuing your adventure.<\/span><\/p>\n<p>&nbsp;<\/p>\n<p><span style=\"font-weight: 400;\">Next, head to Santa Barbara and set sail for Cayo Levantado. On this picturesque island, you&#8217;ll have the opportunity to take a refreshing swim in the crystalline waters.<\/span><\/p>\n<p>&nbsp;<\/p>\n<p><span style=\"font-weight: 400;\">As the day winds down, make your way to Monta\u00f1a Redonda for breathtaking views of the mountains and the ocean. Then, conclude your day at Altos de Cano Hondo.<\/span><\/p>\n<p>&nbsp;<\/p>\n<p><span style=\"font-weight: 400;\">The following day, prepare for an exciting excursion to Los Haitises and cross the bay to return to Samana, ending your journey with unforgettable memories.<\/span><\/p>\n<p>&nbsp;<\/p>\n<p><b>Inclusiones<\/b><\/p>\n<p><span style=\"font-weight: 400;\">Todos los impuestos, tasas y gastos de tramitaci\u00f3n<\/span><\/p>\n<p><span style=\"font-weight: 400;\">Impuestos locales<\/span><\/p>\n<p><span style=\"font-weight: 400;\">Oficiales Ecologistas gu\u00edas tur\u00edsticos Ingl\u00e9s\/Espa\u00f1ol<\/span><\/p>\n<p><span style=\"font-weight: 400;\">Hotel Pick up and Drop off<\/span><\/p>\n<p><span style=\"font-weight: 400;\">Parque Nacional Los Haitises\u00a0<\/span><\/p>\n<p><span style=\"font-weight: 400;\">Monta\u00f1a Redonda\u00a0<\/span><\/p>\n<p><span style=\"font-weight: 400;\">Altos de Cano Hondo Ecolodge \u201cAccommodation\u201d<\/span><\/p>\n<p><span style=\"font-weight: 400;\">Cascada El Lim\u00f3n\u00a0<\/span><\/p>\n<p><span style=\"font-weight: 400;\">Cayo Levantado\u00a0\u00a0<\/span><\/p>\n<p><span style=\"font-weight: 400;\">All Meals\u00a0<\/span><\/p>\n<p>&nbsp;<\/p>\n<p><b>What do you need to bring?<\/b><\/p>\n<p><span style=\"font-weight: 400;\">Swimming suit\u00a0<\/span><\/p>\n<p><span style=\"font-weight: 400;\">Beach Towell\u00a0<\/span><\/p>\n<p><span style=\"font-weight: 400;\">Clothes For Two Days<\/span><\/p>\n<p><span style=\"font-weight: 400;\">Reusable Waterbotler\u00a0<\/span><\/p>\n<p><span style=\"font-weight: 400;\">Backpack\u00a0<\/span><\/p>\n<p><span style=\"font-weight: 400;\">bolsa estanca\u00a0<\/span><\/p>\n<p><span style=\"font-weight: 400;\">crema solar\u00a0<\/span><\/p>\n<p><span style=\"font-weight: 400;\">Bugpray\u00a0<\/span><\/p>\n<p><span style=\"font-weight: 400;\">Water shoes\u00a0<\/span><\/p>\n<p><span style=\"font-weight: 400;\">Zapatos de senderismo\u00a0<\/span><\/p>\n<p>&nbsp;<\/p>\n<p><b>Exclusiones<\/b><\/p>\n<p><span style=\"font-weight: 400;\">Propinas<\/span><\/p>\n<p><span style=\"font-weight: 400;\">Bebida<\/span><\/p>\n<p><span style=\"font-weight: 400;\">\u00a0<\/span><\/p>\n<p><b>Salida y Regreso<\/b><\/p>\n<p>&nbsp;<\/p>\n<p><span style=\"font-weight: 400;\">The tour, organized by \u201cBooking Adventures\u201d starts at the meeting point set with the Tour Guide. The traveler will get a meeting point after the Reservation Process. Tours begin and Finish at our meeting points.<\/span><\/p>\n<p>&nbsp;<\/p>\n<p><b>\u00bfQue esperar?<\/b><\/p>\n<p>&nbsp;<\/p>\n<p><span style=\"font-weight: 400;\">Get your ticket for Five Adventures In One From Punta Cana, this experience will allow you to see most of the island&#8217;s biodiversity.\u00a0<\/span><\/p>\n<p>&nbsp;<\/p>\n<p><span style=\"font-weight: 400;\">Esta actividad comenzar\u00e1 desde tu recogida en tu alojamiento en cualquiera de estas zonas:<\/span><\/p>\n<ul>\n<li style=\"font-weight: 400;\" aria-level=\"1\"><span style=\"font-weight: 400;\">Las Terrenas\u00a0<\/span><\/li>\n<li style=\"font-weight: 400;\" aria-level=\"1\"><span style=\"font-weight: 400;\">Las Galeras\u00a0<\/span><\/li>\n<li style=\"font-weight: 400;\" aria-level=\"1\"><span style=\"font-weight: 400;\">S\u00e1nchez\u00a0<\/span><\/li>\n<li style=\"font-weight: 400;\" aria-level=\"1\"><span style=\"font-weight: 400;\">Santa B\u00e1rbara de Saman\u00e1<\/span><\/li>\n<\/ul>\n<p>&nbsp;<\/p>\n<h1><b>Cronograma<\/b><b>\u00a0<\/b><\/h1>\n<p><span style=\"font-weight: 400;\">Day One<\/span><\/p>\n<p>&nbsp;<\/p>\n<p><b>El limon Waterfall, Cayo Levantado, Monta\u00f1a Redonda &amp; Altos de Cano Hondo\u00a0<\/b><\/p>\n<p>&nbsp;<\/p>\n<p><span style=\"font-weight: 400;\">Starting: 6:00 am (Depending on where you are located)<\/span><\/p>\n<p>&nbsp;<\/p>\n<p><span style=\"font-weight: 400;\">Start your day with an early morning trip across Samana Bay to embark on a safari to El Limon Waterfall. You can hike or go horseback riding to reach the waterfall, making it a thrilling 2.5-hour adventure. Afterward, enjoy a satisfying lunch at Parada La Manzana.<\/span><\/p>\n<p>&nbsp;<\/p>\n<p><span style=\"font-weight: 400;\">The next stop is Cayo Levantado or Bacardi Island, where you can take a refreshing dip in the crystal-clear waters at the junction of the Caribbean Sea and Atlantic Ocean within Samana Bay. After spending a few hours here, board your final boat ride to meet your driver and head to Monta\u00f1a Redonda.<\/span><\/p>\n<p>&nbsp;<\/p>\n<p><span style=\"font-weight: 400;\">At Monta\u00f1a Redonda, hop on a safari truck to reach the hilltop, which offers breathtaking panoramic views of the Samana Peninsula and Samana Bay from a height of one thousand meters above sea level. The journey from Sabana de la Mar to Monta\u00f1a Redonda takes about an hour and forty minutes.<\/span><\/p>\n<p>&nbsp;<\/p>\n<p><span style=\"font-weight: 400;\">Conclude your experience with a bus ride to Altos de Ca\u00f1o Hondo where you will spend your night.\u00a0<\/span><\/p>\n<p>&nbsp;<\/p>\n<p><span style=\"font-weight: 400;\">Dinner at: 7:00 pm\u00a0<\/span><\/p>\n<p>&nbsp;<\/p>\n<p><span style=\"font-weight: 400;\">Itinerary days and activities are subject to change without notice due to unforeseen circumstances or events. See full terms and conditions for more information. Let us know if you have any dietary restrictions to accommodate.\u00a0<\/span><\/p>\n<p>&nbsp;<\/p>\n<p><span style=\"font-weight: 400;\">Day Two<\/span><\/p>\n<p>&nbsp;<\/p>\n<p><b>Los Haitises National Park Full Day<\/b><\/p>\n<p>&nbsp;<\/p>\n<p><span style=\"font-weight: 400;\">Starting: 8:00 am\u00a0<\/span><\/p>\n<p>&nbsp;<\/p>\n<p><span style=\"font-weight: 400;\">In the quiet tranquility of the early morning, you will be welcomed by a warm and knowledgeable local guide as the golden sun peeks over the horizon, marking the beginning of your captivating journey to Los Haitises National Park. This exhilarating day begins with a morning devoted to exploring the mesmerizing mangrove forest, which holds the prestigious title of being the second largest on the island. As you meander through this exceptional natural wonderland, you will encounter caves adorned with more than 1000 pictographs, each one a testament to the rich history and culture of the area. It&#8217;s important to note that access to these remarkable caves can only be achieved by boat, adding an extra layer of adventure to your experience.<\/span><\/p>\n<p>&nbsp;<\/p>\n<p><span style=\"font-weight: 400;\">Furthermore, your journey will also lead you to San Lorenzo Bay, where you will spend a significant portion of your time immersed in the breathtaking surroundings of Los Haitises National Park. Following this enriching exploration, a delicious lunch will refuel you for the next phase of your adventure. Subsequently, you will be chauffeured to the embarkation point for a scenic boat ride across the enchanting waters to Samana, culminating a day filled with unforgettable experiences and natural beauty.<\/span><\/p>\n<p>&nbsp;<\/p>\n<p><span style=\"font-weight: 400;\">Drop off: 6:00 pm\u00a0<\/span><\/p>\n<p>&nbsp;<\/p>\n<p><span style=\"font-weight: 400;\">Los d\u00edas del itinerario y las actividades est\u00e1n sujetos a cambios sin previo aviso debido a circunstancias o eventos imprevistos. Consulte los t\u00e9rminos y condiciones completos para obtener m\u00e1s informaci\u00f3n.<\/span><\/p>\n\n\t\t<\/div>\n\t<\/div>\n<div class=\"vc_btn3-container vc_btn3-inline\" ><a class=\"vc_general vc_btn3 vc_btn3-size-md vc_btn3-shape-rounded vc_btn3-style-modern vc_btn3-color-green\" href=\"https:\/\/bookingadventures.tours\/booking.php?slug=Five_Adventures_In_One_From_Samana\" title=\"\">RESERVAR AHORA<\/a><\/div><\/div><\/div><\/div><\/div>\n<\/section>","protected":false},"excerpt":{"rendered":"<p>This is a full pack adventure if you are in Samana and will like to make 2 days trip package with all the best places around Samana province.<\/p>\n<p>Book now or contact us for this experience with local expert guides.<\/p>","protected":false},"featured_media":12725,"template":"","meta":[],"product_cat":[946,178,927,218,934,254,255],"product_tag":[176,211,192,319,208,206,207,171,209,426,327,175,199,200],"class_list":["post-18400","product","type-product","status-publish","has-post-thumbnail","hentry","product_cat-1-sabana-de-la-mar","product_cat-hiking","product_cat-hiking-los-haitises","product_cat-kayaking","product_cat-kayaking-los-haitises","product_cat-tours-excursions-los-haitises-national-park","product_cat-tours-excursions-samana-bay-dominican-republic","product_tag-cano-hondo","product_tag-cano-hondo-hotel","product_tag-day-tour-cano-hondo","product_tag-kayak-dominican-republic","product_tag-kayaking-dominican-republic","product_tag-kayaking-los-haitises","product_tag-kayaks","product_tag-los-haitises","product_tag-los-haitises-national-park","product_tag-los-haitises-tours","product_tag-private-tours-samana","product_tag-sabana-de-la-mar","product_tag-samana-bay","product_tag-samana-excursions"],"_links":{"self":[{"href":"https:\/\/tourwhales.com\/es\/wp-json\/wp\/v2\/product\/18400","targetHints":{"allow":["GET"]}}],"collection":[{"href":"https:\/\/tourwhales.com\/es\/wp-json\/wp\/v2\/product"}],"about":[{"href":"https:\/\/tourwhales.com\/es\/wp-json\/wp\/v2\/types\/product"}],"wp:featuredmedia":[{"embeddable":true,"href":"https:\/\/tourwhales.com\/es\/wp-json\/wp\/v2\/media\/12725"}],"wp:attachment":[{"href":"https:\/\/tourwhales.com\/es\/wp-json\/wp\/v2\/media?parent=18400"}],"wp:term":[{"taxonomy":"product_cat","embeddable":true,"href":"https:\/\/tourwhales.com\/es\/wp-json\/wp\/v2\/product_cat?post=18400"},{"taxonomy":"product_tag","embeddable":true,"href":"https:\/\/tourwhales.com\/es\/wp-json\/wp\/v2\/product_tag?post=18400"}],"curies":[{"name":"wp","href":"https:\/\/api.w.org\/{rel}","templated":true}]}}