
{"id":16734,"date":"2023-11-25T10:05:43","date_gmt":"2023-11-25T10:05:43","guid":{"rendered":"https:\/\/tourwhales.com\/?post_type=product&#038;p=16734"},"modified":"2024-10-17T23:39:10","modified_gmt":"2024-10-17T23:39:10","slug":"saona-miches","status":"publish","type":"product","link":"https:\/\/tourwhales.com\/es\/Tours-Excursions\/saona-island-tour-excursion\/saona-miches\/","title":{"rendered":"Miches: Excursi\u00f3n a la Isla Saona desde Miches"},"content":{"rendered":"<section class=\"wpb-content-wrapper\"><div class=\"vc_row wpb_row vc_row-fluid\" ><div class=\"wpb_column vc_column_container vc_col-sm-12\"><div class=\"vc_column-inner\"><div class=\"wpb_wrapper\"><div class=\"mkdf-section-title-holder\" style=\"text-align: left\">\n\t<div class=\"mkdf-st-inner\">\n\t\t\t\t\t<h5 class=\"mkdf-st-subtitle\" >\n\t\t\t\tDesde Bayah\u00edbe\t\t\t<\/h5>\n\t\t\t\t\t\t\t<h3 class=\"mkdf-st-title\" >\n\t\t\t\tIsla Saona\t\t\t<\/h3>\n\t\t\t\t\t\t\t<p class=\"mkdf-st-text\" >\n\t\t\t\tNota: Este tour inicia a las 9:00 am desde el puerto de Bayahibe. P\u00f3ngase en contacto con nosotros si se encuentra en Punta Cana o Santo Domingo y necesita un traslado.\t\t\t<\/p>\n\t\t\t<\/div>\n<\/div><\/div><\/div><\/div><\/div><div class=\"vc_row wpb_row vc_row-fluid\" ><div class=\"wpb_column vc_column_container vc_col-sm-12\"><div class=\"vc_column-inner\"><div class=\"wpb_wrapper\"><div class=\"vc_empty_space\"   style=\"height: 32px\"><span class=\"vc_empty_space_inner\"><\/span><\/div><\/div><\/div><\/div><\/div><div class=\"vc_row wpb_row vc_row-fluid\" ><div class=\"wpb_column vc_column_container vc_col-sm-12\"><div class=\"vc_column-inner\"><div class=\"wpb_wrapper\"><div class=\"vc_btn3-container vc_btn3-inline\" ><a class=\"vc_general vc_btn3 vc_btn3-size-md vc_btn3-shape-rounded vc_btn3-style-modern vc_btn3-color-green\" href=\"https:\/\/bookingadventures.tours\/booking.php?slug=_Saona_Island_Tour_From_Miches\" title=\"\">RESERVAR AHORA<\/a><\/div>\n\t<div class=\"wpb_text_column wpb_content_element\" >\n\t\t<div class=\"wpb_wrapper\">\n\t\t\t<h1><span style=\"font-weight: 400;\">Miches: Excursi\u00f3n a la Isla Saona desde Miches<\/span><\/h1>\n<p>&nbsp;<\/p>\n<p><b>Descripci\u00f3n general<\/b><span style=\"font-weight: 400;\">\u00a0<\/span><\/p>\n<p>&nbsp;<\/p>\n<p><span style=\"font-weight: 400;\">Saona Island is a stunning natural paradise located off the coast of the Dominican Republic. With its crystal-clear turquoise waters, white sandy beaches, and abundance of wildlife, it&#8217;s a must-visit destination for nature lovers. The island is part of the East National Park, which is a protected area that showcases the region&#8217;s unique ecology.\u00a0<\/span><\/p>\n<p><span style=\"font-weight: 400;\">Saona Island is home to a variety of plant and animal species, including colorful coral reefs, tropical fish, and endangered sea turtles. Visitors can explore the island&#8217;s natural wonders by snorkeling, diving, or taking a boat tour around its coastline. The island also offers opportunities for bird watching, as it&#8217;s a habitat for numerous bird species, including the vibrant pink flamingos. Saona Island&#8217;s untouched beauty and serene atmosphere make it a perfect escape from the hustle and bustle of everyday life. Whether you&#8217;re lounging on the beach, swimming in its crystal waters, or simply enjoying the stunning views, Saona Island is a nature lover&#8217;s dream come true.<\/span><\/p>\n<p>&nbsp;<\/p>\n<p><span style=\"font-weight: 400;\">During this experience from Miches area you will get a ride to Sabana de la Mar before heading to Bayahibe where we are starting this excursion, the activity is taking around the southeast coast of Dominican Republic, while navigating on your speed boat or Catamaran enjoy the crystal water of the Caribbean Sea, here you will get to snorkel and have some fresh Dominican lunch.<\/span><\/p>\n<p>&nbsp;<\/p>\n<p><b>Inclusiones<\/b><\/p>\n<p><span style=\"font-weight: 400;\">Todos los impuestos, tasas y gastos de tramitaci\u00f3n<\/span><\/p>\n<p><span style=\"font-weight: 400;\">Impuestos locales<\/span><\/p>\n<p><span style=\"font-weight: 400;\">Oficiales Ecologistas gu\u00edas tur\u00edsticos Ingl\u00e9s\/Espa\u00f1ol<\/span><\/p>\n<p><span style=\"font-weight: 400;\">Transporte local<\/span><\/p>\n<p><span style=\"font-weight: 400;\">Lancha r\u00e1pida<\/span><\/p>\n<p><span style=\"font-weight: 400;\">Catamar\u00e1n\u00a0\u00a0<\/span><\/p>\n<p><span style=\"font-weight: 400;\">Almuerzo Local\u00a0<\/span><\/p>\n<p>&nbsp;<\/p>\n<p><b>Exclusiones<\/b><\/p>\n<p>&nbsp;<\/p>\n<p><span style=\"font-weight: 400;\">Propinas<\/span><\/p>\n<p><span style=\"font-weight: 400;\">Bebida<\/span><\/p>\n<p><span style=\"font-weight: 400;\">\u00a0<\/span><\/p>\n<p>&nbsp;<\/p>\n<p><b>Salida y Regreso<\/b><\/p>\n<p>&nbsp;<\/p>\n<p><span style=\"font-weight: 400;\">El recorrido, organizado por \u201cBooking Adventures\u201d, comienza en el punto de encuentro fijado con el Gu\u00eda Tur\u00edstico. El viajero obtendr\u00e1 un punto de encuentro luego del Proceso de Reserva. Los tours comienzan y terminan en nuestros puntos de encuentro.<\/span><\/p>\n<p>&nbsp;<\/p>\n<p><b>\u00bfQue esperar?<\/b><\/p>\n<p>&nbsp;<\/p>\n<p><span style=\"font-weight: 400;\">Get your ticket for Searching For The\u00a0 Samana: Saona Island Tour From Samana , this experience will give you the opportunity to see most of the biodiversity of the island.\u00a0<\/span><\/p>\n<p>&nbsp;<\/p>\n<p><span style=\"font-weight: 400;\">Esta actividad comenzar\u00e1 desde tu recogida en tu alojamiento en cualquiera de estas zonas:<\/span><\/p>\n<ul>\n<li style=\"font-weight: 400;\" aria-level=\"1\"><span style=\"font-weight: 400;\">Saman\u00e1<\/span><\/li>\n<li style=\"font-weight: 400;\" aria-level=\"1\"><span style=\"font-weight: 400;\">Miches<\/span><\/li>\n<li style=\"font-weight: 400;\" aria-level=\"1\"><span style=\"font-weight: 400;\">La Romana\u00a0<\/span><\/li>\n<li style=\"font-weight: 400;\" aria-level=\"1\"><span style=\"font-weight: 400;\">Bayah\u00edbe\u00a0<\/span><\/li>\n<li style=\"font-weight: 400;\" aria-level=\"1\"><span style=\"font-weight: 400;\">sabana de la mar<\/span><\/li>\n<\/ul>\n<h4><b>Cronograma<\/b><b>\u00a0<\/b><\/h4>\n<p>&nbsp;<\/p>\n<p><b>Bayahibe, Catamaran Ride and Hotel Pick Up\u00a0<\/b><\/p>\n<p>&nbsp;<\/p>\n<p><span style=\"font-weight: 400;\">Hotel pick up: 7:00 am<\/span><\/p>\n<p>&nbsp;<\/p>\n<p><span style=\"font-weight: 400;\">This is going to be an early morning to pick you up from your hotel and drive you to Sabana de la Mar before heading to Bayahibe, here we might be meeting more people who are doing the same trip., when we get to Sabana de la Mar our local expert will go over the itinerary for the rest of the day. A second ride will be taking us to Bayahibe where finally we are taking the catamaran, the ride from Sabana de la Mar to Bayahibe is two hours.<\/span><\/p>\n<p><span style=\"font-weight: 400;\">Once we get to Bayahibe we\u2019ll board our Catamaran and head to Saona Island during this ride you will be surrounded by crystal water blue color unique to the magic from the Caribbean sea. At the island is where you\u2019ll be having some fresh local lunch, snorkeling and some time for a siesta.\u00a0<\/span><\/p>\n<p>&nbsp;<\/p>\n<p><span style=\"font-weight: 400;\">After a break we are going aboard a Catamaran and heading to the Natural Pools jump one last time in the water before heading back to Bayahibe. This activity will take you from the northeast to the southeast of the country, getting to explore two different regions of the country.<\/span><\/p>\n<p>&nbsp;<\/p>\n<p><span style=\"font-weight: 400;\">When you finish the Catamaran we take you back to your original place, which means our staff stay with you until the end of the day.\u00a0<\/span><\/p>\n<p>&nbsp;<\/p>\n<p><span style=\"font-weight: 400;\">Los d\u00edas del itinerario y las actividades est\u00e1n sujetos a cambios sin previo aviso debido a circunstancias o eventos imprevistos. Consulte los t\u00e9rminos y condiciones completos para obtener m\u00e1s informaci\u00f3n.<\/span><\/p>\n<h4><b><i>Recogida en el hotel <\/i><\/b><\/h4>\n<p><span style=\"font-weight: 400;\">Hotel pick-up is offered for this tour in Miches areas.\u00a0<\/span><\/p>\n<p>&nbsp;<\/p>\n<p><b>Nota:<\/b><span style=\"font-weight: 400;\"> Si realiza la reserva dentro de las 24 horas anteriores a la hora de salida del tour\/excursi\u00f3n, podemos organizar la recogida en el hotel con cargos adicionales. Una vez que se complete su compra, le enviaremos la informaci\u00f3n de contacto completa (n\u00famero de tel\u00e9fono, direcci\u00f3n de correo electr\u00f3nico, etc.) para que nuestro gu\u00eda tur\u00edstico local organice los arreglos de recogida.<\/span><\/p>\n<h4><b><i>Confirmaci\u00f3n de informaci\u00f3n adicional <\/i><\/b><\/h4>\n<ol>\n<li>Los boletos son el Recibo despu\u00e9s de pagar este Tour. Puede mostrar el pago en su tel\u00e9fono.<\/li>\n<li style=\"font-weight: 400;\"><span style=\"font-weight: 400;\">El Punto de Encuentro se recibir\u00e1 Despu\u00e9s del Proceso de Reserva.<\/span><\/li>\n<li style=\"font-weight: 400;\"><span style=\"font-weight: 400;\">Los ni\u00f1os deben estar acompa\u00f1ados por un adulto.<\/span><\/li>\n<li style=\"font-weight: 400;\"><span style=\"font-weight: 400;\">silla de ruedas accesible <\/span><\/li>\n<li style=\"font-weight: 400;\"><span style=\"font-weight: 400;\">Los beb\u00e9s deben sentarse en el regazo <\/span><\/li>\n<li style=\"font-weight: 400;\"><span style=\"font-weight: 400;\">La mayor\u00eda de los viajeros pueden participar<\/span><\/li>\n<\/ol>\n<h4><b><i>Pol\u00edtica de cancelaci\u00f3n<\/i><\/b><\/h4>\n<p>Para obtener un reembolso completo, lea nuestras Pol\u00edticas de cancelaci\u00f3n\u00a0<a href=\"https:\/\/tourwhales.com\/es\/online-booking\/\" target=\"_blank\" rel=\"noopener\" data-saferedirecturl=\"https:\/\/www.google.com\/url?q=https:\/\/tourwhales.com\/online-booking\/&amp;source=gmail&amp;ust=1672529771100000&amp;usg=AOvVaw2NIGJBZ0qjB5RhPUl5Obc7\">haga clic aqu\u00ed<\/a>. Los fondos se perder\u00e1n si la reserva se cancela el mismo d\u00eda del viaje.<\/p>\n\n\t\t<\/div>\n\t<\/div>\n<\/div><\/div><\/div><\/div><div class=\"vc_row wpb_row vc_row-fluid\" ><div class=\"wpb_column vc_column_container vc_col-sm-12\"><div class=\"vc_column-inner\"><div class=\"wpb_wrapper\"><div class=\"vc_btn3-container vc_btn3-inline\" ><a class=\"vc_general vc_btn3 vc_btn3-size-md vc_btn3-shape-rounded vc_btn3-style-modern vc_btn3-color-green\" href=\"https:\/\/bookingadventures.tours\/booking.php?slug=_Saona_Island_Tour_From_Miches\" title=\"\">RESERVAR AHORA<\/a><\/div><\/div><\/div><\/div><\/div><div class=\"vc_row wpb_row vc_row-fluid\" ><div class=\"wpb_column vc_column_container vc_col-sm-12\"><div class=\"vc_column-inner\"><div class=\"wpb_wrapper\"><div class=\"vc_empty_space\"   style=\"height: 32px\"><span class=\"vc_empty_space_inner\"><\/span><\/div>\n\t<div class=\"wpb_video_widget wpb_content_element vc_clearfix   vc_video-aspect-ratio-169 vc_video-el-width-100 vc_video-align-left\" >\n\t\t<div class=\"wpb_wrapper\">\n\t\t\t<h2 class=\"wpb_heading wpb_video_heading\">Video de Tours y Excursiones a la Isla Saona:<\/h2>\n\t\t\t<div class=\"wpb_video_wrapper\"><iframe loading=\"lazy\" title=\"Isla Saola Full day por Booking Adventures, Viajes Rep\u00fablica Dominicana\" width=\"1100\" height=\"619\" src=\"https:\/\/www.youtube.com\/embed\/sas91N4zMHo?feature=oembed\" frameborder=\"0\" allow=\"accelerometer; autoplay; encrypted-media; gyroscope; picture-in-picture\" allowfullscreen><\/iframe><\/div>\n\t\t<\/div>\n\t<\/div>\n<div class=\"vc_empty_space\"   style=\"height: 32px\"><span class=\"vc_empty_space_inner\"><\/span><\/div><\/div><\/div><\/div><\/div><div class=\"vc_row wpb_row vc_row-fluid\" ><\/div><div class=\"wpb_column vc_column_container vc_col-sm-12\"><div class=\"vc_column-inner\"><div class=\"wpb_wrapper\"><\/div><\/div><\/div><div class=\"vc_empty_space\"   style=\"height: 32px\"><span class=\"vc_empty_space_inner\"><\/span><\/div><div class=\"vc_empty_space\"   style=\"height: 32px\"><span class=\"vc_empty_space_inner\"><\/span><\/div>\n<\/section>","protected":false},"excerpt":{"rendered":"<p>A day pass to Saona Island from Miches to Bayahibe Port. Lunch and natural pools included. This activity has been collected in Miches. In case of need, transfer from anywhere in the Dominican Republic. Just contact us and let&#8217;s have the best experience on Saona Island.<\/p>\n<p><strong>Selecciona la fecha para el tour:<\/strong><\/p>","protected":false},"featured_media":8690,"template":"","meta":[],"product_cat":[948,258],"product_tag":[400,244,242,395,272,222,241,243,315,398,397,314],"class_list":["post-16734","product","type-product","status-publish","has-post-thumbnail","hentry","product_cat-1-punta-cana","product_cat-saona-island-tour-excursion","product_tag-all-inclusive-trip-to-saona-island-by-speedboat-catamaran","product_tag-bayahibe","product_tag-catamaran","product_tag-how-to-get-to-saona-island","product_tag-isla-saona","product_tag-punta-cana","product_tag-saona","product_tag-saona-island","product_tag-saona-island-excursion","product_tag-saona-island-hotels","product_tag-saona-island-snorkeling","product_tag-saona-island-tour"],"_links":{"self":[{"href":"https:\/\/tourwhales.com\/es\/wp-json\/wp\/v2\/product\/16734","targetHints":{"allow":["GET"]}}],"collection":[{"href":"https:\/\/tourwhales.com\/es\/wp-json\/wp\/v2\/product"}],"about":[{"href":"https:\/\/tourwhales.com\/es\/wp-json\/wp\/v2\/types\/product"}],"wp:featuredmedia":[{"embeddable":true,"href":"https:\/\/tourwhales.com\/es\/wp-json\/wp\/v2\/media\/8690"}],"wp:attachment":[{"href":"https:\/\/tourwhales.com\/es\/wp-json\/wp\/v2\/media?parent=16734"}],"wp:term":[{"taxonomy":"product_cat","embeddable":true,"href":"https:\/\/tourwhales.com\/es\/wp-json\/wp\/v2\/product_cat?post=16734"},{"taxonomy":"product_tag","embeddable":true,"href":"https:\/\/tourwhales.com\/es\/wp-json\/wp\/v2\/product_tag?post=16734"}],"curies":[{"name":"wp","href":"https:\/\/api.w.org\/{rel}","templated":true}]}}