
{"id":16643,"date":"2023-11-06T07:14:14","date_gmt":"2023-11-06T07:14:14","guid":{"rendered":"https:\/\/tourwhales.com\/?post_type=product&#038;p=16643"},"modified":"2024-10-17T23:39:10","modified_gmt":"2024-10-17T23:39:10","slug":"los-haitises-cueva-el-naranjo-y-laguna-cristal-from-samana","status":"publish","type":"product","link":"https:\/\/tourwhales.com\/es\/Tours-Excursions\/haitises\/los-haitises-cueva-el-naranjo-y-laguna-cristal-from-samana\/","title":{"rendered":"Los Haitises: Cueva el Naranjo y Laguna Cristal de Saman\u00e1"},"content":{"rendered":"<section class=\"wpb-content-wrapper\"><div class=\"vc_row wpb_row vc_row-fluid\" ><div class=\"wpb_column vc_column_container vc_col-sm-12\"><div class=\"vc_column-inner\"><div class=\"wpb_wrapper\">\n\t<div class=\"wpb_text_column wpb_content_element\" >\n\t\t<div class=\"wpb_wrapper\">\n\t\t\t<h2><span style=\"font-weight: 400;\">Los Haitises: Cueva el Naranjo y Laguna Cristal<\/span><\/h2>\n<p>&nbsp;<\/p>\n<p><b>Descripci\u00f3n general<\/b><span style=\"font-weight: 400;\">\u00a0<\/span><\/p>\n<p>&nbsp;<\/p>\n<p><span style=\"font-weight: 400;\">El Parque Nacional Los Haitises es un tesoro natural de la Rep\u00fablica Dominicana donde se encuentran 25% de agua dulce en La Espa\u00f1ola, durante esta experiencia recorreremos algunos de los lugares m\u00e1s importantes de este incre\u00edble parque. Obtenga su boleto para explorar la cueva Ojo de Cielo, la Laguna Cristal, el r\u00edo Barracote y la Bah\u00eda de Saman\u00e1.\u00a0<\/span><\/p>\n<p>&nbsp;<\/p>\n<p><span style=\"font-weight: 400;\">Desde el punto de vista hidrogr\u00e1fico<\/span><span style=\"font-weight: 400;\">, Los Haitises y sus \u00e1reas de influencia comprenden dos regiones: la cuenca baja del r\u00edo Yuna y la zona de Miches y Sabana de la Mar. El Yuna desagua por dos desembocaduras: la del propio Yuna y la del Barracote. Adem\u00e1s, en la zona se encuentran los r\u00edos Payabo, Los Cocos y Naranjo, y los canales Cabirma, Estero, Prieto y otros.<\/span><\/p>\n<p>&nbsp;<\/p>\n<p><span style=\"font-weight: 400;\">Sobre el paisaje de Los Haitises,<\/span><span style=\"font-weight: 400;\"> adem\u00e1s de las cuevas, se encuentran Ca\u00f1o Hondo, Punta Arena, Ca\u00f1o Salado, Bah\u00eda de San Lorenzo y Cayo de los P\u00e1jaros, que son elementos paisaj\u00edsticos muy impresionantes. Este \u00faltimo, ubicado entre Boca del Infierno y El Naranjo Arriba, es f\u00e1cilmente reconocible por la presencia casi permanente de tijeretas y pel\u00edcanos.<\/span><\/p>\n<p>&nbsp;<\/p>\n<p><span style=\"font-weight: 400;\">Sobre la ciudad de S\u00e1nchez,<\/span><span style=\"font-weight: 400;\"> Anteriormente era un peque\u00f1o pueblo llamado Las Ca\u00f1itas, pero en 1888 fue elevado a la categor\u00eda de municipio que lleva el nombre de uno de los fundadores de la Rep\u00fablica Dominicana, Francisco del Rosario S\u00e1nchez. Creci\u00f3 en importancia y poblaci\u00f3n tras el establecimiento del ferrocarril en 1865. Esta l\u00ednea se extendi\u00f3 hasta la regi\u00f3n central del Cibao, convirtiendo a esta peque\u00f1a comunidad caribe\u00f1a en el puerto m\u00e1s importante del pa\u00eds desde finales del siglo XIX hasta principios del siglo XIX. pr\u00f3ximo siglo. .<\/span><\/p>\n<p>&nbsp;<\/p>\n<p><span style=\"font-weight: 400;\">Sobre Laguna Cristal,<\/span><span style=\"font-weight: 400;\"> Laguna Cristal es una hermosa fuente de agua dulce a las puertas del Parque Nacional Los Haitises, al norte de la provincia de Monte Plata, que posee una belleza \u00fanica por sus atractivos naturales y la paz que nos brinda. La laguna se alimenta de aguas subterr\u00e1neas que provienen del parque vecino. De la laguna emerge un peque\u00f1o r\u00edo navegable por unos cientos de metros que alimenta el r\u00edo Barracote, que luego desemboca en la Bah\u00eda de San Lorenzo. Tendr\u00eda unos 200 metros de profundidad y 70 metros de di\u00e1metro.\u00a0<\/span><\/p>\n<p>&nbsp;<\/p>\n<p><span style=\"font-weight: 400;\">Cueva del Naranjo<\/span><span style=\"font-weight: 400;\">, El R\u00edo El Naranjo, navegable a pesar de su longitud de 120 metros, nace en una caverna y puede ser considerado una joya de la naturaleza en el Parque Nacional Los Haitises, Es un atractivo digno de conocer, que permite apreciar el r\u00edo m\u00e1s corto de la zona. isla, En un bote puedes llegar al final de la cueva de donde proviene el agua. La cueva es reservorio de murci\u00e9lagos y vencejos y en sus aguas habitan especies de peces aut\u00f3ctonos, que en otros r\u00edos y arroyos son cosa del pasado, como guabinas, dajaos, carpias, camarones y cangrejos.<\/span><\/p>\n<p>&nbsp;<\/p>\n<p><b>Inclusiones<\/b><\/p>\n<p><span style=\"font-weight: 400;\">Todos los impuestos, tasas y gastos de tramitaci\u00f3n<\/span><\/p>\n<p><span style=\"font-weight: 400;\">Impuestos locales<\/span><\/p>\n<p><span style=\"font-weight: 400;\">Oficiales Ecologistas gu\u00edas tur\u00edsticos Ingl\u00e9s\/Espa\u00f1ol<\/span><\/p>\n<p><span style=\"font-weight: 400;\">Transporte Local (Recogida en Hotel)<\/span><\/p>\n<p><span style=\"font-weight: 400;\">Lancha r\u00e1pida<\/span><\/p>\n<p><span style=\"font-weight: 400;\">Almuerzo Local<\/span><\/p>\n<p><span style=\"font-weight: 400;\">Laguna Cristal\u00a0\u00a0<\/span><\/p>\n<p><span style=\"font-weight: 400;\">cueva del naranjo\u00a0<\/span><\/p>\n<p>&nbsp;<\/p>\n<p><b>Exclusiones<\/b><\/p>\n<p>&nbsp;<\/p>\n<p><span style=\"font-weight: 400;\">Propinas<\/span><\/p>\n<p><span style=\"font-weight: 400;\">Bebida<\/span><\/p>\n<p><span style=\"font-weight: 400;\">\u00a0<\/span><\/p>\n<p>&nbsp;<\/p>\n<p><b>Salida y Regreso<\/b><\/p>\n<p><span style=\"font-weight: 400;\">El recorrido, organizado por \u201cBooking Adventures\u201d, comienza en el punto de encuentro fijado con el Gu\u00eda Tur\u00edstico. El viajero obtendr\u00e1 un punto de encuentro luego del Proceso de Reserva. Los tours comienzan y terminan en nuestros puntos de encuentro.<\/span><\/p>\n<p>&nbsp;<\/p>\n<p><b>\u00bfQue esperar?<\/b><\/p>\n<p><span style=\"font-weight: 400;\">Consigue tu entrada para Searching For The Los Haitises: Los Haitises: Cueva el Naranjo y Laguna Cristal, esta experiencia te dar\u00e1 la oportunidad de ver la mayor parte de la biodiversidad de la isla.\u00a0<\/span><\/p>\n<p>&nbsp;<\/p>\n<p><span style=\"font-weight: 400;\">Esta actividad comenzar\u00e1 desde tu recogida en tu alojamiento en cualquiera de estas zonas:<\/span><\/p>\n<ul>\n<li style=\"font-weight: 400;\" aria-level=\"1\"><span style=\"font-weight: 400;\">Las Terrenas\u00a0<\/span><\/li>\n<li style=\"font-weight: 400;\" aria-level=\"1\"><span style=\"font-weight: 400;\">S\u00e1nchez\u00a0<\/span><\/li>\n<li style=\"font-weight: 400;\" aria-level=\"1\"><span style=\"font-weight: 400;\">Las Galeras<\/span><\/li>\n<li style=\"font-weight: 400;\" aria-level=\"1\"><span style=\"font-weight: 400;\">Santa B\u00e1rbara de Saman\u00e1\u00a0<\/span><\/li>\n<\/ul>\n<h3><b>Cronograma<\/b><b>\u00a0<\/b><\/h3>\n<p><b>Sanchez Samana, Nadando en Laguna Cristal y El Naranjo River &amp; Caves\u00a0<\/b><\/p>\n<p>&nbsp;<\/p>\n<p><span style=\"font-weight: 400;\">Recojo del hotel: inicia 7:00 am (Dependiendo de d\u00f3nde se encuentre). Hay diferentes opciones de horarios en el formulario de reserva. El recorrido es de 8 horas.\u00a0<\/span><\/p>\n<p>&nbsp;<\/p>\n<p><span style=\"font-weight: 400;\">Ser\u00e1 temprano en la ma\u00f1ana para recogerlo de su hotel y llevarlo a nuestro punto de encuentro en S\u00e1nchez Saman\u00e1, donde se reunir\u00e1 con su gu\u00eda tur\u00edstico local antes de repasar el itinerario para el resto del d\u00eda.\u00a0<\/span><\/p>\n<p>&nbsp;<\/p>\n<p><span style=\"font-weight: 400;\">Cuando est\u00e9s listo, abordaremos nuestra lancha r\u00e1pida para dirigirnos a El Naranjo, que es la primera parada del d\u00eda, donde ingresaremos a la cueva en bote y nadaremos en el agua dulce del r\u00edo m\u00e1s corto de la isla.\u00a0<\/span><\/p>\n<p>&nbsp;<\/p>\n<p><span style=\"font-weight: 400;\">Su segundo paseo en bote ser\u00e1 por el r\u00edo Barracote para llegar a Laguna Cristal. Tendremos que navegar por uno de los r\u00edos m\u00e1s caudalosos del noreste del pa\u00eds. En \u00c1rea Cristal tendremos un descanso para almorzar antes de saltar al agua.<\/span><\/p>\n<p>&nbsp;<\/p>\n<p><span style=\"font-weight: 400;\">Despu\u00e9s de probar un almuerzo local, tomaremos una siesta junto a la Laguna Cristal y luego iremos a nadar, antes de regresar a S\u00e1nchez Saman\u00e1.\u00a0<\/span><\/p>\n<p>&nbsp;<\/p>\n<p><span style=\"font-weight: 400;\">Regreso al hotel: 4:00 pm o m\u00e1s tarde dependiendo de la hora en que inici\u00f3 el viaje. El recorrido es de 8 horas en total.\u00a0<\/span><\/p>\n<p>&nbsp;<\/p>\n<p><span style=\"font-weight: 400;\">Los d\u00edas del itinerario y las actividades est\u00e1n sujetos a cambios sin previo aviso debido a circunstancias o eventos imprevistos. Consulte los t\u00e9rminos y condiciones completos para obtener m\u00e1s informaci\u00f3n.<\/span><\/p>\n\n\t\t<\/div>\n\t<\/div>\n<\/div><\/div><\/div><\/div>\n<\/section>","protected":false},"excerpt":{"rendered":"<p>Visitando el R\u00edo Naranjo con la cueva y la Laguna Cristal en el Parque Nacional Los Haitises con un gu\u00eda tur\u00edstico experto local. El almuerzo y el transporte est\u00e1n incluidos en la provincia de Saman\u00e1.<\/p>","protected":false},"featured_media":16644,"template":"","meta":[],"product_cat":[1096],"product_tag":[1097],"class_list":["post-16643","product","type-product","status-publish","has-post-thumbnail","hentry","product_cat-haitises","product_tag-haitises"],"_links":{"self":[{"href":"https:\/\/tourwhales.com\/es\/wp-json\/wp\/v2\/product\/16643","targetHints":{"allow":["GET"]}}],"collection":[{"href":"https:\/\/tourwhales.com\/es\/wp-json\/wp\/v2\/product"}],"about":[{"href":"https:\/\/tourwhales.com\/es\/wp-json\/wp\/v2\/types\/product"}],"wp:featuredmedia":[{"embeddable":true,"href":"https:\/\/tourwhales.com\/es\/wp-json\/wp\/v2\/media\/16644"}],"wp:attachment":[{"href":"https:\/\/tourwhales.com\/es\/wp-json\/wp\/v2\/media?parent=16643"}],"wp:term":[{"taxonomy":"product_cat","embeddable":true,"href":"https:\/\/tourwhales.com\/es\/wp-json\/wp\/v2\/product_cat?post=16643"},{"taxonomy":"product_tag","embeddable":true,"href":"https:\/\/tourwhales.com\/es\/wp-json\/wp\/v2\/product_tag?post=16643"}],"curies":[{"name":"wp","href":"https:\/\/api.w.org\/{rel}","templated":true}]}}