
{"id":14291,"date":"2022-11-02T08:35:02","date_gmt":"2022-11-02T08:35:02","guid":{"rendered":"https:\/\/tourwhales.com\/?post_type=product&#038;p=14291"},"modified":"2024-10-17T23:39:11","modified_gmt":"2024-10-17T23:39:11","slug":"punta-cana-los-haitises-national-park-yanigua-waterfalls-montana-redonda","status":"publish","type":"product","link":"https:\/\/tourwhales.com\/es\/Tours-Excursions\/caves\/punta-cana-los-haitises-national-park-yanigua-waterfalls-montana-redonda\/","title":{"rendered":"Punta Cana: Parque Nacional Los Haitises, Cataratas Yanigua y Monta\u00f1a Redonda"},"content":{"rendered":"<section class=\"wpb-content-wrapper\"><div class=\"vc_row wpb_row vc_row-fluid\" ><div class=\"wpb_column vc_column_container vc_col-sm-12\"><div class=\"vc_column-inner\"><div class=\"wpb_wrapper\"><div class=\"mkdf-section-title-holder\" style=\"text-align: left\">\n\t<div class=\"mkdf-st-inner\">\n\t\t\t\t\t<h5 class=\"mkdf-st-subtitle\" >\n\t\t\t\tTransporte y Almuerzo Incluido\t\t\t<\/h5>\n\t\t\t\t\t\t\t<h3 class=\"mkdf-st-title\" >\n\t\t\t\tPunta Cana: Parque Nacional Los Haitises, Cataratas Yanigua y Monta\u00f1a Redonda\t\t\t<\/h3>\n\t\t\t\t\t<\/div>\n<\/div><\/div><\/div><\/div><\/div><div class=\"vc_row wpb_row vc_row-fluid\" ><div class=\"wpb_column vc_column_container vc_col-sm-12\"><div class=\"vc_column-inner\"><div class=\"wpb_wrapper\"><div class=\"vc_btn3-container vc_btn3-inline\" ><a class=\"vc_general vc_btn3 vc_btn3-size-md vc_btn3-shape-rounded vc_btn3-style-modern vc_btn3-color-green\" href=\"https:\/\/bookingadventures.tours\/booking.php?tour_id=8081df21d5fc51981b39e270d99ab5ab\" title=\"\">RESERVAR AHORA <\/a><\/div>\n\t<div class=\"wpb_text_column wpb_content_element\" >\n\t\t<div class=\"wpb_wrapper\">\n\t\t\t<h3>Punta Cana: Parque Nacional Los Haitises, Cataratas Yanigua y Monta\u00f1a Redonda<\/h3>\n<h4><b><i>Descripci\u00f3n general <\/i><\/b><\/h4>\n<p>Excursi\u00f3n al Parque Nacional Los Haitises desde Punta Cana Excursi\u00f3n de un d\u00eda. A partir de su hotel en Punta Cana o B\u00e1varo. Conduciremos con nuestro gu\u00eda tur\u00edstico a Montana Redonda. Donde tienes tiempo para tomar fotos incre\u00edbles desde una de las vistas m\u00e1s impresionantes de la Rep\u00fablica Dominicana. Despu\u00e9s de esta primera parada, continuamos visitando el Parque Nacional Los Haitises, algunos bocadillos y bebidas t\u00edpicas mientras recorremos manglares, cuevas y famosas islas rocosas como en Jurassic Park. Despu\u00e9s de visitar el Parque Nacional Los Haitises, el almuerzo nos espera en las cascadas de Yanigua. Despu\u00e9s del almuerzo local y gastron\u00f3mico local, debe tener tiempo para nadar en las piscinas naturales \u00fanicas, el agua proviene del Parque Nacional Los Haitises.<\/p>\n<p>Despu\u00e9s de esta experiencia, regresar\u00e1 a la comunidad de Punta Cana desde donde lo recogeremos.<\/p>\n<ul>\n<li style=\"font-weight: 400;\">Tarifas incluidas<\/li>\n<li>Almuerzo<\/li>\n<li>Meriendas<\/li>\n<li style=\"font-weight: 400;\">Gu\u00eda tur\u00edstico local en ingl\u00e9s o franc\u00e9s.<\/li>\n<li>Transportaci\u00f3n<\/li>\n<li>Viaje en barco<\/li>\n<li>Monta\u00f1a Redonda<\/li>\n<li>Cascada Yanigua<\/li>\n<\/ul>\n<p>&nbsp;<\/p>\n<h4><b>Inclusiones y Exclusiones<\/b><\/h4>\n<p>&nbsp;<\/p>\n<p><b>Inclusiones<\/b><\/p>\n<ol>\n<li style=\"font-weight: 400;\">Tour Los Haitises + Cuevas y Pictograf\u00edas<\/li>\n<li>Monta\u00f1a Redonda<\/li>\n<li>Cascadas de Yanigua<\/li>\n<li>Almuerzo<\/li>\n<li>Recogida en Hoteles Zonas de Punta Cana.<\/li>\n<li style=\"font-weight: 400;\"><span style=\"font-weight: 400;\">Todos los impuestos, tasas y gastos de tramitaci\u00f3n<\/span><\/li>\n<li style=\"font-weight: 400;\"><span style=\"font-weight: 400;\">Impuestos locales<\/span><\/li>\n<li style=\"font-weight: 400;\"><span style=\"font-weight: 400;\">Bebidas<\/span><\/li>\n<li>Meriendas<\/li>\n<li style=\"font-weight: 400;\"><span style=\"font-weight: 400;\">Todas las actividades<\/span><\/li>\n<li style=\"font-weight: 400;\"><span style=\"font-weight: 400;\">Gu\u00eda local<\/span><\/li>\n<\/ol>\n<p><b> Exclusiones<\/b><\/p>\n<ol>\n<li style=\"font-weight: 400;\"><span style=\"font-weight: 400;\">Propinas<\/span><\/li>\n<li style=\"font-weight: 400;\"><span style=\"font-weight: 400;\">Bebidas alcoh\u00f3licas<\/span><\/li>\n<\/ol>\n<p>&nbsp;<\/p>\n<h4><em><strong>Salida y Regreso<\/strong><\/em><\/h4>\n<p><span style=\"font-weight: 400;\">El viajero obtendr\u00e1 un punto de encuentro despu\u00e9s del Proceso de Reserva. Los tours comienzan y terminan en sus puntos de encuentro.<\/span><\/p>\n<h4><\/h4>\n<h3>Punta Cana: Parque Nacional Los Haitises, Cataratas Yanigua y Monta\u00f1a Redonda<\/h3>\n<h4><b><i>\u00bfQue esperar?<\/i><\/b><\/h4>\n<p><em><strong>Consigue tus entradas<\/strong><\/em> para visitar el Tour Parque Nacional Los Haitises desde Punta Cana.<\/p>\n<p>\u00c9l\u00a0<strong>naturaleza tropical de la Rep\u00fablica Dominicana<\/strong>\u00a0es uno de los principales\u00a0<strong>atracciones tur\u00edsticas<\/strong>\u00a0en el pa\u00eds. Hoy queremos proponerte un\u00a0<strong>excursi\u00f3n \u00fanica<\/strong>\u00a0que puedes hacer desde Punta Cana, y que incluye la visita a tres lugares donde los paisajes te dejar\u00e1n boquiabierto.<\/p>\n<p>El primero de ellos es\u00a0<em>monta\u00f1a redonda<\/em>, lugar que se ha hecho famoso en los \u00faltimos a\u00f1os por su\u00a0<strong>vista panor\u00e1mica<\/strong>\u00a0sobre el Caribe, donde\u00a0<strong>instant\u00e1neas en un columpio<\/strong>\u00a0que mira hacia el horizonte la han convertido en una de las\u00a0<strong>lugares mas fotografiados de republica dominicana<\/strong>.<\/p>\n<p><strong>Parque Nacional Los Haitises<\/strong>\u00a0es nuestro pr\u00f3ximo destino en el mapa, un \u00e1rea donde\u00a0<strong>el mar, manglares, selvas<\/strong>\u00a0e incluso\u00a0<strong>restos arqueol\u00f3gicos<\/strong>\u00a0escondidos en cuevas, revelan todos los\u00a0<strong>encanto natural que ofrece el pa\u00eds<\/strong>. Sus peque\u00f1os cerros llenos de vegetaci\u00f3n son tambi\u00e9n el lugar perfecto para el avistamiento de aves que solo encontrar\u00e1s aqu\u00ed.<\/p>\n<p>Dentro del parque hay otro\u00a0<strong>lugar magico: Cataratas Rancho Yanigua<\/strong>. Esta espectacular cascada es la\u00a0<strong>lugar perfecto para desconectar<\/strong>\u00a0de las aglomeraciones tur\u00edsticas de Punta Cana, rodeados de una espesa vegetaci\u00f3n que nos hace pensar que estamos a m\u00e1s de 100 kil\u00f3metros del pueblo m\u00e1s cercano, aunque en realidad no es as\u00ed.<\/p>\n<div class=\"body-description secondary\">\n<p>Despu\u00e9s del almuerzo, \u00a1volvemos a Punta Cana!<\/p>\n<h2 id=\"headline-62-1277\" class=\"ct-headline\">Itinerario del tour<\/h2>\n<div id=\"_rich_text-77-1277\" class=\"oxy-rich-text\">\n<p>El itinerario de esta excursi\u00f3n es el siguiente:<\/p>\n<ul>\n<li><strong>06:50<\/strong>\u00a0\u2013 Recogida en su hotel.<\/li>\n<li><strong>08:30<\/strong>\u00a0\u2013 Llegada a monta\u00f1a redonda, un paisaje \u00fanico en todo el pa\u00eds.<\/li>\n<li><strong>10:30<\/strong>\u00a0\u2013 Salida desde Sabana de la Mar hacia el Parque Nacional Haitises en lancha r\u00e1pida. En el camino veremos\u00a0<strong>Aves ex\u00f3ticas<\/strong>, y llegaremos a la\u00a0<strong>cuevas<\/strong>\u00a0donde puedes ver\u00a0<strong>pinturas ind\u00edgenas<\/strong>.<\/li>\n<li><strong>12:30<\/strong>\u00a0<strong>pm\u00a0<\/strong>\u2013 Adentrarnos en la selva hasta llegar a las Cascadas de la Estancia Yanigua, un lugar perfecto para almorzar y darse un chapuz\u00f3n. Tambi\u00e9n puede tomar un ba\u00f1o de lodo terap\u00e9utico.<\/li>\n<li><strong>02:00<\/strong>\u00a0<strong>pm<\/strong>\u00a0\u2013 Puedes degustar\u00a0<strong>cafe y cacao<\/strong>\u00a0de granjas y ranchos locales.<\/li>\n<li><strong>03:00<\/strong>\u00a0<strong>pm<\/strong>- Visita el\u00a0<strong>mina de \u00e1mbar azul<\/strong>.<\/li>\n<li><strong>16:30<\/strong>\u00a0\u2013 Parada en un mirador fotogr\u00e1fico donde podr\u00e1s ver el esplendor del Parque Nacional Haitises.<\/li>\n<li><strong>17:00<\/strong>\u00a0\u2013 Finalmente, un gu\u00eda nos llevar\u00e1 a una de las construcciones m\u00e1s curiosas del lugar,\u00a0<em>la casa de tarz\u00e1n<\/em>, que se encuentra en un \u00e1rbol de m\u00e1s de 100 pies de altura.<\/li>\n<li><strong>18:00<\/strong>\u00a0\u2013 Regreso a los hoteles con nuestro transporte.<\/li>\n<\/ul>\n<p><em>* Los tiempos indicados arriba son aproximados<\/em><\/p>\n<\/div>\n<\/div>\n<p>En caso de que le guste este viaje m\u00e1s largo o m\u00e1s corto, cont\u00e1ctenos.<\/p>\n<p>&nbsp;<\/p>\n<h4><em><strong>\u00bfQu\u00e9 debes traer?<\/strong><\/em><\/h4>\n<ul>\n<li style=\"font-weight: 400;\"><span style=\"font-weight: 400;\">C\u00e1mara<\/span><\/li>\n<li style=\"font-weight: 400;\"><span style=\"font-weight: 400;\">Cogollos repelentes<\/span><\/li>\n<li style=\"font-weight: 400;\"><span style=\"font-weight: 400;\">crema solar<\/span><\/li>\n<li style=\"font-weight: 400;\"><span style=\"font-weight: 400;\">Sombrero<\/span><\/li>\n<li style=\"font-weight: 400;\"><span style=\"font-weight: 400;\">Pantalones c\u00f3modos<\/span><\/li>\n<li style=\"font-weight: 400;\"><span style=\"font-weight: 400;\">Zapatos de senderismo para el bosque<\/span><\/li>\n<li style=\"font-weight: 400;\"><span style=\"font-weight: 400;\">Sandalias para las zonas Primavera.<\/span><\/li>\n<li style=\"font-weight: 400;\"><span style=\"font-weight: 400;\">Vestido nadador<\/span><\/li>\n<\/ul>\n<p>&nbsp;<\/p>\n<h4><b><i>Recogida en el hotel <\/i><\/b><\/h4>\n<p><span style=\"font-weight: 400;\">Se ofrece recogida en el hotel para este tour. Seleccione el nombre del hotel y la hora aqu\u00ed. En caso de que su Hotel no est\u00e9 en la lista por favor Cont\u00e1ctenos.<\/span><\/p>\n<p>&nbsp;<\/p>\n<p><b>Nota:<\/b><span style=\"font-weight: 400;\"> Si realiza la reserva dentro de las 24 horas anteriores a la hora de salida del tour\/excursi\u00f3n, podemos organizar la recogida en el hotel. Una vez que se complete su compra, le enviaremos la informaci\u00f3n de contacto completa (n\u00famero de tel\u00e9fono, direcci\u00f3n de correo electr\u00f3nico, etc.) para que nuestro gu\u00eda tur\u00edstico local organice los arreglos de recogida.<\/span><\/p>\n<h4><b><i>Confirmaci\u00f3n de informaci\u00f3n adicional <\/i><\/b><\/h4>\n<ol>\n<li>Los boletos son el Recibo despu\u00e9s de pagar este Tour. Puede mostrar el pago en su tel\u00e9fono.<\/li>\n<li style=\"font-weight: 400;\"><span style=\"font-weight: 400;\">El Punto de Encuentro se recibir\u00e1 Despu\u00e9s del Proceso de Reserva.<\/span><\/li>\n<li style=\"font-weight: 400;\"><span style=\"font-weight: 400;\">Los ni\u00f1os deben estar acompa\u00f1ados por un adulto.<\/span><\/li>\n<li style=\"font-weight: 400;\"><span style=\"font-weight: 400;\"> No accesible para sillas de ruedas <\/span><\/li>\n<li style=\"font-weight: 400;\"><span style=\"font-weight: 400;\">Los beb\u00e9s deben sentarse en el regazo <\/span><\/li>\n<li style=\"font-weight: 400;\"><span style=\"font-weight: 400;\">No recomendado para viajeros con problemas de espalda.<\/span><\/li>\n<li style=\"font-weight: 400;\"><span style=\"font-weight: 400;\">No recomendado para viajeros embarazadas. <\/span><\/li>\n<li style=\"font-weight: 400;\"><span style=\"font-weight: 400;\"> Sin problemas card\u00edacos u otras condiciones m\u00e9dicas graves. <\/span><\/li>\n<li style=\"font-weight: 400;\"><span style=\"font-weight: 400;\">La mayor\u00eda de los viajeros pueden participar<\/span><\/li>\n<\/ol>\n<h4><b><i>Pol\u00edtica de cancelaci\u00f3n<\/i><\/b><\/h4>\n<p>Para obtener un reembolso completo, lea nuestras Pol\u00edticas de cancelaci\u00f3n\u00a0<a href=\"https:\/\/tourwhales.com\/es\/online-booking\/\" target=\"_blank\" rel=\"noopener\" data-saferedirecturl=\"https:\/\/www.google.com\/url?q=https:\/\/tourwhales.com\/online-booking\/&amp;source=gmail&amp;ust=1672308980019000&amp;usg=AOvVaw26v5FL8g3-3hyHN76KOvdD\">haga clic aqu\u00ed<\/a>. Los fondos se perder\u00e1n si la reserva se cancela el mismo d\u00eda del viaje.<\/p>\n\n\t\t<\/div>\n\t<\/div>\n<div class=\"vc_btn3-container vc_btn3-inline\" ><a class=\"vc_general vc_btn3 vc_btn3-size-md vc_btn3-shape-rounded vc_btn3-style-modern vc_btn3-color-green\" href=\"https:\/\/bookingadventures.tours\/booking.php?tour_id=8081df21d5fc51981b39e270d99ab5ab\" title=\"\">RESERVAR AHORA <\/a><\/div><\/div><\/div><\/div><\/div><div class=\"vc_row wpb_row vc_row-fluid\" ><div class=\"wpb_column vc_column_container vc_col-sm-12\"><div class=\"vc_column-inner\"><div class=\"wpb_wrapper\"><div class=\"vc_empty_space\"   style=\"height: 32px\"><span class=\"vc_empty_space_inner\"><\/span><\/div>\n\t<div class=\"wpb_video_widget wpb_content_element vc_clearfix   vc_video-aspect-ratio-169 vc_video-el-width-100 vc_video-align-left\" >\n\t\t<div class=\"wpb_wrapper\">\n\t\t\t<h2 class=\"wpb_heading wpb_video_heading\">Video Parque Nacional Los Haitises:<\/h2>\n\t\t\t<div class=\"wpb_video_wrapper\"><iframe loading=\"lazy\" title=\"Parque Nacional Los Haitises, Tours y Excursiones Desde Saman\u00e1 o Sabana de la Mar. Reserve Aqu\u00ed:\" src=\"https:\/\/player.vimeo.com\/video\/346508015?dnt=1&amp;app_id=122963\" width=\"1100\" height=\"619\" frameborder=\"0\" allow=\"autoplay; fullscreen\" allowfullscreen><\/iframe><\/div>\n\t\t<\/div>\n\t<\/div>\n<div class=\"vc_empty_space\"   style=\"height: 32px\"><span class=\"vc_empty_space_inner\"><\/span><\/div><\/div><\/div><\/div><\/div><div class=\"vc_row wpb_row vc_row-fluid\" ><div class=\"wpb_column vc_column_container vc_col-sm-12\"><div class=\"vc_column-inner\"><div class=\"wpb_wrapper\"><div class=\"vc_empty_space\"   style=\"height: 32px\"><span class=\"vc_empty_space_inner\"><\/span><\/div>\n\t<div class=\"wpb_text_column wpb_content_element\" >\n\t\t<div class=\"wpb_wrapper\">\n\t\t\t<h4>\u00bfCont\u00e1ctenos?<\/h4>\n<h5><em><strong>Reservando Aventuras<\/strong><\/em><\/h5>\n<p><em><strong>Locales<\/strong>\u00a0y\u00a0<strong>Nacionales<\/strong>\u00a0Gu\u00edas tur\u00edsticos y servicios para hu\u00e9spedes<\/em><\/p>\n<p><span class=\"text-turquoise\">Reservas:<\/span>\u00a0Tours y Excursiones en Dom. Reps.<\/p>\n<p><img decoding=\"async\" class=\"emoji\" draggable=\"false\" src=\"https:\/\/s.w.org\/images\/core\/emoji\/11.2.0\/svg\/1f4de.svg\" alt=\"\ud83d\udcde\" \/>\u00a0Tel\u00e9fono \/ Whatsapp\u00a0\u00a0<a href=\"tel:+18494995063\">+18494995063<\/a>.<\/p>\n<p><img decoding=\"async\" class=\"emoji\" draggable=\"false\" src=\"https:\/\/s.w.org\/images\/core\/emoji\/11.2.0\/svg\/1f4e9.svg\" alt=\"\ud83d\udce9\" \/>\u00a0<a href=\"mailto:info@bookingadventures.com.do\">info@bookingadventures.com.do<\/a><\/p>\n<p><strong>Somos Tours Privados de Ambiente Flexible por Whatsapp:\u00a0<a href=\"tel:+18097206035\">+18097206035.<\/a><\/strong><\/p>\n\n\t\t<\/div>\n\t<\/div>\n<div class=\"vc_empty_space\"   style=\"height: 32px\"><span class=\"vc_empty_space_inner\"><\/span><\/div><\/div><\/div><\/div><\/div>\n<\/section>","protected":false},"excerpt":{"rendered":"<p>Excursi\u00f3n desde Punta Cana: Parque Nacional Los Haitises, Cascadas de Yanigua y Monta\u00f1a Redonda. Incluye almuerzo y transporte para una visita a las 3 cuevas principales, una exploraci\u00f3n de 2 ecosistemas de manglares diferentes, vistas y piscinas de simulaci\u00f3n.<\/p>\n<p>Excursi\u00f3n de d\u00eda completo al Parque Nacional Los Haitises con un gu\u00eda tur\u00edstico local. Visitando los Cayos en el Parque Nacional Los Haitises, Manglares, Vegetaci\u00f3n, Observaci\u00f3n de Aves, Cuevas, Pictograf\u00edas y las \u00e1reas hist\u00f3ricas de Sabana de la Mar en el Parque Nacional Los Haitises. Vistas incre\u00edbles en Monta\u00f1a Redonda y almuerzo m\u00e1s piscinas en las cascadas de Yanigua.<\/p>\n<p>&nbsp;<\/p>\n<p><strong>Seleccione la fecha para el Tour:\u00a0<\/strong><\/p>","protected":false},"featured_media":14278,"template":"","meta":[],"product_cat":[948,946,928,168,1050,1049],"product_tag":[268,296,267,171,209,440,441,299,1052,212,297,222,298,269,1053,1051],"class_list":["post-14291","product","type-product","status-publish","has-post-thumbnail","hentry","product_cat-1-punta-cana","product_cat-1-sabana-de-la-mar","product_cat-boat-trip-los-haitises","product_cat-caves","product_cat-waterfalls-los-haitises","product_cat-yanigua-waterfalls-montana-redonda","product_tag-caves-los-haitises","product_tag-day-trip-punta-cana","product_tag-las-terrenas","product_tag-los-haitises","product_tag-los-haitises-national-park","product_tag-los-haitises-national-park-map","product_tag-los-haitises-national-park-tour-from-las-terrenas","product_tag-los-haitises-national-park-tours-excursions","product_tag-los-haitises-waterfall","product_tag-mangroves-los-haitises","product_tag-montana-redonda-tours-excursion","product_tag-punta-cana","product_tag-punta-cana-tours-excursions","product_tag-transportation-los-haitises","product_tag-waterfalls-dominican-republic","product_tag-yanigua-waterfalls"],"_links":{"self":[{"href":"https:\/\/tourwhales.com\/es\/wp-json\/wp\/v2\/product\/14291","targetHints":{"allow":["GET"]}}],"collection":[{"href":"https:\/\/tourwhales.com\/es\/wp-json\/wp\/v2\/product"}],"about":[{"href":"https:\/\/tourwhales.com\/es\/wp-json\/wp\/v2\/types\/product"}],"wp:featuredmedia":[{"embeddable":true,"href":"https:\/\/tourwhales.com\/es\/wp-json\/wp\/v2\/media\/14278"}],"wp:attachment":[{"href":"https:\/\/tourwhales.com\/es\/wp-json\/wp\/v2\/media?parent=14291"}],"wp:term":[{"taxonomy":"product_cat","embeddable":true,"href":"https:\/\/tourwhales.com\/es\/wp-json\/wp\/v2\/product_cat?post=14291"},{"taxonomy":"product_tag","embeddable":true,"href":"https:\/\/tourwhales.com\/es\/wp-json\/wp\/v2\/product_tag?post=14291"}],"curies":[{"name":"wp","href":"https:\/\/api.w.org\/{rel}","templated":true}]}}